{"id":995,"date":"2018-01-06T18:32:56","date_gmt":"2018-01-06T17:32:56","guid":{"rendered":"https:\/\/wonnebauer.de\/site\/?page_id=995"},"modified":"2024-06-07T09:50:27","modified_gmt":"2024-06-07T07:50:27","slug":"impressum","status":"publish","type":"page","link":"https:\/\/wonnebauer.de\/site\/home\/impressum\/","title":{"rendered":"Impressum"},"content":{"rendered":"<p>[et_pb_section fb_built=&#8220;1&#8243; admin_label=&#8220;Wilkommen Block 1&#8243; _builder_version=&#8220;4.16&#8243; custom_padding=&#8220;0px|0px|0px|&#8220; global_colors_info=&#8220;{}&#8220;][et_pb_row column_structure=&#8220;1_3,2_3&#8243; _builder_version=&#8220;4.16&#8243; background_size=&#8220;initial&#8220; background_position=&#8220;top_left&#8220; background_repeat=&#8220;repeat&#8220; global_colors_info=&#8220;{}&#8220;][et_pb_column type=&#8220;1_3&#8243; _builder_version=&#8220;4.16&#8243; background_position=&#8220;top_left&#8220; custom_padding=&#8220;0px|0px|0px|0px&#8220; global_colors_info=&#8220;{}&#8220; custom_padding__hover=&#8220;|||&#8220;][et_pb_text admin_label=&#8220;Text Abstandshalter&#8220; _builder_version=&#8220;4.16&#8243; custom_margin=&#8220;0px|0px|0px|0px&#8220; custom_padding=&#8220;0px|0px|0px|0px&#8220; global_colors_info=&#8220;{}&#8220;]<span style=\"color: #ffffff;\">:<\/span><br \/>\n<span style=\"color: #ffffff;\">:<\/span><br \/>\n[\/et_pb_text][\/et_pb_column][et_pb_column type=&#8220;2_3&#8243; _builder_version=&#8220;4.16&#8243; background_position=&#8220;top_left&#8220; custom_padding=&#8220;0px|0px|0px|&#8220; global_colors_info=&#8220;{}&#8220; custom_padding__hover=&#8220;|||&#8220;][et_pb_text admin_label=&#8220;Text Abstandshalter&#8220; _builder_version=&#8220;4.16&#8243; custom_margin=&#8220;0px|0px|0px|0px&#8220; custom_padding=&#8220;0px|0px|0px|0px&#8220; global_colors_info=&#8220;{}&#8220;]<span style=\"color: #ffffff;\">:<\/span><br \/>\n<span style=\"color: #ffffff;\">:<\/span><br \/>\n[\/et_pb_text][\/et_pb_column][\/et_pb_row][\/et_pb_section][et_pb_section fb_built=&#8220;1&#8243; admin_label=&#8220;Wilkommen Block 1&#8243; _builder_version=&#8220;4.16&#8243; custom_padding=&#8220;0px|0px|0px|&#8220; global_colors_info=&#8220;{}&#8220;][et_pb_row column_structure=&#8220;2_3,1_3&#8243; _builder_version=&#8220;4.16&#8243; global_colors_info=&#8220;{}&#8220;][et_pb_column type=&#8220;2_3&#8243; _builder_version=&#8220;4.16&#8243; background_position=&#8220;top_left&#8220; custom_padding=&#8220;0px|0px|0px|0px&#8220; global_colors_info=&#8220;{}&#8220; custom_padding__hover=&#8220;|||&#8220;][et_pb_text admin_label=&#8220;Text \u00dcberschrift Impressum&#8220; _builder_version=&#8220;4.16&#8243; global_colors_info=&#8220;{}&#8220;]<\/p>\n<div class=\"csc-header csc-header-n1\">\n<h3 class=\"csc-firstHeader\">Impressum<\/h3>\n<\/div>\n<p>[\/et_pb_text][et_pb_text admin_label=&#8220;Text Impressum&#8220; _builder_version=&#8220;4.25.1&#8243; hover_enabled=&#8220;0&#8243; global_colors_info=&#8220;{}&#8220; sticky_enabled=&#8220;0&#8243;]<\/p>\n<p class=\"bodytext\"><b>Stephan Wonnebauer<\/b><br \/>Keuneweg 46, 54295 Trier<br \/>Tel. 0651-12323 Fax. 0651-9910234<br \/>Email:\u00a0<a href=\"mailto:kanzlei@wonnebauer.de\">kanzlei@wonnebauer.de<\/a><\/p>\n<p><b>Steuernummer:<\/b><\/p>\n<p>DE 165 115 647<\/p>\n<p><b><br \/>Zust\u00e4ndige Aufsichtsbeh\u00f6rde:<\/b><\/p>\n<p>Rechtsanwaltskammer Koblenz, Rheinstra\u00dfe 24, 56068 Koblenz und Barreau Luxemburg<\/p>\n<p><b><br \/>Berufsbezeichnung:<br \/><\/b><br \/>Rechtsanwalt (verliehen in der Bundesrepublik Deutschland) und Avocat \u00e0 la Cour (Luxemburg)<\/p>\n<p><b>Rechtsform:<\/b><\/p>\n<p>Freiberufler &#8211; Einzelunternehmer<\/p>\n<p class=\"bodytext\"><b>Berufsrechtliche Regelungen:<\/b><\/p>\n<div class=\"indent\">\n<p class=\"bodytext\">&#8211; Bundesrechtsanwaltsordnung (BRAO)<br \/>&#8211; Berufsordnung f\u00fcr Rechtsanw\u00e4lte (BORA)<br \/>&#8211; Fachanwaltsordnung (FAO)<br \/>&#8211; Rechtsanwaltsverg\u00fctungsgesetz (RVG)<br \/>&#8211; Berufsregelungen der Rechtsanw\u00e4lte der Europ\u00e4ischen Union<br \/>&#8211; Luxemburgische Anwaltsordnung<\/p>\n<p>Die Regelungen k\u00f6nnen bei der Bundesrechtsanwaltskammer unter\u00a0<a href=\"http:\/\/www.brak.de\/seiten\/06.php#tdg\">www.brak.de\/seiten\/06.php<\/a>\u00a0eingesehen werden.<\/p>\n<p><b><br \/>Au\u00dfergerichtliche Streitschlichtung:<br \/><\/b><br \/>Bei Streitigkeiten zwischen Rechtsanw\u00e4lten und deren Auftraggebern besteht auf Antrag die M\u00f6glichkeit der au\u00dfergerichtlichen Streitschlichtung \u00fcber<\/p>\n<p>&#8211; Rechtsanwaltskammer Koblenz, siehe\u00a0<a class=\"external-link-new-window\" title=\"Opens external link in new window\" href=\"http:\/\/www.rakko.de\/\">www.rakko.de<\/a><br \/>&#8211; Bundesrechtsanwaltskammer Berlin, siehe\u00a0<a href=\"http:\/\/www.brak.de\/\">www.brak.de<\/a><a href=\"http:\/\/www.brak.de\/\"><br \/><\/a><br \/><b><br \/>Berufshaftpflichtversicherung:<\/b><\/p>\n<p>Rechtsanwalt Wonnebauer verf\u00fcgt \u00fcber Berufshaftpflichtversicherungen f\u00fcr Deutschland und Luxemburg.<\/p>\n<p>Deutschland: Allianz, Theodor-Stern-Kai 1, D-60596 Frankfurt<br \/>Luxemburg: Versicherung \u00fcber Ordre des Avocats du Barreau de Luxembourg, B.P. 361, L-2013 Luxembourg<\/p>\n<p>Die Versicherungen gelten im gesamten EU-Gebiet und den Staaten des Abkommens \u00fcber den Europ\u00e4ischen Wirtschaftsraum.<\/p>\n<p><b>Haftungshinweis:<br \/><\/b><br \/>Trotz sorgf\u00e4ltiger inhaltlicher Kontrolle \u00fcbernehmen wir keine Haftung f\u00fcr die Inhalte externer Links. F\u00fcr den Inhalt der verlinkten Seiten sind ausschlie\u00dflich deren Betreiber verantwortlich.<\/p>\n<p><b><br \/>Website:<\/b><\/p>\n<p>Technik und Grafik\u00a0<b>Soundlabmedia<\/b><\/p>\n<\/div>\n<p>[\/et_pb_text][\/et_pb_column][et_pb_column type=&#8220;1_3&#8243; _builder_version=&#8220;4.16&#8243; background_position=&#8220;top_left&#8220; custom_padding=&#8220;0px|0px|0px|&#8220; global_colors_info=&#8220;{}&#8220; custom_padding__hover=&#8220;|||&#8220;][\/et_pb_column][\/et_pb_row][\/et_pb_section][et_pb_section fb_built=&#8220;1&#8243; _builder_version=&#8220;4.16&#8243; custom_padding=&#8220;0px|0px|0px|0px&#8220; global_colors_info=&#8220;{}&#8220;][et_pb_row _builder_version=&#8220;4.16&#8243; background_size=&#8220;initial&#8220; background_position=&#8220;top_left&#8220; background_repeat=&#8220;repeat&#8220; custom_padding=&#8220;0px|0px|0px|0px&#8220; global_colors_info=&#8220;{}&#8220;][et_pb_column type=&#8220;4_4&#8243; _builder_version=&#8220;4.16&#8243; custom_padding=&#8220;|||&#8220; global_colors_info=&#8220;{}&#8220; custom_padding__hover=&#8220;|||&#8220;][et_pb_text admin_label=&#8220;Text Abstandshalter mit Leerzeilen&#8220; _builder_version=&#8220;4.16&#8243; custom_margin=&#8220;0px|0px|0px|0px&#8220; custom_padding=&#8220;0px|0px|10px|0px&#8220; border_style=&#8220;solid&#8220; global_colors_info=&#8220;{}&#8220;]<span style=\"color: #ffffff;\">:<\/span><br \/>\n<span style=\"color: #ffffff;\">:<\/span><br \/>\n[\/et_pb_text][et_pb_text admin_label=&#8220;Text + Link Impressum Rechtsanwalt Stephan Wonnebauer&#8220; _builder_version=&#8220;4.16&#8243; custom_padding=&#8220;||5px|&#8220; border_style=&#8220;solid&#8220; global_colors_info=&#8220;{}&#8220;]<\/p>\n<p style=\"text-align: center;\"><span class=\"st\">\u00a9Rechtsanwalt Stephan Wonnebauer &#8211; <a href=\"https:\/\/wonnebauer.de\/site\/home\/impressum\/\">Impressum<\/a><br \/>\n<\/span><\/p>\n<p>[\/et_pb_text][\/et_pb_column][\/et_pb_row][\/et_pb_section]<\/p>\n","protected":false},"excerpt":{"rendered":"<p>: : : : Impressum Stephan WonnebauerKeuneweg 46, 54295 TrierTel. 0651-12323 Fax. 0651-9910234Email:\u00a0kanzlei@wonnebauer.de Steuernummer: DE 165 115 647 Zust\u00e4ndige Aufsichtsbeh\u00f6rde: Rechtsanwaltskammer Koblenz, Rheinstra\u00dfe 24, 56068 Koblenz und Barreau Luxemburg Berufsbezeichnung:Rechtsanwalt (verliehen in der Bundesrepublik Deutschland) und Avocat \u00e0 la Cour (Luxemburg) Rechtsform: Freiberufler &#8211; Einzelunternehmer Berufsrechtliche Regelungen: &#8211; Bundesrechtsanwaltsordnung (BRAO)- Berufsordnung f\u00fcr Rechtsanw\u00e4lte (BORA)- Fachanwaltsordnung [&hellip;]<\/p>\n","protected":false},"author":1,"featured_media":0,"parent":2,"menu_order":28,"comment_status":"closed","ping_status":"closed","template":"","meta":{"_et_pb_use_builder":"on","_et_pb_old_content":"<p>E-Mail: <a href=\"mailto:info@CUT-IN-VIDEO.de\">info@CUT-IN-VIDEO.de<\/a><br \/> Internet: <a href=\"http:\/\/www.cut-in-video.de\/\" target=\"_top\">www.CUT-IN-VIDEO.de<\/a><\/p><p>Diese Homepage wurde von <a class=\"external-link-new-window\" title=\"\u00d6ffnet externen Link in neuem Fenster\" href=\"http:\/\/www.soundlabmedia.de\/\" target=\"_blank\" rel=\"noopener\">SoundlabMedia<\/a> erstellt.<br \/> Das Java-Script implementierte <a class=\"external-link-new-window\" title=\"\u00d6ffnet externen Link in neuem Fenster\" href=\"http:\/\/www.moodesign.de\/\" target=\"_blank\" rel=\"noopener\">moodesign<\/a>.<\/p><p>Gewartet wir die Homepage von CUT IN TV- & Videoproduktionen.<\/p><p>Alle hierin befindlichen Bilder und Grafiken stammen aus Produktionen, an denen wir wesentlich beteiligt waren.<\/p><p>\u00a9 an Bildern und Grafiken, CUT IN Videoproduktionen.<\/p><p><a href=\"http:\/\/www.CUT-IN-VIDEO.de\" target=\"_blank\" rel=\"noopener\">http:\/\/www.CUT-IN-VIDEO.de<\/a>Umsatzsteuer-Identifikationsnummer \u00a7 27A Umsatzsteuergesetz: UST.ID DE 812 216 091<\/p><p><b>Haftungshinweis:<\/b><br \/> Trotz sorgf\u00e4ltiger inhaltlicher Kontrolle \u00dcbernehmen wir keine Haftung f\u00fcr die Inhalte externer Links.<br \/> F\u00fcr den Inhalt der verlinkten Seiten sind ausschlie\u00dflich deren Betreiber verantwortlich.<\/p>","_et_gb_content_width":"","footnotes":""},"class_list":["post-995","page","type-page","status-publish","hentry"],"_links":{"self":[{"href":"https:\/\/wonnebauer.de\/site\/wp-json\/wp\/v2\/pages\/995","targetHints":{"allow":["GET"]}}],"collection":[{"href":"https:\/\/wonnebauer.de\/site\/wp-json\/wp\/v2\/pages"}],"about":[{"href":"https:\/\/wonnebauer.de\/site\/wp-json\/wp\/v2\/types\/page"}],"author":[{"embeddable":true,"href":"https:\/\/wonnebauer.de\/site\/wp-json\/wp\/v2\/users\/1"}],"replies":[{"embeddable":true,"href":"https:\/\/wonnebauer.de\/site\/wp-json\/wp\/v2\/comments?post=995"}],"version-history":[{"count":20,"href":"https:\/\/wonnebauer.de\/site\/wp-json\/wp\/v2\/pages\/995\/revisions"}],"predecessor-version":[{"id":6505,"href":"https:\/\/wonnebauer.de\/site\/wp-json\/wp\/v2\/pages\/995\/revisions\/6505"}],"up":[{"embeddable":true,"href":"https:\/\/wonnebauer.de\/site\/wp-json\/wp\/v2\/pages\/2"}],"wp:attachment":[{"href":"https:\/\/wonnebauer.de\/site\/wp-json\/wp\/v2\/media?parent=995"}],"curies":[{"name":"wp","href":"https:\/\/api.w.org\/{rel}","templated":true}]}}