{"id":976,"date":"2018-01-06T17:45:29","date_gmt":"2018-01-06T16:45:29","guid":{"rendered":"https:\/\/wonnebauer.de\/site\/demo-videos\/"},"modified":"2026-04-22T08:33:31","modified_gmt":"2026-04-22T06:33:31","slug":"termineundkontakt","status":"publish","type":"page","link":"https:\/\/wonnebauer.de\/site\/termineundkontakt\/","title":{"rendered":"TERMINE &#038; KONTAKT"},"content":{"rendered":"<p>[et_pb_section fb_built=&#8220;1&#8243; _builder_version=&#8220;4.16&#8243; global_colors_info=&#8220;{}&#8220;][et_pb_row column_structure=&#8220;1_3,2_3&#8243; _builder_version=&#8220;4.16&#8243; background_size=&#8220;initial&#8220; background_position=&#8220;top_left&#8220; background_repeat=&#8220;repeat&#8220; global_colors_info=&#8220;{}&#8220;][et_pb_column type=&#8220;1_3&#8243; _builder_version=&#8220;4.16&#8243; custom_padding=&#8220;|||&#8220; global_colors_info=&#8220;{}&#8220; custom_padding__hover=&#8220;|||&#8220;][\/et_pb_column][et_pb_column type=&#8220;2_3&#8243; _builder_version=&#8220;4.16&#8243; custom_padding=&#8220;|||&#8220; global_colors_info=&#8220;{}&#8220; custom_padding__hover=&#8220;|||&#8220;][et_pb_text admin_label=&#8220;Text Abstandshalter mit Leerzeilen&#8220; _builder_version=&#8220;4.16&#8243; custom_margin=&#8220;0px|0px|0px|0px&#8220; custom_padding=&#8220;0px|0px|0px|0px&#8220; global_colors_info=&#8220;{}&#8220;]<\/p>\n<p>\n<span style=\"color: #ffffff;\">:<\/span><br \/><span style=\"color: #ffffff;\">:<\/span><\/p>\n<p>[\/et_pb_text][et_pb_text _builder_version=&#8220;4.16&#8243; global_colors_info=&#8220;{}&#8220;]<\/p>\n<h3><strong><span style=\"color: #333333;\">Hinweise f\u00fcr neue Mandanten<\/span><\/strong><\/h3>\n<p><strong>Informationen \u00fcber die Beratungsm\u00f6glichkeiten und anfallende <\/strong><br \/><strong>Honorare finden Sie auf der Seite <\/strong><a href=\"https:\/\/wonnebauer.de\/site\/home\/hinweisefuerneuemandanten\/\"><strong>Hinweise f\u00fcr neue Mandanten<\/strong><\/a><\/p>\n<p>[\/et_pb_text][\/et_pb_column][\/et_pb_row][et_pb_row column_structure=&#8220;1_3,1_3,1_3&#8243; _builder_version=&#8220;4.16&#8243; background_size=&#8220;initial&#8220; background_position=&#8220;top_left&#8220; background_repeat=&#8220;repeat&#8220; custom_padding=&#8220;0px|0px|50px|0px&#8220; global_colors_info=&#8220;{}&#8220;][et_pb_column type=&#8220;1_3&#8243; _builder_version=&#8220;4.16&#8243; background_position=&#8220;top_left&#8220; custom_padding=&#8220;|||&#8220; global_colors_info=&#8220;{}&#8220; custom_padding__hover=&#8220;|||&#8220;][et_pb_text admin_label=&#8220;Text Abstandshalter mit Leerzeilen&#8220; _builder_version=&#8220;4.16&#8243; custom_margin=&#8220;0px|0px|0px|0px&#8220; custom_padding=&#8220;0px|0px|0px|0px&#8220; global_colors_info=&#8220;{}&#8220;]<\/p>\n<p>\n<span style=\"color: #ffffff;\">:<\/span><br \/><span style=\"color: #ffffff;\">:<\/span><\/p>\n<p>[\/et_pb_text][et_pb_image src=&#8220;https:\/\/wonnebauer.de\/site\/wp-content\/uploads\/2018\/05\/Welter_Sieglinde_240px.jpg&#8220; align=&#8220;center&#8220; align_tablet=&#8220;center&#8220; align_phone=&#8220;&#8220; align_last_edited=&#8220;on|desktop&#8220; admin_label=&#8220;Bild Sieglinde Welter&#8220; _builder_version=&#8220;4.16&#8243; custom_margin=&#8220;||0px|&#8220; animation_style=&#8220;slide&#8220; animation_direction=&#8220;left&#8220; animation_duration=&#8220;500ms&#8220; animation_intensity_slide=&#8220;10%&#8220; border_color=&#8220;#ededed&#8220; border_style=&#8220;solid&#8220; sticky=&#8220;off&#8220; always_center_on_mobile=&#8220;on&#8220; global_colors_info=&#8220;{}&#8220;][\/et_pb_image][et_pb_text admin_label=&#8220;Text Sieglinde Welter&#8220; _builder_version=&#8220;4.16&#8243; custom_margin=&#8220;0px|||&#8220; custom_padding=&#8220;0px|||&#8220; border_style=&#8220;solid&#8220; global_colors_info=&#8220;{}&#8220;]<\/p>\n<p style=\"text-align: center;\">Sieglinde Welter<\/p>\n<p>[\/et_pb_text][et_pb_image src=&#8220;https:\/\/wonnebauer.de\/site\/wp-content\/uploads\/2018\/05\/Wilbert_Silvia_240px.jpg&#8220; align=&#8220;center&#8220; align_tablet=&#8220;center&#8220; align_phone=&#8220;&#8220; align_last_edited=&#8220;on|desktop&#8220; admin_label=&#8220;Bild Silvia Wilbert&#8220; _builder_version=&#8220;4.16&#8243; custom_margin=&#8220;||0px|&#8220; animation_style=&#8220;slide&#8220; animation_direction=&#8220;left&#8220; animation_duration=&#8220;500ms&#8220; animation_intensity_slide=&#8220;10%&#8220; border_style=&#8220;solid&#8220; sticky=&#8220;off&#8220; always_center_on_mobile=&#8220;on&#8220; global_colors_info=&#8220;{}&#8220;][\/et_pb_image][et_pb_text admin_label=&#8220;Text Silvia Wilbert&#8220; _builder_version=&#8220;4.18.0&#8243; custom_margin=&#8220;0px|||&#8220; custom_padding=&#8220;0px|||&#8220; border_style=&#8220;solid&#8220; global_colors_info=&#8220;{}&#8220;]<\/p>\n<p style=\"text-align: center;\">Silvia Wilbert<\/p>\n<p>[\/et_pb_text][\/et_pb_column][et_pb_column type=&#8220;1_3&#8243; _builder_version=&#8220;4.16&#8243; background_position=&#8220;top_left&#8220; custom_padding=&#8220;|||&#8220; global_colors_info=&#8220;{}&#8220; custom_padding__hover=&#8220;|||&#8220;][et_pb_text admin_label=&#8220;Text Abstandshalter mit Leerzeilen&#8220; _builder_version=&#8220;4.16&#8243; custom_margin=&#8220;0px|0px|0px|0px&#8220; custom_padding=&#8220;0px|0px|0px|0px&#8220; global_colors_info=&#8220;{}&#8220;]<\/p>\n<p>\n<span style=\"color: #ffffff;\">:<\/span><br \/><span style=\"color: #ffffff;\">:<\/span><\/p>\n<p>[\/et_pb_text][et_pb_text admin_label=&#8220;Text Terminvereinbarungen&#8220; _builder_version=&#8220;4.25.2&#8243; hover_enabled=&#8220;0&#8243; z_index_tablet=&#8220;500&#8243; global_colors_info=&#8220;{}&#8220; sticky_enabled=&#8220;0&#8243;]<\/p>\n<div class=\"csc-header csc-header-n1\">\n<h4 class=\"csc-firstHeader\"><strong><span style=\"color: #333333;\">Terminvereinbarungen<\/span><\/strong><\/h4>\n<\/div>\n<div class=\"csc-textpic csc-textpic-intext-right\">\n<div class=\"csc-textpic-imagewrap\">\n<div class=\"csc-textpic-image csc-textpic-last\">\u00a0<\/div>\n<\/div>\n<div class=\"csc-textpic-text\">\n<p><b>Beratungen f\u00fcr Grenzg\u00e4nger <\/b>finden in unserer luxemburger Kanzlei in <b>Wasserbillig und Stadtbredimus<\/b> statt.<\/p>\n<p>F\u00fcr Mandanten <b>ohne Bezug zu Luxemburg<\/b> bieten wir Termine<b> in Trier<\/b> jeden<b> Mittwochmorgen<\/b> an.<\/p>\n<p>F\u00fcr <b>Terminvereinbarungen<\/b> und <b>Sachstandsanfragen<\/b> f\u00fcr die Kanzleien in <b>Trier, Wasserbillig und Stadtbredimus<\/b>\u00a0 wenden Sie sich bitte an<\/p>\n<p>Telefon: 00352 &#8211; 283 711 57<\/p>\n<p>Telefax: 00352 &#8211; 283 711 58<\/p>\n<\/div>\n<\/div>\n<p>[\/et_pb_text][et_pb_text admin_label=&#8220;Text \u00d6ffnungszeiten Wasserbillig&#8220; _builder_version=&#8220;4.25.2&#8243; z_index_tablet=&#8220;500&#8243; global_colors_info=&#8220;{}&#8220;]<\/p>\n<p><strong>Unsere \u00d6ffnungszeiten in <\/strong><b>Wasserbillig, Route de Luxembourg 66:\u00a0<\/b><\/p>\n<p>Montag bis Freitag von 7.30 Uhr bis 12.00 Uhr<br \/>und nachmittags\u00a0 von 14.00 Uhr bis 16.00 Uhr.<\/p>\n<p>Freitagnachmittags ist das B\u00fcro ab 13.00 Uhr geschlossen.<\/p>\n<p>Kostenlose <strong>Parkpl\u00e4tze<\/strong> finden Sie direkt vor der Kanzlei entlang der Stra\u00dfe. Sie m\u00fcssen nur eine Parkscheibe verwenden.<\/p>\n<hr \/>\n<p>&nbsp;<\/p>\n<p><strong>Unsere \u00d6ffnungszeiten in <\/strong><b>Stadtbredimus, Waistrooss 16c:<br \/><\/b><\/p>\n<p>Montag und Mittwoch von 7.30 Uhr bis 12.00 Uhr<\/p>\n<p>Dienstag und Donnerstag von 7.30 Uhr bis 12.00 Uhr + nachmittags 14.00 Uhr bis 16.30 Uhr<\/p>\n<p>Freitags nur nach Absprache.<\/p>\n<p>Kostenlose <strong>Parkpl\u00e4tze<\/strong> finden Sie direkt vor der Kanzlei entlang der Stra\u00dfe<\/p>\n<p>[\/et_pb_text][\/et_pb_column][et_pb_column type=&#8220;1_3&#8243; _builder_version=&#8220;4.16&#8243; background_position=&#8220;top_left&#8220; custom_padding=&#8220;|||&#8220; global_colors_info=&#8220;{}&#8220; custom_padding__hover=&#8220;|||&#8220;][\/et_pb_column][\/et_pb_row][et_pb_row column_structure=&#8220;1_3,1_3,1_3&#8243; _builder_version=&#8220;4.16&#8243; background_size=&#8220;initial&#8220; background_position=&#8220;top_left&#8220; background_repeat=&#8220;repeat&#8220; custom_margin=&#8220;0px|||&#8220; custom_padding=&#8220;0px|0px|87px|0px&#8220; global_colors_info=&#8220;{}&#8220;][et_pb_column type=&#8220;1_3&#8243; _builder_version=&#8220;4.16&#8243; background_position=&#8220;top_left&#8220; custom_padding=&#8220;|||&#8220; global_colors_info=&#8220;{}&#8220; custom_padding__hover=&#8220;|||&#8220;][\/et_pb_column][et_pb_column type=&#8220;1_3&#8243; _builder_version=&#8220;4.16&#8243; background_position=&#8220;top_left&#8220; custom_padding=&#8220;|||&#8220; global_colors_info=&#8220;{}&#8220; custom_padding__hover=&#8220;|||&#8220;][et_pb_text admin_label=&#8220;Text Trier&#8220; _builder_version=&#8220;4.18.0&#8243; border_style=&#8220;solid&#8220; global_colors_info=&#8220;{}&#8220;]<\/p>\n<div>\n<h4><strong>Kanzlei Trier<\/strong><\/h4>\n<\/div>\n<div>\n<div>\n<div>\n<p>Besprechungstermine f\u00fcr Trier vereinbaren Sie \u00fcber unser Sekretariat in Luxemburg.<\/p>\n<p>Sie finden grunds\u00e4tzlich mittwochsmorgens statt. <\/p>\n<p>Die Anschrift lautet:\u00a0 Keuneweg 46 in 54295 Trier.<\/p>\n<p>&nbsp;<\/p>\n<\/div>\n<\/div>\n<\/div>\n<p>[\/et_pb_text][et_pb_text admin_label=&#8220;Text \u00d6ffnungszeiten Trier&#8220; _builder_version=&#8220;4.18.0&#8243; global_colors_info=&#8220;{}&#8220;]<\/p>\n<p><strong>\u00d6ffnungszeiten unserer\u00a0<\/strong><b>Kanzlei in Trier:<\/b><\/p>\n<p><b>Mittwoch <\/b>von 9:00 Uhr bis 12:00 Uhr<br \/>ansonsten nach Terminvereinbarung<\/p>\n<p>[\/et_pb_text][\/et_pb_column][et_pb_column type=&#8220;1_3&#8243; _builder_version=&#8220;4.16&#8243; background_position=&#8220;top_left&#8220; custom_padding=&#8220;|||&#8220; global_colors_info=&#8220;{}&#8220; custom_padding__hover=&#8220;|||&#8220;][\/et_pb_column][\/et_pb_row][\/et_pb_section][et_pb_section fb_built=&#8220;1&#8243; _builder_version=&#8220;4.16&#8243; custom_padding=&#8220;0px|0px|0px|0px&#8220; global_colors_info=&#8220;{}&#8220;][et_pb_row _builder_version=&#8220;4.16&#8243; background_size=&#8220;initial&#8220; background_position=&#8220;top_left&#8220; background_repeat=&#8220;repeat&#8220; custom_padding=&#8220;0px|0px|0px|0px&#8220; global_colors_info=&#8220;{}&#8220;][et_pb_column type=&#8220;4_4&#8243; _builder_version=&#8220;4.16&#8243; custom_padding=&#8220;|||&#8220; global_colors_info=&#8220;{}&#8220; custom_padding__hover=&#8220;|||&#8220;][et_pb_text admin_label=&#8220;Text Abstandshalter mit Leerzeilen&#8220; _builder_version=&#8220;4.16&#8243; custom_margin=&#8220;0px|0px|0px|0px&#8220; custom_padding=&#8220;0px|0px|10px|0px&#8220; border_style=&#8220;solid&#8220; global_colors_info=&#8220;{}&#8220;]<\/p>\n<p>\n<span style=\"color: #ffffff;\">:<\/span><br \/><span style=\"color: #ffffff;\">:<\/span><\/p>\n<p>[\/et_pb_text][et_pb_text admin_label=&#8220;Text + Link Impressum Rechtsanwalt Stephan Wonnebauer&#8220; _builder_version=&#8220;4.16&#8243; custom_padding=&#8220;||5px|&#8220; border_style=&#8220;solid&#8220; global_colors_info=&#8220;{}&#8220;]<\/p>\n<p style=\"text-align: center;\"><span class=\"st\">\u00a9Rechtsanwalt Stephan Wonnebauer &#8211; <a href=\"https:\/\/wonnebauer.de\/site\/home\/impressum\/\">Impressum<\/a><br \/><\/span><\/p>\n<p>[\/et_pb_text][\/et_pb_column][\/et_pb_row][\/et_pb_section]<\/p>\n","protected":false},"excerpt":{"rendered":"<p>:: Hinweise f\u00fcr neue Mandanten Informationen \u00fcber die Beratungsm\u00f6glichkeiten und anfallende Honorare finden Sie auf der Seite Hinweise f\u00fcr neue Mandanten :: Sieglinde Welter Silvia Wilbert :: Terminvereinbarungen \u00a0 Beratungen f\u00fcr Grenzg\u00e4nger finden in unserer luxemburger Kanzlei in Wasserbillig und Stadtbredimus statt. F\u00fcr Mandanten ohne Bezug zu Luxemburg bieten wir Termine in Trier jeden Mittwochmorgen [&hellip;]<\/p>\n","protected":false},"author":1,"featured_media":0,"parent":0,"menu_order":72,"comment_status":"closed","ping_status":"closed","template":"","meta":{"_et_pb_use_builder":"on","_et_pb_old_content":"","_et_gb_content_width":"","footnotes":""},"class_list":["post-976","page","type-page","status-publish","hentry"],"_links":{"self":[{"href":"https:\/\/wonnebauer.de\/site\/wp-json\/wp\/v2\/pages\/976","targetHints":{"allow":["GET"]}}],"collection":[{"href":"https:\/\/wonnebauer.de\/site\/wp-json\/wp\/v2\/pages"}],"about":[{"href":"https:\/\/wonnebauer.de\/site\/wp-json\/wp\/v2\/types\/page"}],"author":[{"embeddable":true,"href":"https:\/\/wonnebauer.de\/site\/wp-json\/wp\/v2\/users\/1"}],"replies":[{"embeddable":true,"href":"https:\/\/wonnebauer.de\/site\/wp-json\/wp\/v2\/comments?post=976"}],"version-history":[{"count":110,"href":"https:\/\/wonnebauer.de\/site\/wp-json\/wp\/v2\/pages\/976\/revisions"}],"predecessor-version":[{"id":7325,"href":"https:\/\/wonnebauer.de\/site\/wp-json\/wp\/v2\/pages\/976\/revisions\/7325"}],"wp:attachment":[{"href":"https:\/\/wonnebauer.de\/site\/wp-json\/wp\/v2\/media?parent=976"}],"curies":[{"name":"wp","href":"https:\/\/api.w.org\/{rel}","templated":true}]}}