{"id":6521,"date":"2024-06-17T14:55:36","date_gmt":"2024-06-17T12:55:36","guid":{"rendered":"https:\/\/wonnebauer.de\/site\/?page_id=6521"},"modified":"2024-07-16T10:22:50","modified_gmt":"2024-07-16T08:22:50","slug":"vorgezogene-altersrente-ab-57","status":"publish","type":"page","link":"https:\/\/wonnebauer.de\/site\/rente\/vorgezogene-altersrente-ab-57\/","title":{"rendered":"Vorgezogene Altersrente ab 57"},"content":{"rendered":"<p>[et_pb_section fb_built=&#8220;1&#8243; admin_label=&#8220;Rentenberatung Vorgezogene Altersrente ab 57&#8243; _builder_version=&#8220;4.25.2&#8243; custom_padding=&#8220;0px|0px|0px|&#8220; global_colors_info=&#8220;{}&#8220;][et_pb_row column_structure=&#8220;1_3,2_3&#8243; _builder_version=&#8220;4.16&#8243; global_colors_info=&#8220;{}&#8220;][et_pb_column type=&#8220;1_3&#8243; _builder_version=&#8220;4.16&#8243; background_position=&#8220;top_left&#8220; custom_padding=&#8220;0px|0px|0px|0px&#8220; global_colors_info=&#8220;{}&#8220; custom_padding__hover=&#8220;|||&#8220;][et_pb_text admin_label=&#8220;Text Abstandshalter&#8220; _builder_version=&#8220;4.16&#8243; custom_margin=&#8220;0px|0px|0px|0px&#8220; custom_padding=&#8220;0px|0px|0px|0px&#8220; global_colors_info=&#8220;{}&#8220;]<span style=\"color: #ffffff;\">:<\/span><br \/>\n<span style=\"color: #ffffff;\">:<\/span><br \/>\n[\/et_pb_text][\/et_pb_column][et_pb_column type=&#8220;2_3&#8243; _builder_version=&#8220;4.16&#8243; background_position=&#8220;top_left&#8220; custom_padding=&#8220;0px|0px|0px|&#8220; global_colors_info=&#8220;{}&#8220; custom_padding__hover=&#8220;|||&#8220;][et_pb_text admin_label=&#8220;Text Abstandshalter&#8220; _builder_version=&#8220;4.16&#8243; custom_margin=&#8220;0px|0px|0px|0px&#8220; custom_padding=&#8220;0px|0px|0px|0px&#8220; global_colors_info=&#8220;{}&#8220;]<span style=\"color: #ffffff;\">:<\/span><br \/>\n<span style=\"color: #ffffff;\">:<\/span><br \/>\n[\/et_pb_text][\/et_pb_column][\/et_pb_row][et_pb_row column_structure=&#8220;2_3,1_3&#8243; _builder_version=&#8220;4.16&#8243; global_colors_info=&#8220;{}&#8220;][et_pb_column type=&#8220;2_3&#8243; _builder_version=&#8220;4.16&#8243; background_position=&#8220;top_left&#8220; custom_padding=&#8220;0px|0px|0px|0px&#8220; global_colors_info=&#8220;{}&#8220; custom_padding__hover=&#8220;|||&#8220;][et_pb_text admin_label=&#8220;Text Vorgezogene Altersrente ab 57&#8243; _builder_version=&#8220;4.25.2&#8243; global_colors_info=&#8220;{}&#8220;]<\/p>\n<h2 style=\"text-align: left;\"><span style=\"color: #993366;\">Vorgezogene Altersrente ab 57<\/span><\/h2>\n<p style=\"text-align: center;\">[\/et_pb_text][\/et_pb_column][et_pb_column type=&#8220;1_3&#8243; _builder_version=&#8220;4.16&#8243; background_position=&#8220;top_left&#8220; custom_padding=&#8220;0px|0px|0px|&#8220; global_colors_info=&#8220;{}&#8220; custom_padding__hover=&#8220;|||&#8220;][\/et_pb_column][\/et_pb_row][et_pb_row column_structure=&#8220;2_3,1_3&#8243; _builder_version=&#8220;4.25.2&#8243; _module_preset=&#8220;default&#8220; global_colors_info=&#8220;{}&#8220;][et_pb_column type=&#8220;2_3&#8243; _builder_version=&#8220;4.25.2&#8243; _module_preset=&#8220;default&#8220; global_colors_info=&#8220;{}&#8220;][et_pb_text admin_label=&#8220;Abstandshalter&#8220; _builder_version=&#8220;4.25.2&#8243; _module_preset=&#8220;default&#8220; global_colors_info=&#8220;{}&#8220;][\/et_pb_text][et_pb_text admin_label=&#8220;\u00dcberschrift: Selbstst\u00e4ndigkeit und vorgezogene Altersrente&#8220; _builder_version=&#8220;4.25.2&#8243; _module_preset=&#8220;default&#8220; global_colors_info=&#8220;{}&#8220;]<\/p>\n<h2>Selbstst\u00e4ndigkeit und vorgezogene Altersrente<\/h2>\n<p>[\/et_pb_text][et_pb_text admin_label=&#8220;Text: Selbstst\u00e4ndigkeit und vorgezogene Altersrente&#8220; _builder_version=&#8220;4.25.2&#8243; _module_preset=&#8220;default&#8220; hover_enabled=&#8220;0&#8243; global_colors_info=&#8220;{}&#8220; sticky_enabled=&#8220;0&#8243;]<\/p>\n<p>Neben der vorgezogenen Altersrente k\u00f6nnen Rentner einen Hinzuverdienst aus beruflicher T\u00e4tigkeit erzielen.<\/p>\n<p>Gemeint ist eine T\u00e4tigkeit als Angestellter oder Selbstst\u00e4ndiger.<\/p>\n<p>Der Hinzuverdienst bei angestellter T\u00e4tigkeit liegt bei mindestens 856,00 Euro, also einem Drittel des gesetzlichen Mindestlohns, der sich j\u00e4hrlich allerdings erh\u00f6ht. Der Hinzuverdienst kann jedoch auch errechnet werden aus den f\u00fcnf h\u00f6chsten Jahreseinkommen in der Versicherungskarriere. Bei Selbstst\u00e4ndigen galt bislang immer die Regel, dass diese nur ein Drittel des Mindestlohns als monatlichen Gewinn erzielen d\u00fcrfen.<\/p>\n<p>Artikel 184 Abs. 5 des Sozialversicherungsgesetzes wurde jedoch nun aufgrund eines Gerichtsurteils als nicht anwendbar erkl\u00e4rt und ausgesetzt.<\/p>\n<p>Derzeit wird ein neues Gesetz erarbeitet, um die Situation der Selbstst\u00e4ndigen und deren Hinzuverdienstes zu kl\u00e4ren. Wann es soweit ist, steht allerdings noch nicht fest.<\/p>\n<p>[\/et_pb_text][\/et_pb_column][et_pb_column type=&#8220;1_3&#8243; _builder_version=&#8220;4.25.2&#8243; _module_preset=&#8220;default&#8220; global_colors_info=&#8220;{}&#8220;][et_pb_text admin_label=&#8220;Abstandshalter &#8220; _builder_version=&#8220;4.25.2&#8243; _module_preset=&#8220;default&#8220; global_colors_info=&#8220;{}&#8220;][\/et_pb_text][et_pb_image src=&#8220;https:\/\/wonnebauer.de\/site\/wp-content\/uploads\/2024\/07\/elderly-981400_1280.jpg&#8220; title_text=&#8220;elderly-981400_1280&#8243; _builder_version=&#8220;4.25.2&#8243; _module_preset=&#8220;default&#8220; global_colors_info=&#8220;{}&#8220;][\/et_pb_image][\/et_pb_column][\/et_pb_row][\/et_pb_section][et_pb_section fb_built=&#8220;1&#8243; _builder_version=&#8220;4.16&#8243; custom_padding=&#8220;0px|0px|0px|0px&#8220; global_colors_info=&#8220;{}&#8220;][et_pb_row _builder_version=&#8220;4.16&#8243; background_size=&#8220;initial&#8220; background_position=&#8220;top_left&#8220; background_repeat=&#8220;repeat&#8220; custom_padding=&#8220;0px|0px|0px|0px&#8220; global_colors_info=&#8220;{}&#8220;][et_pb_column type=&#8220;4_4&#8243; _builder_version=&#8220;4.16&#8243; custom_padding=&#8220;|||&#8220; global_colors_info=&#8220;{}&#8220; custom_padding__hover=&#8220;|||&#8220;][et_pb_text admin_label=&#8220;Text Abstandshalter mit Leerzeilen&#8220; _builder_version=&#8220;4.16&#8243; custom_margin=&#8220;0px|0px|0px|0px&#8220; custom_padding=&#8220;0px|0px|10px|0px&#8220; border_style=&#8220;solid&#8220; global_colors_info=&#8220;{}&#8220;]<span style=\"color: #ffffff;\">:<\/span><br \/>\n<span style=\"color: #ffffff;\">:<\/span><br \/>\n[\/et_pb_text][et_pb_text admin_label=&#8220;Text + Link Impressum Rechtsanwalt Stephan Wonnebauer&#8220; _builder_version=&#8220;4.20.2&#8243; custom_padding=&#8220;||5px|&#8220; border_style=&#8220;solid&#8220; global_colors_info=&#8220;{}&#8220;]<\/p>\n<p style=\"text-align: left;\"><span class=\"st\">\u00a9Rechtsanwalt Stephan Wonnebauer &#8211; <a href=\"https:\/\/wonnebauer.de\/site\/home\/impressum\/\">Impressum<\/a><br \/><\/span><\/p>\n<p>[\/et_pb_text][\/et_pb_column][\/et_pb_row][\/et_pb_section][et_pb_section fb_built=&#8220;1&#8243; fullwidth=&#8220;on&#8220; _builder_version=&#8220;4.20.2&#8243; _module_preset=&#8220;default&#8220; locked=&#8220;off&#8220; global_colors_info=&#8220;{}&#8220;][et_pb_fullwidth_image src=&#8220;https:\/\/wonnebauer.de\/site\/wp-content\/uploads\/2023\/03\/Wonnebauer_Footer_15032023.jpg&#8220; title_text=&#8220;Wonnebauer_Footer_15032023&#8243; admin_label=&#8220;Vollbreites Bild&#8220; _builder_version=&#8220;4.20.2&#8243; _module_preset=&#8220;default&#8220; custom_margin=&#8220;0px||0px||false|false&#8220; custom_padding=&#8220;0px||0px||false|false&#8220; global_colors_info=&#8220;{}&#8220;][\/et_pb_fullwidth_image][\/et_pb_section]<\/p>\n","protected":false},"excerpt":{"rendered":"<p>: : : : Vorgezogene Altersrente ab 57 Selbstst\u00e4ndigkeit und vorgezogene AltersrenteNeben der vorgezogenen Altersrente k\u00f6nnen Rentner einen Hinzuverdienst aus beruflicher T\u00e4tigkeit erzielen. Gemeint ist eine T\u00e4tigkeit als Angestellter oder Selbstst\u00e4ndiger. Der Hinzuverdienst bei angestellter T\u00e4tigkeit liegt bei mindestens 856,00 Euro, also einem Drittel des gesetzlichen Mindestlohns, der sich j\u00e4hrlich allerdings erh\u00f6ht. Der Hinzuverdienst kann [&hellip;]<\/p>\n","protected":false},"author":1,"featured_media":0,"parent":6513,"menu_order":6,"comment_status":"closed","ping_status":"closed","template":"","meta":{"_et_pb_use_builder":"on","_et_pb_old_content":"","_et_gb_content_width":"","footnotes":""},"class_list":["post-6521","page","type-page","status-publish","hentry"],"_links":{"self":[{"href":"https:\/\/wonnebauer.de\/site\/wp-json\/wp\/v2\/pages\/6521","targetHints":{"allow":["GET"]}}],"collection":[{"href":"https:\/\/wonnebauer.de\/site\/wp-json\/wp\/v2\/pages"}],"about":[{"href":"https:\/\/wonnebauer.de\/site\/wp-json\/wp\/v2\/types\/page"}],"author":[{"embeddable":true,"href":"https:\/\/wonnebauer.de\/site\/wp-json\/wp\/v2\/users\/1"}],"replies":[{"embeddable":true,"href":"https:\/\/wonnebauer.de\/site\/wp-json\/wp\/v2\/comments?post=6521"}],"version-history":[{"count":8,"href":"https:\/\/wonnebauer.de\/site\/wp-json\/wp\/v2\/pages\/6521\/revisions"}],"predecessor-version":[{"id":6610,"href":"https:\/\/wonnebauer.de\/site\/wp-json\/wp\/v2\/pages\/6521\/revisions\/6610"}],"up":[{"embeddable":true,"href":"https:\/\/wonnebauer.de\/site\/wp-json\/wp\/v2\/pages\/6513"}],"wp:attachment":[{"href":"https:\/\/wonnebauer.de\/site\/wp-json\/wp\/v2\/media?parent=6521"}],"curies":[{"name":"wp","href":"https:\/\/api.w.org\/{rel}","templated":true}]}}