{"id":3890,"date":"2020-09-11T14:42:43","date_gmt":"2020-09-11T12:42:43","guid":{"rendered":"https:\/\/wonnebauer.de\/site\/?page_id=3890"},"modified":"2020-09-11T15:02:00","modified_gmt":"2020-09-11T13:02:00","slug":"archiv_2018","status":"publish","type":"page","link":"https:\/\/wonnebauer.de\/site\/grenzgaenger\/wasgibtesneues\/archiv_2018\/","title":{"rendered":"Archiv_2018"},"content":{"rendered":"<p>[et_pb_section fb_built=&#8220;1&#8243; admin_label=&#8220;Wilkommen Block 1&#8243; _builder_version=&#8220;3.22&#8243; custom_padding=&#8220;0px|0px|0px|&#8220;][et_pb_row column_structure=&#8220;1_3,2_3&#8243; _builder_version=&#8220;3.25&#8243; custom_padding=&#8220;0px|0px|0px|&#8220;][et_pb_column type=&#8220;1_3&#8243; _builder_version=&#8220;3.0.47&#8243; background_position=&#8220;top_left&#8220; custom_padding=&#8220;0px|0px|0px|0px&#8220; custom_padding__hover=&#8220;|||&#8220;][et_pb_text admin_label=&#8220;Text Abstandshalter&#8220; _builder_version=&#8220;3.27.4&#8243; custom_margin=&#8220;0px|0px|0px|0px&#8220; custom_padding=&#8220;0px|0px|0px|0px&#8220;]<\/p>\n<p>\n<span style=\"color: #ffffff;\">:<\/span><br \/><span style=\"color: #ffffff;\">:<\/span><\/p>\n<p>[\/et_pb_text][et_pb_text admin_label=&#8220;Text Archiv 2018&#8243; _builder_version=&#8220;4.6.1&#8243; hover_enabled=&#8220;0&#8243; z_index_tablet=&#8220;500&#8243; sticky_enabled=&#8220;0&#8243;]<\/p>\n<h3><span style=\"color: #91001f;\">Archiv 2018<br \/><\/span><\/h3>\n<p>[\/et_pb_text][\/et_pb_column][et_pb_column type=&#8220;2_3&#8243; _builder_version=&#8220;3.0.47&#8243; background_position=&#8220;top_left&#8220; custom_padding=&#8220;0px|0px|0px|&#8220; custom_padding__hover=&#8220;|||&#8220;][et_pb_text admin_label=&#8220;Text Abstandshalter&#8220; _builder_version=&#8220;3.27.4&#8243; custom_margin=&#8220;0px|0px|0px|0px&#8220; custom_padding=&#8220;0px|0px|0px|0px&#8220;]<\/p>\n<p>\n<span style=\"color: #ffffff;\">:<\/span><br \/><span style=\"color: #ffffff;\">:<\/span><\/p>\n<p>[\/et_pb_text][\/et_pb_column][\/et_pb_row][\/et_pb_section][et_pb_section fb_built=&#8220;1&#8243; admin_label=&#8220;Wilkommen Block 1&#8243; _builder_version=&#8220;3.22&#8243; custom_padding=&#8220;0px|0px|0px|&#8220;][et_pb_row column_structure=&#8220;2_3,1_3&#8243; _builder_version=&#8220;3.25&#8243; custom_padding=&#8220;0px|0px|0px|&#8220;][et_pb_column type=&#8220;2_3&#8243; _builder_version=&#8220;3.0.47&#8243; background_position=&#8220;top_left&#8220; custom_padding=&#8220;0px|0px|0px|0px&#8220; custom_padding__hover=&#8220;|||&#8220;][et_pb_text admin_label=&#8220;Text Was gibt es Neues in Luxemburg?&#8220; _builder_version=&#8220;4.6.1&#8243; z_index_tablet=&#8220;500&#8243; text_text_shadow_horizontal_length_tablet=&#8220;0px&#8220; text_text_shadow_vertical_length_tablet=&#8220;0px&#8220; text_text_shadow_blur_strength_tablet=&#8220;1px&#8220; link_text_shadow_horizontal_length_tablet=&#8220;0px&#8220; link_text_shadow_vertical_length_tablet=&#8220;0px&#8220; link_text_shadow_blur_strength_tablet=&#8220;1px&#8220; ul_text_shadow_horizontal_length_tablet=&#8220;0px&#8220; ul_text_shadow_vertical_length_tablet=&#8220;0px&#8220; ul_text_shadow_blur_strength_tablet=&#8220;1px&#8220; ol_text_shadow_horizontal_length_tablet=&#8220;0px&#8220; ol_text_shadow_vertical_length_tablet=&#8220;0px&#8220; ol_text_shadow_blur_strength_tablet=&#8220;1px&#8220; quote_text_shadow_horizontal_length_tablet=&#8220;0px&#8220; quote_text_shadow_vertical_length_tablet=&#8220;0px&#8220; quote_text_shadow_blur_strength_tablet=&#8220;1px&#8220; header_text_shadow_horizontal_length_tablet=&#8220;0px&#8220; header_text_shadow_vertical_length_tablet=&#8220;0px&#8220; header_text_shadow_blur_strength_tablet=&#8220;1px&#8220; header_2_text_shadow_horizontal_length_tablet=&#8220;0px&#8220; header_2_text_shadow_vertical_length_tablet=&#8220;0px&#8220; header_2_text_shadow_blur_strength_tablet=&#8220;1px&#8220; header_3_text_shadow_horizontal_length_tablet=&#8220;0px&#8220; header_3_text_shadow_vertical_length_tablet=&#8220;0px&#8220; header_3_text_shadow_blur_strength_tablet=&#8220;1px&#8220; header_4_text_shadow_horizontal_length_tablet=&#8220;0px&#8220; header_4_text_shadow_vertical_length_tablet=&#8220;0px&#8220; header_4_text_shadow_blur_strength_tablet=&#8220;1px&#8220; header_5_text_shadow_horizontal_length_tablet=&#8220;0px&#8220; header_5_text_shadow_vertical_length_tablet=&#8220;0px&#8220; header_5_text_shadow_blur_strength_tablet=&#8220;1px&#8220; header_6_text_shadow_horizontal_length_tablet=&#8220;0px&#8220; header_6_text_shadow_vertical_length_tablet=&#8220;0px&#8220; header_6_text_shadow_blur_strength_tablet=&#8220;1px&#8220; box_shadow_horizontal_tablet=&#8220;0px&#8220; box_shadow_vertical_tablet=&#8220;0px&#8220; box_shadow_blur_tablet=&#8220;40px&#8220; box_shadow_spread_tablet=&#8220;0px&#8220;]<\/p>\n<div id=\"middle\">\n<div id=\"middle-content\">\n<div id=\"middle-marker-box\">\n<div id=\"middle-marker\">\n<div id=\"c761\" class=\"csc-default\">\n<div class=\"csc-textpic csc-textpic-intext-right\">\u00a0<\/div>\n<\/div>\n<\/div>\n<div id=\"middle-marker\">\n<div id=\"c761\" class=\"csc-default\">\n<div class=\"csc-textpic csc-textpic-intext-right\">\n<p><strong>31.12.2018 Die Kolumne Dezember handelt von der Steuerklasse<\/strong><\/p>\n<p>Die Steuerklasse f\u00fcr das Jahr 2018 basiert auf den <strong>Daten 2016<\/strong>. Verheiratete Grenzg\u00e4nger sollten pr\u00fcfen, ob sie einen<strong> neuen Antrag<\/strong> stellen, da anderenfalls droht, dass die Steuerklasse auch <strong>noch das ganze Jahr 2019 wirkt.<\/strong> <strong><a href=\"https:\/\/wonnebauer.de\/site\/grenzgaenger\/kolumneimtrierischenvolksfreund\/\">Mehr &#8230;<\/a><\/strong><\/p>\n<p>&nbsp;<\/p>\n<p><strong>31.12.2018 Luxemburger Koalition erw\u00e4gt \u00c4nderung des Steuerklassensystems<\/strong><\/p>\n<p>Die Grenzg\u00e4nger haben gerade mit der <strong>Steuerreform<\/strong> zu k\u00e4mpfen. Schon h\u00f6rt man erneut von<strong> geplanten \u00c4nderungen. <\/strong>Das Steuerklassensystem insgesamt soll revidiert werden<strong>. <a href=\"https:\/\/wonnebauer.de\/site\/grenzgaenger\/steuerninluxemburg\/\">Mehr &#8230;<\/a><\/strong><\/p>\n<p><strong>31.12.2018 B\u00fcro Z \u00e4ndert Verfahrensweise<\/strong><\/p>\n<p>Es ist wohl auf die Arbeitsbelastung durch die Steuerreform zur\u00fcckzuf\u00fchren, dass sich das <strong>B\u00fcro Z jetzt bei den 19-Tage-F\u00e4llen f\u00fcr unzust\u00e4ndig erkl\u00e4rt<\/strong>. Das funktioniert allerdings nur noch f\u00fcr das<strong> Steuerjahr 2017. <a href=\"https:\/\/wonnebauer.de\/site\/grenzgaenger\/steuerninluxemburg\/\">Mehr &#8230; <\/a><br \/><\/strong><\/p>\n<p>&nbsp;<\/p>\n<p>22.11.2018 Bundesrechnungshof r\u00fcgt Finanz\u00e4mter<\/p>\n<p>Als<strong> Grenzg\u00e4nger<\/strong> reibt man sich die Augen ob des j\u00e4hrlichen Berichts des <strong>Bundesrechnungshofes. <\/strong>Dort hei\u00dft es sinngem\u00e4\u00df, die<strong> Finanz\u00e4mter <\/strong>w\u00fcrden mit den Steuerb\u00fcrgen <strong>zu kuschelig umgehen<\/strong>. Die Finanz\u00e4mter sollten es in Zweifelsf\u00e4llen eher darauf ankommen lassen und den<strong> Streit gerichtlich kl\u00e4ren lassen. <a href=\"https:\/\/wonnebauer.de\/site\/grenzgaenger\/steuernindeutschland\/\">Mehr&#8230;<\/a><\/strong><\/p>\n<p>11.11.2018\u00a0 Minijob in der luxemburger Steuererkl\u00e4rung<\/p>\n<p>Viele Grenzg\u00e4nger meinen, dass man den<strong> Minijob des Ehegatten nicht in der luxemburger Steuererkl\u00e4rung <\/strong>erw\u00e4hnen muss, da er ja in Deutschland steuerfrei ist. <strong>Ein Trugschluss. <a href=\"https:\/\/wonnebauer.de\/site\/grenzgaenger\/steuerninluxemburg\/\">Mehr&#8230;<\/a><\/strong><\/p>\n<p>11.11.2018\u00a0 Kapitalertr\u00e4ge k\u00f6nnen auch Steuerklasse 2 gef\u00e4hrden<\/p>\n<p>Hohe Zinsen, Aktien und Dividenden von Grenzg\u00e4ngern, k\u00f6nnen die <strong>Steuerklasse 2 <\/strong>in Luxemburg gef\u00e4hrden. <strong>Grenzg\u00e4nger m\u00fcssen die Quadratur des Kreises <\/strong>versuchen<strong>. <a href=\"https:\/\/wonnebauer.de\/site\/grenzgaenger\/steuerninluxemburg\/\">Mehr &#8230;<\/a><\/strong><\/p>\n<p>24.10.2018 Freillige Beitr\u00e4ge in luxemburger Rentenversicherung absetzbar<\/p>\n<p>Unter gewissen Umst\u00e4nden k\u00f6nnen <strong>ehemalige Grenzg\u00e4nger Beitr\u00e4ge in die luxemburger Rentenversicherung <\/strong>in der deutschen Steuererkl\u00e4rung absetzen<strong>. <a href=\"https:\/\/wonnebauer.de\/site\/grenzgaenger\/steuernindeutschland\/\">Mehr &#8230;<\/a><\/strong><\/p>\n<p>19.10.2018\u00a0 Unsicherheiten bei der 19-Tage-Regel<\/p>\n<p>Die luxemburgischen und deutschen Finanzbeh\u00f6rden streiten derzeit \u00fcber die <strong>Auslegung der 19-Tage-Regel. Die dummen sind die betroffenen Grenzg\u00e4ngern, die bis zu einer Enscheidung auf Steuererstattungen warten m\u00fcssen. <a href=\"https:\/\/wonnebauer.de\/site\/grenzgaenger\/steuerninluxemburg\/\">Mehr&#8230;<\/a><br \/><\/strong><\/p>\n<p><strong>18.10.2018 Rentner sollten f\u00fcr 2019 Steuerklasse 1 erw\u00e4gen<\/strong><\/p>\n<p>Viele Rentner sind die <strong>Verlierer der Steuerreform<\/strong>. Wurde die Rente bislang in der Steuerklasse 2 gew\u00e4hrt, kommt meistens nur noch die Steuerklasse 1 in Betracht. Da viele Rentner sowieso keine Steuern auf ihre Rente zahlen, k\u00f6nnten sie auch die Steuerklasse 1 w\u00e4hlen. <a href=\"https:\/\/wonnebauer.de\/site\/grenzgaenger\/steuerninluxemburg\/\"><strong>Mehr&#8230;<\/strong><\/a><br \/><strong><br \/>17.10.2018 Werbungskosten in Luxemburg<\/strong><\/p>\n<p>Die meisten Grenzg\u00e4nger geben in der Steuererkl\u00e4rung die<strong> Pauschale von 540 Euro <\/strong>an und kommen damit gut zu Recht. Allerdings k\u00f6nnen auch<strong> Kundenpr\u00e4sente, Rechtsschutzversicherung und Fachzeitschriften <\/strong>geltend gemacht werden.<strong><a href=\"https:\/\/wonnebauer.de\/site\/grenzgaenger\/kolumneimtrierischenvolksfreund\/\"> Mehr&#8230;<\/a><\/strong><\/p>\n<p>26.9.2018 Telefonaktion des Trierischen Volksfreundes<\/p>\n<p>Am Mittwoch, dem<strong> 26.9.2018, von 17 &#8211; 19 Uhr<\/strong> findet wieder eine <strong>Telefonaktion f\u00fcr Grenzg\u00e4nger<\/strong> statt. TV-Leser k\u00f6nnen vier Experten zu den Themen Steuerrecht, Arbeitsrecht, Familienrecht und Kindergeld anrufen. <a href=\"https:\/\/wonnebauer.de\/site\/home\/probono\/\"><strong>Mehr &#8230;<\/strong><\/a><\/p>\n<p><strong><br \/>13.9.2018 Bausparkassenbeitr\u00e4ge in der Steuererkl\u00e4rung 2017<\/strong><\/p>\n<p>Anderes als in Deutschland, k\u00f6nnen <strong>Bauspassenbeitr\u00e4ge<\/strong> in der luxemburger Steuererkl\u00e4rung noch abgesetzt werden. Durch die <strong>Steuerreform<\/strong> wurde dies noch attraktiver.<strong><a href=\"https:\/\/wonnebauer.de\/site\/grenzgaenger\/kolumneimtrierischenvolksfreund\/\"> Mehr &#8230;<\/a><br \/><\/strong><\/p>\n<p>15.8.2018 Gilt die 19-Tage-Regel auch f\u00fcr den \u00f6ffentlichen Dienst?<\/p>\n<p>Bislang gab es mit den Finanz\u00e4mter keine Diskussion dar\u00fcber, dass der \u00f6ffentliche Dienst von der 19-Tage-Regel ausgenommen ist. Allein das <strong>Finanzamt Wittlich<\/strong> beschreitet neue Weg und will die Frage gerichtlich kl\u00e4ren lassen. <strong><a href=\"https:\/\/wonnebauer.de\/site\/grenzgaenger\/steuernindeutschland\/\">Mehr &#8230;<\/a><\/strong><\/p>\n<p>15.8.2018 Werbungskosten in der luxemburger Steuererkl\u00e4rung<\/p>\n<p>Dass man die Kosten der Rechtsschutzversicherung in der luxemburger Steuererkl\u00e4rung absetzen kann, ist gar nicht so selbstverst\u00e4ndlich, wie in Deutschland. Das Recht entwickelt sich nur langsam.<strong><a href=\"https:\/\/wonnebauer.de\/site\/grenzgaenger\/steuerninluxemburg\/\"> Mehr &#8230;<\/a><br \/><\/strong><br \/><strong>15.8.2018\u00a0 Das B\u00fcro Z ist umgezogen<\/strong><\/p>\n<p>Deutsche Grenzg\u00e4nger konnten in den letzten Jahren zum B\u00fcro Z nach Remich fahren. Im Juli 2018 ist es in die Stadt weggezogen. <strong><a href=\"https:\/\/wonnebauer.de\/site\/grenzgaenger\/steuerninluxemburg\/\">Mehr &#8230;<\/a><\/strong><\/p>\n<p>15.8.2018\u00a0 Kolumne im August Basisversicherung der privaten Krankenversicherung absetzbar<\/p>\n<p>Die<strong> Basisversicherung<\/strong> ist eine Besonderheit in der deutschen Krankenversicherung. Sie wird gezahlt f\u00fcr gesetzlichen Leistungen. Ist sie dann eine <strong>freiwillige Versicherung<\/strong> im Sinne des luxemburger Steuerrecht?\u00a0<a href=\"https:\/\/wonnebauer.de\/site\/grenzgaenger\/kolumneimtrierischenvolksfreund\/\"><strong> Mehr&#8230;<\/strong><\/a><br \/><b><br \/>15.8.2018 Kolumne im Trierischen Volksfreund im Juli<\/b><\/p>\n<p>Grenzg\u00e4nger k\u00f6nnen Elterngeld aus 2 Staaten gleichzeitig beziehen. So entschied das Sozialgericht Trier in einem unserer F\u00e4lle. <a href=\"https:\/\/wonnebauer.de\/site\/grenzgaenger\/kolumneimtrierischenvolksfreund\/\"><strong>Mehr&#8230;<\/strong><\/a><\/p>\n<p>&nbsp;<\/p>\n<p>28.6.2018 Verj\u00e4hrung bei Kindergeld<\/p>\n<p>&nbsp;<\/p>\n<\/div>\n<\/div>\n<\/div>\n<\/div>\n<\/div>\n<\/div>\n<div id=\"footer\">\n<div id=\"footer-box\">\n<p>Bei\u00a0<b>R\u00fcckabwicklungen<\/b>\u00a0von zu Unrecht bezogenem Kindergeld aus Luxemburg statt aus Deutschland zeichnen sich neue Probleme f\u00fcr Grenzg\u00e4nger ab<b>.\u00a0<a class=\"internal-link\" title=\"\u00d6ffnet internen Link im aktuellen Fenster\" href=\"https:\/\/wonnebauer.de\/site\/erbeundvermoegen\/familieundkinder\/\">Mehr&#8230;<\/a><\/b><\/p>\n<p class=\"bodytext\"><b>26.6.2018 Probleme mit dem Elterngeld<\/b><\/p>\n<p>Wollen Eltern, die in Deutschland und Luxemburg arbeiten,\u00a0<b>gleichzeitig Elternzeit<\/b>\u00a0nehmen, gibt es Probleme mit dem Jugendamt.\u00a0<b><a class=\"internal-link\" title=\"\u00d6ffnet internen Link im aktuellen Fenster\" href=\"https:\/\/wonnebauer.de\/site\/erbeundvermoegen\/familieundkinder\/\">Mehr &#8230;<\/a><\/b><\/p>\n<p><strong>25.6.2018 Kolumne f\u00fcr den Trierischen Volksfreund im Juni<\/strong><\/p>\n<p>Die Flucht in die Krankheit\u00a0ist allgegenw\u00e4rtig, wenn der Arbeitnehmer wittert, dass eine<b>\u00a0K\u00fcndigung droht.\u00a0<\/b>Was kann man tun, was nicht?\u00a0<b><a class=\"internal-link\" title=\"\u00d6ffnet internen Link im aktuellen Fenster\" href=\"https:\/\/wonnebauer.de\/site\/grenzgaenger\/kolumneimtrierischenvolksfreund\/\">Mehr &#8230;\u00a0<\/a><\/b><\/p>\n<p><strong>25.6.2018 Haftungsfalle luxemburgisches Arbeitsrecht<\/strong><\/p>\n<p>Oftmals versuchen deutsche Anw\u00e4lte aus\u00a0<b>Gef\u00e4lligkeit\u00a0<\/b>ihre deutschen Kunden zu betreuen, auch wenn sie eigentlich kein luxemburgisches Arbeitsrecht kennen.<b>\u00a0Das kann ganz sch\u00f6n in die Hose gehen.\u00a0<a class=\"internal-link\" title=\"\u00d6ffnet internen Link im aktuellen Fenster\" href=\"https:\/\/wonnebauer.de\/site\/arbeitsrecht\/luxemburgerarbeitsrecht\/\">Mehr &#8230;\u00a0<\/a><br \/><\/b><\/p>\n<p class=\"bodytext\"><b>24.6.2018 Einzel- oder Zusammenveranlagung<br \/><\/b><\/p>\n<p class=\"bodytext\">Die Art der\u00a0<b>Veranlagung\u00a0<\/b>entscheidet \u00fcber die H\u00f6he der Steuern, insbesondere bei<b>\u00a0Grenzg\u00e4ngern. Man sollte jedes Jahr neu berechnen, welche Art g\u00fcnstiger ist.\u00a0<a class=\"internal-link\" title=\"\u00d6ffnet internen Link im aktuellen Fenster\" href=\"https:\/\/wonnebauer.de\/site\/grenzgaenger\/steuernindeutschland\/\">Mehr&#8230;<\/a><\/b><\/p>\n<p class=\"bodytext\"><b><br \/>28.5.2018 Ger\u00fcchtek\u00fcche brodelt<\/b><\/p>\n<p>Lesen Sie hier die heutige Kolumne von Rechtsanwalt Wonnebauer zu Grenzg\u00e4ngern.\u00a0<a class=\"internal-link\" title=\"\u00d6ffnet internen Link im aktuellen Fenster\" href=\"https:\/\/wonnebauer.de\/site\/grenzgaenger\/kolumneimtrierischenvolksfreund\/\">Mehr &#8230;\u00a0<\/a><\/p>\n<p><strong>21.5.2018 Pflegeversicherung nun doch nicht absetzbar?<\/strong><\/p>\n<p>Das\u00a0<b>Finanzamt Trier<\/b>\u00a0teilt im\u00a0<b>Trierischen Volksfreund\u00a0<\/b>mit, dass es die\u00a0<b>luxemburgische Pflegeversicherung\u00a0<\/b>nicht\u00a0<b>steuerlich mindernd<\/b>\u00a0anerkennen wird.<b>\u00a0Die Rechtslage muss im Klageverfahren gekl\u00e4rt werden.\u00a0<a class=\"internal-link\" title=\"\u00d6ffnet internen Link im aktuellen Fenster\" href=\"https:\/\/wonnebauer.de\/site\/grenzgaenger\/steuernindeutschland\/\">Mehr &#8230;\u00a0<\/a><\/b><\/p>\n<p><strong>28.4.2018\u00a0 Steuerbescheide 2016 Mitte 2018 zu erwarten<\/strong><\/p>\n<p>Grenzg\u00e4nger\u00a0sind es gew\u00f6hnt, ewig lange auf ihre\u00a0<b>Steuerbescheide\u00a0<\/b>zu warten. Jetzt kam noch erschwerend die\u00a0<b>Steuerreform<\/b>\u00a0dazwischen<b>, die zu weiteren Verz\u00f6gerungen f\u00fchrte.\u00a0<a class=\"internal-link\" title=\"\u00d6ffnet internen Link im aktuellen Fenster\" href=\"https:\/\/wonnebauer.de\/site\/grenzgaenger\/steuerninluxemburg\/\">Mehr &#8230;\u00a0<\/a><\/b><\/p>\n<p><strong>27.4.2018 Steuerchat bei grenzgaenger.lu<\/strong><\/p>\n<p>Hier k\u00f6nnen Sie Fragen und Antworten der Grenzg\u00e4nger im Steuerchat nachlesen.\u00a0<a class=\"internal-link\" title=\"\u00d6ffnet internen Link im aktuellen Fenster\" href=\"https:\/\/wonnebauer.de\/site\/home\/probono\/\">Mehr &#8230;\u00a0<\/a><\/p>\n<p><strong>7.4.2018 Buch Steuerlux ab der 15. KW lieferbar<\/strong><\/p>\n<p>Die 2. Auflage von Steuerlux erscheint voraussichtlich am\u00a0<b>Mittwoch, den 11.4.2018.<\/b>\u00a0Vorbestellungen werden\u00a0 dann versendet.<\/p>\n<p>Das Buch ist\u00a0<b>direkt beim Verlag Steuerlux<\/b>\u00a0erh\u00e4ltlich zuz\u00fcglich einer Versandkostenpauschale.<\/p>\n<p>Au\u00dferdem kann das Buch\u00a0<b>direkt in der Kanzlei Wonnebauer<\/b>\u00a0in Wasserbillig und Trier gekauft werden.<\/p>\n<p>Zum kann es \u00fcber\u00a0<b>Buchhandlungen<\/b>\u00a0bezogen werden.<\/p>\n<p><b>Am 14.4.2018 um 16 Uhr wird das Buch von Rechtsanwalt Wonnebauer in der Mayerschen Buchhandlung in Trier vorgestellt.<\/b><\/p>\n<p><strong>11.3.2018 Fehlende Einstellungsuntersuchungen f\u00fchrt zum Rechtsverlust<\/strong><\/p>\n<p>Es gibt tats\u00e4chlich\u00a0<b>Grenzg\u00e4nger<\/b>, die waren noch nie beim\u00a0<b>Arbeitsarzt<\/b>. Warum auch? Seit \u00c4nderung des\u00a0<b>Reclassement zum 1.1.2016<\/b>\u00a0hat man dann aber nichts mehr zu lachen<b>.\u00a0<a class=\"internal-link\" title=\"\u00d6ffnet internen Link im aktuellen Fenster\" href=\"https:\/\/wonnebauer.de\/site\/grenzgaenger\/sozialversicherungluxemburg\/\">Mehr &#8230;\u00a0<\/a><\/b><\/p>\n<p><strong>11.3.2018\u00a0 In Freistellungsphase droht Doppelbesteuerung<\/strong><\/p>\n<p>Wer nach einer arbeitsrechtlichen K\u00fcndigung\u00a0<b>bis zum Ende der K\u00fcndigungsfrist freigestellt<\/b>\u00a0wird, zahlt in Deutschland und Luxemburg Steuern.\u00a0<b>Die Rechtslage ist noch nicht vereinheitlicht.\u00a0<a class=\"internal-link\" title=\"\u00d6ffnet internen Link im aktuellen Fenster\" href=\"https:\/\/wonnebauer.de\/site\/grenzgaenger\/steuerninluxemburg\/\">Mehr &#8230;\u00a0<\/a><\/b><\/p>\n<p><strong>11.3.2018\u00a0 Anfangsprobleme bei neuen Steuerkarten<\/strong><\/p>\n<p>So mancher Grenzg\u00e4nger wird derzeit noch in der\u00a0<b>Steuerklasse 1 besteuert<\/b>, obwohl er die\u00a0<b>Klasse 2 beantragt<\/b>\u00a0hat.\u00a0 Arbeitgeber verhalten sich unterschiedlich.<b>\u00a0<a class=\"internal-link\" title=\"\u00d6ffnet internen Link im aktuellen Fenster\" href=\"https:\/\/wonnebauer.de\/site\/grenzgaenger\/steuerninluxemburg\/\">Mehr &#8230;\u00a0<\/a><\/b><\/p>\n<p><strong>24.2.2018\u00a0 13.000 Euro-Regel und 50-Tage-Regel wirksam<\/strong><\/p>\n<p>Die Gesetzes\u00e4nderungen sind durch. Die urspr\u00fcnglichen Regeln wurden zugunsten der Grenzg\u00e4nger entsch\u00e4rft.<b>\u00a0<a class=\"internal-link\" title=\"\u00d6ffnet internen Link im aktuellen Fenster\" href=\"https:\/\/wonnebauer.de\/site\/grenzgaenger\/steuerninluxemburg\/\">Mehr &#8230;\u00a0<\/a><br \/><\/b><\/p>\n<p class=\"bodytext\"><b><br \/>24.2.2018 Kapitalertr\u00e4ge sind bei 90%-Grenze zu ber\u00fccksichtigen<br \/><\/b><br \/>Das\u00a0<b>Verwaltungsgericht Luxemburg\u00a0<\/b>hat nun zu der Frage erstmals entschieden.<b>\u00a0<\/b>Das Ergebnis ist f\u00fcr Grenzg\u00e4nger bitter, aber war zu erwarten.<b>\u00a0<a class=\"internal-link\" title=\"\u00d6ffnet internen Link im aktuellen Fenster\" href=\"https:\/\/wonnebauer.de\/site\/grenzgaenger\/steuerninluxemburg\/\">Mehr &#8230;\u00a0<\/a><\/b><\/p>\n<p><strong>24.2.2018 Vorauszahlungen abgeschafft<\/strong><\/p>\n<p>Verheiratete Grenzg\u00e4nger\u00a0m\u00fcssen ab 2018 die leidigen Vorauszahlungen auf die Einkommensteuer nicht mehr zahlen.\u00a0<a class=\"internal-link\" title=\"\u00d6ffnet internen Link im aktuellen Fenster\" href=\"https:\/\/wonnebauer.de\/site\/grenzgaenger\/steuerninluxemburg\/\"><b>Mehr&#8230;<\/b><\/a><\/p>\n<p><b><br \/>19.2.2018 Einzelveranlagung bei Steuerklasse 1 erw\u00e4gen<\/b><\/p>\n<p>Verheiratete Grenzg\u00e4nger, die nicht mehr die<b>\u00a0Steuerklasse 2\u00a0<\/b>erhalten haben<b>,<\/b>\u00a0k\u00f6nnten von der\u00a0<b>Einzelveranlagung<\/b>profitieren und k\u00f6nnen noch bis zum<b>\u00a031.3.2018<\/b>\u00a0ihre<b>\u00a0Steuerklasse<\/b>\u00a0\u00e4ndern. Lesen Sie dazu die<b>\u00a0Kolumne im Trierischen Volksfreund.\u00a0<a class=\"internal-link\" title=\"\u00d6ffnet internen Link im aktuellen Fenster\" href=\"https:\/\/wonnebauer.de\/site\/grenzgaenger\/kolumneimtrierischenvolksfreund\/\">Mehr&#8230;<\/a><\/b><\/p>\n<p><strong>18.1.2018 Steuerkarten 2018 kommen schon an<\/strong><\/p>\n<p>Die<b>\u00a0Steuerkarten 2018\u00a0<\/b>sind tats\u00e4chlich schon bei einigen Grenzg\u00e4ngern angekommen. Der\u00a0<b>Prozentsatz<\/b>\u00a0stimmt. Aber warum fehlen die\u00a0<b>Fahrkosten?\u00a0<a class=\"internal-link\" title=\"\u00d6ffnet internen Link im aktuellen Fenster\" href=\"https:\/\/wonnebauer.de\/site\/grenzgaenger\/steuerninluxemburg\/\">Mehr &#8230;\u00a0<\/a><\/b><\/p>\n<p><strong>15.1.2018 Wird 2018 wieder ein Jahr der Selbstanzeigen?<\/strong><\/p>\n<p>Seit 2015 werden die\u00a0<b>Steuerdaten der Grenzg\u00e4nger von Luxemburg an Deutschland\u00a0<\/b>gemeldet. Lesen Sie dazu die<b>monatliche Kolumne im Trierischen Volksfreund.\u00a0<a class=\"internal-link\" title=\"\u00d6ffnet internen Link im aktuellen Fenster\" href=\"https:\/\/wonnebauer.de\/site\/grenzgaenger\/kolumneimtrierischenvolksfreund\/\">Mehr &#8230;\u00a0<\/a><\/b><\/p>\n<p><strong>2.1.2018 Vorl\u00e4ufige Steuerklasse im Januar und Februar 2018<\/strong><\/p>\n<p>Viele<b>\u00a0Arbeitgeber\u00a0<\/b>wollen im\u00a0<b>Januar und Februar verheiratete Grenzg\u00e4nger mit der Steuerklasse 1 abrechnen.<\/b>\u00a0Sie wollen nichts falsch machen. Allerdings gestattet die\u00a0<b>Finanzverwaltung\u00a0<\/b>nun offiziell die<b>\u00a0provisorische Anwendung der Klasse 2.\u00a0<a class=\"internal-link\" title=\"\u00d6ffnet internen Link im aktuellen Fenster\" href=\"https:\/\/wonnebauer.de\/site\/grenzgaenger\/steuerninluxemburg\/\">Mehr &#8230;\u00a0<\/a><\/b><\/p>\n<p><strong>2.1.2018 Neuauflage von Steuerlux &#8211; Ratgeber f\u00fcr Grenzg\u00e4nger im Fr\u00fchjahr 2018<\/strong><\/p>\n<p>Alle Grenzg\u00e4nger, die einen<b>\u00a0Ratgeber f\u00fcr die Erstellung der deutschen und luxemburger Steuererkl\u00e4rung\u00a0<\/b>suchen, k\u00f6nnen schon<b>\u00a0Vorbestellungen<\/b>\u00a0aufgeben.<b>\u00a0Im Fr\u00fchjahr erscheint das Buch in der 2. Auflage.\u00a0<a class=\"internal-link\" title=\"\u00d6ffnet internen Link im aktuellen Fenster\" href=\"http:\/\/www.wonnebauer.de\/cms\/index.php?id=295\">Mehr &#8230;\u00a0<\/a><\/b><\/p>\n<p>&nbsp;<\/p>\n<\/div>\n<\/div>\n<p>[\/et_pb_text][\/et_pb_column][et_pb_column type=&#8220;1_3&#8243; _builder_version=&#8220;3.0.47&#8243; background_position=&#8220;top_left&#8220; custom_padding=&#8220;0px|0px|0px|&#8220; custom_padding__hover=&#8220;|||&#8220;][\/et_pb_column][\/et_pb_row][\/et_pb_section][et_pb_section fb_built=&#8220;1&#8243; _builder_version=&#8220;3.22&#8243; custom_padding=&#8220;0px|0px|0px|0px&#8220;][et_pb_row _builder_version=&#8220;3.25&#8243; background_size=&#8220;initial&#8220; background_position=&#8220;top_left&#8220; background_repeat=&#8220;repeat&#8220; custom_padding=&#8220;0px|0px|0px|0px&#8220;][et_pb_column type=&#8220;4_4&#8243; _builder_version=&#8220;3.0.47&#8243; custom_padding=&#8220;|||&#8220; custom_padding__hover=&#8220;|||&#8220;][et_pb_text admin_label=&#8220;Text Abstandshalter mit Leerzeilen&#8220; _builder_version=&#8220;3.27.4&#8243; custom_margin=&#8220;0px|0px|0px|0px&#8220; custom_padding=&#8220;0px|0px|10px|0px&#8220; border_style=&#8220;solid&#8220;]<\/p>\n<p>\n<span style=\"color: #ffffff;\">:<\/span><br \/><span style=\"color: #ffffff;\">:<\/span><\/p>\n<p>[\/et_pb_text][et_pb_text admin_label=&#8220;Text + Link Impressum Rechtsanwalt Stephan Wonnebauer&#8220; _builder_version=&#8220;3.27.4&#8243; custom_padding=&#8220;||5px|&#8220; border_style=&#8220;solid&#8220;]<\/p>\n<p style=\"text-align: center;\"><span class=\"st\">\u00a9Rechtsanwalt Stephan Wonnebauer &#8211; <a href=\"https:\/\/wonnebauer.de\/site\/home\/impressum\/\">Impressum<\/a><br \/><\/span><\/p>\n<p>[\/et_pb_text][\/et_pb_column][\/et_pb_row][\/et_pb_section]<\/p>\n","protected":false},"excerpt":{"rendered":"<p>:: Archiv 2018 :: \u00a0 31.12.2018 Die Kolumne Dezember handelt von der Steuerklasse Die Steuerklasse f\u00fcr das Jahr 2018 basiert auf den Daten 2016. Verheiratete Grenzg\u00e4nger sollten pr\u00fcfen, ob sie einen neuen Antrag stellen, da anderenfalls droht, dass die Steuerklasse auch noch das ganze Jahr 2019 wirkt. Mehr &#8230; &nbsp; 31.12.2018 Luxemburger Koalition erw\u00e4gt \u00c4nderung [&hellip;]<\/p>\n","protected":false},"author":1,"featured_media":0,"parent":1796,"menu_order":8,"comment_status":"closed","ping_status":"closed","template":"","meta":{"_et_pb_use_builder":"on","_et_pb_old_content":"","_et_gb_content_width":"","footnotes":""},"class_list":["post-3890","page","type-page","status-publish","hentry"],"_links":{"self":[{"href":"https:\/\/wonnebauer.de\/site\/wp-json\/wp\/v2\/pages\/3890","targetHints":{"allow":["GET"]}}],"collection":[{"href":"https:\/\/wonnebauer.de\/site\/wp-json\/wp\/v2\/pages"}],"about":[{"href":"https:\/\/wonnebauer.de\/site\/wp-json\/wp\/v2\/types\/page"}],"author":[{"embeddable":true,"href":"https:\/\/wonnebauer.de\/site\/wp-json\/wp\/v2\/users\/1"}],"replies":[{"embeddable":true,"href":"https:\/\/wonnebauer.de\/site\/wp-json\/wp\/v2\/comments?post=3890"}],"version-history":[{"count":8,"href":"https:\/\/wonnebauer.de\/site\/wp-json\/wp\/v2\/pages\/3890\/revisions"}],"predecessor-version":[{"id":3912,"href":"https:\/\/wonnebauer.de\/site\/wp-json\/wp\/v2\/pages\/3890\/revisions\/3912"}],"up":[{"embeddable":true,"href":"https:\/\/wonnebauer.de\/site\/wp-json\/wp\/v2\/pages\/1796"}],"wp:attachment":[{"href":"https:\/\/wonnebauer.de\/site\/wp-json\/wp\/v2\/media?parent=3890"}],"curies":[{"name":"wp","href":"https:\/\/api.w.org\/{rel}","templated":true}]}}