{"id":3061,"date":"2019-03-24T13:05:18","date_gmt":"2019-03-24T12:05:18","guid":{"rendered":"https:\/\/wonnebauer.de\/site\/?page_id=3061"},"modified":"2023-12-08T12:30:57","modified_gmt":"2023-12-08T11:30:57","slug":"medienarchiv","status":"publish","type":"page","link":"https:\/\/wonnebauer.de\/site\/grenzgaenger\/medienarchiv\/","title":{"rendered":"Medienarchiv"},"content":{"rendered":"<p>[et_pb_section fb_built=&#8220;1&#8243; _builder_version=&#8220;4.16&#8243; global_colors_info=&#8220;{}&#8220;][et_pb_row column_structure=&#8220;3_5,2_5&#8243; _builder_version=&#8220;4.16&#8243; background_size=&#8220;initial&#8220; background_position=&#8220;top_left&#8220; background_repeat=&#8220;repeat&#8220; global_colors_info=&#8220;{}&#8220;][et_pb_column type=&#8220;3_5&#8243; _builder_version=&#8220;4.16&#8243; custom_padding=&#8220;|||&#8220; global_colors_info=&#8220;{}&#8220; custom_padding__hover=&#8220;|||&#8220;][et_pb_text _builder_version=&#8220;4.23.1&#8243; hover_enabled=&#8220;0&#8243; z_index_tablet=&#8220;500&#8243; global_colors_info=&#8220;{}&#8220; sticky_enabled=&#8220;0&#8243;]<\/p>\n<h2><strong><span style=\"color: #993300;\"><br \/><span style=\"color: #9c0537;\">Medienarchiv<\/span><\/span><\/strong><\/h2>\n<p><strong><span style=\"color: #333333;\">Hier finden Sie \u00e4ltere Medienbeitr\u00e4ge, die inhaltlich nicht mehr ganz aktuell sind,<br \/>die aber dennoch hilfreich oder interessant sein k\u00f6nnen.<\/span><\/strong><\/p>\n<p>&nbsp;<\/p>\n<p>[\/et_pb_text][\/et_pb_column][et_pb_column type=&#8220;2_5&#8243; _builder_version=&#8220;4.16&#8243; custom_padding=&#8220;|||&#8220; global_colors_info=&#8220;{}&#8220; custom_padding__hover=&#8220;|||&#8220;][\/et_pb_column][\/et_pb_row][\/et_pb_section][et_pb_section fb_built=&#8220;1&#8243; _builder_version=&#8220;4.16&#8243; global_colors_info=&#8220;{}&#8220;][et_pb_row column_structure=&#8220;1_3,2_3&#8243; _builder_version=&#8220;4.16&#8243; background_size=&#8220;initial&#8220; background_position=&#8220;top_left&#8220; background_repeat=&#8220;repeat&#8220; global_colors_info=&#8220;{}&#8220;][et_pb_column type=&#8220;1_3&#8243; _builder_version=&#8220;4.16&#8243; custom_padding=&#8220;|||&#8220; global_colors_info=&#8220;{}&#8220; custom_padding__hover=&#8220;|||&#8220;][et_pb_text admin_label=&#8220;Text Video Steuererkl\u00e4rung&#8220; _builder_version=&#8220;4.23.1&#8243; custom_margin=&#8220;0px|0px|0px|0px&#8220; custom_padding=&#8220;0px|0px|0px|0px&#8220; z_index_tablet=&#8220;500&#8243; global_colors_info=&#8220;{}&#8220;]<\/p>\n<div class=\"csc-header csc-header-n1\">\n<h4><span style=\"color: #993366;\"><strong>Video-Tutorial:<\/strong><\/span><br \/><span style=\"color: #993366;\"><strong>Steuererkl\u00e4rung ausf\u00fcllen<\/strong><\/span><\/h4>\n<\/div>\n<p>[\/et_pb_text][et_pb_image src=&#8220;https:\/\/wonnebauer.de\/site\/wp-content\/uploads\/2020\/09\/grenzgaenger_steuererklaerung_01_480px.jpg&#8220; title_text=&#8220;grenzgaenger_steuererklaerung_01_480px&#8220; url=&#8220;https:\/\/wonnebauer.de\/site\/grenzgaenger\/videozursteuererklaerung\/&#8220; url_new_window=&#8220;on&#8220; align_tablet=&#8220;center&#8220; align_phone=&#8220;&#8220; align_last_edited=&#8220;on|desktop&#8220; admin_label=&#8220;Bild Videolink Steuererkl\u00e4rung&#8220; _builder_version=&#8220;4.16&#8243; custom_margin=&#8220;||0px|&#8220; custom_padding=&#8220;||0px|&#8220; global_colors_info=&#8220;{}&#8220;]<br \/>\n[\/et_pb_image][\/et_pb_column][et_pb_column type=&#8220;2_3&#8243; _builder_version=&#8220;4.16&#8243; custom_padding=&#8220;|||&#8220; global_colors_info=&#8220;{}&#8220; custom_padding__hover=&#8220;|||&#8220;][et_pb_text admin_label=&#8220;Text Video Steuererkl\u00e4rung&#8220; _builder_version=&#8220;4.16&#8243; custom_margin=&#8220;0px||0px|&#8220; custom_padding=&#8220;0px||0px|&#8220; global_colors_info=&#8220;{}&#8220;]<\/p>\n<p><b><\/b><\/p>\n<p><b><\/b><\/p>\n<p><b><\/b><\/p>\n<p><b><br \/>Wie einfach das Ausf\u00fcllen einer Einkommensteuererkl\u00e4rung sein kann, <br \/>zeigt unser\u00a0<a class=\"internal-link\" title=\"Opens internal link in current window\" href=\"https:\/\/wonnebauer.de\/site\/grenzgaenger\/videozursteuererklaerung\/\">Video-Tutorial <\/a>f\u00fcr ledige Grenzg\u00e4nger ohne Wohneigentum.<\/b><\/p>\n<p>Achtung &#8211; Nicht mehr aktuell. <br \/>Der Beitrag behandelt die Steuererkl\u00e4rung f\u00fcr das Jahr 2012.<b> <\/b><\/p>\n<p>&nbsp;<\/p>\n<p>&nbsp;<\/p>\n<p>[\/et_pb_text][\/et_pb_column][\/et_pb_row][et_pb_row column_structure=&#8220;1_3,2_3&#8243; _builder_version=&#8220;4.16&#8243; background_size=&#8220;initial&#8220; background_position=&#8220;top_left&#8220; background_repeat=&#8220;repeat&#8220; global_colors_info=&#8220;{}&#8220;][et_pb_column type=&#8220;1_3&#8243; _builder_version=&#8220;4.16&#8243; custom_padding=&#8220;|||&#8220; global_colors_info=&#8220;{}&#8220; custom_padding__hover=&#8220;|||&#8220;][et_pb_text admin_label=&#8220;Text OK54&#8243; _builder_version=&#8220;4.23.1&#8243; custom_margin=&#8220;0px|0px|0px|0px&#8220; custom_padding=&#8220;0px|0px|0px|0px&#8220; z_index_tablet=&#8220;500&#8243; global_colors_info=&#8220;{}&#8220;]<\/p>\n<div class=\"csc-header csc-header-n1\">\n<h4 class=\"csc-firstHeader\"><span style=\"color: #993366;\"><b><br \/>Interview beim OK54 in Trier<br \/>zu Steuerreform 2017-2018<\/b><\/span><\/h4>\n<\/div>\n<p>[\/et_pb_text][et_pb_image src=&#8220;https:\/\/wonnebauer.de\/site\/wp-content\/uploads\/2020\/09\/Interview_OK54_Maerz_2019.jpg&#8220; title_text=&#8220;Interview_OK54_Maerz_2019&#8243; url=&#8220;https:\/\/www.youtube.com\/watch?reload=9&#038;v=bep2yWkcDnw&#8220; url_new_window=&#8220;on&#8220; align_tablet=&#8220;center&#8220; align_phone=&#8220;&#8220; align_last_edited=&#8220;on|desktop&#8220; admin_label=&#8220;Bild OK54&#8243; _builder_version=&#8220;4.16&#8243; custom_margin=&#8220;||0px|&#8220; custom_padding=&#8220;||0px|&#8220; global_colors_info=&#8220;{}&#8220;]<br \/>\n[\/et_pb_image][et_pb_text admin_label=&#8220;Text Video OK&#8220; _builder_version=&#8220;4.16&#8243; custom_margin=&#8220;0px||0px|&#8220; custom_padding=&#8220;0px||0px|&#8220; global_colors_info=&#8220;{}&#8220;]<\/p>\n<p>Grafik OK54<\/p>\n<p>[\/et_pb_text][et_pb_text admin_label=&#8220;Text Abstandshalter&#8220; _builder_version=&#8220;4.16&#8243; custom_margin=&#8220;0px|0px|0px|0px&#8220; custom_padding=&#8220;0px|0px|0px|0px&#8220; global_colors_info=&#8220;{}&#8220;]<\/p>\n<p>\n<span style=\"color: #ffffff;\">:<\/span><br \/><span style=\"color: #ffffff;\">:<\/span><\/p>\n<p>[\/et_pb_text][\/et_pb_column][et_pb_column type=&#8220;2_3&#8243; _builder_version=&#8220;4.16&#8243; custom_padding=&#8220;|||&#8220; global_colors_info=&#8220;{}&#8220; custom_padding__hover=&#8220;|||&#8220;][et_pb_text admin_label=&#8220;Text Abstandshalter&#8220; _builder_version=&#8220;4.16&#8243; custom_margin=&#8220;0px|0px|0px|0px&#8220; custom_padding=&#8220;0px|0px|0px|0px&#8220; global_colors_info=&#8220;{}&#8220;]<\/p>\n<p>\n<span style=\"color: #ffffff;\">:<\/span><br \/><span style=\"color: #ffffff;\">:<\/span><\/p>\n<p>[\/et_pb_text][et_pb_text admin_label=&#8220;Text OK54&#8243; _builder_version=&#8220;4.16&#8243; custom_margin=&#8220;0px|0px|0px|0px&#8220; custom_padding=&#8220;0px|0px|0px|0px&#8220; z_index_tablet=&#8220;500&#8243; global_colors_info=&#8220;{}&#8220;]<\/p>\n<div class=\"csc-header csc-header-n1\">\n<p class=\"csc-firstHeader\"><strong><sup><sub>\u00a0<\/sub><\/sup><\/strong><\/p>\n<p><strong><\/p>\n<p>Interview ansehen im<\/strong><br \/><strong><a href=\"https:\/\/www.youtube.com\/watch?reload=9&amp;v=bep2yWkcDnw\" target=\"_blank\" rel=\"noopener noreferrer\">Youtube-Kanal vom OK54<\/a><\/strong><\/p>\n<p><strong>Das Video entstand im Jahr 2018<br \/>Aktuellere Beitr\u00e4ge finden Sie im <a href=\"https:\/\/www.youtube.com\/channel\/UCksnr61EaL7ovY-y9HXM9HA\" target=\"_blank\" rel=\"noopener noreferrer\">Youtube-Kanal von OK54<\/a><br \/><\/strong><\/p>\n<\/div>\n<p>[\/et_pb_text][\/et_pb_column][\/et_pb_row][et_pb_row column_structure=&#8220;1_3,2_3&#8243; _builder_version=&#8220;4.16&#8243; background_size=&#8220;initial&#8220; background_position=&#8220;top_left&#8220; background_repeat=&#8220;repeat&#8220; locked=&#8220;off&#8220; global_colors_info=&#8220;{}&#8220;][et_pb_column type=&#8220;1_3&#8243; _builder_version=&#8220;4.16&#8243; custom_padding=&#8220;|||&#8220; global_colors_info=&#8220;{}&#8220; custom_padding__hover=&#8220;|||&#8220;][et_pb_text admin_label=&#8220;Text OK54&#8243; _builder_version=&#8220;4.23.1&#8243; custom_margin=&#8220;0px|0px|0px|0px&#8220; custom_padding=&#8220;0px|0px|0px|0px&#8220; z_index_tablet=&#8220;500&#8243; global_colors_info=&#8220;{}&#8220;]<\/p>\n<div class=\"csc-header csc-header-n1\">\n<h4 class=\"csc-firstHeader\"><span style=\"color: #993366;\"><strong>Die wichtigsten Steuer-Infos f\u00fcr<\/strong><\/span><br \/><span style=\"color: #993366;\"><strong>Luxemburg-Grenzg\u00e4nger (Stand 2020)<\/strong><\/span><b><br \/><\/b><\/h4>\n<\/div>\n<p>[\/et_pb_text][et_pb_image src=&#8220;https:\/\/wonnebauer.de\/site\/wp-content\/uploads\/2020\/09\/Interview_OK54_Sept_2020.jpg&#8220; title_text=&#8220;Interview_OK54_Sept_2020&#8243; url=&#8220;https:\/\/youtu.be\/QfLXQ7x5g00&#8243; url_new_window=&#8220;on&#8220; align_tablet=&#8220;center&#8220; align_phone=&#8220;&#8220; align_last_edited=&#8220;on|desktop&#8220; admin_label=&#8220;Bild OK54&#8243; _builder_version=&#8220;4.16&#8243; custom_margin=&#8220;||0px|&#8220; custom_padding=&#8220;||0px|&#8220; z_index_tablet=&#8220;500&#8243; global_colors_info=&#8220;{}&#8220;][\/et_pb_image][et_pb_text admin_label=&#8220;Text Video OK&#8220; _builder_version=&#8220;4.16&#8243; custom_margin=&#8220;0px||0px|&#8220; custom_padding=&#8220;0px||0px|&#8220; global_colors_info=&#8220;{}&#8220;]<\/p>\n<p>\nGrafik OK54<\/p>\n<p>[\/et_pb_text][et_pb_text admin_label=&#8220;Text OK54&#8243; _builder_version=&#8220;4.16&#8243; custom_margin=&#8220;0px|0px|0px|0px&#8220; custom_padding=&#8220;0px|0px|0px|0px&#8220; z_index_tablet=&#8220;500&#8243; global_colors_info=&#8220;{}&#8220;]<\/p>\n<div class=\"csc-header csc-header-n1\">\n<p class=\"csc-firstHeader\"><strong><sup><sub><br \/><\/sub><\/sup>Interview ansehen im<\/strong><br \/><a href=\"https:\/\/youtu.be\/QfLXQ7x5g00\" target=\"_blank\" rel=\"noopener noreferrer\"><strong>Youtube-Kanal vom OK54<\/strong><\/a>\u00a0<\/p>\n<\/div>\n<p>[\/et_pb_text][et_pb_text admin_label=&#8220;Text Abstandshalter&#8220; _builder_version=&#8220;4.16&#8243; custom_margin=&#8220;0px|0px|0px|0px&#8220; custom_padding=&#8220;0px|0px|0px|0px&#8220; global_colors_info=&#8220;{}&#8220;]<\/p>\n<p><span style=\"color: #ffffff;\">\u00a0<br \/>:<\/span><br \/><span style=\"color: #ffffff;\">:<\/span><\/p>\n<p>[\/et_pb_text][\/et_pb_column][et_pb_column type=&#8220;2_3&#8243; _builder_version=&#8220;4.16&#8243; custom_padding=&#8220;|||&#8220; global_colors_info=&#8220;{}&#8220; custom_padding__hover=&#8220;|||&#8220;][et_pb_text admin_label=&#8220;Text Abstandshalter&#8220; _builder_version=&#8220;4.16&#8243; custom_margin=&#8220;0px|0px|0px|0px&#8220; custom_padding=&#8220;0px|0px|0px|0px&#8220; global_colors_info=&#8220;{}&#8220;]<\/p>\n<p>&nbsp;<\/p>\n<p><span style=\"color: #ffffff;\">:<\/span><\/p>\n<p>[\/et_pb_text][et_pb_text admin_label=&#8220;Text&#8220; _builder_version=&#8220;4.16&#8243; global_colors_info=&#8220;{}&#8220;]<\/p>\n<p><strong>Stephan Wonnebauer<br \/>mit Infos zum Steuerrecht f\u00fcr Grenzg\u00e4nger<br \/>im Zusammenhang mit der Corona-Pandemie,<br \/>die 19-Tage Regelung f\u00fcr das Homeoffice,<br \/>sowie \u00fcber die Erbschaftssteuer<br \/>f\u00fcr Luxemburger in Deutschland und mehr.<br \/><\/strong><\/p>\n<p>[\/et_pb_text][\/et_pb_column][\/et_pb_row][et_pb_row column_structure=&#8220;1_3,2_3&#8243; admin_label=&#8220;Moien! Die Grenzg\u00e4ngersprechstunde vom 06.12.23&#8243; _builder_version=&#8220;4.23.1&#8243; background_size=&#8220;initial&#8220; background_position=&#8220;top_left&#8220; background_repeat=&#8220;repeat&#8220; locked=&#8220;off&#8220; global_colors_info=&#8220;{}&#8220;][et_pb_column type=&#8220;1_3&#8243; _builder_version=&#8220;4.16&#8243; custom_padding=&#8220;|||&#8220; global_colors_info=&#8220;{}&#8220; custom_padding__hover=&#8220;|||&#8220;][et_pb_text admin_label=&#8220;Text OK54&#8243; _builder_version=&#8220;4.23.1&#8243; custom_margin=&#8220;0px|0px|0px|0px&#8220; custom_padding=&#8220;0px|0px|0px|0px&#8220; z_index_tablet=&#8220;500&#8243; global_colors_info=&#8220;{}&#8220;]<\/p>\n<div class=\"csc-header csc-header-n1\">\n<h4 class=\"single-post-title entry-title\"><span style=\"color: #993366;\"><strong>Moien!<\/strong><\/span><br \/><span style=\"color: #993366;\"><strong> Die Grenzg\u00e4nger-Sprechstunde 2023<\/strong><\/span><b><br \/><\/b><\/h4>\n<\/div>\n<p>[\/et_pb_text][et_pb_image src=&#8220;https:\/\/wonnebauer.de\/site\/wp-content\/uploads\/2023\/12\/Grenzgaenger_Sprechstunde_06122023.jpg&#8220; title_text=&#8220;Grenzgaenger_Sprechstunde_06122023&#8243; url=&#8220;https:\/\/www.youtube.com\/watch?v=MDtxDqe17Jw&#038;t=569s&#8220; url_new_window=&#8220;on&#8220; align_tablet=&#8220;center&#8220; align_phone=&#8220;&#8220; align_last_edited=&#8220;on|desktop&#8220; admin_label=&#8220;Bild OK54&#8243; _builder_version=&#8220;4.23.1&#8243; custom_margin=&#8220;||0px|&#8220; custom_padding=&#8220;||0px|&#8220; z_index_tablet=&#8220;500&#8243; global_colors_info=&#8220;{}&#8220;][\/et_pb_image][et_pb_text admin_label=&#8220;Text Video OK&#8220; _builder_version=&#8220;4.16&#8243; custom_margin=&#8220;0px||0px|&#8220; custom_padding=&#8220;0px||0px|&#8220; global_colors_info=&#8220;{}&#8220;]<\/p>\n<p>\nGrafik OK54<\/p>\n<p>[\/et_pb_text][et_pb_text admin_label=&#8220;Text OK54&#8243; _builder_version=&#8220;4.23.1&#8243; custom_margin=&#8220;0px|0px|0px|0px&#8220; custom_padding=&#8220;0px|0px|0px|0px&#8220; z_index_tablet=&#8220;500&#8243; global_colors_info=&#8220;{}&#8220;]<\/p>\n<div class=\"csc-header csc-header-n1\">\n<p class=\"csc-firstHeader\"><strong><sup><sub><br \/><\/sub><\/sup>Interview ansehen im<\/strong><br \/><a href=\"https:\/\/www.youtube.com\/watch?v=MDtxDqe17Jw&amp;t=569s\" target=\"_blank\" rel=\"noopener noreferrer\"><strong>Youtube-Kanal vom OK54<\/strong><\/a><\/p>\n<\/div>\n<p>[\/et_pb_text][et_pb_text admin_label=&#8220;Text Abstandshalter&#8220; _builder_version=&#8220;4.16&#8243; custom_margin=&#8220;0px|0px|0px|0px&#8220; custom_padding=&#8220;0px|0px|0px|0px&#8220; global_colors_info=&#8220;{}&#8220;]<\/p>\n<p><span style=\"color: #ffffff;\">\u00a0<br \/>:<\/span><br \/><span style=\"color: #ffffff;\">:<\/span><\/p>\n<p>[\/et_pb_text][\/et_pb_column][et_pb_column type=&#8220;2_3&#8243; _builder_version=&#8220;4.16&#8243; custom_padding=&#8220;|||&#8220; global_colors_info=&#8220;{}&#8220; custom_padding__hover=&#8220;|||&#8220;][et_pb_text admin_label=&#8220;Text Abstandshalter&#8220; _builder_version=&#8220;4.16&#8243; custom_margin=&#8220;0px|0px|0px|0px&#8220; custom_padding=&#8220;0px|0px|0px|0px&#8220; global_colors_info=&#8220;{}&#8220;]<\/p>\n<p>&nbsp;<\/p>\n<p><span style=\"color: #ffffff;\">:<\/span><\/p>\n<p>[\/et_pb_text][et_pb_text admin_label=&#8220;Text&#8220; _builder_version=&#8220;4.23.1&#8243; global_colors_info=&#8220;{}&#8220;]<\/p>\n<p><strong>Stephan Wonnebauer im Interview<br \/>mit Sabine Schwadorf vom Trierischen Volksfreund.<br \/>Viele Infos zum Steuerrecht f\u00fcr Grenzg\u00e4nger im Zusammenhang<br \/>mit der \u00c4nderung des Doppelbesteuerungsabkommens, wie z.B.<br \/>die Erweiterung der 19-Tage Regelung f\u00fcr das Homeoffice auf 34 Tage,<br \/>sowie weitere Informationen f\u00fcr deutsche Grenzg\u00e4nger in Luxemburg.<br \/><\/strong><\/p>\n<p>[\/et_pb_text][\/et_pb_column][\/et_pb_row][\/et_pb_section]<\/p>\n","protected":false},"excerpt":{"rendered":"<p>Medienarchiv Hier finden Sie \u00e4ltere Medienbeitr\u00e4ge, die inhaltlich nicht mehr ganz aktuell sind,die aber dennoch hilfreich oder interessant sein k\u00f6nnen. &nbsp; Video-Tutorial:Steuererkl\u00e4rung ausf\u00fcllen Wie einfach das Ausf\u00fcllen einer Einkommensteuererkl\u00e4rung sein kann, zeigt unser\u00a0Video-Tutorial f\u00fcr ledige Grenzg\u00e4nger ohne Wohneigentum. Achtung &#8211; Nicht mehr aktuell. Der Beitrag behandelt die Steuererkl\u00e4rung f\u00fcr das Jahr 2012. &nbsp; &nbsp; Interview [&hellip;]<\/p>\n","protected":false},"author":1,"featured_media":0,"parent":967,"menu_order":0,"comment_status":"closed","ping_status":"closed","template":"","meta":{"_et_pb_use_builder":"on","_et_pb_old_content":"","_et_gb_content_width":"","footnotes":""},"class_list":["post-3061","page","type-page","status-publish","hentry"],"_links":{"self":[{"href":"https:\/\/wonnebauer.de\/site\/wp-json\/wp\/v2\/pages\/3061","targetHints":{"allow":["GET"]}}],"collection":[{"href":"https:\/\/wonnebauer.de\/site\/wp-json\/wp\/v2\/pages"}],"about":[{"href":"https:\/\/wonnebauer.de\/site\/wp-json\/wp\/v2\/types\/page"}],"author":[{"embeddable":true,"href":"https:\/\/wonnebauer.de\/site\/wp-json\/wp\/v2\/users\/1"}],"replies":[{"embeddable":true,"href":"https:\/\/wonnebauer.de\/site\/wp-json\/wp\/v2\/comments?post=3061"}],"version-history":[{"count":47,"href":"https:\/\/wonnebauer.de\/site\/wp-json\/wp\/v2\/pages\/3061\/revisions"}],"predecessor-version":[{"id":6110,"href":"https:\/\/wonnebauer.de\/site\/wp-json\/wp\/v2\/pages\/3061\/revisions\/6110"}],"up":[{"embeddable":true,"href":"https:\/\/wonnebauer.de\/site\/wp-json\/wp\/v2\/pages\/967"}],"wp:attachment":[{"href":"https:\/\/wonnebauer.de\/site\/wp-json\/wp\/v2\/media?parent=3061"}],"curies":[{"name":"wp","href":"https:\/\/api.w.org\/{rel}","templated":true}]}}