{"id":1812,"date":"2018-05-27T17:51:15","date_gmt":"2018-05-27T15:51:15","guid":{"rendered":"https:\/\/wonnebauer.de\/site\/?page_id=1812"},"modified":"2018-07-29T17:26:58","modified_gmt":"2018-07-29T15:26:58","slug":"archiv2009","status":"publish","type":"page","link":"https:\/\/wonnebauer.de\/site\/grenzgaenger\/wasgibtesneues\/archiv2009\/","title":{"rendered":"Archiv 2009"},"content":{"rendered":"<p>[et_pb_section bb_built=&#8220;1&#8243; admin_label=&#8220;Wilkommen Block 1&#8243; custom_padding=&#8220;0px|0px|0px|&#8220; _builder_version=&#8220;3.0.64&#8243; next_background_color=&#8220;#000000&#8243;][et_pb_row custom_padding=&#8220;0px|0px|0px|&#8220; padding_top_1=&#8220;0px&#8220; padding_right_1=&#8220;0px&#8220; padding_bottom_1=&#8220;0px&#8220; padding_left_1=&#8220;0px&#8220; padding_top_2=&#8220;0px&#8220; padding_right_2=&#8220;0px&#8220; padding_bottom_2=&#8220;0px&#8220; background_position_1=&#8220;top_left&#8220; background_position_2=&#8220;top_left&#8220; background_repeat_1=&#8220;no-repeat&#8220; background_repeat_2=&#8220;no-repeat&#8220; _builder_version=&#8220;3.0.64&#8243;][et_pb_column type=&#8220;1_3&#8243;][et_pb_text admin_label=&#8220;Text Abstandshalter&#8220; _builder_version=&#8220;3.2&#8243; custom_margin=&#8220;0px|0px|0px|0px&#8220; custom_padding=&#8220;0px|0px|0px|0px&#8220;]<\/p>\n<p><span style=\"color: #ffffff;\">:<\/span><br \/>\n<span style=\"color: #ffffff;\">:<\/span><\/p>\n<p>[\/et_pb_text][et_pb_text admin_label=&#8220;Text Archiv 2009&#8243; _builder_version=&#8220;3.4.1&#8243;]<\/p>\n<h3><span style=\"color: #91001f;\">Archiv 2009<\/span><\/h3>\n<p>[\/et_pb_text][\/et_pb_column][et_pb_column type=&#8220;2_3&#8243;][et_pb_text admin_label=&#8220;Text Abstandshalter&#8220; _builder_version=&#8220;3.2&#8243; custom_margin=&#8220;0px|0px|0px|0px&#8220; custom_padding=&#8220;0px|0px|0px|0px&#8220;]<\/p>\n<p><span style=\"color: #ffffff;\">:<\/span><br \/>\n<span style=\"color: #ffffff;\">:<\/span><\/p>\n<p>[\/et_pb_text][\/et_pb_column][\/et_pb_row][\/et_pb_section][et_pb_section bb_built=&#8220;1&#8243; admin_label=&#8220;Wilkommen Block 1&#8243; custom_padding=&#8220;0px|0px|0px|&#8220; _builder_version=&#8220;3.0.64&#8243; next_background_color=&#8220;#000000&#8243; prev_background_color=&#8220;#000000&#8243;][et_pb_row custom_padding=&#8220;0px|0px|0px|&#8220; padding_top_1=&#8220;0px&#8220; padding_right_1=&#8220;0px&#8220; padding_bottom_1=&#8220;0px&#8220; padding_left_1=&#8220;0px&#8220; padding_top_2=&#8220;0px&#8220; padding_right_2=&#8220;0px&#8220; padding_bottom_2=&#8220;0px&#8220; background_position_1=&#8220;top_left&#8220; background_position_2=&#8220;top_left&#8220; background_repeat_1=&#8220;no-repeat&#8220; background_repeat_2=&#8220;no-repeat&#8220; _builder_version=&#8220;3.4.1&#8243;][et_pb_column type=&#8220;2_3&#8243;][et_pb_text admin_label=&#8220;Text \u00dcberschrift Was gibt es Neues in Luxemburg?&#8220; _builder_version=&#8220;3.4.1&#8243;]<\/p>\n<h3>Was gibt es Neues in Luxemburg?<\/h3>\n<p>[\/et_pb_text][et_pb_text admin_label=&#8220;Text Archiv_2009&#8243; _builder_version=&#8220;3.11&#8243;]<\/p>\n<div id=\"middle\">\n<div id=\"middle-content\">\n<div id=\"middle-marker-box\">\n<div id=\"middle-marker\">\n<div id=\"c1172\" class=\"csc-default\">\n<div class=\"csc-textpic csc-textpic-intext-right\">\n<div class=\"csc-textpic-text\">\n<p class=\"bodytext\"><b>8.12.2009 Steuerklasse 1a oder 2 bei selbst\u00e4ndigen Grenzg\u00e4ngern<\/b><\/p>\n<p class=\"bodytext\">Verheiratete Nicht-Ans\u00e4ssige fallen grunds\u00e4tzlich in die Steuerklasse 1a. Nur auf Antrag erhalten sie die Steuerklasse 2. Der Antrag wird gestellt mit dem Antrag auf Ausstellung einer Lohnsteuerkarte. Selbst\u00e4ndige haben jedoch keine Lohnsteuerkarte. Und nun?\u00a0<b><a class=\"internal-link\" title=\"Opens internal link in current window\" href=\"https:\/\/wonnebauer.de\/site\/grenzgaenger\/steuerninluxemburg\/\">Mehr &#8230;<\/a><\/b><\/p>\n<p><b>20.11.2009 Steuerchat am 27.11.2009 bei grenzgaenger.lu &#8211; Jahresfrist beachten !<\/b><\/p>\n<p>Am 27. November von 12-13 Uhr findet der n\u00e4chste Steuer-Chat mit Stephan Wonnebauer bei\u00a0<a href=\"http:\/\/www.diegrenzgaenger.lu\/\">www.diegrenzgaenger.lu<\/a><br \/>\nstatt. Grenzg\u00e4nger haben dabei die M\u00f6glichkeit kurze Fragen zu stellen und erhalten live ihre Antwort.<\/p>\n<p>Grenzg\u00e4nger mit einem zu versteuernden Einkommen unter 58.000 Euro m\u00fcssen ihre Steuererkl\u00e4rung bis zum 31.12. abgeben, wenn sie mit Erstattungen rechnen. Wer die Frist vers\u00e4umt, erh\u00e4lt die Erstattungen folglich nicht. Diese Jahresfrist wurde 2007 eingef\u00fchrt. Grenzg\u00e4nger, die ihre Steuererkl\u00e4rung selbst erstellen wollen, haben daher die letzte Gelegenheit, kostenlos Steuertipps vom Experten zu erhalten.<\/p>\n<p><b>31.10.2009 \u00c4nderungen bei der Anerkennung von Verlusten aus Vermietung<\/b><\/p>\n<p>Bekannterma\u00dfen k\u00f6nnen Grenzg\u00e4nger Verluste aus Vermietung in Deutschland in der lux. Steuererkl\u00e4rung geltend machen. Hier wird sich aber in Zukunft einiges \u00e4ndern. Es wird komplizierter.\u00a0<b><a class=\"internal-link\" title=\"Opens internal link in current window\" href=\"https:\/\/wonnebauer.de\/site\/grenzgaenger\/steuerninluxemburg\/\">Mehr &#8230;<br \/>\n<\/a><\/b><\/p>\n<p><b>23.9.2009 Pflicht zur \u00c4nderung der Lohnsteuerkarte im Trennungsfalle ?<\/b><\/p>\n<p>Getrenntlebende ohne Kinder fallen in die Steuerklasse 1. Das tut weh. Wann mu\u00df man eigentlich die Lohnsteuerkarte \u00e4ndern lassen?\u00a0<a class=\"internal-link\" title=\"Opens internal link in current window\" href=\"https:\/\/wonnebauer.de\/site\/erbeundvermoegen\/familieundkinder\/\"><b>Mehr &#8230;<br \/>\n<\/b><\/a><\/p>\n<p><b>10.9.2009 Arbeitgeber im Baugewerbe m\u00fcssen Arbeitnehmern Mehrsteuern erstatten<\/b><\/p>\n<p>Hoffnung f\u00fcr viele Grenzg\u00e4nger im Baugewerbe. Sie m\u00fcssen deutsche Steuern zahlen, wenn sei auf deutschen Baustellen arbeiten. Der Arbeitgeber muss sich daran beteiligen.\u00a0<a class=\"internal-link\" title=\"Opens internal link in current window\" href=\"https:\/\/wonnebauer.de\/site\/arbeitsrecht\/luxemburgerarbeitsrecht\/\"><b>Mehr &#8230;<\/b><\/a><\/p>\n<p class=\"bodytext\"><b>26.8.2009 Veranstaltungshinweise f\u00fcr Grenzg\u00e4nger<\/b><\/p>\n<p>Am\u00a0<b>Freitag, dem 28. August 2009,<\/b>\u00a0wird wieder ein Chat mit RA Wonnebauer bei\u00a0<a href=\"http:\/\/www.diegrenzgaenger.lu\/\">www.diegrenzgaenger.lu<\/a>\u00a0stattfinden. Interessierte loggen sich zwischen\u00a0<b>12 und 13 Uhr<\/b>\u00a0im Chatroom ein. Hier beantwortet RA Wonnebauer dann wieder live die Fragen der Mitglieder. Das Protokoll kann sp\u00e4ter auch eingesehen werden.<\/p>\n<p>Am\u00a0<b>Samstag, dem 5. September,<\/b>\u00a0findet wieder eine Veranstaltung der\u00a0<b>ACAL<\/b>\u00a0(Transportgewerkschaft) im\u00a0<b>Parkhotel in Konz<\/b>\u00a0um 15 Uhr statt . Wonnebauer referiert zum Thema\u00a0<b>Besteuerung der Berufskraftfahrer und Prozedere\u00a0bei Arbeitslosigkeit<\/b>.<\/p>\n<p>Am\u00a0<b>Montag, dem 14. September,<\/b>\u00a0findet in\u00a0<b>Bitburg im Hause der OGB-L um 19 Uhr<\/b>\u00a0ein Vortrag von RA Wonnebauer statt zum Thema\u00a0<b>Besteuerung der Rentner<\/b>.<\/p>\n<p><b>15.8.2009 Luxemburg beteiligt sich am Datenaustausch mit Deutschland<\/b><\/p>\n<p>Luxemburg wurde bislang vorgeworfen, eine Steueroase zu sein. Dem ist das L\u00e4ndchen entgegengetreten und beteiligt sich am Datenaustausch zu Steuerzwecken.\u00a0<b><a class=\"internal-link\" title=\"Opens internal link in current window\" href=\"https:\/\/wonnebauer.de\/site\/steuerberatung\/selbstanzeigeundstrafrecht\/\">Mehr &#8230;<\/a><\/b><\/p>\n<p class=\"bodytext\"><b>14.8.2009 Rechtschutzversicherung mu\u00df fr\u00fcher eintreten<\/b><\/p>\n<p>Die deutsche Rechtschutzversicherung gilt auch f\u00fcr luxemburgisches Arbeitsrecht f\u00fcr Grenzg\u00e4nger. Der Zeitpunkt der Eintrittspflicht war jahrelang ungekl\u00e4rt. Jetzt hat der BGH neu entschieden zugunsten der Versicherten.<b>\u00a0<\/b><a class=\"internal-link\" title=\"Opens internal link in current window\" href=\"https:\/\/wonnebauer.de\/site\/arbeitsrecht\/luxemburgerarbeitsrecht\/\"><b>Mehr &#8230;<\/b><\/a><b><\/b><\/p>\n<p class=\"bodytext\"><b>31.7.2009 Heute ist das Buch endlich erschienen: Die Steuererkl\u00e4rungen der Grenzg\u00e4nger Deutschland-Luxemburg<\/b><\/p>\n<p>Das Steuerlux-Buch ist seit heute beim Verlag und auch im Buchhandel erh\u00e4ltlich.\u00a0<b><a class=\"internal-link\" title=\"Opens internal link in current window\" href=\"https:\/\/wonnebauer.de\/site\/home\/fachinstitut\/\">Mehr &#8230;<\/a><br \/>\n<\/b><\/p>\n<p><b>28.7.2009 Wo wird Arbeitslosengeld aus Luxemburg versteuert und wie?<br \/>\n<\/b><br \/>\nIn einem aktuellen Fall erh\u00e4lt ein Grenzg\u00e4nger Leistungen der ADEM wegen einer Wiedereingliederung. Das Finanzamt Saarbr\u00fccken versteuert diese Leistungen voll, also noch nicht einmal unter Progressionsvorbehalt. Wie ist die Rechtslage ?\u00a0\u00a0<a class=\"internal-link\" title=\"Opens internal link in current window\" href=\"https:\/\/wonnebauer.de\/site\/grenzgaenger\/steuernindeutschland\/\"><b>Mehr &#8230;<br \/>\n<\/b><\/a><\/p>\n<p><b>30.5.2009 Kennen Sie schon diese Brosch\u00fcre der DRV zur Rentenversicherung? Nein?<br \/>\n<\/b><br \/>\nHier ist eine gute\u00a0Brosch\u00fcre f\u00fcr deutsche Grenzg\u00e4nger.\u00a0<a class=\"internal-link\" title=\"Opens internal link in current window\" href=\"https:\/\/wonnebauer.de\/site\/grenzgaenger\/sozialversicherungluxemburg\/\">Zum Download &#8230;<\/a><\/p>\n<p><b>17.3.2009 Welche Eink\u00fcnfte flie\u00dfen in die luxemburger Progressionsberechnung?\u00a0<\/b><\/p>\n<p>Grenzg\u00e4nger k\u00f6nnen die Gleichstellung mit den Ans\u00e4ssigen beantragen. Nach Art. 157ter m\u00fcssen sie dann jedoch alle Eink\u00fcnfte, die sie nicht in L erzielen f\u00fcr die Festlegung des Steuersatzes angeben. Welche Eink\u00fcnfte z\u00e4hlen dazu?\u00a0<a class=\"internal-link\" title=\"Opens internal link in current window\" href=\"https:\/\/wonnebauer.de\/site\/grenzgaenger\/steuerninluxemburg\/\"><b>Mehr &#8230;<\/b><\/a><\/p>\n<p><b>16.3.2009 Welche Eink\u00fcnfte sind entscheidend f\u00fcr die Berechnung der 90 Prozent-Grenze?<\/b><\/p>\n<p>Grenzg\u00e4nger, die 90% ihrer beruflichen Eink\u00fcnfte in Luxemburg erzielen, k\u00f6nnen die Gleichstellung mit Ans\u00e4ssigen beantragen. Was ist eigentlich mit &#8222;beruflichen Eink\u00fcnften&#8220; gemeint? Das Ger\u00fccht von den Welteink\u00fcnften geht derzeit um.\u00a0<a class=\"internal-link\" title=\"Opens internal link in current window\" href=\"https:\/\/wonnebauer.de\/site\/grenzgaenger\/steuerninluxemburg\/\"><b>Mehr &#8230;<\/b><\/a>\u00a0<b><\/b><\/p>\n<p><strong>16.3.2009 Besteuerung der Renten der Grenzg\u00e4nger<\/strong><\/p>\n<p>M\u00fcssen Rentner nun ihre luxemburger Rente r\u00fcckwirkend in Deutschland versteuern?\u00a0<a class=\"internal-link\" title=\"Opens internal link in current window\" href=\"https:\/\/wonnebauer.de\/site\/grenzgaenger\/steuernindeutschland\/\"><b>Mehr &#8230;<\/b><\/a><\/p>\n<p><b>6.3.2009 Verhalten bei Krankheit<\/b><\/p>\n<p><b>Sp\u00e4testens am dritten Tag<\/b>\u00a0der Arbeitsunf\u00e4higkeit mu\u00df die Arbeitsunf\u00e4higkeitsbescheinigung dem Arbeitgeber zugehen. Falls nicht, kann die fristlose K\u00fcndigung drohen.\u00a0<b><a class=\"internal-link\" title=\"Opens internal link in current window\" href=\"https:\/\/wonnebauer.de\/site\/arbeitsrecht\/luxemburgerarbeitsrecht\/\">Mehr &#8230;<br \/>\n<\/a><\/b><\/p>\n<p><b><br \/>\n12.2.2009 Kinderbonus mit Einkommensteuererkl\u00e4rung geltend machen<\/b><\/p>\n<p>Wer im Laufe des Jahres in Luxemburg eine Besch\u00e4ftigung beginnt, erh\u00e4lt von der Familienkasse keinen Kinderbonus. Dieser mu\u00df dann mit einer Einkommensteuererkl\u00e4rung geltend gemacht werden.\u00a0<a class=\"internal-link\" title=\"Opens internal link in current window\" href=\"https:\/\/wonnebauer.de\/site\/erbeundvermoegen\/familieundkinder\/\"><b>Mehr &#8230;<\/b><\/a><\/p>\n<p><b>23.1.2009 Pendlerpauschale der Grenzg\u00e4nger<\/b><\/p>\n<p class=\"bodytext\">Die Finanz\u00e4mter \u00e4ndern die Steuerbescheide derzeit automatisch ohne Dazutun der Steuerpflichtigen. Das Finanzamt Trier f\u00fchrte in weiser Voraussicht eigens Listen f\u00fcr Grenzg\u00e4nger, da bei diesen die Automation nicht ohne weiteres m\u00f6glich ist. Bis Ende M\u00e4rz 2009 sollen alle Steuerbescheide, das sind in Trier ca. 500.000, ge\u00e4ndert sein. Wer keinen \u00c4nderungsbescheid erhalten hat, soll sich dann an uns oder direkt an das Finanzamt wenden.<\/p>\n<p><b>Steuer\u00e4nderungen in der Steuererkl\u00e4rung 2008<\/b><\/p>\n<p>Die Formulare 2008 sind nun erh\u00e4ltlich und werden versendet.\u00a0Was ist neu in der Steuererkl\u00e4rung f\u00fcr das Jahr 2008.\u00a0<a class=\"internal-link\" title=\"Opens internal link in current window\" href=\"https:\/\/wonnebauer.de\/site\/grenzgaenger\/steuerninluxemburg\/\"><b>Mehr &#8230;<\/b><br \/>\n<\/a><\/p>\n<p><b>Einheitsstatut zum 1.1.2009<\/b><\/p>\n<p>In Luxemburg wurde in der Sozialversicherung die Unterscheidung zwischen Arbeitern und Angestellten abgeschafft.\u00a0<a class=\"internal-link\" title=\"Opens internal link in current window\" href=\"https:\/\/wonnebauer.de\/site\/grenzgaenger\/sozialversicherungluxemburg\/\"><b>Mehr &#8230;<\/b><\/a><\/p>\n<p>&nbsp;<\/p>\n<p><strong>Neue Reisekostentabelle ab dem 1.1.2009<\/strong><\/p>\n<p class=\"bodytext\">F\u00fcr Berufskraftfahrer und\u00a0andere Reisende sind die neuen Reisekostentabellen von Bedeutung. \u00c4nderungen sind\u00a0<b>fett<\/b>hervorgehoben. Insbesondere f\u00fcr die Schweiz gibt es neue Werte. Ansonsten gibt es in den direkten Nachbarl\u00e4ndern von Deutschland keine \u00c4nderungen.\u00a0<a class=\"internal-link\" title=\"Opens internal link in current window\" href=\"https:\/\/wonnebauer.de\/site\/steuerberatung\/downloads\/\"><b>Mehr &#8230;<\/b><\/a><\/p>\n<\/div>\n<\/div>\n<\/div>\n<\/div>\n<\/div>\n<\/div>\n<\/div>\n<p>[\/et_pb_text][\/et_pb_column][et_pb_column type=&#8220;1_3&#8243;][et_pb_image admin_label=&#8220;Bild Wonnebauer_mit_sekretaerin_8269_360px&#8220; _builder_version=&#8220;3.4.1&#8243; src=&#8220;https:\/\/wonnebauer.de\/site\/wp-content\/uploads\/2018\/06\/Wonnebauer_mit_sekretaerin_8269_360px.jpg&#8220; \/][\/et_pb_column][\/et_pb_row][\/et_pb_section][et_pb_section bb_built=&#8220;1&#8243; custom_padding=&#8220;0px|0px|0px|0px&#8220; _builder_version=&#8220;3.0.64&#8243; prev_background_color=&#8220;#000000&#8243;][et_pb_row custom_padding=&#8220;0px|0px|0px|0px&#8220; _builder_version=&#8220;3.0.64&#8243; background_size=&#8220;initial&#8220; background_position=&#8220;top_left&#8220; background_repeat=&#8220;repeat&#8220;][et_pb_column type=&#8220;4_4&#8243;][et_pb_text admin_label=&#8220;Text Abstandshalter mit Leerzeilen&#8220; _builder_version=&#8220;3.0.64&#8243; custom_margin=&#8220;0px|0px|0px|0px&#8220; custom_padding=&#8220;0px|0px|10px|0px&#8220; background_layout=&#8220;light&#8220; text_orientation=&#8220;left&#8220; border_style=&#8220;solid&#8220;]<\/p>\n<p><span style=\"color: #ffffff;\">:<\/span><br \/>\n<span style=\"color: #ffffff;\">:<\/span><\/p>\n<p>[\/et_pb_text][et_pb_text admin_label=&#8220;Text + Link Impressum Rechtsanwalt Stephan Wonnebauer&#8220; _builder_version=&#8220;3.0.64&#8243; background_layout=&#8220;light&#8220; text_orientation=&#8220;left&#8220; border_style=&#8220;solid&#8220; custom_padding=&#8220;||5px|&#8220;]<\/p>\n<p style=\"text-align: center;\"><span class=\"st\">\u00a9Rechtsanwalt Stephan Wonnebauer &#8211; <a href=\"https:\/\/wonnebauer.de\/site\/home\/impressum\/\">Impressum<\/a><br \/>\n<\/span><\/p>\n<p>[\/et_pb_text][\/et_pb_column][\/et_pb_row][\/et_pb_section]<\/p>\n","protected":false},"excerpt":{"rendered":"<p>: : Archiv 2009 : : Was gibt es Neues in Luxemburg? 8.12.2009 Steuerklasse 1a oder 2 bei selbst\u00e4ndigen Grenzg\u00e4ngern Verheiratete Nicht-Ans\u00e4ssige fallen grunds\u00e4tzlich in die Steuerklasse 1a. Nur auf Antrag erhalten sie die Steuerklasse 2. Der Antrag wird gestellt mit dem Antrag auf Ausstellung einer Lohnsteuerkarte. Selbst\u00e4ndige haben jedoch keine Lohnsteuerkarte. Und nun?\u00a0Mehr &#8230; [&hellip;]<\/p>\n","protected":false},"author":1,"featured_media":0,"parent":1796,"menu_order":25,"comment_status":"closed","ping_status":"closed","template":"","meta":{"_et_pb_use_builder":"on","_et_pb_old_content":"","_et_gb_content_width":"","footnotes":""},"class_list":["post-1812","page","type-page","status-publish","hentry"],"_links":{"self":[{"href":"https:\/\/wonnebauer.de\/site\/wp-json\/wp\/v2\/pages\/1812","targetHints":{"allow":["GET"]}}],"collection":[{"href":"https:\/\/wonnebauer.de\/site\/wp-json\/wp\/v2\/pages"}],"about":[{"href":"https:\/\/wonnebauer.de\/site\/wp-json\/wp\/v2\/types\/page"}],"author":[{"embeddable":true,"href":"https:\/\/wonnebauer.de\/site\/wp-json\/wp\/v2\/users\/1"}],"replies":[{"embeddable":true,"href":"https:\/\/wonnebauer.de\/site\/wp-json\/wp\/v2\/comments?post=1812"}],"version-history":[{"count":9,"href":"https:\/\/wonnebauer.de\/site\/wp-json\/wp\/v2\/pages\/1812\/revisions"}],"predecessor-version":[{"id":2602,"href":"https:\/\/wonnebauer.de\/site\/wp-json\/wp\/v2\/pages\/1812\/revisions\/2602"}],"up":[{"embeddable":true,"href":"https:\/\/wonnebauer.de\/site\/wp-json\/wp\/v2\/pages\/1796"}],"wp:attachment":[{"href":"https:\/\/wonnebauer.de\/site\/wp-json\/wp\/v2\/media?parent=1812"}],"curies":[{"name":"wp","href":"https:\/\/api.w.org\/{rel}","templated":true}]}}