{"id":1810,"date":"2018-05-27T17:50:16","date_gmt":"2018-05-27T15:50:16","guid":{"rendered":"https:\/\/wonnebauer.de\/site\/?page_id=1810"},"modified":"2018-07-29T17:05:20","modified_gmt":"2018-07-29T15:05:20","slug":"archiv2010","status":"publish","type":"page","link":"https:\/\/wonnebauer.de\/site\/grenzgaenger\/wasgibtesneues\/archiv2010\/","title":{"rendered":"Archiv 2010"},"content":{"rendered":"<p>[et_pb_section bb_built=&#8220;1&#8243; admin_label=&#8220;Wilkommen Block 1&#8243; custom_padding=&#8220;0px|0px|0px|&#8220; _builder_version=&#8220;3.0.64&#8243; next_background_color=&#8220;#000000&#8243;][et_pb_row custom_padding=&#8220;0px|0px|0px|&#8220; padding_top_1=&#8220;0px&#8220; padding_right_1=&#8220;0px&#8220; padding_bottom_1=&#8220;0px&#8220; padding_left_1=&#8220;0px&#8220; padding_top_2=&#8220;0px&#8220; padding_right_2=&#8220;0px&#8220; padding_bottom_2=&#8220;0px&#8220; background_position_1=&#8220;top_left&#8220; background_position_2=&#8220;top_left&#8220; background_repeat_1=&#8220;no-repeat&#8220; background_repeat_2=&#8220;no-repeat&#8220; _builder_version=&#8220;3.0.64&#8243;][et_pb_column type=&#8220;1_3&#8243;][et_pb_text admin_label=&#8220;Text Abstandshalter&#8220; _builder_version=&#8220;3.2&#8243; custom_margin=&#8220;0px|0px|0px|0px&#8220; custom_padding=&#8220;0px|0px|0px|0px&#8220;]<\/p>\n<p><span style=\"color: #ffffff;\">:<\/span><br \/>\n<span style=\"color: #ffffff;\">:<\/span><\/p>\n<p>[\/et_pb_text][et_pb_text admin_label=&#8220;Text Archiv 2010&#8243; _builder_version=&#8220;3.4.1&#8243;]<\/p>\n<h3><span style=\"color: #91001f;\">Archiv 2010<\/span><\/h3>\n<p>[\/et_pb_text][\/et_pb_column][et_pb_column type=&#8220;2_3&#8243;][et_pb_text admin_label=&#8220;Text Abstandshalter&#8220; _builder_version=&#8220;3.2&#8243; custom_margin=&#8220;0px|0px|0px|0px&#8220; custom_padding=&#8220;0px|0px|0px|0px&#8220;]<\/p>\n<p><span style=\"color: #ffffff;\">:<\/span><br \/>\n<span style=\"color: #ffffff;\">:<\/span><\/p>\n<p>[\/et_pb_text][\/et_pb_column][\/et_pb_row][\/et_pb_section][et_pb_section bb_built=&#8220;1&#8243; admin_label=&#8220;Wilkommen Block 1&#8243; custom_padding=&#8220;0px|0px|0px|&#8220; _builder_version=&#8220;3.0.64&#8243; next_background_color=&#8220;#000000&#8243; prev_background_color=&#8220;#000000&#8243;][et_pb_row custom_padding=&#8220;0px|0px|0px|&#8220; padding_top_1=&#8220;0px&#8220; padding_right_1=&#8220;0px&#8220; padding_bottom_1=&#8220;0px&#8220; padding_left_1=&#8220;0px&#8220; padding_top_2=&#8220;0px&#8220; padding_right_2=&#8220;0px&#8220; padding_bottom_2=&#8220;0px&#8220; background_position_1=&#8220;top_left&#8220; background_position_2=&#8220;top_left&#8220; background_repeat_1=&#8220;no-repeat&#8220; background_repeat_2=&#8220;no-repeat&#8220; _builder_version=&#8220;3.4.1&#8243;][et_pb_column type=&#8220;2_3&#8243;][et_pb_text admin_label=&#8220;Text \u00dcberschrift Was gibt es Neues in Luxemburg?&#8220; _builder_version=&#8220;3.4.1&#8243;]<\/p>\n<h3>Was gibt es Neues in Luxemburg?<\/h3>\n<p>[\/et_pb_text][et_pb_text admin_label=&#8220;Text Archiv_2010&#8243; _builder_version=&#8220;3.11&#8243;]<\/p>\n<div id=\"middle\">\n<div id=\"middle-content\">\n<div id=\"middle-marker-box\">\n<div id=\"middle-marker\">\n<div id=\"c1172\" class=\"csc-default\">\n<div class=\"csc-textpic csc-textpic-intext-right\">\n<div class=\"csc-textpic-text\">\n<p class=\"bodytext\"><b>7.11. Wo werden arbeitsrechtliche Abfindungen besteuert?<\/b><\/p>\n<p class=\"bodytext\">Zu dieser Frage\u00a0erhalten Mandaten derzeit gegens\u00e4tzliche Antworten von Beratern. Was ist nun richtig? Wird die Abfindung in Deutschland besteuert?\u00a0<b><a class=\"internal-link\" title=\"Opens internal link in current window\" href=\"https:\/\/wonnebauer.de\/site\/grenzgaenger\/steuernindeutschland\/\">Mehr &#8230;<br \/>\n<\/a><\/b><\/p>\n<p><b>23.10. Selbstanzeige oder Berichtigung von Steuererkl\u00e4rungen<br \/>\n<\/b><br \/>\nGrenzg\u00e4nger m\u00fcssen Arbeitszeiten in Deutschland auch in Deutschland versteuern. Die Rechtslage ist eindeutig. Was ist zu tun?\u00a0<b><a class=\"internal-link\" title=\"Opens internal link in current window\" href=\"https:\/\/wonnebauer.de\/site\/steuerberatung\/selbstanzeigeundstrafrecht\/\">Mehr &#8230;<\/a><\/b><\/p>\n<p><b>7.10. Neuer Fragebogen des Finanzamtes f\u00fcr Grenzg\u00e4nger<br \/>\n<\/b><br \/>\nDas Finanzamt Trier versendet derzeit neue Fragebogen an Grenzg\u00e4nger. Es ist daher h\u00f6chste Zeit, die Vergangenheit aufzuarbeiten.\u00a0<b><a class=\"internal-link\" title=\"Opens internal link in current window\" href=\"https:\/\/wonnebauer.de\/site\/grenzgaenger\/steuernindeutschland\/\">Mehr &#8230;<\/a><\/b><\/p>\n<p><b>14.9. Probleme bei der Erteilung von Freistellungsauftragen<\/b><\/p>\n<p>Wie immer gilt f\u00fcr Grenzg\u00e4nger nicht das, was man im Allgemeinen in Deutschland als Steuertipp liest. Bei\u00a0den Freistellungsauftr\u00e4gen\u00a0von Grenzg\u00e4ngern ist daher die Art der Veranlagung zu beachten.\u00a0<b><a class=\"internal-link\" title=\"Opens internal link in current window\" href=\"https:\/\/wonnebauer.de\/site\/grenzgaenger\/steuernindeutschland\/\">Mehr &#8230;<\/a><\/b><\/p>\n<p><b>20.8. Steuer\u00e4nderungen f\u00fcr 2011 werden demn\u00e4chst beschlossen<\/b><\/p>\n<p>Die im Mai angek\u00fcndigten Sparma\u00dfnahmen wurden\u00a0Ende Juli\u00a0in Luxemburg vom Parlament beschlossen. Der Protest der Gewerkschaften kommt zu sp\u00e4t.\u00a0<b><a class=\"internal-link\" title=\"Opens internal link in current window\" href=\"https:\/\/wonnebauer.de\/site\/grenzgaenger\/steuerninluxemburg\/\">Mehr&#8230;<br \/>\n<\/a><\/b><br \/>\n<b>9.8. Neuer Steuer-Chat auf der Seite diegrenzg\u00e4nger.lu mit Stephan Wonnebauer<\/b><\/p>\n<p>Am\u00a0<b>Freitag, dem 3. September, findet von 12-13 Uhr<\/b>\u00a0wieder auf der Seite<b>\u00a0<\/b><a href=\"http:\/\/www.diegrenzgaenger.lu\/\"><b>www.diegrenzgaenger.lu<\/b><\/a>\u00a0ein Steuer-Chat mit Rechtanwalt Wonnebauer. Mitglieder haben dann M\u00f6glichkeit in dieser Stunde brennende Fragen zum Thema\u00a0<b>Steuererkl\u00e4rungen f\u00fcr\u00a0Grenzg\u00e4nger<\/b>\u00a0in Kurzform zu stellen. Die Fragen werden dann wie gewohnt kurz und knackig beantwortet. Merken Sie sich bereits heute den Termin vor.<\/p>\n<p><b>2.8. Grenzg\u00e4nger erhalten keine Zulagen mehr bei Riester-Rente<\/b><\/p>\n<p class=\"bodytext\">Bislang galt der Grundsatz, dass auch Grenzg\u00e4nger von den Zulagen der Riester-Rente profitieren. Das war auch g\u00e4ngige Praxis. Zum 1.1.2010 hat sich das ge\u00e4ndert.\u00a0<b>Mehr &#8230;<\/b><\/p>\n<p><b>18.6. Neues Urteil zum Unterhaltsrecht bei Grenzg\u00e4ngern<br \/>\n<\/b><br \/>\nIm Unterhaltsrechtsstreit stellt sich die Frage, wie der\u00a0<b>Kinderbonus<\/b>\u00a0zu behandeln ist. Wird er auf den Unterhalt angerechnet, wie Kindergeld oder stellt er Einkommen des Unterhaltspflichtgen dar, das wiederum zu einem h\u00f6heren Unterhalt f\u00fchrt?<\/p>\n<p>Das\u00a0<b>Oberlandesgericht Koblenz<\/b>\u00a0hat im April dar\u00fcber entschieden.\u00a0<a class=\"internal-link\" title=\"Opens internal link in current window\" href=\"https:\/\/wonnebauer.de\/site\/erbeundvermoegen\/familieundkinder\/\"><b>Mehr&#8230;<\/b><\/a><\/p>\n<p><b>25.5. Wo sind Grenzg\u00e4nger sozialversichert?<\/b><\/p>\n<p>Grenzg\u00e4nger zahlen Steuern und Sozialversicherungsbeitr\u00e4ge in Luxemburg. Sie erhalten au\u00dferdem luxemburgische Familienleistungen. Das ist die Regel. Hiervon gibt es jedoch Ausnahmen.\u00a0<b><a class=\"internal-link\" title=\"Opens internal link in current window\" href=\"https:\/\/wonnebauer.de\/site\/grenzgaenger\/sozialversicherungluxemburg\/\">Mehr&#8230;<\/a><\/b><\/p>\n<p><b>14. 5.\u00a0Buch zum Arbeitsrecht f\u00fcr Grenzg\u00e4nger Deutschland-Luxemburg<\/b><\/p>\n<p>Im Herbst 2010 sollte ein neues Buch zum Arbeitsrecht, speziell f\u00fcr Grenzg\u00e4nger, erscheinen. Gerade in Anbetracht der aktuellen Arbeitsmarktsituation suchen Grenzg\u00e4nger einen geeigneten Ratgeber in deutscher Sprache.\u00a0<b><a class=\"internal-link\" title=\"Opens internal link in current window\" href=\"http:\/\/www.wonnebauer.de\/cms\/index.php?id=295#c870\">Mehr &#8230;<br \/>\n<\/a><\/b><\/p>\n<p><b>14.5. Steuern Sie gegen das Sparpaket: Geben Sie endlich eine Steuererkl\u00e4rung ab<\/b><\/p>\n<p>Weniger als 1\/3 der Grenzg\u00e4nger geben Steuererkl\u00e4rungen in Luxemburg ab. Dabei besteht dadurch f\u00fcr viele die bislang leider ungenutzte Chance, Steuererstattungen zu erhalten.\u00a0<b><a class=\"internal-link\" title=\"Opens internal link in current window\" href=\"https:\/\/wonnebauer.de\/site\/grenzgaenger\/steuerninluxemburg\/\">Mehr &#8230;<\/a><\/b><\/p>\n<p><b>16.4. Freiwillige Einzahlung in die luxemburger Rentenkasse m\u00f6glich<\/b><\/p>\n<p>Grenzg\u00e4nger k\u00f6nnen ihre Rentenanspr\u00fcche aufstocken, wenn sie freiwillig in die Rentenversicherung einzahlen. Das ist sogar m\u00f6glich, wenn man kein Grenzg\u00e4nger mehr ist.\u00a0<b><a class=\"internal-link\" title=\"Opens internal link in current window\" href=\"https:\/\/wonnebauer.de\/site\/grenzgaenger\/sozialversicherungluxemburg\/\">Mehr &#8230;<\/a><\/b><\/p>\n<p class=\"bodytext\"><b>24.3. Kostenlose Steuerseminare von Le Foyer im April<\/b><\/p>\n<p class=\"bodytext\">Die Versicherungsagentur Penning, Biermann und Bach veranstaltet im April gleich dreimal ein Steuerseminar in Grevenmacher. Der Trierer Fachanwalt f\u00fcr Steuerrecht Stephan Wonnebauer steht f\u00fcr spezifische Fragen zur Verf\u00fcgung.<b>\u00a0<a class=\"external-link-new-window\" title=\"Opens external link in new window\" href=\"http:\/\/www.diegrenzgaenger.lu\/edito-3977-neue-steuerseminare.html\">Mehr &#8230;<\/a><\/b><\/p>\n<p><strong>22.3.2010\u00a0\u00c4nderung auf Seite 9\u00a0des Formulares<\/strong><\/p>\n<p>Das lux. Finanzamt verlangt jetzt von Grenzg\u00e4ngern die Angabe von Kapitaleink\u00fcnften. Warum eigentlich ?\u00a0<a class=\"internal-link\" title=\"Opens internal link in current window\" href=\"https:\/\/wonnebauer.de\/site\/grenzgaenger\/steuerninluxemburg\/\"><b>Mehr &#8230;<\/b><\/a><\/p>\n<p><b>22.3.2010 Elternzeiten in D und L k\u00f6nnen kombiniert werden<\/b><\/p>\n<p>Gl\u00fccklicherweise sind die Sozialversicherungssysteme von D und L mittlerweile aufeinander abgestimmt, wenn Eltern ihre Elternzeit planen.\u00a0<a class=\"internal-link\" title=\"Opens internal link in current window\" href=\"https:\/\/wonnebauer.de\/site\/erbeundvermoegen\/familieundkinder\/\"><b>Mehr &#8230; \u00a0<\/b><\/a><\/p>\n<p class=\"bodytext\"><b><br \/>\n23.1.2010 Ehepaare m\u00fcssen Steuererkl\u00e4rungen abgeben<br \/>\n<\/b><br \/>\nArbeiten beide Eheleute in Luxemburg, m\u00fcssen sie eine Steuererkl\u00e4rung abgeben. Das Finanzamt fordert oft erst 2 Jahre sp\u00e4ter zur Abgabe auf. Dann kann es zu b\u00f6sen \u00dcberraschungen kommen.\u00a0<b><a class=\"internal-link\" title=\"Opens internal link in current window\" href=\"https:\/\/wonnebauer.de\/site\/grenzgaenger\/steuerninluxemburg\/\">Mehr &#8230;<br \/>\n<\/a><\/b><\/p>\n<p><b>4.1.2010 Kinderbonus und Kindesunterhalt<\/b><\/p>\n<p>Das Oberlandesgericht Koblenz hat entschieden, dass der Kinderbonus nicht auf den Unterhalt angerechnet wird. Die Beschl\u00fcsse stehen hier zum Download bereit. Ob diese Beschl\u00fcsse richtig sind?\u00a0<b><a class=\"internal-link\" title=\"Opens internal link in current window\" href=\"https:\/\/wonnebauer.de\/site\/erbeundvermoegen\/familieundkinder\/\">Mehr &#8230;<\/a><\/b><\/p>\n<\/div>\n<\/div>\n<\/div>\n<div id=\"c1171\" class=\"csc-default\">\n<div class=\"csc-header csc-header-n4\">\n<h3><\/h3>\n<h3>Berichterstattung im Luxemburger Wort<\/h3>\n<\/div>\n<ul class=\"csc-uploads csc-uploads-0\">\n<li class=\"li-odd li-first csc-uploads-element csc-uploads-element-\"><span class=\"csc-uploads-fileName\"><a href=\"http:\/\/www.wonnebauer.de\/cms\/fileadmin\/_migrated\/content_uploads\/Luxemburger_Wort_Artikel.pdf\">Luxemburger Wort Artikel.pdf<\/a><\/span><span class=\"csc-uploads-description\">Auch die luxemburger Tageszeitung Luxemburger Wort berichtet \u00fcber die Problematik der ausw\u00e4rtigen Arbeitstage.<\/span><\/li>\n<\/ul>\n<\/div>\n<div id=\"c1170\" class=\"csc-default\">\n<div class=\"csc-header csc-header-n5\">\n<h3>Berichterstattungen im Trierischen Volksfreund<\/h3>\n<\/div>\n<div class=\"csc-textpic-text\">\n<p class=\"bodytext\">Die regionale Tageszeitung\u00a0<b>Trierischer Volksfreund<\/b>\u00a0hat ein\u00a0<b>Internetportal f\u00fcr Grenzg\u00e4nger<\/b>\u00a0eingerichtet und berichtet \u00fcber die laufenden Ermittlungen der Finanzbeh\u00f6rden im Bereich der Luxemburg Grenzg\u00e4nger.\u00a0<b><i><a class=\"external-link-new-window\" title=\"Opens external link in new window\" href=\"http:\/\/www.volksfreund.de\/grenzgaenger\">Mehr &#8230;<\/a><\/i><\/b><\/p>\n<p>&nbsp;<\/p>\n<\/div>\n<\/div>\n<div id=\"c1169\" class=\"csc-default\">\n<div class=\"csc-header csc-header-n6\">\n<h3>Interview mit RPR 1 am 06.05.2010<\/h3>\n<\/div>\n<div class=\"csc-textpic csc-textpic-intext-left\">\n<div class=\"csc-textpic-imagewrap\">\n<div class=\"csc-textpic-image csc-textpic-last\"><a href=\"http:\/\/www.wonnebauer.de\/cms\/index.php?id=302\"><img loading=\"lazy\" decoding=\"async\" src=\"http:\/\/www.wonnebauer.de\/cms\/fileadmin\/_migrated\/pics\/play_03.gif\" alt=\"\" width=\"65\" height=\"18\" border=\"0\" \/><\/a><\/div>\n<\/div>\n<div class=\"csc-textpic-text\">\n<p class=\"bodytext\"><b>\u00a0Interview anh\u00f6ren<\/b><\/p>\n<p>Luxemburg plant zahlreiche Gesetzes\u00e4nderungen, die sich zum Nachteil der Grenzg\u00e4nger auswirken. RPR 1 hat dazu auch Rechtsanwalt Wonnebauer gefragt.<\/p>\n<p><b>\u00a0<\/b><\/p>\n<\/div>\n<\/div>\n<\/div>\n<div id=\"c1168\" class=\"csc-default\">\n<div class=\"csc-header csc-header-n7\">\n<h3>Interview mit RTL-Radio am 26.5.2010<\/h3>\n<\/div>\n<div class=\"csc-textpic csc-textpic-intext-left\">\n<div class=\"csc-textpic-imagewrap\">\n<div class=\"csc-textpic-image csc-textpic-last\"><a href=\"http:\/\/www.wonnebauer.de\/cms\/index.php?id=301\"><img loading=\"lazy\" decoding=\"async\" src=\"http:\/\/www.wonnebauer.de\/cms\/fileadmin\/_migrated\/pics\/play.gif\" alt=\"\" width=\"65\" height=\"18\" border=\"0\" \/><\/a><\/div>\n<\/div>\n<div class=\"csc-textpic-text\">\n<p class=\"bodytext\"><b>\u00a0Interview anh\u00f6ren<br \/>\n<\/b><\/p>\n<p>Das Trierer Finanzamt ermittelt gegen 200 Grenzg\u00e4nger. RTL Radio fragt Rechtsanwalt Wonnebauer nach den Hintergr\u00fcnden.<\/p>\n<\/div>\n<\/div>\n<\/div>\n<\/div>\n<\/div>\n<\/div>\n<\/div>\n<div id=\"middle\">\n<div id=\"middle-content\">\n<div id=\"middle-marker-box\">\n<div id=\"middle-marker\">\n<div id=\"c1204\" class=\"csc-default\">\n<div class=\"csc-textpic csc-textpic-intext-right\">\n<div class=\"csc-textpic-text\">\n<div id=\"middle\">\n<div id=\"middle-content\">\n<div id=\"middle-marker-box\">\n<div id=\"middle-marker\">\n<div id=\"c1196\" class=\"csc-default\">\n<div class=\"csc-textpic csc-textpic-intext-right\">\n<div class=\"csc-textpic-text\">\n<div id=\"middle\">\n<div id=\"middle-content\">\n<div id=\"middle-marker-box\">\n<div id=\"middle-marker\">\n<div id=\"c1180\" class=\"csc-default\">\n<div class=\"csc-textpic csc-textpic-intext-right\">\n<div class=\"csc-textpic-text\">\n<p class=\"bodytext\">\n<\/div>\n<\/div>\n<\/div>\n<\/div>\n<\/div>\n<\/div>\n<\/div>\n<\/div>\n<\/div>\n<\/div>\n<\/div>\n<\/div>\n<\/div>\n<\/div>\n<\/div>\n<\/div>\n<\/div>\n<\/div>\n<\/div>\n<\/div>\n<\/div>\n<p>[\/et_pb_text][\/et_pb_column][et_pb_column type=&#8220;1_3&#8243;][et_pb_image admin_label=&#8220;Bild Wonnebauer_mit_sekretaerin_8269_360px&#8220; _builder_version=&#8220;3.4.1&#8243; src=&#8220;https:\/\/wonnebauer.de\/site\/wp-content\/uploads\/2018\/06\/Wonnebauer_mit_sekretaerin_8269_360px.jpg&#8220; \/][\/et_pb_column][\/et_pb_row][\/et_pb_section][et_pb_section bb_built=&#8220;1&#8243; custom_padding=&#8220;0px|0px|0px|0px&#8220; _builder_version=&#8220;3.0.64&#8243; prev_background_color=&#8220;#000000&#8243;][et_pb_row custom_padding=&#8220;0px|0px|0px|0px&#8220; _builder_version=&#8220;3.0.64&#8243; background_size=&#8220;initial&#8220; background_position=&#8220;top_left&#8220; background_repeat=&#8220;repeat&#8220;][et_pb_column type=&#8220;4_4&#8243;][et_pb_text admin_label=&#8220;Text Abstandshalter mit Leerzeilen&#8220; _builder_version=&#8220;3.0.64&#8243; custom_margin=&#8220;0px|0px|0px|0px&#8220; custom_padding=&#8220;0px|0px|10px|0px&#8220; background_layout=&#8220;light&#8220; text_orientation=&#8220;left&#8220; border_style=&#8220;solid&#8220;]<\/p>\n<p><span style=\"color: #ffffff;\">:<\/span><br \/>\n<span style=\"color: #ffffff;\">:<\/span><\/p>\n<p>[\/et_pb_text][et_pb_text admin_label=&#8220;Text + Link Impressum Rechtsanwalt Stephan Wonnebauer&#8220; _builder_version=&#8220;3.0.64&#8243; background_layout=&#8220;light&#8220; text_orientation=&#8220;left&#8220; border_style=&#8220;solid&#8220; custom_padding=&#8220;||5px|&#8220;]<\/p>\n<p style=\"text-align: center;\"><span class=\"st\">\u00a9Rechtsanwalt Stephan Wonnebauer &#8211; <a href=\"https:\/\/wonnebauer.de\/site\/home\/impressum\/\">Impressum<\/a><br \/>\n<\/span><\/p>\n<p>[\/et_pb_text][\/et_pb_column][\/et_pb_row][\/et_pb_section]<\/p>\n","protected":false},"excerpt":{"rendered":"<p>: : Archiv 2010 : : Was gibt es Neues in Luxemburg? 7.11. Wo werden arbeitsrechtliche Abfindungen besteuert? Zu dieser Frage\u00a0erhalten Mandaten derzeit gegens\u00e4tzliche Antworten von Beratern. Was ist nun richtig? Wird die Abfindung in Deutschland besteuert?\u00a0Mehr &#8230; 23.10. Selbstanzeige oder Berichtigung von Steuererkl\u00e4rungen Grenzg\u00e4nger m\u00fcssen Arbeitszeiten in Deutschland auch in Deutschland versteuern. Die Rechtslage [&hellip;]<\/p>\n","protected":false},"author":1,"featured_media":0,"parent":1796,"menu_order":24,"comment_status":"closed","ping_status":"closed","template":"","meta":{"_et_pb_use_builder":"on","_et_pb_old_content":"","_et_gb_content_width":"","footnotes":""},"class_list":["post-1810","page","type-page","status-publish","hentry"],"_links":{"self":[{"href":"https:\/\/wonnebauer.de\/site\/wp-json\/wp\/v2\/pages\/1810","targetHints":{"allow":["GET"]}}],"collection":[{"href":"https:\/\/wonnebauer.de\/site\/wp-json\/wp\/v2\/pages"}],"about":[{"href":"https:\/\/wonnebauer.de\/site\/wp-json\/wp\/v2\/types\/page"}],"author":[{"embeddable":true,"href":"https:\/\/wonnebauer.de\/site\/wp-json\/wp\/v2\/users\/1"}],"replies":[{"embeddable":true,"href":"https:\/\/wonnebauer.de\/site\/wp-json\/wp\/v2\/comments?post=1810"}],"version-history":[{"count":7,"href":"https:\/\/wonnebauer.de\/site\/wp-json\/wp\/v2\/pages\/1810\/revisions"}],"predecessor-version":[{"id":2600,"href":"https:\/\/wonnebauer.de\/site\/wp-json\/wp\/v2\/pages\/1810\/revisions\/2600"}],"up":[{"embeddable":true,"href":"https:\/\/wonnebauer.de\/site\/wp-json\/wp\/v2\/pages\/1796"}],"wp:attachment":[{"href":"https:\/\/wonnebauer.de\/site\/wp-json\/wp\/v2\/media?parent=1810"}],"curies":[{"name":"wp","href":"https:\/\/api.w.org\/{rel}","templated":true}]}}