{"id":1808,"date":"2018-05-27T17:49:15","date_gmt":"2018-05-27T15:49:15","guid":{"rendered":"https:\/\/wonnebauer.de\/site\/?page_id=1808"},"modified":"2018-07-29T16:45:45","modified_gmt":"2018-07-29T14:45:45","slug":"archiv2011","status":"publish","type":"page","link":"https:\/\/wonnebauer.de\/site\/grenzgaenger\/wasgibtesneues\/archiv2011\/","title":{"rendered":"Archiv 2011"},"content":{"rendered":"<p>[et_pb_section bb_built=&#8220;1&#8243; admin_label=&#8220;Wilkommen Block 1&#8243; custom_padding=&#8220;0px|0px|0px|&#8220; _builder_version=&#8220;3.0.64&#8243; next_background_color=&#8220;#000000&#8243;][et_pb_row custom_padding=&#8220;0px|0px|0px|&#8220; padding_top_1=&#8220;0px&#8220; padding_right_1=&#8220;0px&#8220; padding_bottom_1=&#8220;0px&#8220; padding_left_1=&#8220;0px&#8220; padding_top_2=&#8220;0px&#8220; padding_right_2=&#8220;0px&#8220; padding_bottom_2=&#8220;0px&#8220; background_position_1=&#8220;top_left&#8220; background_position_2=&#8220;top_left&#8220; background_repeat_1=&#8220;no-repeat&#8220; background_repeat_2=&#8220;no-repeat&#8220; _builder_version=&#8220;3.0.64&#8243;][et_pb_column type=&#8220;1_3&#8243;][et_pb_text admin_label=&#8220;Text Abstandshalter&#8220; _builder_version=&#8220;3.2&#8243; custom_margin=&#8220;0px|0px|0px|0px&#8220; custom_padding=&#8220;0px|0px|0px|0px&#8220;]<\/p>\n<p><span style=\"color: #ffffff;\">:<\/span><br \/>\n<span style=\"color: #ffffff;\">:<\/span><\/p>\n<p>[\/et_pb_text][et_pb_text admin_label=&#8220;Text Archiv 2011&#8243; _builder_version=&#8220;3.4.1&#8243;]<\/p>\n<h3><span style=\"color: #91001f;\">Archiv 2011<\/span><\/h3>\n<p>[\/et_pb_text][\/et_pb_column][et_pb_column type=&#8220;2_3&#8243;][et_pb_text admin_label=&#8220;Text Abstandshalter&#8220; _builder_version=&#8220;3.2&#8243; custom_margin=&#8220;0px|0px|0px|0px&#8220; custom_padding=&#8220;0px|0px|0px|0px&#8220;]<\/p>\n<p><span style=\"color: #ffffff;\">:<\/span><br \/>\n<span style=\"color: #ffffff;\">:<\/span><\/p>\n<p>[\/et_pb_text][\/et_pb_column][\/et_pb_row][\/et_pb_section][et_pb_section bb_built=&#8220;1&#8243; admin_label=&#8220;Wilkommen Block 1&#8243; custom_padding=&#8220;0px|0px|0px|&#8220; _builder_version=&#8220;3.0.64&#8243; next_background_color=&#8220;#000000&#8243; prev_background_color=&#8220;#000000&#8243;][et_pb_row custom_padding=&#8220;0px|0px|0px|&#8220; padding_top_1=&#8220;0px&#8220; padding_right_1=&#8220;0px&#8220; padding_bottom_1=&#8220;0px&#8220; padding_left_1=&#8220;0px&#8220; padding_top_2=&#8220;0px&#8220; padding_right_2=&#8220;0px&#8220; padding_bottom_2=&#8220;0px&#8220; background_position_1=&#8220;top_left&#8220; background_position_2=&#8220;top_left&#8220; background_repeat_1=&#8220;no-repeat&#8220; background_repeat_2=&#8220;no-repeat&#8220; _builder_version=&#8220;3.4.1&#8243;][et_pb_column type=&#8220;2_3&#8243;][et_pb_text admin_label=&#8220;Text \u00dcberschrift Was gibt es Neues in Luxemburg?&#8220; _builder_version=&#8220;3.4.1&#8243;]<\/p>\n<h3>Was gibt es Neues in Luxemburg?<\/h3>\n<p>[\/et_pb_text][et_pb_text admin_label=&#8220;Text Archiv_2011&#8243; _builder_version=&#8220;3.11&#8243;]<\/p>\n<div id=\"middle\">\n<div id=\"middle-content\">\n<div id=\"middle-marker-box\">\n<div id=\"middle-marker\">\n<div id=\"c1204\" class=\"csc-default\">\n<div class=\"csc-textpic csc-textpic-intext-right\">\n<div class=\"csc-textpic-text\">\n<div id=\"middle\">\n<div id=\"middle-content\">\n<div id=\"middle-marker-box\">\n<div id=\"middle-marker\">\n<div id=\"c1196\" class=\"csc-default\">\n<div class=\"csc-textpic csc-textpic-intext-right\">\n<div class=\"csc-textpic-text\">\n<div id=\"middle\">\n<div id=\"middle-content\">\n<div id=\"middle-marker-box\">\n<div id=\"middle-marker\">\n<div id=\"c1180\" class=\"csc-default\">\n<div class=\"csc-textpic csc-textpic-intext-right\">\n<div class=\"csc-textpic-text\">\n<p class=\"bodytext\"><strong>1.12.2011 Besteuerung der Abfindung weiterhin unklar<\/strong><\/p>\n<p class=\"bodytext\">Die Finanz\u00e4mter bearbeiten die Steuererkl\u00e4rung mit\u00a0<b>Abfindungen<\/b>\u00a0derzeit immer noch nicht, weil es schon\u00a0<b>Unklarheiten bei der Auslegung<\/b>\u00a0der neuen Verst\u00e4ndigungsvereinbarung gibt. Es w\u00e4re ja noch sch\u00f6ner gewesen, wenn das mal geklappt h\u00e4tte.\u00a0\u00a0<b><a class=\"internal-link\" title=\"Opens internal link in current window\" href=\"https:\/\/wonnebauer.de\/site\/grenzgaenger\/steuernindeutschland\/\">Mehr &#8230;<br \/>\n<\/a><\/b><\/p>\n<p><b>25.11.2011 Berechnung der luxemburger Rentenanspr\u00fcche<\/b><\/p>\n<p>Welcher Grenzg\u00e4nger\u00a0will nicht wissen, wie hoch seine\u00a0<b>Rentenanspr\u00fcche<\/b>\u00a0aus Luxemburg sein werden. Amtliche Auskunft ist nicht zu erlangen. Auch bei\u00a0<b>Scheidungen<\/b>\u00a0spielt diese Frage eine Rolle.\u00a0<b><a class=\"internal-link\" title=\"Opens internal link in current window\" href=\"https:\/\/wonnebauer.de\/site\/grenzgaenger\/sozialversicherungluxemburg\/\">Mehr &#8230;<\/a><\/b><\/p>\n<p><b>12.9.2011 Neue Verst\u00e4ndigungsvereinbarung bez\u00fcglich Abfindungen<br \/>\n<\/b><br \/>\nBereits am 7.9.2011 wurde die neue Verst\u00e4ndigungsvereinbarung von den beiden Staaten unterzeichnet. Die Besteuerung der Abfindung ist nun gekl\u00e4rt. Die Freistellungszeit ist nach wie vor offen gelassen worden.\u00a0<b><a class=\"internal-link\" title=\"Opens internal link in current window\" href=\"https:\/\/wonnebauer.de\/site\/grenzgaenger\/steuernindeutschland\/\">Mehr &#8230;<\/a><\/b><\/p>\n<p><b>8.9.2011 Heures suppl\u00e9mentaires und heures compl\u00e9mentaires<br \/>\n<\/b><br \/>\nManche Lohnabrechnungen weisen die oben genannten Stunden aus. Was bedeuten sie? Oftmals sind die Lohnabrechnungen falsch, zulasten der Arbeitnehmer. Aber auch Arbeitgeber w\u00fcrden davon profitieren, wenn sie \u00dcberstunden korrekt abrechnen.\u00a0<b><a class=\"internal-link\" title=\"Opens internal link in current window\" href=\"https:\/\/wonnebauer.de\/site\/arbeitsrecht\/luxemburgerarbeitsrecht\/\">Mehr&#8230;<br \/>\n<\/a><\/b><\/p>\n<p><b>21.7.2011 Minijob interessant f\u00fcr Grenzg\u00e4nger<\/b><\/p>\n<p>Wer als Grenzg\u00e4nger noch in Deutschland ein Zubrot verdienen will, kann einen Minijob annehmen. Er zahlt daf\u00fcr sogar in die luxemburgische Rentenversicherung ein. Dieses kuriose Ergebnis liefert die neue EU-Verordnung.\u00a0<a class=\"internal-link\" title=\"Opens internal link in current window\" href=\"https:\/\/wonnebauer.de\/site\/grenzgaenger\/sozialversicherungluxemburg\/\"><b>Mehr&#8230;<br \/>\n<\/b><\/a><\/p>\n<p><b>2.7.2011 Aktualit\u00e4tsgarantie f\u00fcr das Buch Steuerlux<\/b><\/p>\n<p>Das Buch Steuerlux ist nun zwei Jahre alt. Der Verlag hat bislang nur positive Kritik erfahren. Kein Grund f\u00fcr eine Neuauflage, denn vieles ist immer noch g\u00fcltig. F\u00fcr alle K\u00e4ufer ab Juli 2011 wird nun sogar eine Aktualit\u00e4tsgarantie gew\u00e4hrt.\u00a0<b>Mehr &#8230;<\/b><\/p>\n<p><strong>6.6.2011 Die Besteuerung der Abfindung wird noch geregelt !<\/strong><\/p>\n<p>Entgegen vielen Meinungen sind die Konsultationsvereinbarungen zwischen Deutschland und Luxemburg noch nicht beendet. Luxemburg mu\u00df noch noch den Kugelschreiber z\u00fccken, tut es aber nicht.\u00a0<b><a class=\"internal-link\" title=\"Opens internal link in current window\" href=\"https:\/\/wonnebauer.de\/site\/grenzgaenger\/steuernindeutschland\/\">Mehr &#8230;<br \/>\n<\/a><br \/>\n<\/b><\/p>\n<p><b>27.5.2011<\/b>\u00a0<b>Neue<\/b>\u00a0<b>Verst\u00e4ndigungsvereinbarung ist wohl noch nicht das Ende der Problematik<\/b><\/p>\n<p>F\u00fcr alle Beteiligten \u00fcberraschend schnell wurde gestern die neue Verst\u00e4ndigungsvereinbarung wegen der Besteuerung der Grenzg\u00e4nger von Deutschland und Luxemburg unterzeichnet. Pressemeldungen verk\u00fcnden am selben Tag, dass die Probleme nun gel\u00f6st seien. Das ist gl\u00fccklicherweise bei vielen Grenzg\u00e4ngern der Fall. Es gibt jedoch auch noch viele ungel\u00f6ste Streitpunkte.\u00a0<b><a class=\"internal-link\" title=\"Opens internal link in current window\" href=\"https:\/\/wonnebauer.de\/site\/grenzgaenger\/steuernindeutschland\/\">Mehr &#8230;<\/a><\/b><\/p>\n<p><strong>5.5.2011 Welche Versicherungen sind f\u00fcr Grenzg\u00e4nger sinnvoll?<\/strong><\/p>\n<p>Grenzpendler haben es nicht leicht, wenn es um den\u00a0<b>Abschlu\u00df von Finanzprodukten<\/b>\u00a0geht. Denn nicht immer werden die Versprechungen im Verkaufsgespr\u00e4ch sp\u00e4ter auch bei der Besteuerung eingehalten. Dies liegt daran, dass Finanzprodukte\u00a0<b>grunds\u00e4tzlich nicht auf Grenzg\u00e4nger zugeschnitten<\/b>\u00a0werden.\u00a0<b>Mehr &#8230;<\/b><\/p>\n<p class=\"bodytext\"><b><br \/>\n23.4.2011 Steuergesetz zu Selbstanzeige wird ab diesem Jahr versch\u00e4rft.<\/b><\/p>\n<p>Grenzg\u00e4nger m\u00fcssen bald tiefer in die Tasche greifen, wenn sie eine Selbstanzeige erstatten. Noch in diesem Jahr wird es eine Gesetzes\u00e4nderung geben.\u00a0<b><a class=\"internal-link\" title=\"Opens internal link in current window\" href=\"https:\/\/wonnebauer.de\/site\/steuerberatung\/selbstanzeigeundstrafrecht\/\">Mehr&#8230;<\/a><\/b><\/p>\n<p><b>21.4.2011 Steuerfahndung ist nicht unt\u00e4tig<br \/>\n<\/b><br \/>\nGrenzg\u00e4nger werden im allgemeinen nicht systematisch gejagt, so die Pressearbeit des Finanzamtes. Leider wird diese Botschaft von den meisten Grenzg\u00e4ngern falsch interpretiert. Sie wollen lieber noch abwarten. Das ist aber ein Trugschluss.\u00a0<b><a class=\"internal-link\" title=\"Opens internal link in current window\" href=\"https:\/\/wonnebauer.de\/site\/steuerberatung\/selbstanzeigeundstrafrecht\/\">Mehr &#8230;<br \/>\n<\/a><\/b><\/p>\n<p><b>2.4.2011 Infoveranstaltung f\u00fcr Grenzg\u00e4nger<br \/>\n<\/b><br \/>\nAm\u00a0Dienstag, den 5. April 2011 um 18:30 Uhr, findet im Hotel Simons Plazza in Grevenmacher wieder eine Steuerinformationsveranstaltung von Le Foyer statt.\u00a0Ronald Schlesser stellt die steuerliche Ber\u00fccksichtigungsf\u00e4higkeit von Finanzprodukten vor. Stephan\u00a0Wonnebauer steht f\u00fcr steuerliche Frage von Grenzg\u00e4ngern zur Verf\u00fcgung. Anmeldungen erfolgen \u00fcber Le Foyer.<\/p>\n<p class=\"bodytext\"><b>23.2.2011 Fehlverhalten von Arbeitgebern h\u00e4ufen sich bei ausw\u00e4rtigen Arbeitstagen<br \/>\n<\/b><br \/>\nEs ist sch\u00f6n \u00e4rgerlich, dass\u00a0<b>Grenzg\u00e4nger<\/b>\u00a0mit erh\u00f6htem Aufwand nun Berichtigungen und\u00a0<b>zuk\u00fcnftig 2 Steuererkl\u00e4rungen<\/b>abgeben m\u00fcssen. Wie sich manche\u00a0<b>Arbeitgeber<\/b>\u00a0hierbei verhalten, setzt dem Ganzen jedoch noch die Krone auf.\u00a0<b><a class=\"internal-link\" title=\"Opens internal link in current window\" href=\"https:\/\/wonnebauer.de\/site\/grenzgaenger\/steuernindeutschland\/\">Mehr &#8230;<br \/>\n<\/a><br \/>\n<\/b><\/p>\n<p><b>4.2.2011 Informationsveranstaltung der OGB-L zum Thema Besteuerung der Grenzg\u00e4nger<br \/>\n<\/b><br \/>\nAm Sonntag, den\u00a0<b>20. Februar 2011 um 10 Uhr, findet in Remich<\/b>\u00a0eine\u00a0 zentrale Informationsveranstaltung f\u00fcr Luxemburg-Grenzg\u00e4nger statt. Referent ist Stephan Wonnebauer. Themen sind insbesondere Besteuerung der\u00a0<b>Arbeitstage in Deutschland<\/b>\u00a0und\u00a0<b>Erstattungsm\u00f6glichkeit in Luxemburg<\/b>.\u00a0<b><a class=\"external-link-new-window\" title=\"Opens external link in new window\" href=\"http:\/\/www.ogb-l.lu\/pdf\/calendar\/invitation%20double%20imposition%20DE.pdf\">Mehr &#8230;<br \/>\n<\/a><\/b><\/p>\n<p><b>17.1.2011 Steuerb\u00fcro Z &#8211; Neue Zust\u00e4ndigkeit bei der Finanzverwaltung<br \/>\n<\/b><br \/>\nF\u00fcr Grenzg\u00e4nger aus Deutschland ist nun das neu geschaffene\u00a0<b>Steuerb\u00fcro Z<\/b>\u00a0zust\u00e4ndig. Die Struktur der Steuerverwaltung wurde mit Reglement vom 30.12.2010 grundlegend \u00fcberarbeitet.\u00a0<b><a class=\"internal-link\" title=\"Opens internal link in current window\" href=\"https:\/\/wonnebauer.de\/site\/grenzgaenger\/steuerninluxemburg\/\">Mehr &#8230;<br \/>\n<\/a><\/b><\/p>\n<\/div>\n<\/div>\n<\/div>\n<\/div>\n<\/div>\n<\/div>\n<\/div>\n<\/div>\n<\/div>\n<\/div>\n<\/div>\n<\/div>\n<\/div>\n<\/div>\n<\/div>\n<\/div>\n<\/div>\n<\/div>\n<\/div>\n<\/div>\n<\/div>\n<p>[\/et_pb_text][\/et_pb_column][et_pb_column type=&#8220;1_3&#8243;][et_pb_image admin_label=&#8220;Bild Wonnebauer_mit_sekretaerin_8269_360px&#8220; _builder_version=&#8220;3.4.1&#8243; src=&#8220;https:\/\/wonnebauer.de\/site\/wp-content\/uploads\/2018\/06\/Wonnebauer_mit_sekretaerin_8269_360px.jpg&#8220; \/][\/et_pb_column][\/et_pb_row][\/et_pb_section][et_pb_section bb_built=&#8220;1&#8243; custom_padding=&#8220;0px|0px|0px|0px&#8220; _builder_version=&#8220;3.0.64&#8243; prev_background_color=&#8220;#000000&#8243;][et_pb_row custom_padding=&#8220;0px|0px|0px|0px&#8220; _builder_version=&#8220;3.0.64&#8243; background_size=&#8220;initial&#8220; background_position=&#8220;top_left&#8220; background_repeat=&#8220;repeat&#8220;][et_pb_column type=&#8220;4_4&#8243;][et_pb_text admin_label=&#8220;Text Abstandshalter mit Leerzeilen&#8220; _builder_version=&#8220;3.0.64&#8243; custom_margin=&#8220;0px|0px|0px|0px&#8220; custom_padding=&#8220;0px|0px|10px|0px&#8220; background_layout=&#8220;light&#8220; text_orientation=&#8220;left&#8220; border_style=&#8220;solid&#8220;]<\/p>\n<p><span style=\"color: #ffffff;\">:<\/span><br \/>\n<span style=\"color: #ffffff;\">:<\/span><\/p>\n<p>[\/et_pb_text][et_pb_text admin_label=&#8220;Text + Link Impressum Rechtsanwalt Stephan Wonnebauer&#8220; _builder_version=&#8220;3.0.64&#8243; background_layout=&#8220;light&#8220; text_orientation=&#8220;left&#8220; border_style=&#8220;solid&#8220; custom_padding=&#8220;||5px|&#8220;]<\/p>\n<p style=\"text-align: center;\"><span class=\"st\">\u00a9Rechtsanwalt Stephan Wonnebauer &#8211; <a href=\"https:\/\/wonnebauer.de\/site\/home\/impressum\/\">Impressum<\/a><br \/>\n<\/span><\/p>\n<p>[\/et_pb_text][\/et_pb_column][\/et_pb_row][\/et_pb_section]<\/p>\n","protected":false},"excerpt":{"rendered":"<p>: : Archiv 2011 : : Was gibt es Neues in Luxemburg? 1.12.2011 Besteuerung der Abfindung weiterhin unklar Die Finanz\u00e4mter bearbeiten die Steuererkl\u00e4rung mit\u00a0Abfindungen\u00a0derzeit immer noch nicht, weil es schon\u00a0Unklarheiten bei der Auslegung\u00a0der neuen Verst\u00e4ndigungsvereinbarung gibt. Es w\u00e4re ja noch sch\u00f6ner gewesen, wenn das mal geklappt h\u00e4tte.\u00a0\u00a0Mehr &#8230; 25.11.2011 Berechnung der luxemburger Rentenanspr\u00fcche Welcher Grenzg\u00e4nger\u00a0will [&hellip;]<\/p>\n","protected":false},"author":1,"featured_media":0,"parent":1796,"menu_order":23,"comment_status":"closed","ping_status":"closed","template":"","meta":{"_et_pb_use_builder":"on","_et_pb_old_content":"","_et_gb_content_width":"","footnotes":""},"class_list":["post-1808","page","type-page","status-publish","hentry"],"_links":{"self":[{"href":"https:\/\/wonnebauer.de\/site\/wp-json\/wp\/v2\/pages\/1808","targetHints":{"allow":["GET"]}}],"collection":[{"href":"https:\/\/wonnebauer.de\/site\/wp-json\/wp\/v2\/pages"}],"about":[{"href":"https:\/\/wonnebauer.de\/site\/wp-json\/wp\/v2\/types\/page"}],"author":[{"embeddable":true,"href":"https:\/\/wonnebauer.de\/site\/wp-json\/wp\/v2\/users\/1"}],"replies":[{"embeddable":true,"href":"https:\/\/wonnebauer.de\/site\/wp-json\/wp\/v2\/comments?post=1808"}],"version-history":[{"count":7,"href":"https:\/\/wonnebauer.de\/site\/wp-json\/wp\/v2\/pages\/1808\/revisions"}],"predecessor-version":[{"id":2599,"href":"https:\/\/wonnebauer.de\/site\/wp-json\/wp\/v2\/pages\/1808\/revisions\/2599"}],"up":[{"embeddable":true,"href":"https:\/\/wonnebauer.de\/site\/wp-json\/wp\/v2\/pages\/1796"}],"wp:attachment":[{"href":"https:\/\/wonnebauer.de\/site\/wp-json\/wp\/v2\/media?parent=1808"}],"curies":[{"name":"wp","href":"https:\/\/api.w.org\/{rel}","templated":true}]}}