{"id":1804,"date":"2018-05-27T17:46:59","date_gmt":"2018-05-27T15:46:59","guid":{"rendered":"https:\/\/wonnebauer.de\/site\/?page_id=1804"},"modified":"2018-07-29T16:14:06","modified_gmt":"2018-07-29T14:14:06","slug":"archiv2013","status":"publish","type":"page","link":"https:\/\/wonnebauer.de\/site\/grenzgaenger\/wasgibtesneues\/archiv2013\/","title":{"rendered":"Archiv 2013"},"content":{"rendered":"<p>[et_pb_section bb_built=&#8220;1&#8243; admin_label=&#8220;Wilkommen Block 1&#8243; custom_padding=&#8220;0px|0px|0px|&#8220; _builder_version=&#8220;3.0.64&#8243; next_background_color=&#8220;#000000&#8243;][et_pb_row custom_padding=&#8220;0px|0px|0px|&#8220; padding_top_1=&#8220;0px&#8220; padding_right_1=&#8220;0px&#8220; padding_bottom_1=&#8220;0px&#8220; padding_left_1=&#8220;0px&#8220; padding_top_2=&#8220;0px&#8220; padding_right_2=&#8220;0px&#8220; padding_bottom_2=&#8220;0px&#8220; background_position_1=&#8220;top_left&#8220; background_position_2=&#8220;top_left&#8220; background_repeat_1=&#8220;no-repeat&#8220; background_repeat_2=&#8220;no-repeat&#8220; _builder_version=&#8220;3.0.64&#8243;][et_pb_column type=&#8220;1_3&#8243;][et_pb_text admin_label=&#8220;Text Abstandshalter&#8220; _builder_version=&#8220;3.2&#8243; custom_margin=&#8220;0px|0px|0px|0px&#8220; custom_padding=&#8220;0px|0px|0px|0px&#8220;]<\/p>\n<p><span style=\"color: #ffffff;\">:<\/span><br \/>\n<span style=\"color: #ffffff;\">:<\/span><\/p>\n<p>[\/et_pb_text][et_pb_text admin_label=&#8220;Text Archiv 2013&#8243; _builder_version=&#8220;3.4.1&#8243;]<\/p>\n<h3><span style=\"color: #91001f;\">Archiv 2013<\/span><\/h3>\n<p>[\/et_pb_text][\/et_pb_column][et_pb_column type=&#8220;2_3&#8243;][et_pb_text admin_label=&#8220;Text Abstandshalter&#8220; _builder_version=&#8220;3.2&#8243; custom_margin=&#8220;0px|0px|0px|0px&#8220; custom_padding=&#8220;0px|0px|0px|0px&#8220;]<\/p>\n<p><span style=\"color: #ffffff;\">:<\/span><br \/>\n<span style=\"color: #ffffff;\">:<\/span><\/p>\n<p>[\/et_pb_text][\/et_pb_column][\/et_pb_row][\/et_pb_section][et_pb_section bb_built=&#8220;1&#8243; admin_label=&#8220;Wilkommen Block 1&#8243; custom_padding=&#8220;0px|0px|0px|&#8220; _builder_version=&#8220;3.0.64&#8243; next_background_color=&#8220;#000000&#8243; prev_background_color=&#8220;#000000&#8243;][et_pb_row custom_padding=&#8220;0px|0px|0px|&#8220; padding_top_1=&#8220;0px&#8220; padding_right_1=&#8220;0px&#8220; padding_bottom_1=&#8220;0px&#8220; padding_left_1=&#8220;0px&#8220; padding_top_2=&#8220;0px&#8220; padding_right_2=&#8220;0px&#8220; padding_bottom_2=&#8220;0px&#8220; background_position_1=&#8220;top_left&#8220; background_position_2=&#8220;top_left&#8220; background_repeat_1=&#8220;no-repeat&#8220; background_repeat_2=&#8220;no-repeat&#8220; _builder_version=&#8220;3.4.1&#8243;][et_pb_column type=&#8220;2_3&#8243;][et_pb_text admin_label=&#8220;Text \u00dcberschrift Was gibt es Neues in Luxemburg?&#8220; _builder_version=&#8220;3.4.1&#8243;]<\/p>\n<h3>Was gibt es Neues in Luxemburg?<\/h3>\n<p>[\/et_pb_text][et_pb_text admin_label=&#8220;Text Archiv_2013&#8243; _builder_version=&#8220;3.11&#8243;]<\/p>\n<div id=\"middle\">\n<div id=\"middle-content\">\n<div id=\"middle-marker-box\">\n<div id=\"middle-marker\">\n<div id=\"c1204\" class=\"csc-default\">\n<div class=\"csc-textpic csc-textpic-intext-right\">\n<div class=\"csc-textpic-text\">\n<div id=\"middle\">\n<div id=\"middle-content\">\n<div id=\"middle-marker-box\">\n<div id=\"middle-marker\">\n<div id=\"c1196\" class=\"csc-default\">\n<div class=\"csc-textpic csc-textpic-intext-right\">\n<div class=\"csc-textpic-text\">\n<p class=\"bodytext\"><b>18.12.2013 Busfahrer im grenz\u00fcberschreitenden Linienverkehr weiterhin im Zweifel<\/b><\/p>\n<p class=\"bodytext\"><b><\/b>Das\u00a0<b>Finanzamt Trier<\/b>\u00a0hat gegen das Urteil des FG Rheinland-Pfalz zur\u00a0<b>Rechtslage bis 2011<\/b>\u00a0nun ebenfalls Zulassung der Revision beantragt. Die gute Nachricht (siehe unten 14.10.2013) wandelt sich daher nun.<b>\u00a0<a class=\"internal-link\" title=\"\u00d6ffnet internen Link im aktuellen Fenster\" href=\"https:\/\/wonnebauer.de\/site\/grenzgaenger\/steuernindeutschland\/\">Mehr &#8230;\u00a0<\/a><\/b><\/p>\n<p><strong>4.11.2013 Steuerliche \u00c4nderungen f\u00fcr Berufskraftfahrer ab 2014<\/strong><\/p>\n<p class=\"bodytext\">Berufskraftfahrer werden schon gebeutelt. Offensichtlich gibt es so viele, dass laufend die Gesetze zu deren Lasten ge\u00e4ndert werden.\u00a0<a class=\"internal-link\" title=\"\u00d6ffnet internen Link im aktuellen Fenster\" href=\"https:\/\/wonnebauer.de\/site\/grenzgaenger\/steuernindeutschland\/\"><b>Mehr &#8230;<\/b><\/a><\/p>\n<p class=\"bodytext\"><b><br \/>\n14.10.2013 Gute Nachrichten f\u00fcr Busfahrer im grenz\u00fcberschreitenden Linienverkehr<\/b><\/p>\n<p>Bis zum Jahre 2011 k\u00f6nnen Busfahrer\u00a0<b>nach Minuten<\/b>\u00a0ihr anteiliges Gehalt berechnen.<b>\u00a0Ab\u00a0<\/b>dem<b>\u00a0Jahr 2012\u00a0<\/b>soll dies aber<b>\u00a0nicht mehr zul\u00e4ssig<\/b>\u00a0sein<b>.\u00a0<\/b>Dies hat das\u00a0<b>FG Rheinland-Pfalz entschieden.\u00a0<a class=\"internal-link\" title=\"\u00d6ffnet internen Link im aktuellen Fenster\" href=\"https:\/\/wonnebauer.de\/site\/grenzgaenger\/steuernindeutschland\/\">Mehr &#8230;\u00a0<\/a><\/b><\/p>\n<p class=\"bodytext\"><b>24.9.2013 Fristlose K\u00fcndigung<\/b><\/p>\n<p>An eine fristlose K\u00fcndigung werden in Luxemburg\u00a0<b>hohe formelle Anforderungen<\/b>\u00a0gestellt. Oftmals sind diese K\u00fcndigungen allein deshalb unwirksam.<a class=\"internal-link\" title=\"\u00d6ffnet internen Link im aktuellen Fenster\" href=\"https:\/\/wonnebauer.de\/site\/arbeitsrecht\/luxemburgerarbeitsrecht\/\">Luxemburger Arbeitsrecht<\/a><b><a class=\"internal-link\" title=\"\u00d6ffnet internen Link im aktuellen Fenster\" href=\"https:\/\/wonnebauer.de\/site\/arbeitsrecht\/luxemburgerarbeitsrecht\/\">\u00a0Mehr &#8230;\u00a0<\/a><\/b><\/p>\n<p><strong>6.8.2013 Finanzverwaltungen Deutschland-Luxemburg vernetzten sich ab 2015<\/strong><\/p>\n<p>Kapitalanleger\u00a0sollten nun endlich in die G\u00e4nge kommen und\u00a0<b>versteckte Gelder<\/b>\u00a0offenlegen. Sonst drohen unn\u00f6tige Strafen.\u00a0<b><a class=\"internal-link\" title=\"\u00d6ffnet internen Link im aktuellen Fenster\" href=\"https:\/\/wonnebauer.de\/site\/steuerberatung\/selbstanzeigeundstrafrecht\/\">Mehr&#8230;<\/a><\/b><\/p>\n<p><strong>25.5.2013 Minijob f\u00fcr Grenzg\u00e4nger?<\/strong><\/p>\n<p>Viele Grenzg\u00e4nger fragen sich nach den Folgen eines Minijobs. In der Tat kann diese Frage erhebliche Konsequenzen haben. Die Folgen sind der Allgemeinheit unbekannt.<a class=\"internal-link\" title=\"\u00d6ffnet internen Link im aktuellen Fenster\" href=\"https:\/\/wonnebauer.de\/site\/grenzgaenger\/steuernindeutschland\/\">\u00a0<b>Mehr &#8230;<\/b><\/a><\/p>\n<p>&nbsp;<\/p>\n<p><strong>24.4.2013\u00a0 OGB-L &#8211; Steuerinfo-Veranstaltungen im Mai\u00a0 zur Besteuerung der Grenzg\u00e4nger<\/strong><\/p>\n<p class=\"bodytext\">Rechtsanwalt Wonnebauer wird\u00a0<b>im Mai<\/b>\u00a0bei den 3 Veranstaltungen der Gewerkschaft referieren<b>.\u00a0<\/b>Themen sind neben der<b>luxemburger Steuererkl\u00e4rung<\/b>\u00a0auch die deutsche Steuererkl\u00e4rung f\u00fcr Grenzg\u00e4nger sowie die\u00a0<b>Besteuerung der Rentner.<\/b><\/p>\n<p>Die Veranstaltung ist wie immer kostenfrei. Fragen an den Referenten sind erw\u00fcnscht.<\/p>\n<p>Die Veranstaltungen beginnen jeweils<b>\u00a0um 19 Uhr<\/b><\/p>\n<p>am 2. Mai in Orscholz, Hotel Saarschleife<\/p>\n<p>am 8. Mai in Irrel, Hotel Koch-Schildt<\/p>\n<p>am 16. Mai in Trier in der Europ\u00e4ischen Rechtsakademie<\/p>\n<p>&nbsp;<\/p>\n<p><strong>15.4.2013\u00a0 Luxemburger Krankengeld und Elterngeld in der deutschen Steuererkl\u00e4rung<\/strong><\/p>\n<p>Welchen Wert setzt man eigentlich in der Anlage N-Aus ein? Brutto oder Netto?<b>\u00a0<a class=\"internal-link\" title=\"\u00d6ffnet internen Link im aktuellen Fenster\" href=\"https:\/\/wonnebauer.de\/site\/grenzgaenger\/steuernindeutschland\/\">Mehr &#8230;<\/a><\/b><\/p>\n<p><strong>6.3.2013 Minijob und Kindergeld<\/strong><\/p>\n<p>Wenn ein Grenzg\u00e4nger oder sein Ehegatten in Deutschland einen\u00a0<b>Minijob<\/b>\u00a0aufnimmt, ergeben sich\u00a0<b>seit 2012\u00a0<\/b>\u00c4nderungen beim\u00a0<b>Kindergeld.\u00a0<a class=\"internal-link\" title=\"Opens internal link in current window\" href=\"https:\/\/wonnebauer.de\/site\/erbeundvermoegen\/familieundkinder\/\">Mehr&#8230;<\/a><\/b><b><\/b><\/p>\n<p><strong>11.2.2013 Vorank\u00fcndigung: Film zur Erstellung einer Steuererkl\u00e4rung<\/strong><\/p>\n<p>Auf unserer Internetseite wird in K\u00fcrze ein\u00a0<b>Film<\/b>\u00a0eingestellt, der das Erstellen einer\u00a0<b>einfachen Steuererkl\u00e4rung<\/b>\u00a0erkl\u00e4rt.<b>\u00a0<a class=\"internal-link\" title=\"Opens internal link in current window\" href=\"https:\/\/wonnebauer.de\/site\/grenzgaenger\/steuerninluxemburg\/\">Mehr &#8230;<\/a><\/b><\/p>\n<p><strong>18.1.2013 Eheleute aufgepasst &#8211; Steuernachzahlungen<\/strong><\/p>\n<p>Arbeiten<b>\u00a0beide Eheleute<\/b>\u00a0in Luxemburg, sollten sie\u00a0<b>R\u00fccklagen f\u00fcr Steuernachzahlungen<\/b>\u00a0bilden<b>.\u00a0<\/b>Ansonsten sind finanzielle Probleme nic<b>ht auszuschliessen.<a class=\"internal-link\" title=\"Opens internal link in current window\" href=\"https:\/\/wonnebauer.de\/site\/grenzgaenger\/steuerninluxemburg\/\"><br \/>\nMehr &#8230;<\/a><\/b><\/p>\n<\/div>\n<\/div>\n<\/div>\n<\/div>\n<\/div>\n<\/div>\n<\/div>\n<\/div>\n<\/div>\n<\/div>\n<\/div>\n<\/div>\n<\/div>\n<\/div>\n<p>[\/et_pb_text][\/et_pb_column][et_pb_column type=&#8220;1_3&#8243;][et_pb_image admin_label=&#8220;Bild Wonnebauer_mit_sekretaerin_8269_360px&#8220; _builder_version=&#8220;3.4.1&#8243; src=&#8220;https:\/\/wonnebauer.de\/site\/wp-content\/uploads\/2018\/06\/Wonnebauer_mit_sekretaerin_8269_360px.jpg&#8220; \/][\/et_pb_column][\/et_pb_row][\/et_pb_section][et_pb_section bb_built=&#8220;1&#8243; custom_padding=&#8220;0px|0px|0px|0px&#8220; _builder_version=&#8220;3.0.64&#8243; prev_background_color=&#8220;#000000&#8243;][et_pb_row custom_padding=&#8220;0px|0px|0px|0px&#8220; _builder_version=&#8220;3.0.64&#8243; background_size=&#8220;initial&#8220; background_position=&#8220;top_left&#8220; background_repeat=&#8220;repeat&#8220;][et_pb_column type=&#8220;4_4&#8243;][et_pb_text admin_label=&#8220;Text Abstandshalter mit Leerzeilen&#8220; _builder_version=&#8220;3.0.64&#8243; custom_margin=&#8220;0px|0px|0px|0px&#8220; custom_padding=&#8220;0px|0px|10px|0px&#8220; background_layout=&#8220;light&#8220; text_orientation=&#8220;left&#8220; border_style=&#8220;solid&#8220;]<\/p>\n<p><span style=\"color: #ffffff;\">:<\/span><br \/>\n<span style=\"color: #ffffff;\">:<\/span><\/p>\n<p>[\/et_pb_text][et_pb_text admin_label=&#8220;Text + Link Impressum Rechtsanwalt Stephan Wonnebauer&#8220; _builder_version=&#8220;3.0.64&#8243; background_layout=&#8220;light&#8220; text_orientation=&#8220;left&#8220; border_style=&#8220;solid&#8220; custom_padding=&#8220;||5px|&#8220;]<\/p>\n<p style=\"text-align: center;\"><span class=\"st\">\u00a9Rechtsanwalt Stephan Wonnebauer &#8211; <a href=\"https:\/\/wonnebauer.de\/site\/home\/impressum\/\">Impressum<\/a><br \/>\n<\/span><\/p>\n<p>[\/et_pb_text][\/et_pb_column][\/et_pb_row][\/et_pb_section]<\/p>\n","protected":false},"excerpt":{"rendered":"<p>: : Archiv 2013 : : Was gibt es Neues in Luxemburg? 18.12.2013 Busfahrer im grenz\u00fcberschreitenden Linienverkehr weiterhin im Zweifel Das\u00a0Finanzamt Trier\u00a0hat gegen das Urteil des FG Rheinland-Pfalz zur\u00a0Rechtslage bis 2011\u00a0nun ebenfalls Zulassung der Revision beantragt. Die gute Nachricht (siehe unten 14.10.2013) wandelt sich daher nun.\u00a0Mehr &#8230;\u00a0 4.11.2013 Steuerliche \u00c4nderungen f\u00fcr Berufskraftfahrer ab 2014 Berufskraftfahrer [&hellip;]<\/p>\n","protected":false},"author":1,"featured_media":0,"parent":1796,"menu_order":21,"comment_status":"closed","ping_status":"closed","template":"","meta":{"_et_pb_use_builder":"on","_et_pb_old_content":"","_et_gb_content_width":"","footnotes":""},"class_list":["post-1804","page","type-page","status-publish","hentry"],"_links":{"self":[{"href":"https:\/\/wonnebauer.de\/site\/wp-json\/wp\/v2\/pages\/1804","targetHints":{"allow":["GET"]}}],"collection":[{"href":"https:\/\/wonnebauer.de\/site\/wp-json\/wp\/v2\/pages"}],"about":[{"href":"https:\/\/wonnebauer.de\/site\/wp-json\/wp\/v2\/types\/page"}],"author":[{"embeddable":true,"href":"https:\/\/wonnebauer.de\/site\/wp-json\/wp\/v2\/users\/1"}],"replies":[{"embeddable":true,"href":"https:\/\/wonnebauer.de\/site\/wp-json\/wp\/v2\/comments?post=1804"}],"version-history":[{"count":7,"href":"https:\/\/wonnebauer.de\/site\/wp-json\/wp\/v2\/pages\/1804\/revisions"}],"predecessor-version":[{"id":2597,"href":"https:\/\/wonnebauer.de\/site\/wp-json\/wp\/v2\/pages\/1804\/revisions\/2597"}],"up":[{"embeddable":true,"href":"https:\/\/wonnebauer.de\/site\/wp-json\/wp\/v2\/pages\/1796"}],"wp:attachment":[{"href":"https:\/\/wonnebauer.de\/site\/wp-json\/wp\/v2\/media?parent=1804"}],"curies":[{"name":"wp","href":"https:\/\/api.w.org\/{rel}","templated":true}]}}