{"id":1802,"date":"2018-05-27T17:45:37","date_gmt":"2018-05-27T15:45:37","guid":{"rendered":"https:\/\/wonnebauer.de\/site\/?page_id=1802"},"modified":"2018-07-29T15:54:57","modified_gmt":"2018-07-29T13:54:57","slug":"archiv2014","status":"publish","type":"page","link":"https:\/\/wonnebauer.de\/site\/grenzgaenger\/wasgibtesneues\/archiv2014\/","title":{"rendered":"Archiv 2014"},"content":{"rendered":"<p>[et_pb_section bb_built=&#8220;1&#8243; admin_label=&#8220;Wilkommen Block 1&#8243; custom_padding=&#8220;0px|0px|0px|&#8220; _builder_version=&#8220;3.0.64&#8243; next_background_color=&#8220;#000000&#8243;][et_pb_row custom_padding=&#8220;0px|0px|0px|&#8220; padding_top_1=&#8220;0px&#8220; padding_right_1=&#8220;0px&#8220; padding_bottom_1=&#8220;0px&#8220; padding_left_1=&#8220;0px&#8220; padding_top_2=&#8220;0px&#8220; padding_right_2=&#8220;0px&#8220; padding_bottom_2=&#8220;0px&#8220; background_position_1=&#8220;top_left&#8220; background_position_2=&#8220;top_left&#8220; background_repeat_1=&#8220;no-repeat&#8220; background_repeat_2=&#8220;no-repeat&#8220; _builder_version=&#8220;3.0.64&#8243;][et_pb_column type=&#8220;1_3&#8243;][et_pb_text admin_label=&#8220;Text Abstandshalter&#8220; _builder_version=&#8220;3.2&#8243; custom_margin=&#8220;0px|0px|0px|0px&#8220; custom_padding=&#8220;0px|0px|0px|0px&#8220;]<\/p>\n<p><span style=\"color: #ffffff;\">:<\/span><br \/>\n<span style=\"color: #ffffff;\">:<\/span><\/p>\n<p>[\/et_pb_text][et_pb_text admin_label=&#8220;Text Archiv 2014&#8243; _builder_version=&#8220;3.4.1&#8243;]<\/p>\n<h3><span style=\"color: #91001f;\">Archiv 2014<\/span><\/h3>\n<p>[\/et_pb_text][\/et_pb_column][et_pb_column type=&#8220;2_3&#8243;][et_pb_text admin_label=&#8220;Text Abstandshalter&#8220; _builder_version=&#8220;3.2&#8243; custom_margin=&#8220;0px|0px|0px|0px&#8220; custom_padding=&#8220;0px|0px|0px|0px&#8220;]<\/p>\n<p><span style=\"color: #ffffff;\">:<\/span><br \/>\n<span style=\"color: #ffffff;\">:<\/span><\/p>\n<p>[\/et_pb_text][\/et_pb_column][\/et_pb_row][\/et_pb_section][et_pb_section bb_built=&#8220;1&#8243; admin_label=&#8220;Wilkommen Block 1&#8243; custom_padding=&#8220;0px|0px|0px|&#8220; _builder_version=&#8220;3.0.64&#8243; next_background_color=&#8220;#000000&#8243; prev_background_color=&#8220;#000000&#8243;][et_pb_row custom_padding=&#8220;0px|0px|0px|&#8220; padding_top_1=&#8220;0px&#8220; padding_right_1=&#8220;0px&#8220; padding_bottom_1=&#8220;0px&#8220; padding_left_1=&#8220;0px&#8220; padding_top_2=&#8220;0px&#8220; padding_right_2=&#8220;0px&#8220; padding_bottom_2=&#8220;0px&#8220; background_position_1=&#8220;top_left&#8220; background_position_2=&#8220;top_left&#8220; background_repeat_1=&#8220;no-repeat&#8220; background_repeat_2=&#8220;no-repeat&#8220; _builder_version=&#8220;3.4.1&#8243;][et_pb_column type=&#8220;2_3&#8243;][et_pb_text admin_label=&#8220;Text \u00dcberschrift Was gibt es Neues in Luxemburg?&#8220; _builder_version=&#8220;3.4.1&#8243;]<\/p>\n<h3>Was gibt es Neues in Luxemburg?<\/h3>\n<p>[\/et_pb_text][et_pb_text admin_label=&#8220;Text Archiv_2014&#8243; _builder_version=&#8220;3.11&#8243;]<\/p>\n<div id=\"middle\">\n<div id=\"middle-content\">\n<div id=\"middle-marker-box\">\n<div id=\"middle-marker\">\n<div id=\"c1204\" class=\"csc-default\">\n<div class=\"csc-textpic csc-textpic-intext-right\">\n<div class=\"csc-textpic-text\">\n<p class=\"bodytext\"><b>13.11.2014 Wiederbelebung des Steuerchats bei diegrenzgaenger.lu<\/b><\/p>\n<p class=\"bodytext\"><b><\/b>Am\u00a0<b>28. November 2014 von 12-13 Uhr<\/b>\u00a0findet wieder eine\u00a0<b>Fragestunde zur Besteuerung der Grenzg\u00e4nger<\/b>\u00a0statt. Teilnehmen k\u00f6nnen Mitglieder der\u00a0<b>Community-Seite<\/b>. Rechtsanwalt Wonnebauer wird die Fragen dann mit 10 Fingern beantworten.\u00a0<a class=\"external-link-new-window\" title=\"\u00d6ffnet externen Link in neuem Fenster\" href=\"http:\/\/www.diegrenzgaenger.lu\/index.php?p=edito&amp;id=6488\">Mehr &#8230;<\/a><br \/>\n<b><\/b><\/p>\n<p><strong>5.11.2014\u00a0 Infoveranstaltungen f\u00fcr Grenzg\u00e4nger zum Steuerrecht<\/strong><\/p>\n<p>Im\u00a0<b>November<\/b>\u00a0veranstaltet die\u00a0<b>Gewerkschaft OGB-L<\/b>wieder drei \u00f6ffentliche Infoabende in verschiedenen Orten zum Thema\u00a0<b>Besteuerung der Luxemburg-Grenzg\u00e4nger<\/b>.<b>\u00a0\u00a0<a class=\"internal-link\" title=\"\u00d6ffnet internen Link im aktuellen Fenster\" href=\"https:\/\/wonnebauer.de\/site\/grenzgaenger\/steuerninluxemburg\/\">Mehr &#8230;\u00a0<\/a><\/b><\/p>\n<p><b>16.10.2014 Neueste Entwicklungen im internationalen Steuerrecht<br \/>\n<\/b><br \/>\nGrenzg\u00e4nger bewegen sich im<b>\u00a0internationalen Steuerrecht.<\/b>\u00a0Das h\u00f6rt sich hochtrabend an? Arbeitnehmer wie Unternehmer sind hiervon betroffen. Nicht selten werden<b>\u00a0Rentenbeitr\u00e4ge von Arbeitnehmern r\u00fcckwirkend aberkannt, wenn der Arbeitgeber Fehler macht &#8211;\u00a0<\/b>bewu\u00dft oder unbewu\u00dft. Halten Sie sich auf dem Laufenden in unserer<b>\u00a0neuen Rubrik Unternehmensteuerrecht.\u00a0<a class=\"internal-link\" title=\"\u00d6ffnet internen Link im aktuellen Fenster\" href=\"https:\/\/wonnebauer.de\/site\/grenzgaenger\/intunternehmensteuerrecht\/\">Mehr &#8230;<\/a><\/b><\/p>\n<p><strong>15.10.2014 Schadenersatzklage gegen Arbeitgeber wegen falscher Lohnsplittung<\/strong><\/p>\n<p>Die\u00a0<b>Lohnaufteilung bei Auslandst\u00e4tigkeit\u00a0<\/b>von Grenzg\u00e4ngern hat<b>\u00a0nicht nur steuerliche Konsequenzen.\u00a0<\/b>Wenn der Arbeitgeber wegen einer<b>\u00a0Vernachl\u00e4ssigung dieser Pflicht\u00a0<\/b>seinem Arbeitnehmer einen\u00a0<b>finanziellen Schaden\u00a0<\/b>zuf\u00fcgt<b>,<\/b>\u00a0haftet\u00a0<b>er.\u00a0<a class=\"internal-link\" title=\"\u00d6ffnet internen Link im aktuellen Fenster\" href=\"https:\/\/wonnebauer.de\/site\/arbeitsrecht\/luxemburgerarbeitsrecht\/\">Mehr&#8230;<\/a><\/b><\/p>\n<p><strong>14.10.2014\u00a0 Niederlassung in Luxemburg<\/strong><\/p>\n<p>Sie \u00fcberlegen als Inhaber oder Gesch\u00e4ftsf\u00fchrer die\u00a0<b>Gr\u00fcndung einer Niederlassung in Luxemburg<\/b>.<\/p>\n<p>Der st\u00e4ndige Steuerberater wird sich hierbei grunds\u00e4tzlich nicht auskennen, soll aber weiter die deutsche Hauptniederlassung beraten. Wir k\u00f6nnen dabei helfen.<b><a class=\"internal-link\" title=\"\u00d6ffnet internen Link im aktuellen Fenster\" href=\"https:\/\/wonnebauer.de\/site\/steuerberatung\/beratungfuerunternehmer\/\">\u00a0Mehr &#8230;<\/a><\/b><\/p>\n<p><strong>8.10.2014 Neu in unserem Portfolio: Lohnabrechnungen f\u00fcr Luxemburg<\/strong><\/p>\n<p>Ab sofort bietet unsere Kanzlei die Erstellung von\u00a0<b>Lohnabrechnungen nach luxemburgischem Recht<\/b>\u00a0an<b>,<\/b>\u00a0insbesondere wenn es um\u00a0<b>grenz\u00fcberschreitende T\u00e4tigkeiten von Grenzg\u00e4ngern\u00a0<\/b>geht.<b>\u00a0<a class=\"internal-link\" title=\"\u00d6ffnet internen Link im aktuellen Fenster\" href=\"https:\/\/wonnebauer.de\/site\/steuerberatung\/beratungfuerunternehmer\/\">Mehr &#8230;<\/a><\/b><\/p>\n<p><strong>27. September 2014\u00a0 Lohnaufteilungen der Grenzg\u00e4nger sind meistens fehlerhaft<\/strong><\/p>\n<p>Grenzg\u00e4nger, deren Lohn nach der Verst\u00e4ndigungsvereinbarung aufgeteilt werden muss, machen den Arbeitgebern viel M\u00fche. Bei Berechnungsfehlern haften sie. Und das ist eigentlich bei jeder Lohnabrechnung der Fall.\u00a0<a class=\"internal-link\" title=\"\u00d6ffnet internen Link im aktuellen Fenster\" href=\"https:\/\/wonnebauer.de\/site\/grenzgaenger\/steuerninluxemburg\/\"><b>Mehr &#8230;<\/b><br \/>\n<\/a><b><\/b><\/p>\n<p><strong>11. September 2014 Keine Panik vor der 19-Tage-Grenze<\/strong><\/p>\n<p>Es gibt Grenzg\u00e4nger,\u00a0<b>die mehr als 19 Tage au\u00dferhalb Luxemburgs\u00a0<\/b>arbeiten und dabei einen\u00a0<b>Steuervorteil<\/b>\u00a0erzielen. Dies ist aber kaum bekannt.<b>\u00a0<a class=\"internal-link\" title=\"\u00d6ffnet internen Link im aktuellen Fenster\" href=\"https:\/\/wonnebauer.de\/site\/grenzgaenger\/steuernindeutschland\/\">Mehr &#8230;<\/a><\/b><\/p>\n<p><strong>2. September 2014\u00a0 Selbstanzeige bis 31.12.2014 nutzen<\/strong><\/p>\n<p>Das Recht der\u00a0<b>Selbstanzeige\u00a0<\/b>versch\u00e4rft sich ab dem Jahr 2015. Die Bundesregierung erarbeitet noch das neue Gesetz. In jedem Fall wird es f\u00fcr steuerunehrliche B\u00fcrger\u00a0<b>viel teurer<\/b>, als nach dem jetzt geltenden Recht<b>.\u00a0<a class=\"internal-link\" title=\"\u00d6ffnet internen Link im aktuellen Fenster\" href=\"https:\/\/wonnebauer.de\/site\/steuerberatung\/selbstanzeigeundstrafrecht\/\">Mehr &#8230;<\/a><\/b><\/p>\n<p><strong>23. Mai 2014 Verwirrung bei der Elterngeldanrechnung<\/strong><\/p>\n<p>Das\u00a0<b>Urteil des EuGH<\/b>\u00a0ist f\u00fcr viele Segen, f\u00fcr den Luxemburger Staat ein Fluch. Der EuGH zeigt jedoch leider auch mit dieser Entscheidung, dass seine Entscheidungen nicht grunds\u00e4tzlich rechtssystematisch erfolgen.\u00a0<a class=\"internal-link\" title=\"\u00d6ffnet internen Link im aktuellen Fenster\" href=\"https:\/\/wonnebauer.de\/site\/erbeundvermoegen\/familieundkinder\/\"><b>Mehr &#8230;\u00a0<\/b><\/a><br \/>\n<b><br \/>\n7. Mai 2014 Studienbeihilfe auch f\u00fcr Grenzg\u00e4nger<\/b><\/p>\n<p>Aufgrund der<b>\u00a0<\/b>wohl etwas irritierenden Pressemitteilungen sind viele Grenzg\u00e4nger immer noch der Meinung, das die Studienbeihilfe nicht beantragt werden kann.\u00a0<b>Somit entgehen Eltern von studierenden Kindern tausende von Euro.\u00a0<a class=\"internal-link\" title=\"\u00d6ffnet internen Link im aktuellen Fenster\" href=\"https:\/\/wonnebauer.de\/site\/erbeundvermoegen\/familieundkinder\/\">Mehr &#8230;\u00a0<\/a><\/b><\/p>\n<p><strong>20.3.2014 Neue Rubrik auf dieser Internetseite: Internationales Erbrecht<\/strong><\/p>\n<p>Im Hinblick auf die Einf\u00fchrung der neuen\u00a0<b>europ\u00e4ischen Erbrechtsverordnung<\/b>\u00a0haben wir eine Rubrik f\u00fcr Grenzg\u00e4nger eingef\u00fchrt. Denn Fragen zur<b>\u00a0Erbschaft- und Schenkungsteuer\u00a0<\/b>werden\u00a0<b>alle Deutschen und Luxemburger\u00a0<\/b>betreffen, die im<b>\u00a0jeweils anderen Land leben.\u00a0<a class=\"internal-link\" title=\"\u00d6ffnet internen Link im aktuellen Fenster\" href=\"https:\/\/wonnebauer.de\/site\/erbeundvermoegen\/internationales_erbrecht\/\">Mehr &#8230;<\/a><\/b><\/p>\n<p><strong>8.3.2014 Kostenlose Telefonaktion des Trierischen Volksfreundes zu Steuererkl\u00e4rungen<\/strong><\/p>\n<p>Am\u00a0<b>Mittwoch, den 12.3.2014<\/b>, k\u00f6nnen interessierte Leser des Trierischen Volksfreundes von 17 &#8211; 19 Uhr telefonisch ausgew\u00e4hlten Steuerexperten<b>\u00a0Fragen zur Erstellung der Steuererkl\u00e4rung 2013<\/b>\u00a0stellen. Dieses Mal ist auch Rechtsanwalt Wonnebauer dabei. Grenzg\u00e4nger k\u00f6nnen ihn dann\u00a0 mit einer Durchwahlnummer direkt anw\u00e4hlen und Fragen stellen. Details dazu werden noch in den n\u00e4chsten Ausgaben des TV bekannt gemacht.<br \/>\n<b><\/b><\/p>\n<p><strong>15.2.2014\u00a0 2. Auflage von Steuerlux erscheint im Sommer 2014 &#8211; verschoben<\/strong><\/p>\n<p>In den letzten 5 Jahren hat sich viel Neues f\u00fcr Grenzg\u00e4nger ergeben, sodass eine Neuauflage f\u00e4llig ist<b>.\u00a0<a class=\"internal-link\" title=\"\u00d6ffnet internen Link im aktuellen Fenster\" href=\"http:\/\/www.wonnebauer.de\/cms\/index.php?id=295\">Mehr\u00a0 &#8230;<\/a><\/b><\/p>\n<p><strong>6.2.2014 Freudige Nachricht f\u00fcr Linienbusfahrer<\/strong><\/p>\n<p>Die Rechtslage f\u00fcr den\u00a0<b>grenz\u00fcberschreitenden Linienverkehr\u00a0<\/b>bis zum Jahr 2010 ist nun gekl\u00e4rt. Das Finanzamt hat seinen Antrag auf Zulassung der Revision zur\u00fcckgenommen.<b>\u00a0<a class=\"internal-link\" title=\"\u00d6ffnet internen Link im aktuellen Fenster\" href=\"https:\/\/wonnebauer.de\/site\/grenzgaenger\/steuernindeutschland\/\">Mehr &#8230;\u00a0<\/a><\/b><\/p>\n<p><strong>4.2.2014 K\u00fcndigung des Arbeitnehmers w\u00e4hrend der Krankheit<\/strong><\/p>\n<p>Allgemein ist Grenzg\u00e4ngern bekannt, dass eine\u00a0<b>K\u00fcndigung des Arbeitgebers<\/b>\u00a0w\u00e4hrend der\u00a0<b>Krankheit\u00a0<\/b>grunds\u00e4tzlich nicht m\u00f6glich ist. Gilt das auch f\u00fcr eine K\u00fcndigung des Arbeitnehmers?\u00a0<b><a class=\"internal-link\" title=\"\u00d6ffnet internen Link im aktuellen Fenster\" href=\"https:\/\/wonnebauer.de\/site\/arbeitsrecht\/luxemburgerarbeitsrecht\/\">Mehr &#8230;<\/a><\/b><\/p>\n<p><strong>30.1.2014 Zusammenarbeit mit Steuerberatern in grenz\u00fcberschreitenden Steuerrechtsf\u00e4llen<\/strong><\/p>\n<p>Das Steuerrecht ist eine heikle Materie. Das Finanzamt findet immer eine Vorschrift, die man nicht kennt oder nicht anwendet. Wer kennt schon das DBA-Luxemburg? Daher beraten wir auch Kollegen<b>.\u00a0<a class=\"internal-link\" title=\"\u00d6ffnet internen Link im aktuellen Fenster\" href=\"https:\/\/wonnebauer.de\/site\/steuerberatung\/beratungfuerunternehmer\/\">Mehr &#8230;<\/a><\/b><\/p>\n<p><strong>30.1.2014 Nachlassplanung f\u00fcr Grenzg\u00e4nger<\/strong><\/p>\n<p>Luxemburger, die in Deutschland wohnen, Deutsche, die in Luxemburg wohnen, sind davon betroffen.\u00a0<b>2015\u00a0<\/b>wird die\u00a0<b>EU-Erbrechtsverordnung\u00a0<\/b>eingef\u00fchrt, um das\u00a0<b>Erbrecht innerhalb der EU\u00a0<\/b>anzugleichen. Aber schon zu Lebzeiten sollte man sich hierzu Gedanken machen, will man unn\u00f6tige Steuern vermeiden.<b>\u00a0<a class=\"internal-link\" title=\"\u00d6ffnet internen Link im aktuellen Fenster\" href=\"https:\/\/wonnebauer.de\/site\/erbeundvermoegen\/familieundkinder\/\">Mehr &#8230;\u00a0<\/a><\/b><\/p>\n<p><strong>21.1.2014 Private Finanzplanung f\u00fcr Grenzg\u00e4nger<\/strong><\/p>\n<p>Es d\u00fcrfte zwischenzeitlich jedem Grenzg\u00e4nger klar sein, dass er auch\u00a0<b>trotz luxemburger Rente<\/b>\u00a0eigene<b>\u00a0Altersvorsorge\u00a0<\/b>betreiben muss. Nicht alle Grenzg\u00e4nger haben schlie\u00dflich Rentenanspruch aus 40 Jahren Arbeit in Luxemburg<b>.\u00a0<\/b>Aber auch<b>Scheidungen minimieren das Verm\u00f6gen\u00a0<\/b>unbeabsichtigt enorm, sodass man sich mehr Gedanken machen muss, als \u00e4ltere Generationen. Nutzen Sie daher unsere Angebote unter der Rubrik Private Finanzplanung.<a class=\"internal-link\" title=\"\u00d6ffnet internen Link im aktuellen Fenster\" href=\"https:\/\/wonnebauer.de\/site\/erbeundvermoegen\/finanzplanung\/\">\u00a0<b>Mehr &#8230;\u00a0<\/b><\/a><\/p>\n<\/div>\n<\/div>\n<\/div>\n<\/div>\n<\/div>\n<\/div>\n<\/div>\n<p>[\/et_pb_text][\/et_pb_column][et_pb_column type=&#8220;1_3&#8243;][et_pb_image admin_label=&#8220;Bild Wonnebauer_mit_sekretaerin_8269_360px&#8220; _builder_version=&#8220;3.4.1&#8243; src=&#8220;https:\/\/wonnebauer.de\/site\/wp-content\/uploads\/2018\/06\/Wonnebauer_mit_sekretaerin_8269_360px.jpg&#8220; \/][\/et_pb_column][\/et_pb_row][\/et_pb_section][et_pb_section bb_built=&#8220;1&#8243; custom_padding=&#8220;0px|0px|0px|0px&#8220; _builder_version=&#8220;3.0.64&#8243; prev_background_color=&#8220;#000000&#8243;][et_pb_row custom_padding=&#8220;0px|0px|0px|0px&#8220; _builder_version=&#8220;3.0.64&#8243; background_size=&#8220;initial&#8220; background_position=&#8220;top_left&#8220; background_repeat=&#8220;repeat&#8220;][et_pb_column type=&#8220;4_4&#8243;][et_pb_text admin_label=&#8220;Text Abstandshalter mit Leerzeilen&#8220; _builder_version=&#8220;3.0.64&#8243; custom_margin=&#8220;0px|0px|0px|0px&#8220; custom_padding=&#8220;0px|0px|10px|0px&#8220; background_layout=&#8220;light&#8220; text_orientation=&#8220;left&#8220; border_style=&#8220;solid&#8220;]<\/p>\n<p><span style=\"color: #ffffff;\">:<\/span><br \/>\n<span style=\"color: #ffffff;\">:<\/span><\/p>\n<p>[\/et_pb_text][et_pb_text admin_label=&#8220;Text + Link Impressum Rechtsanwalt Stephan Wonnebauer&#8220; _builder_version=&#8220;3.0.64&#8243; background_layout=&#8220;light&#8220; text_orientation=&#8220;left&#8220; border_style=&#8220;solid&#8220; custom_padding=&#8220;||5px|&#8220;]<\/p>\n<p style=\"text-align: center;\"><span class=\"st\">\u00a9Rechtsanwalt Stephan Wonnebauer &#8211; <a href=\"https:\/\/wonnebauer.de\/site\/home\/impressum\/\">Impressum<\/a><br \/>\n<\/span><\/p>\n<p>[\/et_pb_text][\/et_pb_column][\/et_pb_row][\/et_pb_section]<\/p>\n","protected":false},"excerpt":{"rendered":"<p>: : Archiv 2014 : : Was gibt es Neues in Luxemburg? 13.11.2014 Wiederbelebung des Steuerchats bei diegrenzgaenger.lu Am\u00a028. November 2014 von 12-13 Uhr\u00a0findet wieder eine\u00a0Fragestunde zur Besteuerung der Grenzg\u00e4nger\u00a0statt. Teilnehmen k\u00f6nnen Mitglieder der\u00a0Community-Seite. Rechtsanwalt Wonnebauer wird die Fragen dann mit 10 Fingern beantworten.\u00a0Mehr &#8230; 5.11.2014\u00a0 Infoveranstaltungen f\u00fcr Grenzg\u00e4nger zum Steuerrecht Im\u00a0November\u00a0veranstaltet die\u00a0Gewerkschaft OGB-Lwieder drei [&hellip;]<\/p>\n","protected":false},"author":1,"featured_media":0,"parent":1796,"menu_order":20,"comment_status":"closed","ping_status":"closed","template":"","meta":{"_et_pb_use_builder":"on","_et_pb_old_content":"","_et_gb_content_width":"","footnotes":""},"class_list":["post-1802","page","type-page","status-publish","hentry"],"_links":{"self":[{"href":"https:\/\/wonnebauer.de\/site\/wp-json\/wp\/v2\/pages\/1802","targetHints":{"allow":["GET"]}}],"collection":[{"href":"https:\/\/wonnebauer.de\/site\/wp-json\/wp\/v2\/pages"}],"about":[{"href":"https:\/\/wonnebauer.de\/site\/wp-json\/wp\/v2\/types\/page"}],"author":[{"embeddable":true,"href":"https:\/\/wonnebauer.de\/site\/wp-json\/wp\/v2\/users\/1"}],"replies":[{"embeddable":true,"href":"https:\/\/wonnebauer.de\/site\/wp-json\/wp\/v2\/comments?post=1802"}],"version-history":[{"count":7,"href":"https:\/\/wonnebauer.de\/site\/wp-json\/wp\/v2\/pages\/1802\/revisions"}],"predecessor-version":[{"id":2596,"href":"https:\/\/wonnebauer.de\/site\/wp-json\/wp\/v2\/pages\/1802\/revisions\/2596"}],"up":[{"embeddable":true,"href":"https:\/\/wonnebauer.de\/site\/wp-json\/wp\/v2\/pages\/1796"}],"wp:attachment":[{"href":"https:\/\/wonnebauer.de\/site\/wp-json\/wp\/v2\/media?parent=1802"}],"curies":[{"name":"wp","href":"https:\/\/api.w.org\/{rel}","templated":true}]}}