{"id":1798,"date":"2018-05-27T17:39:26","date_gmt":"2018-05-27T15:39:26","guid":{"rendered":"https:\/\/wonnebauer.de\/site\/?page_id=1798"},"modified":"2018-07-29T15:29:20","modified_gmt":"2018-07-29T13:29:20","slug":"archiv2015","status":"publish","type":"page","link":"https:\/\/wonnebauer.de\/site\/grenzgaenger\/wasgibtesneues\/archiv2015\/","title":{"rendered":"Archiv 2015"},"content":{"rendered":"<p>[et_pb_section bb_built=&#8220;1&#8243; admin_label=&#8220;Wilkommen Block 1&#8243; custom_padding=&#8220;0px|0px|0px|&#8220; _builder_version=&#8220;3.0.64&#8243; next_background_color=&#8220;#000000&#8243;][et_pb_row custom_padding=&#8220;0px|0px|0px|&#8220; padding_top_1=&#8220;0px&#8220; padding_right_1=&#8220;0px&#8220; padding_bottom_1=&#8220;0px&#8220; padding_left_1=&#8220;0px&#8220; padding_top_2=&#8220;0px&#8220; padding_right_2=&#8220;0px&#8220; padding_bottom_2=&#8220;0px&#8220; background_position_1=&#8220;top_left&#8220; background_position_2=&#8220;top_left&#8220; background_repeat_1=&#8220;no-repeat&#8220; background_repeat_2=&#8220;no-repeat&#8220; _builder_version=&#8220;3.0.64&#8243;][et_pb_column type=&#8220;1_3&#8243;][et_pb_text admin_label=&#8220;Text Abstandshalter&#8220; _builder_version=&#8220;3.2&#8243; custom_margin=&#8220;0px|0px|0px|0px&#8220; custom_padding=&#8220;0px|0px|0px|0px&#8220;]<\/p>\n<p><span style=\"color: #ffffff;\">:<\/span><br \/>\n<span style=\"color: #ffffff;\">:<\/span><\/p>\n<p>[\/et_pb_text][et_pb_text admin_label=&#8220;Text Archiv 2015&#8243; _builder_version=&#8220;3.4.1&#8243;]<\/p>\n<h3><span style=\"color: #91001f;\">Archiv 2015<\/span><\/h3>\n<p>[\/et_pb_text][\/et_pb_column][et_pb_column type=&#8220;2_3&#8243;][et_pb_text admin_label=&#8220;Text Abstandshalter&#8220; _builder_version=&#8220;3.2&#8243; custom_margin=&#8220;0px|0px|0px|0px&#8220; custom_padding=&#8220;0px|0px|0px|0px&#8220;]<\/p>\n<p><span style=\"color: #ffffff;\">:<\/span><br \/>\n<span style=\"color: #ffffff;\">:<\/span><\/p>\n<p>[\/et_pb_text][\/et_pb_column][\/et_pb_row][\/et_pb_section][et_pb_section bb_built=&#8220;1&#8243; admin_label=&#8220;Wilkommen Block 1&#8243; custom_padding=&#8220;0px|0px|0px|&#8220; _builder_version=&#8220;3.0.64&#8243; next_background_color=&#8220;#000000&#8243; prev_background_color=&#8220;#000000&#8243;][et_pb_row custom_padding=&#8220;0px|0px|0px|&#8220; padding_top_1=&#8220;0px&#8220; padding_right_1=&#8220;0px&#8220; padding_bottom_1=&#8220;0px&#8220; padding_left_1=&#8220;0px&#8220; padding_top_2=&#8220;0px&#8220; padding_right_2=&#8220;0px&#8220; padding_bottom_2=&#8220;0px&#8220; background_position_1=&#8220;top_left&#8220; background_position_2=&#8220;top_left&#8220; background_repeat_1=&#8220;no-repeat&#8220; background_repeat_2=&#8220;no-repeat&#8220; _builder_version=&#8220;3.4.1&#8243;][et_pb_column type=&#8220;2_3&#8243;][et_pb_text admin_label=&#8220;Text \u00dcberschrift Was gibt es Neues in Luxemburg?&#8220; _builder_version=&#8220;3.4.1&#8243;]<\/p>\n<h3>Was gibt es Neues in Luxemburg?<\/h3>\n<p>[\/et_pb_text][et_pb_text admin_label=&#8220;Text Archiv_2015&#8243; _builder_version=&#8220;3.11&#8243;]<\/p>\n<p class=\"bodytext\"><b><a class=\"internal-link\" title=\"\u00d6ffnet internen Link im aktuellen Fenster\" href=\"https:\/\/wonnebauer.de\/site\/grenzgaenger\/steuerninluxemburg\/\">Steuern in Luxemburg<\/a> 13.11.2015\u00a0 Telefonaktion des Trierischen Volksfreundes zum Arbeitsrecht<\/b><\/p>\n<p>Fragen zum\u00a0<b>luxemburger Arbeitsrecht\u00a0<\/b>werden<b>\u00a0am 18.11.2015\u00a0<\/b>in einer Telefonaktion des\u00a0<b>Trierischen Volksfreundes<\/b>\u00a0in Zusammenarbeit mit dem<b>\u00a0Deutschen Anwaltverein Luxemburg<\/b>\u00a0beantwortet<b>.\u00a0<a class=\"internal-link\" title=\"\u00d6ffnet internen Link im aktuellen Fenster\" href=\"https:\/\/wonnebauer.de\/site\/arbeitsrecht\/luxemburgerarbeitsrecht\/\">Mehr &#8230;<\/a><br \/>\n<\/b><\/p>\n<p><strong>2. November 2015\u00a0 Lohndaten werden seit 2015 automatisch nach Deutschland gemeldet<\/strong><\/p>\n<p><strong>Grenzg\u00e4nger<\/strong>\u00a0sollten sich \u00fcberlegen, ob sie eine\u00a0<b>Selbstanzeige<\/b>\u00a0erstatten sollten. Denn durch die\u00a0<b>automatische Meldung der Lohndaten nach Deutschland<\/b>\u00a0wird es f\u00fcr das Finanzamt viele neue Daten von bislang unbekannten Grenzg\u00e4ngern geben<b>. Diese gilt es auszuwerten.\u00a0<a class=\"internal-link\" title=\"\u00d6ffnet internen Link im aktuellen Fenster\" href=\"https:\/\/wonnebauer.de\/site\/grenzgaenger\/steuernindeutschland\/\">Mehr &#8230;<\/a><\/b><b><br \/>\n<\/b><\/p>\n<p class=\"bodytext\"><b>2. Oktober 2015 Zwangsgeldandrohungen durch Steuerb\u00fcro<\/b><\/p>\n<p>Das luxemburger Finanzamt (Steuerb\u00fcro) fordert s\u00e4umige Steuerpflichtige wieder auf, ihre\u00a0<b>Steuererkl\u00e4rungen<\/b>\u00a0abzugeben. Ein wenig Druck wird aufgebaut durch Zwangsgeld.\u00a0<a class=\"internal-link\" title=\"\u00d6ffnet internen Link im aktuellen Fenster\" href=\"https:\/\/wonnebauer.de\/site\/grenzgaenger\/steuerninluxemburg\/\"><b>Mehr &#8230;<\/b><\/a><br \/>\n<b><\/b><\/p>\n<p><b>7. September 2015 Seminare im Arbeitsrecht und Lohnsteuerrecht<\/b><\/p>\n<p>Aufgrund der<b>\u00a0gro\u00dfen Nachfrage\u00a0<\/b>einerseits und dem<b>\u00a0geringen Angebot<\/b>\u00a0andererseits<b>\u00a0bieten wir Seminare in deutsch\u00a0<\/b>zu den vorgenannten Themen an<b>. Zielgruppe sind Unternehmer und Personaler und Lohnbuchhalter.\u00a0<a class=\"internal-link\" title=\"\u00d6ffnet internen Link im aktuellen Fenster\" href=\"https:\/\/wonnebauer.de\/site\/seminare\/daskonzeptunddiegebuehren\/\">Mehr &#8230;\u00a0<\/a><\/b><\/p>\n<p><strong>3. September 2015<\/strong><\/p>\n<p>Probleme bei der Anerkennung luxemburger Steuerrechtsmodelle\u00a0Grenzg\u00e4nger m\u00fcssen immer kritisch sein, wenn ihnen in\u00a0<b>Luxemburg Steuervorteile\u00a0<\/b>f\u00fcr bestimmte Gestaltungen versprochen, sei es bei\u00a0<b>Versicherungen, Kapitalanlagen<\/b>\u00a0oder steuerfreien\u00a0<b>Lohnbestandteilen<\/b>. Gilt das denn auch f\u00fcr Grenzg\u00e4nger, sollte man sich fragen.<b>\u00a0<a class=\"internal-link\" title=\"\u00d6ffnet internen Link im aktuellen Fenster\" href=\"https:\/\/wonnebauer.de\/site\/grenzgaenger\/intunternehmensteuerrecht\/\">Mehr &#8230;<\/a><\/b><\/p>\n<p>Die Finanzverwaltung wird nun auch genauer hinschauen, ob in der luxemburger Niederlassung auch tats\u00e4chlich gearbeitet wird. Es gilt das\u00a0<b>Substanzprinzip<\/b>.<b>\u00a0<a class=\"internal-link\" title=\"\u00d6ffnet internen Link im aktuellen Fenster\" href=\"https:\/\/wonnebauer.de\/site\/grenzgaenger\/intunternehmensteuerrecht\/\">Mehr &#8230;\u00a0<\/a><\/b><\/p>\n<p>Das<b>\u00a0Finanzgerichtsverfahren in Luxemburg\u00a0<\/b>hat relevante\u00a0<b>Unterschiede\u00a0<\/b>zum\u00a0<b>deutschen Klageverfahren.<a class=\"internal-link\" title=\"\u00d6ffnet internen Link im aktuellen Fenster\" href=\"https:\/\/wonnebauer.de\/site\/steuerberatung\/steuerrechtlicheklage\/\">\u00a0Mehr &#8230;\u00a0<\/a><\/b><\/p>\n<p><strong>2. September 2015 Steuerfolgen bei Umzug in das Nachbarland<\/strong><\/p>\n<p>Manchesmal muss ein\u00a0<b>Umzug in ein anderes Land<\/b>\u00a0erfolgen. Die Gr\u00fcnde sind vielseitig. Dann \u00e4ndert sich die Besteuerung grundlegend. Kann man hier noch Weichen stellen, um Steuern zu sparen oder gibt es unver\u00e4nderliche Parameter?\u00a0<a class=\"internal-link\" title=\"\u00d6ffnet internen Link im aktuellen Fenster\" href=\"https:\/\/wonnebauer.de\/site\/erbeundvermoegen\/finanzplanung\/\"><b>Mehr ..<\/b><\/a>.<br \/>\n<b><\/b><\/p>\n<p><strong>31. August 2015 Sitzverlagerung oder Gr\u00fcndung in Luxemburg<\/strong><\/p>\n<p>Welche Gr\u00fcnde gibt es eigentlich, ein Unternehmen in Luxemburg zu gr\u00fcnden. Besonders hervorzuheben ist dabei die F\u00f6rderung von\u00a0<b>Softwareentwicklung<\/b>\u00a0mit sehr gro\u00dfen steuerlichen F\u00f6rderungen.\u00a0<b><a class=\"internal-link\" title=\"\u00d6ffnet internen Link im aktuellen Fenster\" href=\"https:\/\/wonnebauer.de\/site\/grenzgaenger\/intunternehmensteuerrecht\/\">Mehr &#8230;<br \/>\n<\/a><\/b><b><br \/>\n<\/b>Welche Regeln gelten f\u00fcr Expads? Es gibt Gemeinsamkeiten und Unterschiede zu den Regeln f\u00fcr Grenzg\u00e4nger.<b>\u00a0<a class=\"internal-link\" title=\"\u00d6ffnet internen Link im aktuellen Fenster\" href=\"https:\/\/wonnebauer.de\/site\/grenzgaenger\/steuerninluxemburg\/\">Mehr &#8230;\u00a0<\/a><\/b><\/p>\n<p><strong>7. August 2015 Stellenangebot<\/strong><\/p>\n<p>Wir suchen &#8230; Bitte beachten Sie unsere Jobangebote\u00a0<a class=\"internal-link\" title=\"\u00d6ffnet internen Link im aktuellen Fenster\" href=\"https:\/\/wonnebauer.de\/site\/home\/stellenangebot\/\">Mehr&#8230;<\/a><\/p>\n<p><strong>20. Juli 2015 Die Berechnung der 90%-Grenze<\/strong><\/p>\n<p>Grenzg\u00e4nger\u00a0k\u00f6nnen sich wie<b>\u00a0Ans\u00e4ssige\u00a0<\/b>behandeln lassen mit dem Vorteil, dass dann in der\u00a0<b>Steuererkl\u00e4rung<\/b>\u00a0auch Versicherungen und au\u00dfergew\u00f6hnliche Belastungen angesetzt werden k\u00f6nnen<b>.\u00a0<\/b>Derzeit besteht aber Unklarheit<b>, welche Eink\u00fcnfte\u00a0<\/b>zu ber\u00fccksichtigen sind<b>.\u00a0<a class=\"internal-link\" title=\"\u00d6ffnet internen Link im aktuellen Fenster\" href=\"https:\/\/wonnebauer.de\/site\/grenzgaenger\/steuerninluxemburg\/\">Mehr &#8230;\u00a0<\/a><\/b><\/p>\n<p><strong>15. Juli 2015\u00a0 Tagesseminar Lohnbuchhaltung in Luxemburg<\/strong><\/p>\n<p>Am 12. November 2015\u00a0findet ein Tagesseminar des EIC Trier zum Thema<b>\u00a0Lohnbuchhaltung in Luxemburg\u00a0<\/b>statt<b>.\u00a0<\/b>Das Seminar ist eine Kooperationsveranstaltung der\u00a0<b>Kanzlei Wonnebauer<\/b>\u00a0und der\u00a0<b>Softwarefirma Intec.\u00a0<a class=\"internal-link\" title=\"\u00d6ffnet internen Link im aktuellen Fenster\" href=\"https:\/\/wonnebauer.de\/site\/steuerberatung\/beratungfuerunternehmer\/\">Mehr &#8230;<\/a><\/b><\/p>\n<p><strong>22.6.2015 Bausparvertr\u00e4ge und Lebensversicherungen nicht vorzeitig k\u00fcndigen<\/strong><\/p>\n<p>Auch in Luxemburg setzt die<b>\u00a0steuerliche Beg\u00fcnstigung von Finanzvertr\u00e4gen<\/b>\u00a0die Einhaltung der\u00a0<b>Mindestlaufzeiten<\/b>voraus. Was passiert, wenn Vertr\u00e4ge vorzeitig gek\u00fcndigt werden?\u00a0<b><a class=\"internal-link\" title=\"\u00d6ffnet internen Link im aktuellen Fenster\" href=\"https:\/\/wonnebauer.de\/site\/grenzgaenger\/steuerninluxemburg\/\">Mehr &#8230;<\/a><\/b><\/p>\n<p><strong>12.5.2015 Was ist die Wahrheit im Arbeitsrechtsproze\u00df?<\/strong><\/p>\n<p>Jede Streitpartei ist fest davon \u00fcberzeugt, die\u00a0<b>Wahrheit<\/b>\u00a0zu sagen. Allerdings sind die Wahrheiten oft gegens\u00e4tzlich. Sonst w\u00e4re es ja nicht zu dem Streit gekommen.<b>\u00a0Was ist die Wahrheit?<a class=\"internal-link\" title=\"\u00d6ffnet internen Link im aktuellen Fenster\" href=\"https:\/\/wonnebauer.de\/site\/home\/maximenderkanzlei\/\">\u00a0Mehr &#8230;<\/a><\/b><\/p>\n<p><strong>5.6.2015 Strafverfahren gegen Grenzg\u00e4nger<\/strong><\/p>\n<p>Die \u00d6ffentlichkeit bekommt nicht viel davon mit, wenn Gerichte einmal \u00fcber Steuerhinterziehung urteilen. Der Trierische Volksfreund hatte in den letzten Wochen \u00fcber 2 F\u00e4lle berichtet.\u00a0<a class=\"internal-link\" title=\"\u00d6ffnet internen Link im aktuellen Fenster\" href=\"https:\/\/wonnebauer.de\/site\/steuerberatung\/selbstanzeigeundstrafrecht\/\"><b>Mehr &#8230;\u00a0<\/b><\/a><br \/>\n<b><\/b><\/p>\n<p><strong>4.6.2015 Reform bei den Familienleistungen<\/strong><\/p>\n<p>Seit dem 1. Juni sind die\u00a0<b>Erziehungszulage\u00a0<\/b>und\u00a0<b>die Mutterschaftszulage abgeschafft<\/b>. Es gelten \u00dcbergangsregelungen.<b><a class=\"internal-link\" title=\"\u00d6ffnet internen Link im aktuellen Fenster\" href=\"https:\/\/wonnebauer.de\/site\/erbeundvermoegen\/familieundkinder\/\">Mehr &#8230;<\/a><\/b><\/p>\n<p><strong>4.6.2015 Deutscher Anwaltverein Luxemburg gegr\u00fcndet<\/strong><\/p>\n<p>Am 12. Mai 2015 wurde in\u00a0<b>Luxemburg<\/b>\u00a0ein Auslandsverein des Deutschen Anwaltsvereins gegr\u00fcndet.\u00a0<b>Gr\u00fcndungsmitglied<\/b>\u00a0ist unter anderem Rechtsanwalt Wonnebauer.\u00a0<a class=\"internal-link\" title=\"\u00d6ffnet internen Link im aktuellen Fenster\" href=\"https:\/\/wonnebauer.de\/site\/home\/probono\/\"><b>Mehr&#8230;<\/b><\/a><br \/>\n<b><\/b><\/p>\n<p><strong>15.5.2015 Grenzg\u00e4nger m\u00fcssen Beweisvorsorge treffen gegen\u00fcber Finanzamt<\/strong><\/p>\n<p><b>Finanz\u00e4mter<\/b>\u00a0verlangen zwischenzeitlich verst\u00e4rkt, dass Grenzg\u00e4nger beweisen k\u00f6nnen, dass sie auch tats\u00e4chlich in Luxemburg arbeiten. Eine\u00a0<b>Dokumentation der Arbeitstage<\/b>\u00a0eigens f\u00fcr das Finanzamt ist also erforderlich. Da reibt sich so mancher ungl\u00e4ubig die Augen<b>.\u00a0<a class=\"internal-link\" title=\"\u00d6ffnet internen Link im aktuellen Fenster\" href=\"https:\/\/wonnebauer.de\/site\/grenzgaenger\/steuernindeutschland\/\">Mehr &#8230;<\/a><\/b><\/p>\n<p><strong>10.5.2015 Immer wieder Umgehungen des gesetzlichen Mindestlohnes<\/strong><\/p>\n<p>Trotz Existenz eines\u00a0<b>gesetzlichen Mindestlohnes f\u00fcr Qualifizierte,<\/b>\u00a0versuchen viele Arbeitgeber diesen nicht zu zahlen. Es ist erstaunlich, wie viele Arbeitnehmer sich das sogar gefallen lassen, sind doch die Verdienstm\u00f6glichkeiten trotz dieser Schikanen in Luxemburg immer noch h\u00f6her als in Deutschland.\u00a0\u00a0<b><a class=\"internal-link\" title=\"\u00d6ffnet internen Link im aktuellen Fenster\" href=\"https:\/\/wonnebauer.de\/site\/arbeitsrecht\/luxemburgerarbeitsrecht\/\">Mehr &#8230;\u00a0<\/a><\/b><\/p>\n<p><strong>28.4.2015 Die Luxemburger Junker-Rente kann auch f\u00fcr Grenzg\u00e4nger vorteilhaft sein<\/strong><\/p>\n<p>In<b>\u00a0Luxemburg\u00a0<\/b>wird eine<b>\u00a0private Rentenversicherung angeboten,\u00a0<\/b>die mit\u00a0<b>besonderen Steuervorteilen\u00a0<\/b>beworben wird. Auch Grenzg\u00e4nger werden oft auf diese Versicherung aufmerksam gemacht. Doch lohnt sie sich wirklich?\u00a0<b><a class=\"internal-link\" title=\"\u00d6ffnet internen Link im aktuellen Fenster\" href=\"https:\/\/wonnebauer.de\/site\/erbeundvermoegen\/vorsorgeundversicherungen\/\">Mehr &#8230;<\/a>\u00a0<\/b><br \/>\n<b><\/b><\/p>\n<p><strong>27.4.2015 Luxemburger Rentner in Frankreich mit deutschen Renten<\/strong><\/p>\n<p>Wo werden welche Renten besteuert? All dies ist derzeit im Umbruch. Das\u00a0<b>DBA-Frankreich<\/b>\u00a0wird sich in diesem Punkt zum 1.1.2016 grunds\u00e4tzlich \u00e4ndern.<b>\u00a0<a class=\"internal-link\" title=\"\u00d6ffnet internen Link im aktuellen Fenster\" href=\"https:\/\/wonnebauer.de\/site\/steuerberatung\/deutscherentnerinfrankreich\/\">Mehr &#8230;\u00a0<\/a><\/b><\/p>\n<p><strong>5.4.2015\u00a0 Insolvenz einer deutschen GmbH in Luxemburg<\/strong><\/p>\n<p>Grenzg\u00e4nger, die in Luxemburg bei einer\u00a0<b>deutschen GmbH<\/b>\u00a0angestellt sind, sollten besonders aufpassen, f\u00fcr wen sie arbeiten. Ansonsten kann es zu b\u00f6sen \u00dcberraschungen und l\u00e4stigen H\u00fcrden kommen<b>.\u00a0<a class=\"internal-link\" title=\"\u00d6ffnet internen Link im aktuellen Fenster\" href=\"https:\/\/wonnebauer.de\/site\/arbeitsrecht\/luxemburgerarbeitsrecht\/\">Mehr &#8230;<\/a><\/b><\/p>\n<p><strong>14.3.2015 Personalwesen und Lohnbuchhaltung f\u00fcr luxemburger Unternehmen<\/strong><\/p>\n<p>Die Kanzlei Wonnebauer bietet ab sofort auch\u00a0<b>Lohnbuchhaltung und Personalwesen<\/b>\u00a0als Beratungspaket f\u00fcr luxemburgische Unternehmen an. Viele Unternehmen verplempern hier sinnlos viel Geld<b>.\u00a0<a class=\"internal-link\" title=\"\u00d6ffnet internen Link im aktuellen Fenster\" href=\"https:\/\/wonnebauer.de\/site\/arbeitsrecht\/luxemburgerarbeitsrecht\/\">Mehr &#8230;<br \/>\n<\/a><\/b><\/p>\n<p><strong>15.2.2015 Neue Brosch\u00fcre des OGB-L zu Steuererkl\u00e4rungen<\/strong><\/p>\n<p>Der OGB-L wird im M\u00e4rz 2015 anl\u00e4\u00dflich seiner Generalversammlungen eine\u00a0<b>neue mehrseitige Brosch\u00fcre<\/b>\u00a0zum Thema\u00a0<b>Steuererkl\u00e4rung und Sozialrecht f\u00fcr Grenzg\u00e4nger<\/b>\u00a0herausbringen. Neben den Hinweisen zur\u00a0<b>Steuererkl\u00e4rung<\/b>\u00a0werden auch die Themen\u00a0<b>Rentner<\/b>\u00a0und\u00a0<b>Minijobs<\/b>\u00a0aufgegriffen. Autor ist wieder \u00fcberwiegend\u00a0<b>Rechtsanwalt Wonnebauer<\/b>. Verantwortlicher Redakteur und Mitautor ist\u00a0<b>Patrick Freichel<\/b>\u00a0vom OGB-L.\u00a0<a class=\"internal-link\" title=\"\u00d6ffnet internen Link im aktuellen Fenster\" href=\"https:\/\/wonnebauer.de\/site\/grenzgaenger\/steuerninluxemburg\/\"><b>Mehr &#8230;<\/b><\/a><\/p>\n<p>[\/et_pb_text][\/et_pb_column][et_pb_column type=&#8220;1_3&#8243;][et_pb_image admin_label=&#8220;Bild Wonnebauer_mit_sekretaerin_8269_360px&#8220; _builder_version=&#8220;3.4.1&#8243; src=&#8220;https:\/\/wonnebauer.de\/site\/wp-content\/uploads\/2018\/06\/Wonnebauer_mit_sekretaerin_8269_360px.jpg&#8220; \/][\/et_pb_column][\/et_pb_row][\/et_pb_section][et_pb_section bb_built=&#8220;1&#8243; custom_padding=&#8220;0px|0px|0px|0px&#8220; _builder_version=&#8220;3.0.64&#8243; prev_background_color=&#8220;#000000&#8243;][et_pb_row custom_padding=&#8220;0px|0px|0px|0px&#8220; _builder_version=&#8220;3.0.64&#8243; background_size=&#8220;initial&#8220; background_position=&#8220;top_left&#8220; background_repeat=&#8220;repeat&#8220;][et_pb_column type=&#8220;4_4&#8243;][et_pb_text admin_label=&#8220;Text Abstandshalter mit Leerzeilen&#8220; _builder_version=&#8220;3.0.64&#8243; custom_margin=&#8220;0px|0px|0px|0px&#8220; custom_padding=&#8220;0px|0px|10px|0px&#8220; background_layout=&#8220;light&#8220; text_orientation=&#8220;left&#8220; border_style=&#8220;solid&#8220;]<\/p>\n<p><span style=\"color: #ffffff;\">:<\/span><br \/>\n<span style=\"color: #ffffff;\">:<\/span><\/p>\n<p class=\"bodytext\">[\/et_pb_text][et_pb_text admin_label=&#8220;Text + Link Impressum Rechtsanwalt Stephan Wonnebauer&#8220; _builder_version=&#8220;3.0.64&#8243; background_layout=&#8220;light&#8220; text_orientation=&#8220;left&#8220; border_style=&#8220;solid&#8220; custom_padding=&#8220;||5px|&#8220;]<\/p>\n<p style=\"text-align: center;\"><span class=\"st\">\u00a9Rechtsanwalt Stephan Wonnebauer &#8211; <a href=\"https:\/\/wonnebauer.de\/site\/home\/impressum\/\">Impressum<\/a><br \/>\n<\/span><\/p>\n<p class=\"bodytext\">[\/et_pb_text][\/et_pb_column][\/et_pb_row][\/et_pb_section]<\/p>\n","protected":false},"excerpt":{"rendered":"<p>: : Archiv 2015 : : Was gibt es Neues in Luxemburg? Steuern in Luxemburg 13.11.2015\u00a0 Telefonaktion des Trierischen Volksfreundes zum Arbeitsrecht Fragen zum\u00a0luxemburger Arbeitsrecht\u00a0werden\u00a0am 18.11.2015\u00a0in einer Telefonaktion des\u00a0Trierischen Volksfreundes\u00a0in Zusammenarbeit mit dem\u00a0Deutschen Anwaltverein Luxemburg\u00a0beantwortet.\u00a0Mehr &#8230; 2. November 2015\u00a0 Lohndaten werden seit 2015 automatisch nach Deutschland gemeldet Grenzg\u00e4nger\u00a0sollten sich \u00fcberlegen, ob sie eine\u00a0Selbstanzeige\u00a0erstatten sollten. Denn [&hellip;]<\/p>\n","protected":false},"author":1,"featured_media":0,"parent":1796,"menu_order":18,"comment_status":"closed","ping_status":"closed","template":"","meta":{"_et_pb_use_builder":"on","_et_pb_old_content":"","_et_gb_content_width":"","footnotes":""},"class_list":["post-1798","page","type-page","status-publish","hentry"],"_links":{"self":[{"href":"https:\/\/wonnebauer.de\/site\/wp-json\/wp\/v2\/pages\/1798","targetHints":{"allow":["GET"]}}],"collection":[{"href":"https:\/\/wonnebauer.de\/site\/wp-json\/wp\/v2\/pages"}],"about":[{"href":"https:\/\/wonnebauer.de\/site\/wp-json\/wp\/v2\/types\/page"}],"author":[{"embeddable":true,"href":"https:\/\/wonnebauer.de\/site\/wp-json\/wp\/v2\/users\/1"}],"replies":[{"embeddable":true,"href":"https:\/\/wonnebauer.de\/site\/wp-json\/wp\/v2\/comments?post=1798"}],"version-history":[{"count":9,"href":"https:\/\/wonnebauer.de\/site\/wp-json\/wp\/v2\/pages\/1798\/revisions"}],"predecessor-version":[{"id":2595,"href":"https:\/\/wonnebauer.de\/site\/wp-json\/wp\/v2\/pages\/1798\/revisions\/2595"}],"up":[{"embeddable":true,"href":"https:\/\/wonnebauer.de\/site\/wp-json\/wp\/v2\/pages\/1796"}],"wp:attachment":[{"href":"https:\/\/wonnebauer.de\/site\/wp-json\/wp\/v2\/media?parent=1798"}],"curies":[{"name":"wp","href":"https:\/\/api.w.org\/{rel}","templated":true}]}}