{"id":1792,"date":"2018-05-27T17:31:20","date_gmt":"2018-05-27T15:31:20","guid":{"rendered":"https:\/\/wonnebauer.de\/site\/?page_id=1792"},"modified":"2023-01-10T01:30:53","modified_gmt":"2023-01-10T00:30:53","slug":"seminarezumsteuerrecht","status":"publish","type":"page","link":"https:\/\/wonnebauer.de\/site\/home\/seminare\/seminarezumsteuerrecht\/","title":{"rendered":"Seminare zum Steuerrecht"},"content":{"rendered":"<p>[et_pb_section fb_built=&#8220;1&#8243; admin_label=&#8220;Wilkommen Block 1&#8243; _builder_version=&#8220;4.16&#8243; custom_padding=&#8220;0px|0px|0px|&#8220; global_colors_info=&#8220;{}&#8220;][et_pb_row _builder_version=&#8220;4.16&#8243; global_colors_info=&#8220;{}&#8220; column_structure=&#8220;1_3,2_3&#8243;][et_pb_column type=&#8220;1_3&#8243; _builder_version=&#8220;4.16&#8243; background_position=&#8220;top_left&#8220; custom_padding=&#8220;0px|0px|0px|0px&#8220; global_colors_info=&#8220;{}&#8220; custom_padding__hover=&#8220;|||&#8220;][et_pb_text admin_label=&#8220;Text Abstandshalter&#8220; _builder_version=&#8220;4.16&#8243; custom_margin=&#8220;0px|0px|0px|0px&#8220; custom_padding=&#8220;0px|0px|0px|0px&#8220; global_colors_info=&#8220;{}&#8220;]<span style=\"color: #ffffff;\">:<\/span><br \/>\n<span style=\"color: #ffffff;\">:<\/span><br \/>\n[\/et_pb_text][et_pb_text admin_label=&#8220;Text Seminare zum Steuerrecht&#8220; _builder_version=&#8220;4.16&#8243; global_colors_info=&#8220;{}&#8220;]<\/p>\n<h3><span style=\"color: #91001f;\">Seminare zum Steuerrecht<\/span><\/h3>\n<p>[\/et_pb_text][\/et_pb_column][et_pb_column type=&#8220;2_3&#8243; _builder_version=&#8220;4.16&#8243; background_position=&#8220;top_left&#8220; custom_padding=&#8220;0px|0px|0px|&#8220; global_colors_info=&#8220;{}&#8220; custom_padding__hover=&#8220;|||&#8220;][et_pb_text admin_label=&#8220;Text Abstandshalter&#8220; _builder_version=&#8220;4.16&#8243; custom_margin=&#8220;0px|0px|0px|0px&#8220; custom_padding=&#8220;0px|0px|0px|0px&#8220; global_colors_info=&#8220;{}&#8220;]<span style=\"color: #ffffff;\">:<\/span><br \/>\n<span style=\"color: #ffffff;\">:<\/span><br \/>\n[\/et_pb_text][\/et_pb_column][\/et_pb_row][\/et_pb_section][et_pb_section fb_built=&#8220;1&#8243; admin_label=&#8220;Wilkommen Block 1&#8243; _builder_version=&#8220;4.16&#8243; custom_padding=&#8220;0px|0px|0px|&#8220; global_colors_info=&#8220;{}&#8220;][et_pb_row _builder_version=&#8220;4.16&#8243; global_colors_info=&#8220;{}&#8220; column_structure=&#8220;2_3,1_3&#8243;][et_pb_column type=&#8220;2_3&#8243; _builder_version=&#8220;4.16&#8243; background_position=&#8220;top_left&#8220; custom_padding=&#8220;0px|0px|0px|0px&#8220; global_colors_info=&#8220;{}&#8220; custom_padding__hover=&#8220;|||&#8220;][et_pb_text admin_label=&#8220;Text \u00dcberschrift Seminar zur Steuerreform 2017-2018&#8243; _builder_version=&#8220;4.16&#8243; global_colors_info=&#8220;{}&#8220;]<\/p>\n<h3 class=\"csc-firstHeader\">Seminar zur luxemburger Steuererkl\u00e4rung 2018<\/h3>\n<p>[\/et_pb_text][et_pb_text admin_label=&#8220;Text Seminar zur Steuerreform 2017-2018&#8243; _builder_version=&#8220;4.16&#8243; global_colors_info=&#8220;{}&#8220;]Das Seminar erl\u00e4utert anhand der neuen Formulare f\u00fcr 2018:<\/p>\n<p>&#8211; die Entwicklung des luxemburgischen Steuerrechts<br \/>\n&#8211; konkrete \u00c4nderungen 2017<br \/>\n&#8211;\u00a0<b>Rechenbeispiele<\/b>\u00a0\u00fcber die steuerlichen Auswirkungen f\u00fcr Grenzg\u00e4nger<br \/>\n&#8211; konkrete \u00c4nderungen 2018<br \/>\n&#8211; Rechenbeispiele 2018<br \/>\n&#8211; Sonstige Auswirkungen f\u00fcr Grenzg\u00e4nger\u00a0<b>au\u00dferhalb des Steuerrechts<\/b><br \/>\n&#8211; \u00dcberlegungen, wie die Steuererh\u00f6hungen 2018 eventuell gemildert werden k\u00f6nnen<br \/>\n[\/et_pb_text][\/et_pb_column][et_pb_column type=&#8220;1_3&#8243; _builder_version=&#8220;4.16&#8243; background_position=&#8220;top_left&#8220; custom_padding=&#8220;0px|0px|0px|&#8220; global_colors_info=&#8220;{}&#8220; custom_padding__hover=&#8220;|||&#8220;][et_pb_image src=&#8220;https:\/\/wonnebauer.de\/site\/wp-content\/uploads\/2018\/06\/Wonnebauer_gebaeude_mit_-lux_fahnen_und_emblem_P1020319.jpg&#8220; align_tablet=&#8220;center&#8220; align_last_edited=&#8220;on|desktop&#8220; admin_label=&#8220;Bild Wonnebauer_gebaeude_mit_ lux_fahnen_und_emblem_P1020319&#8243; _builder_version=&#8220;4.16&#8243; global_colors_info=&#8220;{}&#8220; align_phone=&#8220;center&#8220;][\/et_pb_image][\/et_pb_column][\/et_pb_row][et_pb_row _builder_version=&#8220;4.16&#8243; global_colors_info=&#8220;{}&#8220; column_structure=&#8220;2_3,1_3&#8243;][et_pb_column type=&#8220;2_3&#8243; _builder_version=&#8220;4.16&#8243; background_position=&#8220;top_left&#8220; custom_padding=&#8220;0px|0px|0px|0px&#8220; global_colors_info=&#8220;{}&#8220; custom_padding__hover=&#8220;|||&#8220;][et_pb_text admin_label=&#8220;Text Abstandshalter&#8220; _builder_version=&#8220;4.16&#8243; custom_margin=&#8220;0px|0px|0px|0px&#8220; custom_padding=&#8220;0px|0px|0px|0px&#8220; global_colors_info=&#8220;{}&#8220;]<span style=\"color: #ffffff;\">:<\/span><br \/>\n<span style=\"color: #ffffff;\">:<\/span><br \/>\n[\/et_pb_text][et_pb_text admin_label=&#8220;Text \u00dcberschrift Typische Fehler vermeiden &#8211; Kardinalfehler von Unternehmen mit Grenzg\u00e4ngerbezug&#8220; _builder_version=&#8220;4.16&#8243; global_colors_info=&#8220;{}&#8220;]<\/p>\n<div class=\"csc-header csc-header-n2\">\n<h3>Typische Fehler vermeiden &#8211; Kardinalfehler von Unternehmen mit Grenzg\u00e4ngerbezug<\/h3>\n<\/div>\n<p>[\/et_pb_text][et_pb_text admin_label=&#8220;Text Typische Fehler vermeiden &#8211; Kardinalfehler von Unternehmen mit Grenzg\u00e4ngerbezug&#8220; _builder_version=&#8220;4.16&#8243; global_colors_info=&#8220;{}&#8220;]<\/p>\n<p class=\"bodytext\"><b>Existenzgr\u00fcndung in Luxemburg<\/b>. Warum eigentlich?<\/p>\n<p>Viele Unternehmer haben kein Konzept erarbeitet, bevor sie in Luxemburg<br \/>\neine Niederlassung gr\u00fcnden.<\/p>\n<p>Dass dies keine blo\u00dfe Vermutung ist, beweisen die\u00a0<b>nicht enden wollenden<br \/>\nErmittlungs- und Steuerstrafverfahren.\u00a0<\/b><\/p>\n<p>Um in einem Bild zu bleiben: Die\u00a0<b>Trierer Steuerfahndung\u00a0<\/b>sitzt praktisch an<br \/>\neinem Fischweiher und braucht nur kurz die Angel hineinzuhalten.<br \/>\nSchwupp, hat sie wieder einen Fisch an der Angel.<\/p>\n<p>Dann ist der Jammer gro\u00df. Man h\u00e4tte ja von allem nichts gewu\u00dft, der Steuerberater<br \/>\nh\u00e4tte nichts gesagt, Rababer, Rababer.<\/p>\n<p>Warum sind eigentlich nur wenige Unternehmen in der Lage, die\u00a0<b>steuerliche Gestaltung<br \/>\nrichtig\u00a0<\/b>durchzuf\u00fchren? Sicherlich ist es auch der blanke Vorsatz zur Steuerhinterziehung,<br \/>\nwie die Praxis beweist.<\/p>\n<p>Es soll jedoch auch Unternehmen geben, die\u00a0<b>betriebswirtschaftlich einwandfrei funktionieren<br \/>\n<\/b>und verzweifelt nach Beratern suchen, die sie auf dem Weg nach Luxemburg begleiten &#8211; sie finden<br \/>\nallerdings keine kompetenten Berater. Kein Wunder. Denn es handelt sich um\u00a0<b>sehr schwierige und<br \/>\nkomplexe Materie<\/b>, die nicht mehr mit blo\u00dfer Buchhaltung und Bilanzierung zu l\u00f6sen ist.<\/p>\n<p><b>Internationales Steuerrecht<\/b>\u00a0und\u00a0<b>Doppelbesteuerungsabkommen<\/b>\u00a0beherrschen nur wenige Berater,<br \/>\nmeistens diejenigen, die Konzerne oder gro\u00dfe Mittelst\u00e4ndler beraten. Kleine Unternehmen, Freiberufler<br \/>\nund der normale Mittelstand scheuen oft die Kosten einer solchen Beratung.<br \/>\n<b>Das ist schon der erste Kardinalfehler.\u00a0<\/b><\/p>\n<p>Das Seminar erkl\u00e4rt die\u00a0<b>h\u00e4ufigsten Fehler<\/b>\u00a0und\u00a0<b>Mi\u00dfverst\u00e4ndisse<\/b>\u00a0und zeigt auf, wie man die steuerliche<br \/>\nGestaltung richtig aufbaut. Zudem werden die wichtigsten Grunds\u00e4tze zum Sozialversicherungsrecht und<br \/>\nArbeitsrecht aufgezeigt.<\/p>\n<p>Ein Muss-Seminar f\u00fcr jeden Unternehmer, der nicht unn\u00f6tig \u00c4rger mit dem Finanzamt haben will!<br \/>\n[\/et_pb_text][\/et_pb_column][et_pb_column type=&#8220;1_3&#8243; _builder_version=&#8220;4.16&#8243; background_position=&#8220;top_left&#8220; custom_padding=&#8220;0px|0px|0px|&#8220; global_colors_info=&#8220;{}&#8220; custom_padding__hover=&#8220;|||&#8220;][et_pb_text admin_label=&#8220;Text Abstandshalter&#8220; _builder_version=&#8220;4.16&#8243; custom_margin=&#8220;0px|0px|0px|0px&#8220; custom_padding=&#8220;0px|0px|0px|0px&#8220; global_colors_info=&#8220;{}&#8220;]<span style=\"color: #ffffff;\">:<\/span><br \/>\n<span style=\"color: #ffffff;\">:<\/span><br \/>\n[\/et_pb_text][et_pb_image src=&#8220;https:\/\/wonnebauer.de\/site\/wp-content\/uploads\/2018\/06\/Wonnebauer_istr_IMG_6567_240px.jpg&#8220; align_tablet=&#8220;center&#8220; align_last_edited=&#8220;on|desktop&#8220; admin_label=&#8220;Bild Wonnebauer_istr_IMG_6567_240px&#8220; _builder_version=&#8220;4.16&#8243; custom_margin=&#8220;||0px|&#8220; global_colors_info=&#8220;{}&#8220; align_phone=&#8220;center&#8220;][\/et_pb_image][\/et_pb_column][\/et_pb_row][et_pb_row _builder_version=&#8220;4.16&#8243; global_colors_info=&#8220;{}&#8220; column_structure=&#8220;2_3,1_3&#8243;][et_pb_column type=&#8220;2_3&#8243; _builder_version=&#8220;4.16&#8243; background_position=&#8220;top_left&#8220; custom_padding=&#8220;0px|0px|0px|0px&#8220; global_colors_info=&#8220;{}&#8220; custom_padding__hover=&#8220;|||&#8220;][et_pb_text admin_label=&#8220;Text Abstandshalter&#8220; _builder_version=&#8220;4.16&#8243; custom_margin=&#8220;0px|0px|0px|0px&#8220; custom_padding=&#8220;0px|0px|0px|0px&#8220; global_colors_info=&#8220;{}&#8220;]<span style=\"color: #ffffff;\">:<\/span><br \/>\n<span style=\"color: #ffffff;\">:<\/span><br \/>\n[\/et_pb_text][et_pb_text admin_label=&#8220;Text \u00dcberschrift Praktikerseminar mit Intec &#8211; Lohnaufteilung mit der Pay-in Software&#8220; _builder_version=&#8220;4.16&#8243; global_colors_info=&#8220;{}&#8220;]<\/p>\n<div class=\"csc-header csc-header-n2\">\n<h3>Praktikerseminar mit Intec &#8211; Lohnaufteilung mit der Pay-in Software<\/h3>\n<\/div>\n<p>[\/et_pb_text][et_pb_text admin_label=&#8220;Text Praktikerseminar mit Intec &#8211; Lohnaufteilung mit der Pay-in Software&#8220; _builder_version=&#8220;4.16&#8243; global_colors_info=&#8220;{}&#8220;]<\/p>\n<div id=\"c1145\" class=\"csc-default\">\n<div class=\"csc-textpic csc-textpic-intext-right\">\n<div class=\"csc-textpic-text\">\n<p class=\"bodytext\">Gemeinsam mit der\u00a0<a class=\"external-link-new-window\" title=\"\u00d6ffnet externen Link in neuem Fenster\" href=\"http:\/\/intecsoft.com\/de\/software\/pay-in\/\"><b>Softwarefirma Intec<\/b><\/a>\u00a0erkl\u00e4rt Rechtsanwalt Wonnebauer, wie die<br \/>\n<b>Gehaltsaufteilung gem\u00e4\u00df den Verst\u00e4ndigungsvereinbarungen<\/b>\u00a0richtig\u00a0 umgesetzt werden kann.<\/p>\n<p>Gerade f\u00fcr deutsche Grenzg\u00e4nger, die in mehreren Staaten arbeiten, muss das Gehalt richtig<br \/>\naufgeteilt werden. Der\u00a0<b>Arbeitgeber\u00a0<\/b>ist hierzu<b>\u00a0rechtlich verpflichtet<\/b>\u00a0und\u00a0<b>haftet\u00a0<\/b>auch f\u00fcr die Richtigkeit.<\/p>\n<p>Dies bedeutet konkret, dass ein Teil des Gehaltes von der<b>\u00a0luxemburger Steuer freizustellen<\/b>\u00a0ist.<br \/>\nBis letztes Jahr waren viele Softwares dazu gar nicht oder nicht richtig in der Lage.<\/p>\n<p>Denn die Parameter waren schlichtweg<b>\u00a0falsch programmiert<\/b>. Lohnbuchhalter sind verzweifelt.<\/p>\n<p>Gemeinsam mit Rechtsanwalt Wonnebauer und\u00a0<b>Thomas Greimers von Intec<\/b>\u00a0wurde hier eine<br \/>\ndetaillierte Software entwickelt, die die Rechtslage exakt abbildet.<\/p>\n<p>Lohnbuchhalter, die bislang an der Problematik verzweifelt sind, gehen befl\u00fcgelt aus diesem Seminar heraus.<\/p>\n<p>Das Seminar wird einmal im Jahr angeboten. Eine Mindestteilnehmerzahl ist hier erforderlich.<\/p>\n<\/div>\n<\/div>\n<\/div>\n<div id=\"c1114\" class=\"csc-default\">\n<div class=\"csc-header csc-header-n4\"><\/div>\n<\/div>\n<p>[\/et_pb_text][\/et_pb_column][et_pb_column type=&#8220;1_3&#8243; _builder_version=&#8220;4.16&#8243; background_position=&#8220;top_left&#8220; custom_padding=&#8220;0px|0px|0px|&#8220; global_colors_info=&#8220;{}&#8220; custom_padding__hover=&#8220;|||&#8220;][et_pb_text admin_label=&#8220;Text Abstandshalter&#8220; _builder_version=&#8220;4.16&#8243; custom_margin=&#8220;0px|0px|0px|0px&#8220; custom_padding=&#8220;0px|0px|0px|0px&#8220; global_colors_info=&#8220;{}&#8220;]<span style=\"color: #ffffff;\">:<\/span><br \/>\n<span style=\"color: #ffffff;\">:<\/span><br \/>\n[\/et_pb_text][et_pb_image src=&#8220;https:\/\/wonnebauer.de\/site\/wp-content\/uploads\/2018\/06\/Wonnebauer_lohnbuchhaltung_gestion_des_salaires.png&#8220; align_tablet=&#8220;center&#8220; align_last_edited=&#8220;on|desktop&#8220; admin_label=&#8220;Bild Wonnebauer_lohnbuchhaltung_gestion_des_salaires&#8220; _builder_version=&#8220;4.16&#8243; custom_margin=&#8220;||0px|&#8220; global_colors_info=&#8220;{}&#8220; align_phone=&#8220;center&#8220;][\/et_pb_image][\/et_pb_column][\/et_pb_row][et_pb_row _builder_version=&#8220;4.16&#8243; global_colors_info=&#8220;{}&#8220; column_structure=&#8220;2_3,1_3&#8243;][et_pb_column type=&#8220;2_3&#8243; _builder_version=&#8220;4.16&#8243; background_position=&#8220;top_left&#8220; custom_padding=&#8220;0px|0px|0px|0px&#8220; global_colors_info=&#8220;{}&#8220; custom_padding__hover=&#8220;|||&#8220;][et_pb_text admin_label=&#8220;Text Abstandshalter&#8220; _builder_version=&#8220;4.16&#8243; custom_margin=&#8220;0px|0px|0px|0px&#8220; custom_padding=&#8220;0px|0px|0px|0px&#8220; global_colors_info=&#8220;{}&#8220;]<span style=\"color: #ffffff;\">:<\/span><br \/>\n<span style=\"color: #ffffff;\">:<\/span><br \/>\n[\/et_pb_text][et_pb_text admin_label=&#8220;Text \u00dcberschrift Die Institutionen betreffend die Lohnbuchhaltung kennenlernen&#8220; _builder_version=&#8220;4.16&#8243; global_colors_info=&#8220;{}&#8220;]<\/p>\n<div class=\"csc-header csc-header-n2\">\n<h3>Die Institutionen betreffend die Lohnbuchhaltung kennenlernen<\/h3>\n<\/div>\n<p>[\/et_pb_text][et_pb_text admin_label=&#8220;Text Die Institutionen betreffend die Lohnbuchhaltung kennenlernen&#8220; _builder_version=&#8220;4.16&#8243; global_colors_info=&#8220;{}&#8220;]<b>Mitarbeiter<\/b>, die sich in die Lohnbuchhaltung einarbeiten sollen, m\u00fcssen zuerst einmal<br \/>\ndas Zusammenspiel der\u00a0<b>verschiedenen Institutionen<\/b>\u00a0verstehen.<\/p>\n<p>Was ist die\u00a0<b>CCSS<\/b>\u00a0und was macht die<b>\u00a0CNS<\/b>? Welche Aufgabe hat die<b>\u00a0ITM<\/b>? Sicherlich kann man<br \/>\nsich einiges Wissen ergoogeln. Letztlich bleibt doch immer eine gro\u00dfe Unsicherheit, ob man<br \/>\ndas auch alles richtig verstanden hat.<\/p>\n<p>Das Seminar hilft dazu, hier Sicherheit zu gewinnen.<\/p>\n<p>Am Ende des Seminars hat jeder Teilnehmer Durchblick, denn er wei\u00df wie man die<br \/>\nentsprechenden\u00a0<b>Internetseiten der Beh\u00f6rden<\/b>\u00a0nutzen kann.<br \/>\n[\/et_pb_text][\/et_pb_column][et_pb_column type=&#8220;1_3&#8243; _builder_version=&#8220;4.16&#8243; background_position=&#8220;top_left&#8220; custom_padding=&#8220;0px|0px|0px|&#8220; global_colors_info=&#8220;{}&#8220; custom_padding__hover=&#8220;|||&#8220;][et_pb_text admin_label=&#8220;Text Abstandshalter&#8220; _builder_version=&#8220;4.16&#8243; custom_margin=&#8220;0px|0px|0px|0px&#8220; custom_padding=&#8220;0px|0px|0px|0px&#8220; global_colors_info=&#8220;{}&#8220;]<span style=\"color: #ffffff;\">:<\/span><br \/>\n<span style=\"color: #ffffff;\">:<\/span><br \/>\n[\/et_pb_text][\/et_pb_column][\/et_pb_row][et_pb_row _builder_version=&#8220;4.16&#8243; global_colors_info=&#8220;{}&#8220; column_structure=&#8220;2_3,1_3&#8243;][et_pb_column type=&#8220;2_3&#8243; _builder_version=&#8220;4.16&#8243; background_position=&#8220;top_left&#8220; custom_padding=&#8220;0px|0px|0px|0px&#8220; global_colors_info=&#8220;{}&#8220; custom_padding__hover=&#8220;|||&#8220;][et_pb_text admin_label=&#8220;Text Abstandshalter&#8220; _builder_version=&#8220;4.16&#8243; custom_margin=&#8220;0px|0px|0px|0px&#8220; custom_padding=&#8220;0px|0px|0px|0px&#8220; global_colors_info=&#8220;{}&#8220;]<span style=\"color: #ffffff;\">:<\/span><br \/>\n<span style=\"color: #ffffff;\">:<\/span><br \/>\n[\/et_pb_text][et_pb_text admin_label=&#8220;Text \u00dcberschrift Circulaires zu den Sachzuwendungen&#8220; _builder_version=&#8220;4.16&#8243; global_colors_info=&#8220;{}&#8220;]<\/p>\n<div class=\"csc-header csc-header-n2\">\n<h3>Circulaires zu den Sachzuwendungen<\/h3>\n<\/div>\n<p>[\/et_pb_text][et_pb_text admin_label=&#8220;Text Circulaires zu den Sachzuwendungen&#8220; _builder_version=&#8220;4.16&#8243; global_colors_info=&#8220;{}&#8220;]Die Details der\u00a0<b>Lohnbuchhaltung<\/b>\u00a0kann man nicht aus Gesetz ablesen.<br \/>\nEinzelheiten sind jedoch in den Anweisungen f\u00fcr die Finanzverwaltung enthalten, den\u00a0<b>Circulaires<\/b>.<br \/>\nDiese sind in franz\u00f6sischer Sprache verfasst. Deusche \u00dcbersetzungen gibt es nicht.<\/p>\n<p>Die Seminare vermitteln den Inhalt. Die Teilnehmer erhalten dazu eine deutsche \u00dcbersetzung,<br \/>\ndie Rechtsanwalt Wonnebauer selbst erarbeitet ha<b>t. Das Circulaire wird durchgearbeitet<\/b>.<\/p>\n<p>Am Ende haben die Teilnehmer die Sicherheit, diese Sachzuwendungen richtig anzuwenden.<\/p>\n<p>Wegen des gro\u00dfen Umfanges der Materie werden immer nur\u00a0<b>3\u00a0 Circulaires<\/b>\u00a0in einem\u00a0 Seminar behandelt.<\/p>\n<p>Themen sind normalerweise:<br \/>\n&#8211; Dienstwagenbesteuerung<br \/>\n&#8211; Essensschecks<br \/>\n&#8211; Besch\u00e4ftigung von internationalen Mitarbeitern<\/p>\n<p>Wenn Zeit bleibt au\u00dferdem noch:<br \/>\n&#8211; Reisekosten<br \/>\n&#8211; Welche Sachzuwendungen kann man steuerfrei zuwenden?<br \/>\n[\/et_pb_text][\/et_pb_column][et_pb_column type=&#8220;1_3&#8243; _builder_version=&#8220;4.16&#8243; background_position=&#8220;top_left&#8220; custom_padding=&#8220;0px|0px|0px|&#8220; global_colors_info=&#8220;{}&#8220; custom_padding__hover=&#8220;|||&#8220;][et_pb_text admin_label=&#8220;Text Abstandshalter&#8220; _builder_version=&#8220;4.16&#8243; custom_margin=&#8220;0px|0px|0px|0px&#8220; custom_padding=&#8220;0px|0px|0px|0px&#8220; global_colors_info=&#8220;{}&#8220;]<span style=\"color: #ffffff;\">:<\/span><br \/>\n<span style=\"color: #ffffff;\">:<\/span><br \/>\n[\/et_pb_text][et_pb_image src=&#8220;https:\/\/wonnebauer.de\/site\/wp-content\/uploads\/2018\/06\/Wonnebauer_isr_IMG_6572_240px.jpg&#8220; align_tablet=&#8220;center&#8220; align_last_edited=&#8220;on|desktop&#8220; admin_label=&#8220;Bild Wonnebauer_isr_IMG_6572_240px&#8220; _builder_version=&#8220;4.16&#8243; custom_margin=&#8220;||0px|&#8220; global_colors_info=&#8220;{}&#8220; align_phone=&#8220;center&#8220;][\/et_pb_image][\/et_pb_column][\/et_pb_row][et_pb_row _builder_version=&#8220;4.16&#8243; global_colors_info=&#8220;{}&#8220; column_structure=&#8220;2_3,1_3&#8243;][et_pb_column type=&#8220;2_3&#8243; _builder_version=&#8220;4.16&#8243; background_position=&#8220;top_left&#8220; custom_padding=&#8220;0px|0px|0px|0px&#8220; global_colors_info=&#8220;{}&#8220; custom_padding__hover=&#8220;|||&#8220;][et_pb_text admin_label=&#8220;Text Abstandshalter&#8220; _builder_version=&#8220;4.16&#8243; custom_margin=&#8220;0px|0px|0px|0px&#8220; custom_padding=&#8220;0px|0px|0px|0px&#8220; global_colors_info=&#8220;{}&#8220;]<span style=\"color: #ffffff;\">:<\/span><br \/>\n<span style=\"color: #ffffff;\">:<\/span><br \/>\n[\/et_pb_text][et_pb_text admin_label=&#8220;Text \u00dcberschrift Besteuerung der Grenzg\u00e4nger&#8220; _builder_version=&#8220;4.16&#8243; global_colors_info=&#8220;{}&#8220;]<\/p>\n<div class=\"csc-header csc-header-n2\">\n<h3>Die 3 Verst\u00e4ndigungsvereinbarungen &#8211; Was bei der deutschen Steuererkl\u00e4rung zu beachten ist !<\/h3>\n<\/div>\n<p>[\/et_pb_text][et_pb_text admin_label=&#8220;Text Besteuerung der Grenzg\u00e4nger&#8220; _builder_version=&#8220;4.16&#8243; global_colors_info=&#8220;{}&#8220;]<\/p>\n<p class=\"bodytext\">In dem Seminar werden die\u00a0<b>drei Verst\u00e4ndigungsvereinbarungen\u00a0<\/b>erl\u00e4utert.<\/p>\n<p>Bei deutschen Grenzg\u00e4nger hat eine Lohnsplittung und Steuerfreistellung f\u00fcr Lohnanteile stattzufinden,<br \/>\ndie in Deutschland zu versteuern sind.<\/p>\n<p>Themen:<\/p>\n<p class=\"bodytext\">183-Tage-Regel<br \/>\n19-Tage-Regel &#8211; wann findet sie Anwendung &#8211; wann nicht<br \/>\nMehrheitsgesellschafter<br \/>\nAbfindungen<br \/>\nFreistellungsphase<br \/>\nBoni<br \/>\nRufbereitschaft<br \/>\nHomeoffice<br \/>\nErh\u00f6hte Mitwirkungspflichten bei Auslandssachverhalten<\/p>\n<p>[\/et_pb_text][\/et_pb_column][et_pb_column type=&#8220;1_3&#8243; _builder_version=&#8220;4.16&#8243; background_position=&#8220;top_left&#8220; custom_padding=&#8220;0px|0px|0px|&#8220; global_colors_info=&#8220;{}&#8220; custom_padding__hover=&#8220;|||&#8220;][et_pb_text admin_label=&#8220;Text Abstandshalter&#8220; _builder_version=&#8220;4.16&#8243; custom_margin=&#8220;0px|0px|0px|0px&#8220; custom_padding=&#8220;0px|0px|0px|0px&#8220; global_colors_info=&#8220;{}&#8220;]<span style=\"color: #ffffff;\">:<\/span><br \/>\n<span style=\"color: #ffffff;\">:<\/span><br \/>\n[\/et_pb_text][et_pb_image src=&#8220;https:\/\/wonnebauer.de\/site\/wp-content\/uploads\/2018\/06\/Wonnebauer_schilder_lux_trier_DSC01342_001.jpg&#8220; align_tablet=&#8220;center&#8220; align_last_edited=&#8220;on|desktop&#8220; admin_label=&#8220;Bild Wonnebauer_schilder_lux_trier_DSC01342_001&#8243; _builder_version=&#8220;4.16&#8243; custom_margin=&#8220;||0px|&#8220; global_colors_info=&#8220;{}&#8220; align_phone=&#8220;center&#8220;][\/et_pb_image][\/et_pb_column][\/et_pb_row][et_pb_row _builder_version=&#8220;4.16&#8243; global_colors_info=&#8220;{}&#8220; column_structure=&#8220;2_3,1_3&#8243;][et_pb_column type=&#8220;2_3&#8243; _builder_version=&#8220;4.16&#8243; background_position=&#8220;top_left&#8220; custom_padding=&#8220;0px|0px|0px|0px&#8220; global_colors_info=&#8220;{}&#8220; custom_padding__hover=&#8220;|||&#8220;][et_pb_text admin_label=&#8220;Text Abstandshalter&#8220; _builder_version=&#8220;4.16&#8243; custom_margin=&#8220;0px|0px|0px|0px&#8220; custom_padding=&#8220;0px|0px|0px|0px&#8220; global_colors_info=&#8220;{}&#8220;]<span style=\"color: #ffffff;\">:<\/span><br \/>\n<span style=\"color: #ffffff;\">:<\/span><br \/>\n[\/et_pb_text][et_pb_text admin_label=&#8220;Text \u00dcberschrift Besch\u00e4ftigung in zwei Staaten &#8211; In welchem Staat ist man versichert?&#8220; _builder_version=&#8220;4.16&#8243; global_colors_info=&#8220;{}&#8220;]<\/p>\n<div class=\"csc-header csc-header-n2\">\n<h3>Besch\u00e4ftigung in zwei Staaten &#8211; In welchem Staat ist man versichert?<\/h3>\n<\/div>\n<p>[\/et_pb_text][et_pb_text admin_label=&#8220;Text Besch\u00e4ftigung in zwei Staaten &#8211; In welchem Staat ist man versichert?&#8220; _builder_version=&#8220;4.16&#8243; global_colors_info=&#8220;{}&#8220;]<\/p>\n<p class=\"bodytext\">Entsendung und Mehrfachbesch\u00e4ftigung.<\/p>\n<p>Folgende Themen werden in dem Seminar behandelt:<\/p>\n<p>Angestellte,<\/p>\n<p>&#8211; werden f\u00fcr bestimte Zeitr\u00e4ume\u00a0<b>entsendet<\/b>.<br \/>\n&#8211; arbeiten\u00a0<b>au\u00dferhalb Luxemburgs<\/b><br \/>\n&#8211; arbeiten bei\u00a0<b>2 Arbeitgebern<\/b><br \/>\n&#8211; sind\u00a0<b>angestellt und selbst\u00e4ndig<\/b>\u00a0t\u00e4tig<\/p>\n<p>Wo ist die\u00a0<b>Sozialversicherung<\/b>\u00a0zu zahlen? Wie l\u00e4uft das Verfahren?<\/p>\n<p>Die Rechtsgrundlagen befinden sich in der<b>\u00a0EU-Verordnung 883\/04<\/b>.<\/p>\n<p>Wie erfolgt die Besteuerung?<\/p>\n<p>Welches Arbeitsrecht gilt?<br \/>\n[\/et_pb_text][\/et_pb_column][et_pb_column type=&#8220;1_3&#8243; _builder_version=&#8220;4.16&#8243; background_position=&#8220;top_left&#8220; custom_padding=&#8220;0px|0px|0px|&#8220; global_colors_info=&#8220;{}&#8220; custom_padding__hover=&#8220;|||&#8220;][et_pb_text admin_label=&#8220;Text Abstandshalter&#8220; _builder_version=&#8220;4.16&#8243; custom_margin=&#8220;0px|0px|0px|0px&#8220; custom_padding=&#8220;0px|0px|0px|0px&#8220; global_colors_info=&#8220;{}&#8220;]<span style=\"color: #ffffff;\">:<\/span><br \/>\n<span style=\"color: #ffffff;\">:<\/span><br \/>\n[\/et_pb_text][\/et_pb_column][\/et_pb_row][\/et_pb_section][et_pb_section fb_built=&#8220;1&#8243; _builder_version=&#8220;4.16&#8243; custom_padding=&#8220;0px|0px|0px|0px&#8220; global_colors_info=&#8220;{}&#8220;][et_pb_row _builder_version=&#8220;4.16&#8243; background_size=&#8220;initial&#8220; background_position=&#8220;top_left&#8220; background_repeat=&#8220;repeat&#8220; custom_padding=&#8220;0px|0px|0px|0px&#8220; global_colors_info=&#8220;{}&#8220;][et_pb_column type=&#8220;4_4&#8243; _builder_version=&#8220;4.16&#8243; custom_padding=&#8220;|||&#8220; global_colors_info=&#8220;{}&#8220; custom_padding__hover=&#8220;|||&#8220;][et_pb_text admin_label=&#8220;Text Abstandshalter mit Leerzeilen&#8220; _builder_version=&#8220;4.16&#8243; custom_margin=&#8220;0px|0px|0px|0px&#8220; custom_padding=&#8220;0px|0px|10px|0px&#8220; border_style=&#8220;solid&#8220; global_colors_info=&#8220;{}&#8220;]<span style=\"color: #ffffff;\">:<\/span><br \/>\n<span style=\"color: #ffffff;\">:<\/span><br \/>\n[\/et_pb_text][et_pb_text admin_label=&#8220;Text + Link Impressum Rechtsanwalt Stephan Wonnebauer&#8220; _builder_version=&#8220;4.16&#8243; custom_padding=&#8220;||5px|&#8220; border_style=&#8220;solid&#8220; global_colors_info=&#8220;{}&#8220;]<\/p>\n<p style=\"text-align: center;\"><span class=\"st\">\u00a9Rechtsanwalt Stephan Wonnebauer &#8211; <a href=\"https:\/\/wonnebauer.de\/site\/home\/impressum\/\">Impressum<\/a><br \/>\n<\/span><\/p>\n<p>[\/et_pb_text][\/et_pb_column][\/et_pb_row][\/et_pb_section]<\/p>\n","protected":false},"excerpt":{"rendered":"<p>: : Seminare zum Steuerrecht : : Seminar zur luxemburger Steuererkl\u00e4rung 2018 Das Seminar erl\u00e4utert anhand der neuen Formulare f\u00fcr 2018: &#8211; die Entwicklung des luxemburgischen Steuerrechts &#8211; konkrete \u00c4nderungen 2017 &#8211;\u00a0Rechenbeispiele\u00a0\u00fcber die steuerlichen Auswirkungen f\u00fcr Grenzg\u00e4nger &#8211; konkrete \u00c4nderungen 2018 &#8211; Rechenbeispiele 2018 &#8211; Sonstige Auswirkungen f\u00fcr Grenzg\u00e4nger\u00a0au\u00dferhalb des Steuerrechts &#8211; \u00dcberlegungen, wie die [&hellip;]<\/p>\n","protected":false},"author":1,"featured_media":0,"parent":5332,"menu_order":6,"comment_status":"closed","ping_status":"closed","template":"","meta":{"_et_pb_use_builder":"on","_et_pb_old_content":"","_et_gb_content_width":"","footnotes":""},"class_list":["post-1792","page","type-page","status-publish","hentry"],"_links":{"self":[{"href":"https:\/\/wonnebauer.de\/site\/wp-json\/wp\/v2\/pages\/1792","targetHints":{"allow":["GET"]}}],"collection":[{"href":"https:\/\/wonnebauer.de\/site\/wp-json\/wp\/v2\/pages"}],"about":[{"href":"https:\/\/wonnebauer.de\/site\/wp-json\/wp\/v2\/types\/page"}],"author":[{"embeddable":true,"href":"https:\/\/wonnebauer.de\/site\/wp-json\/wp\/v2\/users\/1"}],"replies":[{"embeddable":true,"href":"https:\/\/wonnebauer.de\/site\/wp-json\/wp\/v2\/comments?post=1792"}],"version-history":[{"count":10,"href":"https:\/\/wonnebauer.de\/site\/wp-json\/wp\/v2\/pages\/1792\/revisions"}],"predecessor-version":[{"id":5226,"href":"https:\/\/wonnebauer.de\/site\/wp-json\/wp\/v2\/pages\/1792\/revisions\/5226"}],"up":[{"embeddable":true,"href":"https:\/\/wonnebauer.de\/site\/wp-json\/wp\/v2\/pages\/5332"}],"wp:attachment":[{"href":"https:\/\/wonnebauer.de\/site\/wp-json\/wp\/v2\/media?parent=1792"}],"curies":[{"name":"wp","href":"https:\/\/api.w.org\/{rel}","templated":true}]}}