{"id":1790,"date":"2018-05-27T17:30:12","date_gmt":"2018-05-27T15:30:12","guid":{"rendered":"https:\/\/wonnebauer.de\/site\/?page_id=1790"},"modified":"2023-01-10T01:31:07","modified_gmt":"2023-01-10T00:31:07","slug":"seminarezumarbeitsrecht","status":"publish","type":"page","link":"https:\/\/wonnebauer.de\/site\/home\/seminare\/seminarezumarbeitsrecht\/","title":{"rendered":"Seminare zum Arbeitsrecht"},"content":{"rendered":"<p>[et_pb_section fb_built=&#8220;1&#8243; admin_label=&#8220;Wilkommen Block 1&#8243; _builder_version=&#8220;4.16&#8243; custom_padding=&#8220;0px|0px|0px|&#8220; global_colors_info=&#8220;{}&#8220;][et_pb_row column_structure=&#8220;1_3,2_3&#8243; _builder_version=&#8220;4.16&#8243; global_colors_info=&#8220;{}&#8220;][et_pb_column type=&#8220;1_3&#8243; _builder_version=&#8220;4.16&#8243; background_position=&#8220;top_left&#8220; custom_padding=&#8220;0px|0px|0px|0px&#8220; global_colors_info=&#8220;{}&#8220; custom_padding__hover=&#8220;|||&#8220;][et_pb_text admin_label=&#8220;Text Abstandshalter&#8220; _builder_version=&#8220;4.16&#8243; custom_margin=&#8220;0px|0px|0px|0px&#8220; custom_padding=&#8220;0px|0px|0px|0px&#8220; global_colors_info=&#8220;{}&#8220;]<span style=\"color: #ffffff;\">:<\/span><br \/>\n<span style=\"color: #ffffff;\">:<\/span><br \/>\n[\/et_pb_text][et_pb_text admin_label=&#8220;Text Seminare zum Arbeitsrecht&#8220; _builder_version=&#8220;4.16&#8243; global_colors_info=&#8220;{}&#8220;]<\/p>\n<h3><span style=\"color: #91001f;\">Seminare zum Arbeitsrecht<\/span><\/h3>\n<p>[\/et_pb_text][\/et_pb_column][et_pb_column type=&#8220;2_3&#8243; _builder_version=&#8220;4.16&#8243; background_position=&#8220;top_left&#8220; custom_padding=&#8220;0px|0px|0px|&#8220; global_colors_info=&#8220;{}&#8220; custom_padding__hover=&#8220;|||&#8220;][et_pb_text admin_label=&#8220;Text Abstandshalter&#8220; _builder_version=&#8220;4.16&#8243; custom_margin=&#8220;0px|0px|0px|0px&#8220; custom_padding=&#8220;0px|0px|0px|0px&#8220; global_colors_info=&#8220;{}&#8220;]<span style=\"color: #ffffff;\">:<\/span><br \/>\n<span style=\"color: #ffffff;\">:<\/span><br \/>\n[\/et_pb_text][\/et_pb_column][\/et_pb_row][\/et_pb_section][et_pb_section fb_built=&#8220;1&#8243; admin_label=&#8220;Wilkommen Block 1&#8243; _builder_version=&#8220;4.16&#8243; custom_padding=&#8220;0px|0px|0px|&#8220; global_colors_info=&#8220;{}&#8220;][et_pb_row column_structure=&#8220;2_3,1_3&#8243; _builder_version=&#8220;4.16&#8243; global_colors_info=&#8220;{}&#8220;][et_pb_column type=&#8220;2_3&#8243; _builder_version=&#8220;4.16&#8243; background_position=&#8220;top_left&#8220; custom_padding=&#8220;0px|0px|0px|0px&#8220; global_colors_info=&#8220;{}&#8220; custom_padding__hover=&#8220;|||&#8220;][et_pb_text admin_label=&#8220;Text \u00dcberschrift Der luxemburgische Arbeitsvertrag&#8220; _builder_version=&#8220;4.16&#8243; global_colors_info=&#8220;{}&#8220;]<\/p>\n<h3 class=\"csc-firstHeader\">Der luxemburgische Arbeitsvertrag<\/h3>\n<p>[\/et_pb_text][et_pb_text admin_label=&#8220;Text Der luxemburgische Arbeitsvertrag&#8220; _builder_version=&#8220;4.16&#8243; global_colors_info=&#8220;{}&#8220;]<b>Arbeitsvertr\u00e4ge<\/b>\u00a0nach luxemburger Recht beinhalten einige grundlegende Unterschiede<br \/>\nzum deutschen Recht. Die Teilnehmer sollen in ihrem Beruf\u00a0<b>Vertr\u00e4ge vorbereiten<\/b>\u00a0oder<br \/>\nzumindest<b>\u00a0f\u00fcr Zwecke der Lohnbuchhaltung<\/b>verstehen k\u00f6nnen.<\/p>\n<p>In dem Seminar wird ein\u00a0<b>Musterarbeitsvertrag<\/b>\u00a0besprochen und erl\u00e4utert. Dabei wird ein<br \/>\nSpaziergang durch das luxemburger Arbeitsrecht unternommen. Erw\u00e4hnt werden auch die<br \/>\nsteuerlichen Aspekte bei grenz\u00fcberschreitender T\u00e4tigkeit sowie die Analogie im Sozialversicherungsrecht.<\/p>\n<p>Welche Punkte sind f\u00fcr das Personalwesen wichtig?<br \/>\nDen Seminarteilnehmern werden\u00a0<b>Formulierungsalternativen<\/b>\u00a0erl\u00e4utert.<br \/>\n[\/et_pb_text][\/et_pb_column][et_pb_column type=&#8220;1_3&#8243; _builder_version=&#8220;4.16&#8243; background_position=&#8220;top_left&#8220; custom_padding=&#8220;0px|0px|0px|&#8220; global_colors_info=&#8220;{}&#8220; custom_padding__hover=&#8220;|||&#8220;][et_pb_image src=&#8220;https:\/\/wonnebauer.de\/site\/wp-content\/uploads\/2018\/06\/Wonnebauer_gebaeude_palast_IMG_2749.jpg&#8220; align_tablet=&#8220;center&#8220; align_phone=&#8220;center&#8220; align_last_edited=&#8220;on|desktop&#8220; admin_label=&#8220;Bild Wonnebauer_gebaeude_palast_IMG_2749&#8243; _builder_version=&#8220;4.16&#8243; global_colors_info=&#8220;{}&#8220;][\/et_pb_image][\/et_pb_column][\/et_pb_row][et_pb_row column_structure=&#8220;2_3,1_3&#8243; _builder_version=&#8220;4.16&#8243; global_colors_info=&#8220;{}&#8220;][et_pb_column type=&#8220;2_3&#8243; _builder_version=&#8220;4.16&#8243; background_position=&#8220;top_left&#8220; custom_padding=&#8220;0px|0px|0px|0px&#8220; global_colors_info=&#8220;{}&#8220; custom_padding__hover=&#8220;|||&#8220;][et_pb_text admin_label=&#8220;Text Abstandshalter&#8220; _builder_version=&#8220;4.16&#8243; custom_margin=&#8220;0px|0px|0px|0px&#8220; custom_padding=&#8220;0px|0px|0px|0px&#8220; global_colors_info=&#8220;{}&#8220;]<span style=\"color: #ffffff;\">:<\/span><br \/>\n<span style=\"color: #ffffff;\">:<\/span><br \/>\n[\/et_pb_text][et_pb_text admin_label=&#8220;Text \u00dcberschrift Begr\u00fcndung von K\u00fcndigungen&#8220; _builder_version=&#8220;4.16&#8243; global_colors_info=&#8220;{}&#8220;]<\/p>\n<div class=\"csc-header csc-header-n2\">\n<h3>Begr\u00fcndung von K\u00fcndigungen<\/h3>\n<\/div>\n<p>[\/et_pb_text][et_pb_text admin_label=&#8220;Text Begr\u00fcndung von K\u00fcndigungen&#8220; _builder_version=&#8220;4.16&#8243; global_colors_info=&#8220;{}&#8220;]In Luxemburg hat die\u00a0<b>Formulierung von K\u00fcndigungsgr\u00fcnden<\/b>\u00a0eine besondere Bedeutung.<\/p>\n<p>Werden sie nicht\u00a0<b>fristgem\u00e4\u00df\u00a0<\/b>vorgebracht, muss der Arbeitgeber schon aus diesem Grunde<br \/>\nSchadenersatz zahlen. Gr\u00fcnde k\u00f6nnen vor Gericht auch nicht mehr nachgetragen werden.<br \/>\nDie schriftlichen K\u00fcndigungsgr\u00fcnde sind also abschlie\u00dfend.<br \/>\nDarum sollte der Personalverantwortliche genau wissen, was zu tun ist.<\/p>\n<p>Wir erl\u00e4utern die g\u00e4ngige Rechtsprechung zu den\u00a0<b>verhaltensbedingten<\/b>\u00a0und<b>betrieblichen\u00a0<\/b>K\u00fcndigungen.<\/p>\n<p>In dem Seminar werden den Teilnehmern\u00a0<b>Formulierungsvorschl\u00e4ge<\/b>\u00a0anhand echter Praxisf\u00e4lle genannt.<\/p>\n<p>Das Seminar basiert auf der\u00a0<b>luxemburger Rechtsprechung im Arbeitsrecht<\/b>.<br \/>\n[\/et_pb_text][\/et_pb_column][et_pb_column type=&#8220;1_3&#8243; _builder_version=&#8220;4.16&#8243; background_position=&#8220;top_left&#8220; custom_padding=&#8220;0px|0px|0px|&#8220; global_colors_info=&#8220;{}&#8220; custom_padding__hover=&#8220;|||&#8220;][et_pb_text admin_label=&#8220;Text Abstandshalter&#8220; _builder_version=&#8220;4.16&#8243; custom_margin=&#8220;0px|0px|0px|0px&#8220; custom_padding=&#8220;0px|0px|0px|0px&#8220; global_colors_info=&#8220;{}&#8220;]<span style=\"color: #ffffff;\">:<\/span><br \/>\n<span style=\"color: #ffffff;\">:<\/span><br \/>\n[\/et_pb_text][\/et_pb_column][\/et_pb_row][et_pb_row column_structure=&#8220;2_3,1_3&#8243; _builder_version=&#8220;4.16&#8243; global_colors_info=&#8220;{}&#8220;][et_pb_column type=&#8220;2_3&#8243; _builder_version=&#8220;4.16&#8243; background_position=&#8220;top_left&#8220; custom_padding=&#8220;0px|0px|0px|0px&#8220; global_colors_info=&#8220;{}&#8220; custom_padding__hover=&#8220;|||&#8220;][et_pb_text admin_label=&#8220;Text Abstandshalter&#8220; _builder_version=&#8220;4.16&#8243; custom_margin=&#8220;0px|0px|0px|0px&#8220; custom_padding=&#8220;0px|0px|0px|0px&#8220; global_colors_info=&#8220;{}&#8220;]<span style=\"color: #ffffff;\">:<\/span><br \/>\n<span style=\"color: #ffffff;\">:<\/span><br \/>\n[\/et_pb_text][et_pb_text admin_label=&#8220;Text \u00dcberschrift Krankheit des Arbeitnehmers&#8220; _builder_version=&#8220;4.16&#8243; global_colors_info=&#8220;{}&#8220;]<\/p>\n<div class=\"csc-header csc-header-n2\">\n<h3>Krankheit des Arbeitnehmers<\/h3>\n<\/div>\n<p>[\/et_pb_text][et_pb_text admin_label=&#8220;Text Krankheit des Arbeitnehmers&#8220; _builder_version=&#8220;4.16&#8243; global_colors_info=&#8220;{}&#8220;]<\/p>\n<p class=\"bodytext\">In Luxemburg herrschen Besonderheiten:<\/p>\n<p class=\"bodytext\">&#8211; K\u00fcndigungsschutz im Krankheitsfalle<br \/>\n&#8211; Fristen<br \/>\n&#8211; Ausgehsperre<br \/>\n&#8211; Kontrolle<br \/>\n&#8211; Lohnfortzahlung 77 Tage<br \/>\n&#8211; Eintritt der CNS<br \/>\n&#8211; Ladung durch Arbeitgeber zur medizinischen Kontrolle<br \/>\n&#8211; Ladung durch medizinischen Dienst<br \/>\n&#8211; Wie l\u00e4uft das Reclassement?<br \/>\n&#8211; Urteile<br \/>\n&#8211; Musterschreiben<\/p>\n<p>Personaler sollten die Verfahrensweisen kennen, um gute von schlechten Sch\u00e4fchen zu unterscheiden.<\/p>\n<p>Anhand\u00a0<b>vieler Beispiele<\/b>\u00a0aus der Rechtsprechung der luxember Rechtsprechung zum Arbeitsrecht<br \/>\nerhalten die Teilnehmer einen \u00dcberblick und Eindruck von der<b>\u00a0g\u00e4ngigen Rechtspraxis<\/b>.<br \/>\n[\/et_pb_text][\/et_pb_column][et_pb_column type=&#8220;1_3&#8243; _builder_version=&#8220;4.16&#8243; background_position=&#8220;top_left&#8220; custom_padding=&#8220;0px|0px|0px|&#8220; global_colors_info=&#8220;{}&#8220; custom_padding__hover=&#8220;|||&#8220;][et_pb_text admin_label=&#8220;Text Abstandshalter&#8220; _builder_version=&#8220;4.16&#8243; custom_margin=&#8220;0px|0px|0px|0px&#8220; custom_padding=&#8220;0px|0px|0px|0px&#8220; global_colors_info=&#8220;{}&#8220;]<span style=\"color: #ffffff;\">:<\/span><br \/>\n<span style=\"color: #ffffff;\">:<\/span><br \/>\n[\/et_pb_text][et_pb_image src=&#8220;https:\/\/wonnebauer.de\/site\/wp-content\/uploads\/2018\/06\/Wonnebauer_buch_guide_pratique_8482_240px.jpg&#8220; align_tablet=&#8220;center&#8220; align_phone=&#8220;center&#8220; align_last_edited=&#8220;on|desktop&#8220; admin_label=&#8220;Bild Wonnebauer_buch_guide_pratique_8482_240px&#8220; _builder_version=&#8220;4.16&#8243; custom_margin=&#8220;||0px|&#8220; global_colors_info=&#8220;{}&#8220;][\/et_pb_image][\/et_pb_column][\/et_pb_row][\/et_pb_section][et_pb_section fb_built=&#8220;1&#8243; _builder_version=&#8220;4.16&#8243; custom_padding=&#8220;0px|0px|0px|0px&#8220; global_colors_info=&#8220;{}&#8220;][et_pb_row _builder_version=&#8220;4.16&#8243; background_size=&#8220;initial&#8220; background_position=&#8220;top_left&#8220; background_repeat=&#8220;repeat&#8220; custom_padding=&#8220;0px|0px|0px|0px&#8220; global_colors_info=&#8220;{}&#8220;][et_pb_column type=&#8220;4_4&#8243; _builder_version=&#8220;4.16&#8243; custom_padding=&#8220;|||&#8220; global_colors_info=&#8220;{}&#8220; custom_padding__hover=&#8220;|||&#8220;][et_pb_text admin_label=&#8220;Text Abstandshalter mit Leerzeilen&#8220; _builder_version=&#8220;4.16&#8243; custom_margin=&#8220;0px|0px|0px|0px&#8220; custom_padding=&#8220;0px|0px|10px|0px&#8220; border_style=&#8220;solid&#8220; global_colors_info=&#8220;{}&#8220;]<span style=\"color: #ffffff;\">:<\/span><br \/>\n<span style=\"color: #ffffff;\">:<\/span><br \/>\n[\/et_pb_text][et_pb_text admin_label=&#8220;Text + Link Impressum Rechtsanwalt Stephan Wonnebauer&#8220; _builder_version=&#8220;4.16&#8243; custom_padding=&#8220;||5px|&#8220; border_style=&#8220;solid&#8220; global_colors_info=&#8220;{}&#8220;]<\/p>\n<p style=\"text-align: center;\"><span class=\"st\">\u00a9Rechtsanwalt Stephan Wonnebauer &#8211; <a href=\"https:\/\/wonnebauer.de\/site\/home\/impressum\/\">Impressum<\/a><br \/>\n<\/span><\/p>\n<p>[\/et_pb_text][\/et_pb_column][\/et_pb_row][\/et_pb_section]<\/p>\n","protected":false},"excerpt":{"rendered":"<p>: : Seminare zum Arbeitsrecht : : Der luxemburgische Arbeitsvertrag Arbeitsvertr\u00e4ge\u00a0nach luxemburger Recht beinhalten einige grundlegende Unterschiede zum deutschen Recht. Die Teilnehmer sollen in ihrem Beruf\u00a0Vertr\u00e4ge vorbereiten\u00a0oder zumindest\u00a0f\u00fcr Zwecke der Lohnbuchhaltungverstehen k\u00f6nnen. In dem Seminar wird ein\u00a0Musterarbeitsvertrag\u00a0besprochen und erl\u00e4utert. Dabei wird ein Spaziergang durch das luxemburger Arbeitsrecht unternommen. Erw\u00e4hnt werden auch die steuerlichen Aspekte bei [&hellip;]<\/p>\n","protected":false},"author":1,"featured_media":0,"parent":5332,"menu_order":3,"comment_status":"closed","ping_status":"closed","template":"","meta":{"_et_pb_use_builder":"on","_et_pb_old_content":"","_et_gb_content_width":"","footnotes":""},"class_list":["post-1790","page","type-page","status-publish","hentry"],"_links":{"self":[{"href":"https:\/\/wonnebauer.de\/site\/wp-json\/wp\/v2\/pages\/1790","targetHints":{"allow":["GET"]}}],"collection":[{"href":"https:\/\/wonnebauer.de\/site\/wp-json\/wp\/v2\/pages"}],"about":[{"href":"https:\/\/wonnebauer.de\/site\/wp-json\/wp\/v2\/types\/page"}],"author":[{"embeddable":true,"href":"https:\/\/wonnebauer.de\/site\/wp-json\/wp\/v2\/users\/1"}],"replies":[{"embeddable":true,"href":"https:\/\/wonnebauer.de\/site\/wp-json\/wp\/v2\/comments?post=1790"}],"version-history":[{"count":8,"href":"https:\/\/wonnebauer.de\/site\/wp-json\/wp\/v2\/pages\/1790\/revisions"}],"predecessor-version":[{"id":5224,"href":"https:\/\/wonnebauer.de\/site\/wp-json\/wp\/v2\/pages\/1790\/revisions\/5224"}],"up":[{"embeddable":true,"href":"https:\/\/wonnebauer.de\/site\/wp-json\/wp\/v2\/pages\/5332"}],"wp:attachment":[{"href":"https:\/\/wonnebauer.de\/site\/wp-json\/wp\/v2\/media?parent=1790"}],"curies":[{"name":"wp","href":"https:\/\/api.w.org\/{rel}","templated":true}]}}