{"id":1788,"date":"2018-05-27T17:28:56","date_gmt":"2018-05-27T15:28:56","guid":{"rendered":"https:\/\/wonnebauer.de\/site\/?page_id=1788"},"modified":"2024-03-18T11:26:54","modified_gmt":"2024-03-18T10:26:54","slug":"ueberdenreferenten","status":"publish","type":"page","link":"https:\/\/wonnebauer.de\/site\/home\/seminare\/ueberdenreferenten\/","title":{"rendered":"\u00dcber den Referenten"},"content":{"rendered":"<p>[et_pb_section fb_built=&#8220;1&#8243; admin_label=&#8220;Wilkommen Block 1&#8243; _builder_version=&#8220;4.16&#8243; custom_padding=&#8220;0px|0px|0px|&#8220; global_colors_info=&#8220;{}&#8220;][et_pb_row column_structure=&#8220;1_3,2_3&#8243; _builder_version=&#8220;4.16&#8243; global_colors_info=&#8220;{}&#8220;][et_pb_column type=&#8220;1_3&#8243; _builder_version=&#8220;4.16&#8243; background_position=&#8220;top_left&#8220; custom_padding=&#8220;0px|0px|0px|0px&#8220; global_colors_info=&#8220;{}&#8220; custom_padding__hover=&#8220;|||&#8220;][et_pb_text admin_label=&#8220;Text Abstandshalter&#8220; _builder_version=&#8220;4.16&#8243; custom_margin=&#8220;0px|0px|0px|0px&#8220; custom_padding=&#8220;0px|0px|0px|0px&#8220; global_colors_info=&#8220;{}&#8220;]<span style=\"color: #ffffff;\">:<\/span><br \/>\n<span style=\"color: #ffffff;\">:<\/span><br \/>\n[\/et_pb_text][\/et_pb_column][et_pb_column type=&#8220;2_3&#8243; _builder_version=&#8220;4.16&#8243; background_position=&#8220;top_left&#8220; custom_padding=&#8220;0px|0px|0px|&#8220; global_colors_info=&#8220;{}&#8220; custom_padding__hover=&#8220;|||&#8220;][et_pb_text admin_label=&#8220;Text Abstandshalter&#8220; _builder_version=&#8220;4.16&#8243; custom_margin=&#8220;0px|0px|0px|0px&#8220; custom_padding=&#8220;0px|0px|0px|0px&#8220; global_colors_info=&#8220;{}&#8220;]<span style=\"color: #ffffff;\">:<\/span><br \/>\n<span style=\"color: #ffffff;\">:<\/span><br \/>\n[\/et_pb_text][\/et_pb_column][\/et_pb_row][\/et_pb_section][et_pb_section fb_built=&#8220;1&#8243; admin_label=&#8220;Wilkommen Block 1&#8243; _builder_version=&#8220;4.16&#8243; custom_padding=&#8220;0px|0px|0px|&#8220; global_colors_info=&#8220;{}&#8220;][et_pb_row column_structure=&#8220;2_3,1_3&#8243; _builder_version=&#8220;4.16&#8243; global_colors_info=&#8220;{}&#8220;][et_pb_column type=&#8220;2_3&#8243; _builder_version=&#8220;4.16&#8243; background_position=&#8220;top_left&#8220; custom_padding=&#8220;0px|0px|0px|0px&#8220; global_colors_info=&#8220;{}&#8220; custom_padding__hover=&#8220;|||&#8220;][et_pb_text admin_label=&#8220;Text \u00dcberschrift Der Referent&#8220; _builder_version=&#8220;4.16&#8243; global_colors_info=&#8220;{}&#8220;]<\/p>\n<h3 class=\"csc-firstHeader\">Der Referent<\/h3>\n<p>[\/et_pb_text][et_pb_text admin_label=&#8220;Text Der Referent&#8220; _builder_version=&#8220;4.23.1&#8243; hover_enabled=&#8220;0&#8243; global_colors_info=&#8220;{}&#8220; text_font=&#8220;||||||||&#8220; sticky_enabled=&#8220;0&#8243;]<\/p>\n<p class=\"bodytext\">Rechsanwalt Wonnebauer besitzt<b>\u00a0Lehrerfahrung<\/b> seit 32 Jahren.<\/p>\n<p>Er war von\u00a0<b>1992 bis 2007 Dozent f\u00fcr Bankrecht\u00a0<\/b>f\u00fcr die<b>\u00a0Frankfurt School of Finance and Management<br \/><\/b>und hat hier in 15 Jahren viele Lehrg\u00e4nge f\u00fcr Bankfachwirte durchgef\u00fchrt.<\/p>\n<p>Zur gleichen Zeit war er\u00a0<b>Mitglied des Pr\u00fcfungsauschusses<\/b>\u00a0f\u00fcr Bankfachwirte der\u00a0<b>IHK Trier<\/b>.<\/p>\n<p>Im gleichen Zeitraum hielt er Tagesseminare im ganzen Bundesgebiet f\u00fcr IHK&#8217;s und Hwk&#8217;s zu den Themen<br \/><b>Mahnverfahren und Vollstreckung<\/b>,<b>\u00a0Banken und Kredite\u00a0<\/b>sowie zum<b>\u00a0Wohnungseigentumsrecht<\/b>.<\/p>\n<p>Seit 2004 referiert er mehrmals im Jahr f\u00fcr die luxemburger\u00a0<b>Gewerkschaft OGB-L<br \/><\/b>zum Thema<b>\u00a0Besteuerung der Grenzg\u00e4nger<\/b>.<\/p>\n<p>Von luxemburger Unternehmen wird er zu Vortr\u00e4gen zu<b>\u00a0Grenzg\u00e4ngerthemen<\/b>eingeladen.<\/p>\n<p>Die jetzige Seminarreihe f\u00fcr Luxemburg-Grenzg\u00e4nger spiegelt die\u00a0<b>Spezialgebiete der Kanzlei<\/b>\u00a0wider. Es werden viele\u00a0<b>Beispielsf\u00e4lle aus der Kanzleipraxis<\/b>\u00a0vermittelt.<\/p>\n<p class=\"bodytext\">Nutzen Sie<b> 30 Jahre Berufserfahrung<\/b>\u00a0und\u00a0<b>25 Jahre Dozentent\u00e4tigkeit<\/b>\u00a0f\u00fcr\u00a0<b>Ihren beruflichen Erfolg.<\/b><\/p>\n<p>[\/et_pb_text][\/et_pb_column][et_pb_column type=&#8220;1_3&#8243; _builder_version=&#8220;4.16&#8243; background_position=&#8220;top_left&#8220; custom_padding=&#8220;0px|0px|0px|&#8220; global_colors_info=&#8220;{}&#8220; custom_padding__hover=&#8220;|||&#8220;][et_pb_image src=&#8220;https:\/\/wonnebauer.de\/site\/wp-content\/uploads\/2021\/06\/Wonnebauer4.jpg&#8220; title_text=&#8220;Wonnebauer4&#8243; align_tablet=&#8220;center&#8220; align_phone=&#8220;&#8220; align_last_edited=&#8220;on|desktop&#8220; admin_label=&#8220;Bild Wonnebauer_Portrait_300_Veit&#8220; _builder_version=&#8220;4.16&#8243; global_colors_info=&#8220;{}&#8220;][\/et_pb_image][\/et_pb_column][\/et_pb_row][\/et_pb_section][et_pb_section fb_built=&#8220;1&#8243; _builder_version=&#8220;4.16&#8243; custom_padding=&#8220;0px|0px|0px|0px&#8220; global_colors_info=&#8220;{}&#8220;][et_pb_row _builder_version=&#8220;4.16&#8243; background_size=&#8220;initial&#8220; background_position=&#8220;top_left&#8220; background_repeat=&#8220;repeat&#8220; custom_padding=&#8220;0px|0px|0px|0px&#8220; global_colors_info=&#8220;{}&#8220;][et_pb_column type=&#8220;4_4&#8243; _builder_version=&#8220;4.16&#8243; custom_padding=&#8220;|||&#8220; global_colors_info=&#8220;{}&#8220; custom_padding__hover=&#8220;|||&#8220;][et_pb_text admin_label=&#8220;Text Abstandshalter mit Leerzeilen&#8220; _builder_version=&#8220;4.16&#8243; custom_margin=&#8220;0px|0px|0px|0px&#8220; custom_padding=&#8220;0px|0px|10px|0px&#8220; border_style=&#8220;solid&#8220; global_colors_info=&#8220;{}&#8220;]<span style=\"color: #ffffff;\">:<\/span><br \/>\n<span style=\"color: #ffffff;\">:<\/span><br \/>\n[\/et_pb_text][et_pb_text admin_label=&#8220;Text + Link Impressum Rechtsanwalt Stephan Wonnebauer&#8220; _builder_version=&#8220;4.16&#8243; custom_padding=&#8220;||5px|&#8220; border_style=&#8220;solid&#8220; global_colors_info=&#8220;{}&#8220;]<\/p>\n<p style=\"text-align: center;\"><span class=\"st\">\u00a9Rechtsanwalt Stephan Wonnebauer &#8211; <a href=\"https:\/\/wonnebauer.de\/site\/home\/impressum\/\">Impressum<\/a><br \/>\n<\/span><\/p>\n<p>[\/et_pb_text][\/et_pb_column][\/et_pb_row][\/et_pb_section]<\/p>\n","protected":false},"excerpt":{"rendered":"<p>: : : : Der Referent Rechsanwalt Wonnebauer besitzt\u00a0Lehrerfahrung seit 32 Jahren. Er war von\u00a01992 bis 2007 Dozent f\u00fcr Bankrecht\u00a0f\u00fcr die\u00a0Frankfurt School of Finance and Managementund hat hier in 15 Jahren viele Lehrg\u00e4nge f\u00fcr Bankfachwirte durchgef\u00fchrt. Zur gleichen Zeit war er\u00a0Mitglied des Pr\u00fcfungsauschusses\u00a0f\u00fcr Bankfachwirte der\u00a0IHK Trier. Im gleichen Zeitraum hielt er Tagesseminare im ganzen Bundesgebiet [&hellip;]<\/p>\n","protected":false},"author":1,"featured_media":0,"parent":5332,"menu_order":6,"comment_status":"closed","ping_status":"closed","template":"","meta":{"_et_pb_use_builder":"on","_et_pb_old_content":"","_et_gb_content_width":"","footnotes":""},"class_list":["post-1788","page","type-page","status-publish","hentry"],"_links":{"self":[{"href":"https:\/\/wonnebauer.de\/site\/wp-json\/wp\/v2\/pages\/1788","targetHints":{"allow":["GET"]}}],"collection":[{"href":"https:\/\/wonnebauer.de\/site\/wp-json\/wp\/v2\/pages"}],"about":[{"href":"https:\/\/wonnebauer.de\/site\/wp-json\/wp\/v2\/types\/page"}],"author":[{"embeddable":true,"href":"https:\/\/wonnebauer.de\/site\/wp-json\/wp\/v2\/users\/1"}],"replies":[{"embeddable":true,"href":"https:\/\/wonnebauer.de\/site\/wp-json\/wp\/v2\/comments?post=1788"}],"version-history":[{"count":6,"href":"https:\/\/wonnebauer.de\/site\/wp-json\/wp\/v2\/pages\/1788\/revisions"}],"predecessor-version":[{"id":6334,"href":"https:\/\/wonnebauer.de\/site\/wp-json\/wp\/v2\/pages\/1788\/revisions\/6334"}],"up":[{"embeddable":true,"href":"https:\/\/wonnebauer.de\/site\/wp-json\/wp\/v2\/pages\/5332"}],"wp:attachment":[{"href":"https:\/\/wonnebauer.de\/site\/wp-json\/wp\/v2\/media?parent=1788"}],"curies":[{"name":"wp","href":"https:\/\/api.w.org\/{rel}","templated":true}]}}