{"id":1766,"date":"2018-05-27T17:04:39","date_gmt":"2018-05-27T15:04:39","guid":{"rendered":"https:\/\/wonnebauer.de\/site\/steuerberatung\/maximen-der-steuerberatung\/"},"modified":"2022-09-13T08:42:52","modified_gmt":"2022-09-13T06:42:52","slug":"maximendersteuerberatung","status":"publish","type":"page","link":"https:\/\/wonnebauer.de\/site\/steuerberatung\/maximendersteuerberatung\/","title":{"rendered":"Maximen der Steuerberatung"},"content":{"rendered":"<p>[et_pb_section fb_built=&#8220;1&#8243; admin_label=&#8220;Wilkommen Block 1&#8243; _builder_version=&#8220;4.16&#8243; custom_padding=&#8220;0px|0px|0px|&#8220; global_colors_info=&#8220;{}&#8220;][et_pb_row _builder_version=&#8220;4.16&#8243; global_colors_info=&#8220;{}&#8220; column_structure=&#8220;1_3,2_3&#8243;][et_pb_column type=&#8220;1_3&#8243; _builder_version=&#8220;4.16&#8243; background_position=&#8220;top_left&#8220; custom_padding=&#8220;0px|0px|0px|0px&#8220; global_colors_info=&#8220;{}&#8220; custom_padding__hover=&#8220;|||&#8220;][et_pb_text admin_label=&#8220;Text Abstandshalter&#8220; _builder_version=&#8220;4.16&#8243; custom_margin=&#8220;0px|0px|0px|0px&#8220; custom_padding=&#8220;0px|0px|0px|0px&#8220; global_colors_info=&#8220;{}&#8220;]<span style=\"color: #ffffff;\">:<\/span><br \/>\n<span style=\"color: #ffffff;\">:<\/span><br \/>\n[\/et_pb_text][et_pb_text admin_label=&#8220;Text Maximen der Steuerberatung&#8220; _builder_version=&#8220;4.16&#8243; global_colors_info=&#8220;{}&#8220;]<\/p>\n<h3><span style=\"color: #91001f;\">Maximen der Steuerberatung<\/span><\/h3>\n<p>[\/et_pb_text][\/et_pb_column][et_pb_column type=&#8220;2_3&#8243; _builder_version=&#8220;4.16&#8243; background_position=&#8220;top_left&#8220; custom_padding=&#8220;0px|0px|0px|&#8220; global_colors_info=&#8220;{}&#8220; custom_padding__hover=&#8220;|||&#8220;][et_pb_text admin_label=&#8220;Text Abstandshalter&#8220; _builder_version=&#8220;4.16&#8243; custom_margin=&#8220;0px|0px|0px|0px&#8220; custom_padding=&#8220;0px|0px|0px|0px&#8220; global_colors_info=&#8220;{}&#8220;]<span style=\"color: #ffffff;\">:<\/span><br \/>\n<span style=\"color: #ffffff;\">:<\/span><br \/>\n[\/et_pb_text][\/et_pb_column][\/et_pb_row][\/et_pb_section][et_pb_section fb_built=&#8220;1&#8243; admin_label=&#8220;Wilkommen Block 1&#8243; _builder_version=&#8220;4.16&#8243; custom_padding=&#8220;0px|0px|0px|&#8220; global_colors_info=&#8220;{}&#8220;][et_pb_row _builder_version=&#8220;4.16&#8243; global_colors_info=&#8220;{}&#8220; column_structure=&#8220;2_3,1_3&#8243;][et_pb_column type=&#8220;2_3&#8243; _builder_version=&#8220;4.16&#8243; background_position=&#8220;top_left&#8220; custom_padding=&#8220;0px|0px|0px|0px&#8220; global_colors_info=&#8220;{}&#8220; custom_padding__hover=&#8220;|||&#8220;][et_pb_text admin_label=&#8220;Text \u00dcberschrift Unsere Prinzipien&#8220; _builder_version=&#8220;4.16&#8243; global_colors_info=&#8220;{}&#8220;]<\/p>\n<h3 class=\"csc-firstHeader\">Unsere Prinzipien<\/h3>\n<p>[\/et_pb_text][et_pb_text admin_label=&#8220;Text Unsere Prinzipien&#8220; _builder_version=&#8220;4.16&#8243; global_colors_info=&#8220;{}&#8220;]<b>Steuerberatung<\/b>\u00a0ist nicht gleichzusetzen mit &#8222;Steuerformulare ausf\u00fcllen&#8220; oder Buchhaltung.<br \/>\nWir verstehen Steuerberatung in erster Linie als\u00a0<b>ganzheitliche Beratung rund um das<br \/>\nThema Steuern und Finanzen.<\/b><\/p>\n<p>Die Beratungspraxis zeigt, dass sich die meisten Fragen und Antworten auch nicht allein<br \/>\nim Ausf\u00fcllen der Steuerformulare niederschlagen, sondern haupts\u00e4chlich\u00a0<b>Steuerplanung<br \/>\n<\/b>(Wie soll ich mich verhalten ? &#8211; Fragen) betreffen.<\/p>\n<p>Aus diesem Grunde ist das Beratungshonorar eines Steuerberaters grunds\u00e4tzlich h\u00f6her,<br \/>\nals das eines Lohnsteuerhilfevereins oder selbst\u00e4ndigen Buchhalters oder eines Comptables.<\/p>\n<p>Hinzu tritt, dass in<b>\u00a0Luxemburg<\/b>\u00a0viele Leute Steuerberatung anbieten d\u00fcrfen, die sich nach<br \/>\ndeutschem Massstab \u00fcberhaupt nicht fortbilden oder qualifiziert sind. Genauere R\u00fcckfragen<br \/>\nzu grenz\u00fcberschreitendem Steuerrecht werden mit einem schulterzuckenden L\u00e4chen beantwortet.<br \/>\nKein Wunder, dass diese Personen dann auch noch zu Dumpingpreisen arbeiten.<\/p>\n<p>Oftmals wird die Steuerberatung mit dem Verkauf von Versicherungen kombiniert.<br \/>\nNach deutschem Massstab ein Unding. In Luxemburg haben diese Personenkreise auch<br \/>\n<b>keine berufliche Verschwiegenheitspflicht<\/b>\u00a0oder ein\u00a0<b>Aussageverweigerungsrecht<\/b>,<br \/>\ngeschweige denn haften sie f\u00fcr die Richtigkeit ihrer Beratung.<\/p>\n<p>Nur Rechtsanw\u00e4lte und Steuerberater sind beruflich verpflichtet, t\u00e4glich Zeitung zu lesen<br \/>\nund sich laufend fortzubilden, um st\u00e4ndig die aktuellen Steuerentwicklungen zu verfolgen<br \/>\n&#8211; zum Wohle der Mandanten. Nur sie haben eine\u00a0<b>Verschwiegenheitspflicht<\/b>\u00a0und\u00a0<b>haften<\/b><br \/>\nf\u00fcr die Richtigkeit ihrer Beratung.<\/p>\n<p>Als Mitglied im\u00a0<b>Deutschen Steuerberaterverband<\/b>\u00a0nimmt Rechtsanwalt Wonnebauer<br \/>\nfortlaufend an Weiterbildungen teil.<\/p>\n<p>Als\u00a0<b>Avocat \u00e0 la Cour<\/b>\u00a0ist er zudem in\u00a0<b>Luxemburg zur Fortbildung<\/b>\u00a0verpflichtet.<\/p>\n<p>Um die Bezeichnung\u00a0<b>Fachanwalt f\u00fcr Steuerrecht<\/b>\u00a0f\u00fchren zu k\u00f6nnen, besteht ebenfalls<br \/>\neine\u00a0<b>Fortbildungspflicht,<\/b>\u00a0die von der Rechtsanwaltskammer Koblenz \u00fcberpr\u00fcft wird.<br \/>\n[\/et_pb_text][\/et_pb_column][et_pb_column type=&#8220;1_3&#8243; _builder_version=&#8220;4.16&#8243; background_position=&#8220;top_left&#8220; custom_padding=&#8220;0px|0px|0px|&#8220; global_colors_info=&#8220;{}&#8220; custom_padding__hover=&#8220;|||&#8220;][et_pb_image src=&#8220;https:\/\/wonnebauer.de\/site\/wp-content\/uploads\/2018\/06\/Wonnebauer_buch_steuerrecht_4382_240px.jpg&#8220; align_tablet=&#8220;center&#8220; align_last_edited=&#8220;on|desktop&#8220; admin_label=&#8220;Bild Wonnebauer_buch_steuerrecht_4382_240px&#8220; _builder_version=&#8220;4.16&#8243; global_colors_info=&#8220;{}&#8220; align_phone=&#8220;center&#8220;][\/et_pb_image][\/et_pb_column][\/et_pb_row][et_pb_row _builder_version=&#8220;4.16&#8243; global_colors_info=&#8220;{}&#8220; column_structure=&#8220;2_3,1_3&#8243;][et_pb_column type=&#8220;2_3&#8243; _builder_version=&#8220;4.16&#8243; background_position=&#8220;top_left&#8220; custom_padding=&#8220;0px|0px|0px|0px&#8220; global_colors_info=&#8220;{}&#8220; custom_padding__hover=&#8220;|||&#8220;][et_pb_text admin_label=&#8220;Text Abstandshalter&#8220; _builder_version=&#8220;4.16&#8243; custom_margin=&#8220;0px|0px|0px|0px&#8220; custom_padding=&#8220;0px|0px|0px|0px&#8220; global_colors_info=&#8220;{}&#8220;]<span style=\"color: #ffffff;\">:<\/span><br \/>\n<span style=\"color: #ffffff;\">:<\/span><br \/>\n[\/et_pb_text][et_pb_text admin_label=&#8220;Text \u00dcberschrift Vorsichtig bei der Verwendung von Steuersoftwares&#8220; _builder_version=&#8220;4.16&#8243; global_colors_info=&#8220;{}&#8220;]<\/p>\n<h3>Vorsichtig bei der Verwendung von Steuersoftwares<\/h3>\n<p>[\/et_pb_text][et_pb_text admin_label=&#8220;Text Vorsichtig bei der Verwendung von Steuersoftwares&#8220; _builder_version=&#8220;4.16&#8243; global_colors_info=&#8220;{}&#8220;]<\/p>\n<p class=\"bodytext\">Gerade im Bereich der\u00a0<b>Steuerberatung<\/b>\u00a0wird mit\u00a0<b>Software<\/b>\u00a0gearbeitet.<br \/>\nDeutsche lieben es, ihre Einkommensteuererkl\u00e4rung selbst mit einer Software zu erstellen<br \/>\nund geben dazu jedes Jahr zwischen 20 und 60 Euro aus.<br \/>\nOft auch f\u00fcr einfachste Konstellationen und wenige Eintragungen.<\/p>\n<p>Die<b>\u00a0Zeitschrift Finanztest<\/b>\u00a0hat in 2017 wieder Steuersoftwares getestet und festgestellt,<br \/>\ndass die meisten Softwares\u00a0<b>rechnerisch zum falschen Ergebnis<\/b>kommen.<br \/>\nDies hat auch damit zu tun, dass man grunds\u00e4tzlich \u00fcber\u00a0<b>Steuerrechtskenntnisse<\/b>\u00a0verf\u00fcgen muss,<br \/>\num die richtigen Zahlen in die richtigen Felder einzutragen.\u00a0 Laiensoftwares geben dazu Hinweise.<br \/>\nDie Hinweise\u00a0 waren allerdings schwer verst\u00e4ndlich. Dies war eben auch ein Grund f\u00fcr die<br \/>\nFalscheintragungen, so Finanztest.<\/p>\n<p>Viel komplizierter ist es, eine Software zu entwicklen, die\u00a0<b>internationale Sachverhalte\u00a0<\/b>richtig erfasst.<br \/>\nUm es auf den Punkt zu bringen: Diese Softwares gibt es noch nicht. Es gibt lediglich nationale Softwares,<br \/>\ndie allgemein bekannte Sachverhalte selbstverst\u00e4ndlich richtig erfassen.<br \/>\nIn Spezialgebieten ergeben sich jedoch erhebliche Probleme.<\/p>\n<p>Denn eine richtige<b>\u00a0Programmierung<\/b>\u00a0setzt Kenntnisse im internationalen Steuerrecht voraus.<br \/>\nDie Software muss sich also am Recht orientieren. Alternativberechnungen lassen Softwares oft nicht zu.<br \/>\nEs sollte jedem einleuchten, dass Softwareprogrammierer nicht zu diesen Fachleuten geh\u00f6ren.<br \/>\nSie sind auf\u00a0<b>Steuerfachleute<\/b>\u00a0angewiesen, die die Algorithmen vorgeben.<br \/>\nEbenso sind sie auf Feedback der Anwender angewiesen.<\/p>\n<p>Gerade in\u00a0<b>Luxemburg<\/b>\u00a0l\u00e4uft hier jedoch vieles schief. Die Softwarefirmen, die Steuersoftware entwicklen,<br \/>\nsind meistens zu klein, um Steuerfachpersonal zu besch\u00e4ftigen. Steuerberatung\u00a0 in Luxemburg wird<br \/>\noftmals von Leuten betrieben, die\u00a0<b>keine Ausbildung im Steuerrecht<\/b>\u00a0besitzen.<br \/>\nViele Quer- und Seiteneinsteiger arbeiten im Bereich der Buchhaltung und Lohnbuchhaltung.<br \/>\nTiefergehendes Wissen ist dort nicht vorhanden. Bewiesen ist das durch die zahlreichen Strafverfahren bei grenz\u00fcberschreitenden Sachverhalten. Jahrelang waren luxemburger Lohnsoftwares nicht in der Lage<b>,<br \/>\nSalary-Split\u00a0<\/b>richtig zu rechnen. Die Anwender hatten kein Fachwissen und lie\u00dfen sich von den Programmierern<br \/>\nerz\u00e4hlen, was m\u00f6glich sei und was nicht. Insofern gab und gibt es kaum Feedback aus der Steuerberatungsbranche<br \/>\nzur\u00fcck zu den Softwarefirmen.<\/p>\n<p class=\"bodytext\">An dieser Stelle muss noch einmal hervorgehoben werden, dass es den Beruf des Steuerberaters<br \/>\nin Luxemburg nicht gibt. Nach\u00a0<b>deutschen Verst\u00e4ndnis<\/b>\u00a0ist der Steuerberater ein\u00a0<b>Organ der Rechtspflege<\/b>.<br \/>\nEr hat beispielsweise\u00a0<b>aktive Hinweispflichten<\/b>, auch wenn der Mandant Fragen nicht explizit stellt.\u00a0<b><\/b><\/p>\n<p>Haftung bei Falschberatung\u00a0ist in Luxemburg kein Thema. Genaue Antworten bekommt man selten.<br \/>\nMandanten sollten daher kritisch sein, ob die Antworten wirklich richtig sind \u2013 um einer eigenen<br \/>\nBestrafung im Wohnsitzland zu entgehen.<\/p>\n<p>Der luxemburgische<b>\u00a0Expert Combable\u00a0<\/b>ist ein Gewerbetreibender. Er ist vergleichbar<br \/>\nmit einem gewerblichen Buchf\u00fchrungshelfer. Er hat nicht die Stellung eines Organs der Rechtspflege.<br \/>\nSo erkl\u00e4ren sich dann auch\u00a0<b>Unterschiede bei den Honoraren<\/b>\u00a0f\u00fcr die Erstellung von Steuererkl\u00e4rungen.<\/p>\n<p>Da sogar in Deuschland Standardsoftware nicht perfekt arbeiten, sollten Grenzg\u00e4nger also nicht erwarten,<br \/>\ndass luxemburgische Softwares richtiger funktionieren.<\/p>\n<p>Es bedarf immer noch steuerlichen Fachwissens, um<b>\u00a0\u00ednternationale Sachverhalte<\/b>\u00a0bestm\u00f6glichst<br \/>\nrechnerisch abzubilden.\u00a0 Hierzu sind\u00a0<b>regelm\u00e4\u00dfige Fortbildungen<\/b>\u00a0auf hohem Niveau auf diesem Gebiet unabdingbar.<br \/>\nLeider bilden sich die allermeisten luxemburgischen Mitarbeiter\u00a0 im Steuerfach nicht weiter.<\/p>\n<p><b>Internationales Steuerrecht\u00a0<\/b>ist auch kein Massenprodukt, das jeder ben\u00f6tigt.<br \/>\nSoftwarefirmen sind daran also auch gar nicht interessiert, da ein schneller Profit nicht zu erwarten ist.<\/p>\n<p class=\"bodytext\">Gerade darum wird auch in Zukunft die\u00a0<b>qualifizierte pers\u00f6nliche Beratung<\/b>\u00a0durch spezialisierte<br \/>\nAnwaltskanzleien notwendig bleiben.<\/p>\n<p>Fragen Sie also Ihren Berater nach seiner\u00a0<b>Qualifiktion<\/b>\u00a0und seinen<b>\u00a0letzten Fortbildungen<\/b>.<br \/>\n[\/et_pb_text][\/et_pb_column][et_pb_column type=&#8220;1_3&#8243; _builder_version=&#8220;4.16&#8243; background_position=&#8220;top_left&#8220; custom_padding=&#8220;0px|0px|0px|&#8220; global_colors_info=&#8220;{}&#8220; custom_padding__hover=&#8220;|||&#8220;][et_pb_text admin_label=&#8220;Text Abstandshalter&#8220; _builder_version=&#8220;4.16&#8243; custom_margin=&#8220;0px|0px|0px|0px&#8220; custom_padding=&#8220;0px|0px|0px|0px&#8220; global_colors_info=&#8220;{}&#8220;]<span style=\"color: #ffffff;\">:<\/span><br \/>\n<span style=\"color: #ffffff;\">:<\/span><br \/>\n[\/et_pb_text][et_pb_image src=&#8220;https:\/\/wonnebauer.de\/site\/wp-content\/uploads\/2018\/06\/Wonnebauer_redner_in_konferenz_P1080639.jpg&#8220; align_tablet=&#8220;center&#8220; align_last_edited=&#8220;on|desktop&#8220; admin_label=&#8220;Bild Wonnebauer_redner_in_konferenz_P1080639&#8243; _builder_version=&#8220;4.16&#8243; custom_margin=&#8220;||0px|&#8220; global_colors_info=&#8220;{}&#8220; align_phone=&#8220;center&#8220;][\/et_pb_image][\/et_pb_column][\/et_pb_row][et_pb_row _builder_version=&#8220;4.16&#8243; global_colors_info=&#8220;{}&#8220; column_structure=&#8220;2_3,1_3&#8243;][et_pb_column type=&#8220;2_3&#8243; _builder_version=&#8220;4.16&#8243; background_position=&#8220;top_left&#8220; custom_padding=&#8220;0px|0px|0px|0px&#8220; global_colors_info=&#8220;{}&#8220; custom_padding__hover=&#8220;|||&#8220;][et_pb_text admin_label=&#8220;Text Abstandshalter&#8220; _builder_version=&#8220;4.16&#8243; custom_margin=&#8220;0px|0px|0px|0px&#8220; custom_padding=&#8220;0px|0px|0px|0px&#8220; global_colors_info=&#8220;{}&#8220;]<span style=\"color: #ffffff;\">:<\/span><br \/>\n<span style=\"color: #ffffff;\">:<\/span><br \/>\n[\/et_pb_text][et_pb_text admin_label=&#8220;Text \u00dcberschrift Qualifikation&#8220; _builder_version=&#8220;4.16&#8243; global_colors_info=&#8220;{}&#8220;]<\/p>\n<h3>Qualifikation<\/h3>\n<p>[\/et_pb_text][et_pb_text admin_label=&#8220;Text Qualifikation&#8220; _builder_version=&#8220;4.16&#8243; global_colors_info=&#8220;{}&#8220;]Unsere T\u00e4tigkeit in der\u00a0<b>Steuerberatung<\/b>\u00a0unterliegt dem Steuerberatungs-<br \/>\ngesetz, der Bundesrechtsanwaltsordnung, der Berufsordnung der Rechts-<br \/>\nanw\u00e4lte sowie der Fachanwaltsordnung.<\/p>\n<p>Als Rechsanwalt ist Stephan Wonnebauer zu unbeschr\u00e4nkter Hilfeleistung<br \/>\nin Steuersachen befugt.<\/p>\n<p><b>Fachanwalt f\u00fcr Steuerrecht ist eine besondere Qualifikation nach der Fachanwaltsordnung.<\/b><\/p>\n<p>Die Fachanwaltsbezeichnung wurde Stephan Wonnebauer 1998 verliehen<br \/>\nwegen besonderer\u00a0<b>theoretischer Kenntnisse und besonderer praktischer<br \/>\nErfahrung<\/b>\u00a0gem\u00e4\u00df \u00a7 2 Fachanwaltsordnung.<br \/>\n[\/et_pb_text][\/et_pb_column][et_pb_column type=&#8220;1_3&#8243; _builder_version=&#8220;4.16&#8243; background_position=&#8220;top_left&#8220; custom_padding=&#8220;0px|0px|0px|&#8220; global_colors_info=&#8220;{}&#8220; custom_padding__hover=&#8220;|||&#8220;][et_pb_text admin_label=&#8220;Text Abstandshalter&#8220; _builder_version=&#8220;4.16&#8243; custom_margin=&#8220;0px|0px|0px|0px&#8220; custom_padding=&#8220;0px|0px|0px|0px&#8220; global_colors_info=&#8220;{}&#8220;]<span style=\"color: #ffffff;\">:<\/span><br \/>\n<span style=\"color: #ffffff;\">:<\/span><br \/>\n[\/et_pb_text][et_pb_image src=&#8220;https:\/\/wonnebauer.de\/site\/wp-content\/uploads\/2018\/06\/Wonnebauer_zeigt_steuerrecht_IMG_4983_240px.jpg&#8220; align_tablet=&#8220;center&#8220; align_last_edited=&#8220;on|desktop&#8220; admin_label=&#8220;Bild Wonnebauer_zeigt_steuerrecht_IMG_4983_240px&#8220; _builder_version=&#8220;4.16&#8243; custom_margin=&#8220;||0px|&#8220; global_colors_info=&#8220;{}&#8220; align_phone=&#8220;center&#8220;][\/et_pb_image][\/et_pb_column][\/et_pb_row][et_pb_row _builder_version=&#8220;4.16&#8243; global_colors_info=&#8220;{}&#8220; column_structure=&#8220;2_3,1_3&#8243;][et_pb_column type=&#8220;2_3&#8243; _builder_version=&#8220;4.16&#8243; background_position=&#8220;top_left&#8220; custom_padding=&#8220;0px|0px|0px|0px&#8220; global_colors_info=&#8220;{}&#8220; custom_padding__hover=&#8220;|||&#8220;][et_pb_text admin_label=&#8220;Text Abstandshalter&#8220; _builder_version=&#8220;4.16&#8243; custom_margin=&#8220;0px|0px|0px|0px&#8220; custom_padding=&#8220;0px|0px|0px|0px&#8220; global_colors_info=&#8220;{}&#8220;]<span style=\"color: #ffffff;\">:<\/span><br \/>\n<span style=\"color: #ffffff;\">:<\/span><br \/>\n[\/et_pb_text][et_pb_text admin_label=&#8220;Text \u00dcberschrift Gesetzesausz\u00fcge&#8220; _builder_version=&#8220;4.16&#8243; global_colors_info=&#8220;{}&#8220;]<\/p>\n<h3>Gesetzesausz\u00fcge<\/h3>\n<p>[\/et_pb_text][et_pb_text admin_label=&#8220;Text Gesetzesausz\u00fcge&#8220; _builder_version=&#8220;4.16&#8243; global_colors_info=&#8220;{}&#8220;]<b>Auszug aus dem Steuerberatungsgesetz<\/b>:<\/p>\n<p><b>\u00a7 3 Befugnis zu unbeschr\u00e4nkter Hilfeleistung in Steuersachen<br \/>\n<\/b><br \/>\nZur gesch\u00e4ftsm\u00e4\u00dfigen Hilfeleistung in Steuersachen sind befugt:<\/p>\n<p>1. Steuerberater, Steuerbevollm\u00e4chtigte,\u00a0<b>Rechtsanw\u00e4lte<\/b>, niedergelassene europ\u00e4ische<br \/>\nRechtsanw\u00e4lte, Wirtschaftspr\u00fcfer und vereidigte Buchpr\u00fcfer&#8230;<\/p>\n<p><b>Auszug aus der Fachanwaltsordnung:<\/b><\/p>\n<p>\u00a7 9 Nachzuweisende besondere Kenntnisse im Steuerrecht<\/p>\n<p>F\u00fcr das Fachgebiet Steuerrecht sind besondere Kenntnisse nachzuweisen in den Bereichen<\/p>\n<p>1.\u00a0\u00a0Buchf\u00fchrung und Bilanzwesen einschlie\u00dflich des Rechts der Buchf\u00fchrung und<br \/>\ndes Jahresabschlusses,<\/p>\n<p>2. Allgemeines Abgabenrecht einschlie\u00dflich Bewertungs- und Verfahrensrecht,<\/p>\n<p>3. Besonderes Steuer-\u00a0\u00a0und Abgabenrecht in den Bereichen:<\/p>\n<p>a) Einkommen-, K\u00f6rperschaft- und Gewerbesteuer<br \/>\nb) Verm\u00f6gensteuerrecht<br \/>\nc) Umsatzsteuer &#8211; und Grunderwerbssteuerrecht,<br \/>\nd) Erbschafts- und Schenkungsteuerrecht,<\/p>\n<p>4. Grundz\u00fcge des Verbrauchssteuer-, Au\u00dfensteuer- und des Steuerstrafrechts.<\/p>\n<p><b>\u00a7 15 Fortbildung<\/b><\/p>\n<p>Wer eine Fachanwaltsbezeichnung f\u00fchrt, mu\u00df auf diesem Fachgebiet j\u00e4hrlich an mindestens<br \/>\neiner Fortbildungsveranstaltung dozierend oder h\u00f6rend teilnehmen. Die Gesamtdauer der<br \/>\nFortbildung darf zehn\u00a0<b>(ab 2015: 15 )<\/b>\u00a0Zeitstunden nicht unterschreiten.<br \/>\nDies ist der Rechtsanwaltskammer unaufgefordert nachzuweisen.<\/p>\n<p>(Erl\u00e4uterung: Der\u00a0fehlende Nachweis der Fortbildung kann zum Widerruf der Fachanwaltsbezeichnung<br \/>\ndurch die Rechtsanwaltskammer f\u00fchren).<br \/>\n[\/et_pb_text][\/et_pb_column][et_pb_column type=&#8220;1_3&#8243; _builder_version=&#8220;4.16&#8243; background_position=&#8220;top_left&#8220; custom_padding=&#8220;0px|0px|0px|&#8220; global_colors_info=&#8220;{}&#8220; custom_padding__hover=&#8220;|||&#8220;][et_pb_text admin_label=&#8220;Text Abstandshalter&#8220; _builder_version=&#8220;4.16&#8243; custom_margin=&#8220;0px|0px|0px|0px&#8220; custom_padding=&#8220;0px|0px|0px|0px&#8220; global_colors_info=&#8220;{}&#8220;]<span style=\"color: #ffffff;\">:<\/span><br \/>\n<span style=\"color: #ffffff;\">:<\/span><br \/>\n[\/et_pb_text][\/et_pb_column][\/et_pb_row][\/et_pb_section][et_pb_section fb_built=&#8220;1&#8243; _builder_version=&#8220;4.16&#8243; custom_padding=&#8220;0px|0px|0px|0px&#8220; global_colors_info=&#8220;{}&#8220;][et_pb_row _builder_version=&#8220;4.16&#8243; background_size=&#8220;initial&#8220; background_position=&#8220;top_left&#8220; background_repeat=&#8220;repeat&#8220; custom_padding=&#8220;0px|0px|0px|0px&#8220; global_colors_info=&#8220;{}&#8220;][et_pb_column type=&#8220;4_4&#8243; _builder_version=&#8220;4.16&#8243; custom_padding=&#8220;|||&#8220; global_colors_info=&#8220;{}&#8220; custom_padding__hover=&#8220;|||&#8220;][et_pb_text admin_label=&#8220;Text Abstandshalter mit Leerzeilen&#8220; _builder_version=&#8220;4.16&#8243; custom_margin=&#8220;0px|0px|0px|0px&#8220; custom_padding=&#8220;0px|0px|10px|0px&#8220; border_style=&#8220;solid&#8220; global_colors_info=&#8220;{}&#8220;]<span style=\"color: #ffffff;\">:<\/span><br \/>\n<span style=\"color: #ffffff;\">:<\/span><br \/>\n[\/et_pb_text][et_pb_text admin_label=&#8220;Text + Link Impressum Rechtsanwalt Stephan Wonnebauer&#8220; _builder_version=&#8220;4.16&#8243; custom_padding=&#8220;||5px|&#8220; border_style=&#8220;solid&#8220; global_colors_info=&#8220;{}&#8220;]<\/p>\n<p style=\"text-align: center;\"><span class=\"st\">\u00a9Rechtsanwalt Stephan Wonnebauer &#8211; <a href=\"https:\/\/wonnebauer.de\/site\/home\/impressum\/\">Impressum<\/a><br \/>\n<\/span><\/p>\n<p>[\/et_pb_text][\/et_pb_column][\/et_pb_row][\/et_pb_section]<\/p>\n","protected":false},"excerpt":{"rendered":"<p>: : Maximen der Steuerberatung : : Unsere Prinzipien Steuerberatung\u00a0ist nicht gleichzusetzen mit &#8222;Steuerformulare ausf\u00fcllen&#8220; oder Buchhaltung. Wir verstehen Steuerberatung in erster Linie als\u00a0ganzheitliche Beratung rund um das Thema Steuern und Finanzen. Die Beratungspraxis zeigt, dass sich die meisten Fragen und Antworten auch nicht allein im Ausf\u00fcllen der Steuerformulare niederschlagen, sondern haupts\u00e4chlich\u00a0Steuerplanung (Wie soll ich [&hellip;]<\/p>\n","protected":false},"author":1,"featured_media":0,"parent":917,"menu_order":10,"comment_status":"closed","ping_status":"closed","template":"","meta":{"_et_pb_use_builder":"on","_et_pb_old_content":"","_et_gb_content_width":"","footnotes":""},"class_list":["post-1766","page","type-page","status-publish","hentry"],"_links":{"self":[{"href":"https:\/\/wonnebauer.de\/site\/wp-json\/wp\/v2\/pages\/1766","targetHints":{"allow":["GET"]}}],"collection":[{"href":"https:\/\/wonnebauer.de\/site\/wp-json\/wp\/v2\/pages"}],"about":[{"href":"https:\/\/wonnebauer.de\/site\/wp-json\/wp\/v2\/types\/page"}],"author":[{"embeddable":true,"href":"https:\/\/wonnebauer.de\/site\/wp-json\/wp\/v2\/users\/1"}],"replies":[{"embeddable":true,"href":"https:\/\/wonnebauer.de\/site\/wp-json\/wp\/v2\/comments?post=1766"}],"version-history":[{"count":7,"href":"https:\/\/wonnebauer.de\/site\/wp-json\/wp\/v2\/pages\/1766\/revisions"}],"predecessor-version":[{"id":5232,"href":"https:\/\/wonnebauer.de\/site\/wp-json\/wp\/v2\/pages\/1766\/revisions\/5232"}],"up":[{"embeddable":true,"href":"https:\/\/wonnebauer.de\/site\/wp-json\/wp\/v2\/pages\/917"}],"wp:attachment":[{"href":"https:\/\/wonnebauer.de\/site\/wp-json\/wp\/v2\/media?parent=1766"}],"curies":[{"name":"wp","href":"https:\/\/api.w.org\/{rel}","templated":true}]}}