{"id":1754,"date":"2018-05-27T16:47:18","date_gmt":"2018-05-27T14:47:18","guid":{"rendered":"https:\/\/wonnebauer.de\/site\/home\/kanzleiprofil\/"},"modified":"2025-05-14T10:06:51","modified_gmt":"2025-05-14T08:06:51","slug":"kanzleiprofil","status":"publish","type":"page","link":"https:\/\/wonnebauer.de\/site\/home\/kanzleiprofil\/","title":{"rendered":"Kanzleiprofil"},"content":{"rendered":"<p>[et_pb_section fb_built=&#8220;1&#8243; admin_label=&#8220;Wilkommen Block 1&#8243; _builder_version=&#8220;4.16&#8243; custom_padding=&#8220;0px|0px|0px|&#8220; global_colors_info=&#8220;{}&#8220;][et_pb_row column_structure=&#8220;1_3,2_3&#8243; _builder_version=&#8220;4.16&#8243; global_colors_info=&#8220;{}&#8220;][et_pb_column type=&#8220;1_3&#8243; _builder_version=&#8220;4.16&#8243; background_position=&#8220;top_left&#8220; custom_padding=&#8220;0px|0px|0px|0px&#8220; global_colors_info=&#8220;{}&#8220; custom_padding__hover=&#8220;|||&#8220;][et_pb_text admin_label=&#8220;Text Abstandshalter&#8220; _builder_version=&#8220;4.16&#8243; custom_margin=&#8220;0px|0px|0px|0px&#8220; custom_padding=&#8220;0px|0px|0px|0px&#8220; global_colors_info=&#8220;{}&#8220;]<span style=\"color: #ffffff;\">:<\/span><br \/>\n<span style=\"color: #ffffff;\">:<\/span><br \/>\n[\/et_pb_text][\/et_pb_column][et_pb_column type=&#8220;2_3&#8243; _builder_version=&#8220;4.16&#8243; background_position=&#8220;top_left&#8220; custom_padding=&#8220;0px|0px|0px|&#8220; global_colors_info=&#8220;{}&#8220; custom_padding__hover=&#8220;|||&#8220;][et_pb_text admin_label=&#8220;Text Abstandshalter&#8220; _builder_version=&#8220;4.16&#8243; custom_margin=&#8220;0px|0px|0px|0px&#8220; custom_padding=&#8220;0px|0px|0px|0px&#8220; global_colors_info=&#8220;{}&#8220;]<span style=\"color: #ffffff;\">:<\/span><br \/>\n<span style=\"color: #ffffff;\">:<\/span><br \/>\n[\/et_pb_text][\/et_pb_column][\/et_pb_row][\/et_pb_section][et_pb_section fb_built=&#8220;1&#8243; admin_label=&#8220;Wilkommen Block 1&#8243; _builder_version=&#8220;4.16&#8243; custom_padding=&#8220;0px|0px|0px|&#8220; global_colors_info=&#8220;{}&#8220;][et_pb_row column_structure=&#8220;2_3,1_3&#8243; _builder_version=&#8220;4.16&#8243; global_colors_info=&#8220;{}&#8220;][et_pb_column type=&#8220;2_3&#8243; _builder_version=&#8220;4.16&#8243; background_position=&#8220;top_left&#8220; custom_padding=&#8220;0px|0px|0px|0px&#8220; global_colors_info=&#8220;{}&#8220; custom_padding__hover=&#8220;|||&#8220;][et_pb_text admin_label=&#8220;Text \u00dcberschrift Kanzleiprofil&#8220; _builder_version=&#8220;4.23.1&#8243; global_colors_info=&#8220;{}&#8220;]<\/p>\n<h3><strong><span style=\"color: #993366;\">Kanzleiprofil<\/span><\/strong><\/h3>\n<p>[\/et_pb_text][et_pb_text admin_label=&#8220;Text Law Firm Profile&#8220; _builder_version=&#8220;4.25.2&#8243; hover_enabled=&#8220;0&#8243; global_colors_info=&#8220;{}&#8220; sticky_enabled=&#8220;0&#8243;]<\/p>\n<p><b>Stephan\u00a0Wonnebauer<\/b> ist Gr\u00fcndungsmitglied des Deutschen Anwaltsvereins und seit 2024 auch Vizepr\u00e4sident. <\/p>\n<p>Wonnebauer schreibt regelm\u00e4\u00dfig Artikel f\u00fcr die regionale Tageszeitung Trierischer Volksfreund. Zudem h\u00e4lt er viele \u00f6ffentliche Votr\u00e4ge zu Grenzg\u00e4ngerthemen.<\/p>\n<p>Er ist seit 1994 selbst\u00e4ndiger<b>\u00a0Rechtsanwalt\u00a0<\/b>und verf\u00fcgt somit \u00fcber eine Berufserfahrung<br \/>von mehr als 30 Jahren. 1998 hat er sich zum<b>\u00a0Fachanwalt f\u00fcr Steuerrecht<\/b>\u00a0qualifiziert.<\/p>\n<p>Seit Mai 2007 ist Stephan Wonnebauer zudem als\u00a0<b>Rechtsanwalt in Luxemburg <\/b>zugelassen.<br \/>Seit Mai 2010\u00a0f\u00fchrt er die Berufsbezeichnung\u00a0<b>Avocat \u00e0\u00a0la Cour<\/b>.<\/p>\n<p>Die Kanzlei ist\u00a0<b>bereits seit 1998<\/b>\u00a0spezialisiert auf die\u00a0<b>Steuerberatung<\/b>\u00a0von\u00a0<b>Luxemburg-Grenzg\u00e4ngern (Grenzpendler)<\/b>.<br \/>Hierzu geh\u00f6rt auch das<b>\u00a0HR-Management, also luxemburgisches Arbeitsrecht und Lohnsteuerrecht<\/b>.<br \/><b>Grenzg\u00e4nger\u00a0<\/b>m\u00fcssen dabei insbesondere auch wissen, wie die\u00a0<b>Verkn\u00fcpfungen zum deutschen Steuerrecht und Sozialversicherungsrecht aussehen.\u00a0<\/b>Genau hierin liegt unsere<b>\u00a0Kernkompetenz.<br \/><\/b><i><br \/><\/i>Mandanten werden in den Kanzleien in\u00a0<b>Wasserbillig, Stadtbredimus<\/b> und\u00a0<b>Trier<\/b>\u00a0betreut.<\/p>\n<p>Wonnebauer ist\u00a0<b>Autor\u00a0<\/b>des im April 2018 in der 2. Auflage erschienenen Buches<br \/><i><b>Die Steuererkl\u00e4rungen der Grenzg\u00e4nger Deutschland-Luxemburg<\/b><\/i>.<\/p>\n<p>Aufgrund der gro\u00dfen Nachfrage veranstaltet die Kanzlei seit 2016\u00a0<b>Seminare zum luxemburgischen Arbeitsrecht, Lohnsteuerrecht und Lohnbuchhaltung.\u00a0<\/b>Es sollte allen Berufst\u00e4tigen klar sein, dass<b> Investitionen in eine gute Fortbildung\u00a0<\/b>auch<b>\u00a0Rendite\u00a0<\/b>abwirft in Form von h\u00f6heren Geh\u00e4ltern.<\/p>\n<p><span style=\"color: #008000;\">Wonnebauer is a founding member and has also been Vice President since 2024.<\/span><\/p>\n<p><span style=\"color: #008000;\">In 1998 he qualified as a specialist lawyer for tax law.<\/span><\/p>\n<p><span style=\"color: #008000;\">Stephan Wonnebauer was admitted to the bar in Luxembourg in May 2007.<\/span><br \/><span style=\"color: #008000;\">Since May 2010 he has been using the professional title Avocat \u00e0 la Cour.<\/span><\/p>\n<p><span style=\"color: #008000;\">The law firm has been specialising in tax advice for Luxembourg cross-border commuters since 1998.<\/span><br \/><span style=\"color: #008000;\">This also includes HR management, i.e.Luxembourg labour law and wage tax law.<\/span><br \/><span style=\"color: #008000;\">In particular, cross-border commuters need to know how German tax law and social security law interconnect with the Luxembourg laws.This is exactly our area of expertise.<\/span><\/p>\n<p><span style=\"color: #008000;\">Stephan Wonnebauer is the author of the book,The Tax Returns of Cross-border Commuters Germany-Luxembourg, published in April 2018.<\/span><\/p>\n<p>&nbsp;<\/p>\n<p>[\/et_pb_text][\/et_pb_column][et_pb_column type=&#8220;1_3&#8243; _builder_version=&#8220;4.16&#8243; background_position=&#8220;top_left&#8220; custom_padding=&#8220;0px|0px|0px|&#8220; global_colors_info=&#8220;{}&#8220; custom_padding__hover=&#8220;|||&#8220;][et_pb_image src=&#8220;https:\/\/wonnebauer.de\/site\/wp-content\/uploads\/2021\/06\/Wonnebauer5.jpg&#8220; title_text=&#8220;Wonnebauer5&#8243; align_tablet=&#8220;center&#8220; align_phone=&#8220;&#8220; align_last_edited=&#8220;on|desktop&#8220; admin_label=&#8220;Bild Wonnebauer_Portrait_300_Veit&#8220; _builder_version=&#8220;4.16&#8243; global_colors_info=&#8220;{}&#8220;][\/et_pb_image][\/et_pb_column][\/et_pb_row][et_pb_row column_structure=&#8220;2_3,1_3&#8243; _builder_version=&#8220;4.16&#8243; global_colors_info=&#8220;{}&#8220;][et_pb_column type=&#8220;2_3&#8243; _builder_version=&#8220;4.16&#8243; background_position=&#8220;top_left&#8220; custom_padding=&#8220;0px|0px|0px|0px&#8220; global_colors_info=&#8220;{}&#8220; custom_padding__hover=&#8220;|||&#8220;][et_pb_text admin_label=&#8220;Text Abstandshalter&#8220; _builder_version=&#8220;4.16&#8243; custom_margin=&#8220;0px|0px|0px|0px&#8220; custom_padding=&#8220;0px|0px|0px|0px&#8220; global_colors_info=&#8220;{}&#8220;]<span style=\"color: #ffffff;\">:<\/span><br \/>\n<span style=\"color: #ffffff;\">:<\/span><br \/>\n[\/et_pb_text][et_pb_text admin_label=&#8220;Text \u00dcberschrift Luxemburg-Grenzg\u00e4nger&#8220; _builder_version=&#8220;4.23.1&#8243; global_colors_info=&#8220;{}&#8220;]<\/p>\n<h3><strong><span style=\"color: #993366;\">Luxemburg-Grenzg\u00e4nger<\/span><\/strong><\/h3>\n<p>[\/et_pb_text][et_pb_text admin_label=&#8220;Text Luxembourg cross-border commuters&#8220; _builder_version=&#8220;4.23.1&#8243; global_colors_info=&#8220;{}&#8220;]<\/p>\n<p>Rechtsanwalt Wonnebauer hat sich spezialisiert auf die\u00a0<b>Steuerberatung\u00a0f\u00fcr Luxemburg-Grenzg\u00e4nger<\/b>; das sind Arbeitnehmer und Selbst\u00e4ndige, die in Deutschland wohnen und in Luxemburg arbeiten. Dabei ist die\u00a0geografische N\u00e4he\u00a0zu den luxemburgischen Institutionen ein\u00a0besonderer Vorteil.<\/p>\n<p>Wir beraten auch die umgekehrten F\u00e4lle, also die Grenzg\u00e4nger von Luxemburg nach Deutschland.<\/p>\n<p>An Bedeutung\u00a0gewonnen hat auch die T\u00e4tigkeit im\u00a0<b>Arbeitsrecht f\u00fcr Grenzg\u00e4nger<\/b>. Deutsche Arbeitnehmer m\u00fcssen sich hier den\u00a0luxemburgischen Gesetzen und Gewohnheiten unterwerfen. Die Verkn\u00fcpfungen von Arbeitsrecht, Sozialversicherungsrecht und Steuerrecht sorgen f\u00fcr gro\u00dfes Unverst\u00e4ndnis bei allen Beteiligten. Wir helfen unseren Mandanten bei der Bew\u00e4ltigung dieser schwierigen Materie.<\/p>\n<p><span style=\"color: #008000;\">Lawyer Wonnebauer specializes in tax advice for Luxembourg cross-border commuters; these are employees and self-employed who live in Germany and work in Luxembourg.<\/span><br \/><span style=\"color: #008000;\">We can also advise the opposite case, i.e. cross-border commuters from Luxembourg to Germany.<\/span><br \/><span style=\"color: #008000;\">We have offices in both Trier and Wasserbillig.<\/span><br \/><span style=\"color: #008000;\">Labour law for cross border commuters has gained in significance. German employees must now submit to Luxembourg laws and customs. The cross-over between labour law, social security law and tax law in the 2 countries can cause great misunderstanding. We help our clients navigate these difficult matters.<\/span><\/p>\n<p>[\/et_pb_text][\/et_pb_column][et_pb_column type=&#8220;1_3&#8243; _builder_version=&#8220;4.16&#8243; background_position=&#8220;top_left&#8220; custom_padding=&#8220;0px|0px|0px|&#8220; global_colors_info=&#8220;{}&#8220; custom_padding__hover=&#8220;|||&#8220;][et_pb_text admin_label=&#8220;Text Abstandshalter&#8220; _builder_version=&#8220;4.16&#8243; custom_margin=&#8220;0px|0px|0px|0px&#8220; custom_padding=&#8220;0px|0px|0px|0px&#8220; global_colors_info=&#8220;{}&#8220;]<span style=\"color: #ffffff;\">:<\/span><br \/>\n<span style=\"color: #ffffff;\">:<\/span><br \/>\n[\/et_pb_text][et_pb_image src=&#8220;https:\/\/wonnebauer.de\/site\/wp-content\/uploads\/2018\/05\/Wonnebauer_EU_Flagge_3122_01.jpg&#8220; align_tablet=&#8220;center&#8220; align_phone=&#8220;&#8220; align_last_edited=&#8220;on|desktop&#8220; admin_label=&#8220;Bild Wonnebauer_EU_Flagge_3122_01&#8243; _builder_version=&#8220;4.16&#8243; global_colors_info=&#8220;{}&#8220;][\/et_pb_image][\/et_pb_column][\/et_pb_row][et_pb_row column_structure=&#8220;2_3,1_3&#8243; _builder_version=&#8220;4.16&#8243; global_colors_info=&#8220;{}&#8220;][et_pb_column type=&#8220;2_3&#8243; _builder_version=&#8220;4.16&#8243; background_position=&#8220;top_left&#8220; custom_padding=&#8220;0px|0px|0px|0px&#8220; global_colors_info=&#8220;{}&#8220; custom_padding__hover=&#8220;|||&#8220;][et_pb_text admin_label=&#8220;Text Abstandshalter&#8220; _builder_version=&#8220;4.16&#8243; custom_margin=&#8220;0px|0px|0px|0px&#8220; custom_padding=&#8220;0px|0px|0px|0px&#8220; global_colors_info=&#8220;{}&#8220;]<span style=\"color: #ffffff;\">:<\/span><br \/>\n<span style=\"color: #ffffff;\">:<\/span><br \/>\n[\/et_pb_text][et_pb_text admin_label=&#8220;Text \u00dcberschrift Lehrt\u00e4tigkeiten und Coachings&#8220; _builder_version=&#8220;4.23.1&#8243; global_colors_info=&#8220;{}&#8220;]<\/p>\n<h3><strong><span style=\"color: #993366;\">Lehrt\u00e4tigkeiten und Coachings<\/span><\/strong><\/h3>\n<p>[\/et_pb_text][et_pb_text admin_label=&#8220;Text Teaching Activities and Coaching&#8220; _builder_version=&#8220;4.23.1&#8243; global_colors_info=&#8220;{}&#8220;]<\/p>\n<p>Aktuell h\u00e4lt Rechtsanwalt Wonnebauer auf Anfrage von Unternehmen\u00a0und Fortbildungsinstituten\u00a0<b>Vortr\u00e4ge<\/b> zur<br \/>Thematik\u00a0<b>Besteuerung der Grenzg\u00e4nger Deutschland-Luxemburg und Arbeitsrecht f\u00fcr Personaler<\/b>.<br \/>Zielgruppe der Vortr\u00e4ge sind die Mitarbeiter im HR-Bereich, der Lohnbuchhaltung, aber letztlich auch die<br \/>betroffenen Mitarbeiter selbst.<\/p>\n<p>Bew\u00e4hrt haben sich auch\u00a0<b>Coachings<\/b>\u00a0zur individuellen und effektiven Einarbeitung neuer Mitarbeiter in die<br \/>vorgenannten Bereiche. Viele deutsche Unternehmen gr\u00fcnden Niederlassungen in Luxemburg.<br \/>Leider vernachl\u00e4ssigen sie dabei v\u00f6llig den\u00a0<b>HR-Bereich<\/b>, insbesondere die professionelle Betreuung ihrer<br \/>Mitarbeiter in den Bereichen Sozialversicherungsrecht und Familienleistungen.<br \/>Die Mitarbeiter f\u00fchlen sich allein gelassen. Das Betriebsklima und der Unternehmensruf leiden darunter.<\/p>\n<p>Er\u00a0war von 1992 bis 2007 f\u00fcr die\u00a0<a class=\"external-link-new-window\" title=\"Opens external link in new window\" href=\"http:\/\/www.frankfurt-school.de\/\"><b>Frankfurt School of Finance and Management<\/b><\/a>\u00a0(fr\u00fcher: Bankakademie) t\u00e4tig,<br \/>insbesondere als\u00a0<b>Dozent f\u00fcr Bankrecht.<\/b><\/p>\n<p><span style=\"color: #008000;\">Stephan Wonnebauer is currently available to give lectures on the topics of Cross-border Taxation,Wage Tax Law and Accounting, and Labour Law for Personnel,on the request of companies and training institutes.From 1992 to 2007 he worked for the Frankfurt School of Finance and Management (formerly: Bankakademie),specialising as a lecturer in banking law<\/span><\/p>\n<p><span style=\"color: #008000;\">The target group of the lectures are the employees in the HR department, the payroll department, but ultimately it is beneficial for all affected employees. It is clear that investing in good training generates returns in the form of higher salaries.<\/span><\/p>\n<p><span style=\"color: #008000;\">We also recommend for German companies, who have branches in Luxembourg, that they undertake individual coaching and training of HR employees, in the areas of social security law and family benefits. Many German companies set up branches in Luxembourg.Such training and support can be greatly beneficial.Please contact us if you are interested in our coaching services.<\/span><\/p>\n<p><span style=\"color: #008000;\">From 1992 to 2007 he worked for the Frankfurt School of Finance and Management (formerly: Bankakademie),<\/span><br \/><span style=\"color: #008000;\">especially as a lecturer in banking law.<\/span><\/p>\n<pre id=\"tw-target-text\" class=\"tw-data-text tw-text-large XcVN5d tw-ta\" dir=\"ltr\" data-placeholder=\"\u00dcbersetzung\"><span class=\"Y2IQFc\" lang=\"en\">\u00a0<\/span><\/pre>\n<p>&nbsp;<\/p>\n<p>[\/et_pb_text][\/et_pb_column][et_pb_column type=&#8220;1_3&#8243; _builder_version=&#8220;4.16&#8243; background_position=&#8220;top_left&#8220; custom_padding=&#8220;0px|0px|0px|&#8220; global_colors_info=&#8220;{}&#8220; custom_padding__hover=&#8220;|||&#8220;][et_pb_text admin_label=&#8220;Text Abstandshalter&#8220; _builder_version=&#8220;4.16&#8243; custom_margin=&#8220;0px|0px|0px|0px&#8220; custom_padding=&#8220;0px|0px|0px|0px&#8220; global_colors_info=&#8220;{}&#8220;]<span style=\"color: #ffffff;\">:<\/span><br \/>\n<span style=\"color: #ffffff;\">:<\/span><br \/>\n[\/et_pb_text][et_pb_image src=&#8220;https:\/\/wonnebauer.de\/site\/wp-content\/uploads\/2018\/05\/Wonnebauer_m_Buch_8470_240px.jpg&#8220; align_tablet=&#8220;center&#8220; align_phone=&#8220;&#8220; align_last_edited=&#8220;on|desktop&#8220; admin_label=&#8220;Bild Wonnebauer_m_Buch_8470_240px&#8220; _builder_version=&#8220;4.16&#8243; global_colors_info=&#8220;{}&#8220;][\/et_pb_image][\/et_pb_column][\/et_pb_row][\/et_pb_section][et_pb_section fb_built=&#8220;1&#8243; _builder_version=&#8220;4.16&#8243; custom_padding=&#8220;0px|0px|0px|0px&#8220; global_colors_info=&#8220;{}&#8220;][et_pb_row _builder_version=&#8220;4.16&#8243; background_size=&#8220;initial&#8220; background_position=&#8220;top_left&#8220; background_repeat=&#8220;repeat&#8220; custom_padding=&#8220;0px|0px|0px|0px&#8220; global_colors_info=&#8220;{}&#8220;][et_pb_column type=&#8220;4_4&#8243; _builder_version=&#8220;4.16&#8243; custom_padding=&#8220;|||&#8220; global_colors_info=&#8220;{}&#8220; custom_padding__hover=&#8220;|||&#8220;][et_pb_text admin_label=&#8220;Text Abstandshalter mit Leerzeilen&#8220; _builder_version=&#8220;4.16&#8243; custom_margin=&#8220;0px|0px|0px|0px&#8220; custom_padding=&#8220;0px|0px|10px|0px&#8220; border_style=&#8220;solid&#8220; global_colors_info=&#8220;{}&#8220;]<span style=\"color: #ffffff;\">:<\/span><br \/>\n<span style=\"color: #ffffff;\">:<\/span><br \/>\n[\/et_pb_text][et_pb_text admin_label=&#8220;Text + Link Impressum Rechtsanwalt Stephan Wonnebauer&#8220; _builder_version=&#8220;4.16&#8243; custom_padding=&#8220;||5px|&#8220; border_style=&#8220;solid&#8220; global_colors_info=&#8220;{}&#8220;]<\/p>\n<p style=\"text-align: center;\"><span class=\"st\">\u00a9Rechtsanwalt Stephan Wonnebauer &#8211; <a href=\"https:\/\/wonnebauer.de\/site\/home\/impressum\/\">Impressum<\/a><br \/>\n<\/span><\/p>\n<p>[\/et_pb_text][\/et_pb_column][\/et_pb_row][\/et_pb_section]<\/p>\n","protected":false},"excerpt":{"rendered":"<p>: : : : KanzleiprofilStephan\u00a0Wonnebauer ist Gr\u00fcndungsmitglied des Deutschen Anwaltsvereins und seit 2024 auch Vizepr\u00e4sident. Wonnebauer schreibt regelm\u00e4\u00dfig Artikel f\u00fcr die regionale Tageszeitung Trierischer Volksfreund. Zudem h\u00e4lt er viele \u00f6ffentliche Votr\u00e4ge zu Grenzg\u00e4ngerthemen. Er ist seit 1994 selbst\u00e4ndiger\u00a0Rechtsanwalt\u00a0und verf\u00fcgt somit \u00fcber eine Berufserfahrungvon mehr als 30 Jahren. 1998 hat er sich zum\u00a0Fachanwalt f\u00fcr Steuerrecht\u00a0qualifiziert. Seit [&hellip;]<\/p>\n","protected":false},"author":1,"featured_media":0,"parent":2,"menu_order":17,"comment_status":"closed","ping_status":"closed","template":"","meta":{"_et_pb_use_builder":"on","_et_pb_old_content":"","_et_gb_content_width":"","footnotes":""},"class_list":["post-1754","page","type-page","status-publish","hentry"],"_links":{"self":[{"href":"https:\/\/wonnebauer.de\/site\/wp-json\/wp\/v2\/pages\/1754","targetHints":{"allow":["GET"]}}],"collection":[{"href":"https:\/\/wonnebauer.de\/site\/wp-json\/wp\/v2\/pages"}],"about":[{"href":"https:\/\/wonnebauer.de\/site\/wp-json\/wp\/v2\/types\/page"}],"author":[{"embeddable":true,"href":"https:\/\/wonnebauer.de\/site\/wp-json\/wp\/v2\/users\/1"}],"replies":[{"embeddable":true,"href":"https:\/\/wonnebauer.de\/site\/wp-json\/wp\/v2\/comments?post=1754"}],"version-history":[{"count":30,"href":"https:\/\/wonnebauer.de\/site\/wp-json\/wp\/v2\/pages\/1754\/revisions"}],"predecessor-version":[{"id":6886,"href":"https:\/\/wonnebauer.de\/site\/wp-json\/wp\/v2\/pages\/1754\/revisions\/6886"}],"up":[{"embeddable":true,"href":"https:\/\/wonnebauer.de\/site\/wp-json\/wp\/v2\/pages\/2"}],"wp:attachment":[{"href":"https:\/\/wonnebauer.de\/site\/wp-json\/wp\/v2\/media?parent=1754"}],"curies":[{"name":"wp","href":"https:\/\/api.w.org\/{rel}","templated":true}]}}