{"id":1752,"date":"2018-05-27T16:44:27","date_gmt":"2018-05-27T14:44:27","guid":{"rendered":"https:\/\/wonnebauer.de\/site\/home\/stellenangebot\/"},"modified":"2026-01-28T15:00:41","modified_gmt":"2026-01-28T14:00:41","slug":"stellenangebot","status":"publish","type":"page","link":"https:\/\/wonnebauer.de\/site\/home\/stellenangebot\/","title":{"rendered":"Stellenangebot"},"content":{"rendered":"<p>[et_pb_section fb_built=&#8220;1&#8243; admin_label=&#8220;Wilkommen Block 1&#8243; _builder_version=&#8220;4.16&#8243; custom_padding=&#8220;0px|0px|0px|&#8220; global_colors_info=&#8220;{}&#8220;][et_pb_row column_structure=&#8220;1_4,3_4&#8243; _builder_version=&#8220;4.16&#8243; global_colors_info=&#8220;{}&#8220;][et_pb_column type=&#8220;1_4&#8243; _builder_version=&#8220;4.16&#8243; background_position=&#8220;top_left&#8220; custom_padding=&#8220;0px|0px|0px|0px&#8220; global_colors_info=&#8220;{}&#8220; custom_padding__hover=&#8220;|||&#8220;][et_pb_text admin_label=&#8220;Text Abstandshalter&#8220; _builder_version=&#8220;4.16&#8243; custom_margin=&#8220;0px|0px|0px|0px&#8220; custom_padding=&#8220;0px|0px|0px|0px&#8220; global_colors_info=&#8220;{}&#8220;]<\/p>\n<p>\n<span style=\"color: #ffffff;\">:<\/span><br \/><span style=\"color: #ffffff;\">:<\/span><\/p>\n<p>[\/et_pb_text][\/et_pb_column][et_pb_column type=&#8220;3_4&#8243; _builder_version=&#8220;4.16&#8243; background_position=&#8220;top_left&#8220; custom_padding=&#8220;0px|0px|0px|&#8220; global_colors_info=&#8220;{}&#8220; custom_padding__hover=&#8220;|||&#8220;][et_pb_text admin_label=&#8220;Text Abstandshalter&#8220; _builder_version=&#8220;4.16&#8243; custom_margin=&#8220;0px|0px|0px|0px&#8220; custom_padding=&#8220;0px|0px|0px|0px&#8220; global_colors_info=&#8220;{}&#8220;]<\/p>\n<p><span style=\"color: #ffffff;\">:<\/span><br \/><span style=\"color: #ffffff;\">:<\/span><\/p>\n<p>[\/et_pb_text][et_pb_text disabled_on=&#8220;on|on|on&#8220; _builder_version=&#8220;4.16&#8243; z_index_tablet=&#8220;500&#8243; disabled=&#8220;on&#8220; global_colors_info=&#8220;{}&#8220;]<\/p>\n<p><strong>Zur Zeit sind leider keine Stellenangebote vorhanden.<\/strong><\/p>\n<p>[\/et_pb_text][\/et_pb_column][\/et_pb_row][et_pb_row column_structure=&#8220;1_3,2_3&#8243; disabled_on=&#8220;off|off|off&#8220; admin_label=&#8220;Stellenanzeige Wasserbillig&#8220; _builder_version=&#8220;4.25.2&#8243; z_index_tablet=&#8220;500&#8243; global_colors_info=&#8220;{}&#8220;][et_pb_column type=&#8220;1_3&#8243; _builder_version=&#8220;4.16&#8243; background_position=&#8220;top_left&#8220; custom_padding=&#8220;0px|0px|0px|0px&#8220; global_colors_info=&#8220;{}&#8220; custom_padding__hover=&#8220;|||&#8220;][et_pb_text admin_label=&#8220;Text Abstandshalter&#8220; _builder_version=&#8220;4.16&#8243; custom_margin=&#8220;0px|0px|0px|0px&#8220; custom_padding=&#8220;0px|0px|0px|0px&#8220; global_colors_info=&#8220;{}&#8220;]<\/p>\n<p>\n<span style=\"color: #ffffff;\">:<\/span><br \/><span style=\"color: #ffffff;\">:<\/span><\/p>\n<p>[\/et_pb_text][et_pb_image src=&#8220;https:\/\/wonnebauer.de\/site\/wp-content\/uploads\/2024\/01\/happiness-1936600_1280.png&#8220; title_text=&#8220;happiness-1936600_1280&#8243; _builder_version=&#8220;4.25.2&#8243; _module_preset=&#8220;default&#8220; global_colors_info=&#8220;{}&#8220;][\/et_pb_image][\/et_pb_column][et_pb_column type=&#8220;2_3&#8243; _builder_version=&#8220;4.16&#8243; _module_preset=&#8220;default&#8220; global_colors_info=&#8220;{}&#8220;][et_pb_text admin_label=&#8220;Text Abstandshalter&#8220; _builder_version=&#8220;4.16&#8243; custom_margin=&#8220;0px|0px|0px|0px&#8220; custom_padding=&#8220;0px|0px|0px|0px&#8220; global_colors_info=&#8220;{}&#8220;]<\/p>\n<p><span style=\"color: #ffffff;\">:<\/span><br \/><span style=\"color: #ffffff;\">:<\/span><\/p>\n<p>[\/et_pb_text][et_pb_text admin_label=&#8220;Text Wir suchen Verst\u00e4rkung&#8220; _builder_version=&#8220;4.25.2&#8243; custom_margin=&#8220;0px|0px|0px|0px&#8220; custom_padding=&#8220;0px|0px|0px|0px&#8220; hover_enabled=&#8220;0&#8243; global_colors_info=&#8220;{}&#8220; sticky_enabled=&#8220;0&#8243;]<\/p>\n<h3>Derzeit sind alle Positionen in unserem Team besetzt. Wir freuen uns jedoch immer \u00fcber Interesse an unserem Unternehmen \u2013 schauen Sie gerne zu einem sp\u00e4teren Zeitpunkt wieder vorbei.<\/h3>\n<p>[\/et_pb_text][et_pb_text content_tablet=&#8220;&#8220; content_phone=&#8220;<\/p>\n<h3><span style=%22color: #993300;%22>WIR SUCHEN VERST\u00c4RKUNG!<\/span><\/h3>\n<p><strong><span style=%22color: #993300;%22>Steuerfachangestellte\/r (m\/w\/d)<br \/><\/span><\/strong><strong><span style=%22color: #993300;%22>f\u00fcr unseren k\u00fcnftigen Standort ab 09\/2022<br \/>in Stadtbredimus\/Luxemburg<\/span><\/strong><\/p>\n<ul>\n<li><strong>Vollzeit (40 Stunden) und unbefristet<\/strong><\/li>\n<li><strong>Zu den Aufgaben geh\u00f6ren insbesondere das<br \/>Erstellen von deutschen <\/strong><strong>und luxemburgischen<br \/>Einkommensteuererkl\u00e4rungen, sowie allgemeine<\/strong><br \/><strong>Sekretariatsaufgaben mit Kenntnissen im Rechts-<br \/>anwalts- und \/ oder <\/strong><strong>Steuerberatungsberuf.<br \/>Weitere F\u00e4higkeiten sind erw\u00fcnscht.<\/strong><\/li>\n<li><strong>Kenntnisse in der franz\u00f6sischen Sprache<br \/>werden gesch\u00e4tzt.<\/strong><\/li>\n<li><strong>Wir arbeiten mit den Softwares RA-Micro, DATEV<br \/>und Intec.<\/strong><br \/><strong>Entsprechende Vorkenntnisse in diesen<br \/>oder anderen professionellen <\/strong><strong>Softwares<br \/>sollten bestehen.<\/strong><\/li>\n<\/ul>\n<p>Wir gew\u00e4hrleisten Ihnen eine professionelle<br \/>Einarbeitung, einen modernen Arbeitsplatz,<br \/>leistungsgerechte Bezahlung und absolut<br \/>diskrete Behandlung Ihrer Bewerbungsunterlagen.<\/p>\n<p><strong>Sie sind motiviert unser Team <br \/>tatkr\u00e4ftig zu unterst\u00fctzen?<\/strong><\/p>\n<p><strong><span style=%22color: #993300;%22>Dann bewerben Sie sich bitte mit den <br \/>\u00fcblichen Bewerbungsunterlagen an:<\/span><\/strong><br \/><a href=%22mailto:kanzlei@wonnebauer.de%22>kanzlei@wonnebauer.de<\/a><\/p>\n<p><strong>Wir freuen uns auf Ihre Bewerbung!<\/strong><\/p>\n<\/p>\n<h3> <\/h3>\n<p>&#8220; content_last_edited=&#8220;on|phone&#8220; disabled_on=&#8220;on|on|on&#8220; admin_label=&#8220;Text wir suchen Verst\u00e4rkung&#8220; _builder_version=&#8220;4.25.2&#8243; width=&#8220;216.3%&#8220; custom_margin=&#8220;|||0px||&#8220; custom_padding=&#8220;|0px||0px||&#8220; z_index_tablet=&#8220;500&#8243; disabled=&#8220;on&#8220; global_colors_info=&#8220;{}&#8220;]<\/p>\n<h3><strong>Wir suchen Verst\u00e4rkung!\u00a0<\/strong><\/h3>\n<ul class=\"messages\" data-v-1c1bd7df=\"\">\n<li id=\"message_4823\" class=\"message message--hovered\" tabindex=\"0\" data-v-62a2ac48=\"\" data-v-1c1bd7df=\"\" data-message-id=\"4823\" data-next-message-id=\"0\" data-previous-message-id=\"4651\">\n<div class=\"message-body normal-message-body\" data-v-62a2ac48=\"\">\n<div class=\"message-main\" data-v-f2ec36a0=\"\" data-v-62a2ac48=\"\">\n<div class=\"message-main__text markdown-message\" data-v-f2ec36a0=\"\">\n<div class=\"rich-text--wrapper rich-text--wrapper-markdown\" dir=\"auto\" data-v-1de82f09=\"\" data-v-f2ec36a0=\"\">\n<div data-v-1de82f09=\"\">\n<p data-v-1de82f09=\"\">Wir suchen ab dem 05.01.2026 eine\/n motivierte\/n Rechtsanwaltsfachangestellte\/n (m\/w\/d) f\u00fcr die anfallenden Sekretariatsarbeiten.<br \/><br data-v-1de82f09=\"\" \/>Zu Ihren Aufgaben geh\u00f6ren allgemeine Sekretariatsaufgaben mit Kenntnissen im Rechtsanwalts- und\/oder Steuerberatungsberuf, Mandantenempfang, Telefonannahme, Postbearbeitung, Fristenkontrolle, die Korrespondenz nach Diktat u.a.. Eine Einarbeitung durch erfahrene MitarbeiterInnen wird gew\u00e4hrleistet.<br data-v-1de82f09=\"\" \/><br \/>Wir arbeiten mit RA-Micro und DATEV. Entsprechende Vorkenntnisse in diesen oder anderen professionellen Softwares sollten bestehen.<br data-v-1de82f09=\"\" \/>Kenntnisse in der franz\u00f6sischen Sprache werden gesch\u00e4tzt.<br data-v-1de82f09=\"\" \/><br \/>Bewerbung bitte an:\u00a0<a href=\"mailto:kanzlei@wonnebauer.de\" data-v-1de82f09=\"\">kanzlei@wonnebauer.de<\/a><br data-v-1de82f09=\"\" \/>Vertraulichkeit wird zugesichert.<\/p>\n<\/div>\n<\/div>\n<\/div>\n<\/div>\n<\/div>\n<\/li>\n<\/ul>\n<p>&nbsp;<\/p>\n<p>[\/et_pb_text][\/et_pb_column][\/et_pb_row][et_pb_row column_structure=&#8220;1_3,2_3&#8243; disabled_on=&#8220;on|on|on&#8220; admin_label=&#8220;1&#8243; _builder_version=&#8220;4.16&#8243; z_index_tablet=&#8220;500&#8243; disabled=&#8220;on&#8220; global_colors_info=&#8220;{}&#8220;][et_pb_column type=&#8220;1_3&#8243; _builder_version=&#8220;4.16&#8243; background_position=&#8220;top_left&#8220; custom_padding=&#8220;0px|0px|0px|0px&#8220; global_colors_info=&#8220;{}&#8220; custom_padding__hover=&#8220;|||&#8220;][et_pb_text admin_label=&#8220;Text Abstandshalter&#8220; _builder_version=&#8220;4.16&#8243; custom_margin=&#8220;0px|0px|0px|0px&#8220; custom_padding=&#8220;0px|0px|0px|0px&#8220; z_index_tablet=&#8220;500&#8243; global_colors_info=&#8220;{}&#8220;]<\/p>\n<p>&nbsp;<\/p>\n<p><span style=\"color: #ffffff;\"><img loading=\"lazy\" decoding=\"async\" class=\"alignnone wp-image-4705 size-medium\" src=\"https:\/\/wonnebauer.de\/site\/wp-content\/uploads\/2021\/10\/keyboard-g767804466_1920-300x200.jpg\" alt=\"\" width=\"300\" height=\"200\" \/>:<\/span><br \/><span style=\"color: #ffffff;\">:<\/span><\/p>\n<p>[\/et_pb_text][\/et_pb_column][et_pb_column type=&#8220;2_3&#8243; _builder_version=&#8220;4.16&#8243; background_position=&#8220;top_left&#8220; custom_padding=&#8220;0px|0px|0px|&#8220; global_colors_info=&#8220;{}&#8220; custom_padding__hover=&#8220;|||&#8220;][et_pb_text admin_label=&#8220;Text Abstandshalter&#8220; _builder_version=&#8220;4.16&#8243; custom_margin=&#8220;0px|0px|0px|0px&#8220; custom_padding=&#8220;0px|0px|0px|0px&#8220; global_colors_info=&#8220;{}&#8220;]<\/p>\n<p><span style=\"color: #ffffff;\">:<\/span><br \/><span style=\"color: #ffffff;\">:<\/span><\/p>\n<p>[\/et_pb_text][et_pb_text _builder_version=&#8220;4.16&#8243; z_index_tablet=&#8220;500&#8243; global_colors_info=&#8220;{}&#8220;]<\/p>\n<h5><span style=\"color: #800000;\"><strong>Steuerfachangestellter (m\/w\/d)\u00a0 f\u00fcr unsere Kanzlei in Wasserbillig gesucht<\/strong><\/span><\/h5>\n<h5><strong>in <\/strong><span style=\"color: #800000;\"><strong>Vollzeit oder Teilzeit mind. 25 Stunden<\/strong><\/span><\/h5>\n<h5><span style=\"color: #800000;\">Wir suchen <em>ab sofort<\/em> einen Steuerfachangestellten\/e mit Erfahrung in einer Anwalt- oder Steuerkanzlei. <\/span><\/h5>\n<h5><span style=\"color: #800000;\">Zu den Aufgaben geh\u00f6ren insbesondere das <strong>Erstellen von deutschen und luxemburgischen Einkommensteuererkl\u00e4rungen<\/strong> und kleinere Buchhaltungen. Weitere F\u00e4higkeiten sind erw\u00fcnscht.<\/span><\/h5>\n<p>Kenntnisse in der franz\u00f6sischen Sprache werden gesch\u00e4tzt.<\/p>\n<h5><span style=\"color: #800000;\">Wir arbeiten mit den Softwares RA-Micro und DATEV und Intec Entsprechende Vorkenntnisse in diesen oder anderen professionellen Softwares sollten bestehen. Einarbeitung wird gew\u00e4hrleistet.<\/span><\/h5>\n<p>Bitte bewerben Sie sich mit den \u00fcblichen Bewerbungsunterlagen an<\/p>\n<h5><a href=\"mailto:kanzlei@wonnebauer.de\">kanzlei@wonnebauer.de<\/a> <strong><br \/><\/strong><\/h5>\n<h5>\u00a0<\/h5>\n<p>[\/et_pb_text][\/et_pb_column][\/et_pb_row][et_pb_row column_structure=&#8220;1_3,2_3&#8243; disabled_on=&#8220;on|on|on&#8220; _builder_version=&#8220;4.16&#8243; disabled=&#8220;on&#8220; collapsed=&#8220;off&#8220; global_colors_info=&#8220;{}&#8220;][et_pb_column type=&#8220;1_3&#8243; _builder_version=&#8220;4.16&#8243; background_position=&#8220;top_left&#8220; custom_padding=&#8220;0px|0px|0px|0px&#8220; global_colors_info=&#8220;{}&#8220; custom_padding__hover=&#8220;|||&#8220;][et_pb_text admin_label=&#8220;Text Abstandshalter&#8220; _builder_version=&#8220;4.16&#8243; custom_margin=&#8220;0px|0px|0px|0px&#8220; custom_padding=&#8220;0px|0px|0px|0px&#8220; z_index_tablet=&#8220;500&#8243; locked=&#8220;off&#8220; global_colors_info=&#8220;{}&#8220;]<\/p>\n<p><span style=\"color: #ffffff;\">:<\/span><br \/><span style=\"color: #ffffff;\">:<\/span><\/p>\n<p>[\/et_pb_text][\/et_pb_column][et_pb_column type=&#8220;2_3&#8243; _builder_version=&#8220;4.16&#8243; background_position=&#8220;top_left&#8220; custom_padding=&#8220;0px|0px|0px|&#8220; global_colors_info=&#8220;{}&#8220; custom_padding__hover=&#8220;|||&#8220;][et_pb_text admin_label=&#8220;Text Abstandshalter&#8220; _builder_version=&#8220;4.16&#8243; custom_margin=&#8220;0px|0px|0px|0px&#8220; custom_padding=&#8220;0px|0px|0px|0px&#8220; locked=&#8220;off&#8220; global_colors_info=&#8220;{}&#8220;]<\/p>\n<p><span style=\"color: #ffffff;\">:<\/span><br \/><span style=\"color: #ffffff;\">:<\/span><\/p>\n<p>[\/et_pb_text][et_pb_text _builder_version=&#8220;4.16&#8243; z_index_tablet=&#8220;500&#8243; locked=&#8220;off&#8220; global_colors_info=&#8220;{}&#8220;]<\/p>\n<h5><span style=\"color: #800000;\"><strong>Buchhalterin f\u00fcr unsere Kanzlei in Trier gesucht<\/strong><\/span><\/h5>\n<h5><span style=\"color: #800000;\"><strong>auf Mini-Job-Basis<\/strong><\/span><\/h5>\n<h5><span style=\"color: #800000;\">Wir suchen <em>ab sofort<\/em> eine Buchhalterin mit Erfahrungen in einer Steuerkanzlei. <\/span><\/h5>\n<h5><span style=\"color: #800000;\">Zu den Aufgaben geh\u00f6ren insbesondere Buchhaltungsarbeiten sowie die \u00fcblichen B\u00fcroarbeiten.<\/span><br \/><span style=\"color: #800000;\"><br \/><\/span><span style=\"color: #800000;\"><br \/>Wir arbeiten mit RA-Micro und DATEV. Entsprechende Vorkenntnisse in diesen oder anderen professionellen Softwares sollten bestehen. <\/span><\/h5>\n<h5><span style=\"color: #800000;\">Bitte bewerben Sie sich mit den \u00fcblichen Bewerbungsunterlagen an <a href=\"mailto:kanzlei@wonnebauer.de\">kanzlei@wonnebauer.de<\/a> <\/span><strong><br \/><\/strong><\/h5>\n<h5>\u00a0<\/h5>\n<p>[\/et_pb_text][\/et_pb_column][\/et_pb_row][et_pb_row column_structure=&#8220;1_3,2_3&#8243; disabled_on=&#8220;on|on|on&#8220; _builder_version=&#8220;4.16&#8243; disabled=&#8220;on&#8220; global_colors_info=&#8220;{}&#8220;][et_pb_column type=&#8220;1_3&#8243; _builder_version=&#8220;4.16&#8243; background_position=&#8220;top_left&#8220; custom_padding=&#8220;0px|0px|0px|0px&#8220; global_colors_info=&#8220;{}&#8220; custom_padding__hover=&#8220;|||&#8220;][et_pb_text admin_label=&#8220;Text Abstandshalter&#8220; _builder_version=&#8220;4.16&#8243; custom_margin=&#8220;0px|0px|0px|0px&#8220; custom_padding=&#8220;0px|0px|0px|0px&#8220; z_index_tablet=&#8220;500&#8243; global_colors_info=&#8220;{}&#8220;]<\/p>\n<p><span style=\"color: #ffffff;\"><img loading=\"lazy\" decoding=\"async\" class=\"alignnone size-full wp-image-2134\" src=\"https:\/\/wonnebauer.de\/site\/wp-content\/uploads\/2018\/06\/Wonnebauer_IMG_6250_240px.jpg\" alt=\"\" width=\"160\" height=\"240\" \/>:<\/span><br \/><span style=\"color: #ffffff;\">:<\/span><\/p>\n<p>[\/et_pb_text][\/et_pb_column][et_pb_column type=&#8220;2_3&#8243; _builder_version=&#8220;4.16&#8243; background_position=&#8220;top_left&#8220; custom_padding=&#8220;0px|0px|0px|&#8220; global_colors_info=&#8220;{}&#8220; custom_padding__hover=&#8220;|||&#8220;][et_pb_text admin_label=&#8220;Text Abstandshalter&#8220; _builder_version=&#8220;4.16&#8243; custom_margin=&#8220;0px|0px|0px|0px&#8220; custom_padding=&#8220;0px|0px|0px|0px&#8220; global_colors_info=&#8220;{}&#8220;]<\/p>\n<p>\n<span style=\"color: #ffffff;\">:<\/span><br \/><span style=\"color: #ffffff;\">:<\/span><\/p>\n<p>[\/et_pb_text][et_pb_text _builder_version=&#8220;4.16&#8243; z_index_tablet=&#8220;500&#8243; global_colors_info=&#8220;{}&#8220;]<\/p>\n<h5><span style=\"color: #800000;\"><strong>Buchhalterin f\u00fcr unsere Kanzlei in Trier gesucht<\/strong><\/span><\/h5>\n<h5><span style=\"color: #800000;\"><strong>auf Mini-Job-Basis<\/strong><\/span><\/h5>\n<h5><span style=\"color: #800000;\">Wir suchen <em>ab sofort<\/em> eine Buchhalterin mit Erfahrungen in einer Steuerkanzlei. <\/span><\/h5>\n<h5><span style=\"color: #800000;\">Zu den Aufgaben geh\u00f6ren insbesondere Buchhaltungsarbeiten sowie die \u00fcblichen B\u00fcroarbeiten.<\/span><br \/><span style=\"color: #800000;\"><br \/><\/span><span style=\"color: #800000;\"><br \/>Wir arbeiten mit RA-Micro und DATEV. Entsprechende Vorkenntnisse in diesen oder anderen professionellen Softwares sollten bestehen. <\/span><\/h5>\n<h5><span style=\"color: #800000;\">Bitte bewerben Sie mit den \u00fcblichen Bewerbungsunterlagen an <a href=\"mailto:kanzlei@wonnebauer.de\">kanzlei@wonnebauer.de<\/a> <\/span><strong><br \/><\/strong><\/h5>\n<h5>\u00a0<\/h5>\n<p>[\/et_pb_text][\/et_pb_column][\/et_pb_row][\/et_pb_section][et_pb_section fb_built=&#8220;1&#8243; _builder_version=&#8220;4.16&#8243; custom_padding=&#8220;0px|0px|0px|0px&#8220; global_colors_info=&#8220;{}&#8220;][et_pb_row admin_label=&#8220;Impressum&#8220; _builder_version=&#8220;4.16&#8243; background_size=&#8220;initial&#8220; background_position=&#8220;top_left&#8220; background_repeat=&#8220;repeat&#8220; custom_padding=&#8220;0px|0px|0px|0px&#8220; global_colors_info=&#8220;{}&#8220;][et_pb_column type=&#8220;4_4&#8243; _builder_version=&#8220;4.16&#8243; custom_padding=&#8220;|||&#8220; global_colors_info=&#8220;{}&#8220; custom_padding__hover=&#8220;|||&#8220;][et_pb_text admin_label=&#8220;Text Abstandshalter mit Leerzeilen&#8220; _builder_version=&#8220;4.16&#8243; custom_margin=&#8220;0px|0px|0px|0px&#8220; custom_padding=&#8220;0px|0px|10px|0px&#8220; border_style=&#8220;solid&#8220; global_colors_info=&#8220;{}&#8220;]<\/p>\n<p>\n<span style=\"color: #ffffff;\">:<\/span><br \/><span style=\"color: #ffffff;\">:<\/span><\/p>\n<p>[\/et_pb_text][et_pb_text admin_label=&#8220;Text + Link Impressum Rechtsanwalt Stephan Wonnebauer&#8220; _builder_version=&#8220;4.16&#8243; custom_padding=&#8220;||5px|&#8220; border_style=&#8220;solid&#8220; global_colors_info=&#8220;{}&#8220;]<\/p>\n<p style=\"text-align: center;\"><span class=\"st\">\u00a9Rechtsanwalt Stephan Wonnebauer &#8211; <a href=\"https:\/\/wonnebauer.de\/site\/home\/impressum\/\">Impressum<\/a><br \/><\/span><\/p>\n<p>[\/et_pb_text][\/et_pb_column][\/et_pb_row][\/et_pb_section]<\/p>\n","protected":false},"excerpt":{"rendered":"<p>:: ::Zur Zeit sind leider keine Stellenangebote vorhanden. :: ::Derzeit sind alle Positionen in unserem Team besetzt. Wir freuen uns jedoch immer \u00fcber Interesse an unserem Unternehmen \u2013 schauen Sie gerne zu einem sp\u00e4teren Zeitpunkt wieder vorbei.Wir suchen Verst\u00e4rkung!\u00a0 Wir suchen ab dem 05.01.2026 eine\/n motivierte\/n Rechtsanwaltsfachangestellte\/n (m\/w\/d) f\u00fcr die anfallenden Sekretariatsarbeiten.Zu Ihren Aufgaben geh\u00f6ren [&hellip;]<\/p>\n","protected":false},"author":1,"featured_media":0,"parent":2,"menu_order":16,"comment_status":"closed","ping_status":"closed","template":"","meta":{"_et_pb_use_builder":"on","_et_pb_old_content":"","_et_gb_content_width":"","footnotes":""},"class_list":["post-1752","page","type-page","status-publish","hentry"],"_links":{"self":[{"href":"https:\/\/wonnebauer.de\/site\/wp-json\/wp\/v2\/pages\/1752","targetHints":{"allow":["GET"]}}],"collection":[{"href":"https:\/\/wonnebauer.de\/site\/wp-json\/wp\/v2\/pages"}],"about":[{"href":"https:\/\/wonnebauer.de\/site\/wp-json\/wp\/v2\/types\/page"}],"author":[{"embeddable":true,"href":"https:\/\/wonnebauer.de\/site\/wp-json\/wp\/v2\/users\/1"}],"replies":[{"embeddable":true,"href":"https:\/\/wonnebauer.de\/site\/wp-json\/wp\/v2\/comments?post=1752"}],"version-history":[{"count":81,"href":"https:\/\/wonnebauer.de\/site\/wp-json\/wp\/v2\/pages\/1752\/revisions"}],"predecessor-version":[{"id":7282,"href":"https:\/\/wonnebauer.de\/site\/wp-json\/wp\/v2\/pages\/1752\/revisions\/7282"}],"up":[{"embeddable":true,"href":"https:\/\/wonnebauer.de\/site\/wp-json\/wp\/v2\/pages\/2"}],"wp:attachment":[{"href":"https:\/\/wonnebauer.de\/site\/wp-json\/wp\/v2\/media?parent=1752"}],"curies":[{"name":"wp","href":"https:\/\/api.w.org\/{rel}","templated":true}]}}