{"id":1523,"date":"2018-05-01T15:12:01","date_gmt":"2018-05-01T13:12:01","guid":{"rendered":"https:\/\/wonnebauer.de\/site\/?page_id=1523"},"modified":"2026-04-22T08:31:25","modified_gmt":"2026-04-22T06:31:25","slug":"hinweisefuerneuemandanten","status":"publish","type":"page","link":"https:\/\/wonnebauer.de\/site\/home\/hinweisefuerneuemandanten\/","title":{"rendered":"Hinweise f\u00fcr neue Mandanten"},"content":{"rendered":"<p>[et_pb_section fb_built=&#8220;1&#8243; admin_label=&#8220;Wilkommen Block 1&#8243; _builder_version=&#8220;4.16&#8243; custom_padding=&#8220;0px|0px|0px|&#8220; global_colors_info=&#8220;{}&#8220;][et_pb_row column_structure=&#8220;2_3,1_3&#8243; _builder_version=&#8220;4.16&#8243; background_size=&#8220;initial&#8220; background_position=&#8220;top_left&#8220; background_repeat=&#8220;repeat&#8220; global_colors_info=&#8220;{}&#8220;][et_pb_column type=&#8220;2_3&#8243; _builder_version=&#8220;4.16&#8243; background_position=&#8220;top_left&#8220; custom_padding=&#8220;0px|0px|0px|0px&#8220; global_colors_info=&#8220;{}&#8220; custom_padding__hover=&#8220;|||&#8220;][et_pb_text admin_label=&#8220;Text Abstandshalter&#8220; _builder_version=&#8220;4.16&#8243; custom_margin=&#8220;0px|0px|0px|0px&#8220; custom_padding=&#8220;0px|0px|0px|0px&#8220; global_colors_info=&#8220;{}&#8220;]<\/p>\n<p><span style=\"color: #ffffff;\">:<\/span><br \/><span style=\"color: #ffffff;\">:<\/span><\/p>\n<p>[\/et_pb_text][et_pb_text admin_label=&#8220;How we can help you,advice options for new clients&#8220; _builder_version=&#8220;4.25.2&#8243; hover_enabled=&#8220;0&#8243; global_colors_info=&#8220;{}&#8220; sticky_enabled=&#8220;0&#8243;]<\/p>\n<div class=\"csc-header csc-header-n3\">\n<h3><span style=\"color: #993366;\">Hinweise zu den Beratungsm\u00f6glichkeiten f\u00fcr neue Mandanten<\/span><\/h3>\n<\/div>\n<div class=\"csc-textpic csc-textpic-intext-right\">\n<div class=\"csc-textpic-imagewrap\">\n<div class=\"csc-textpic-image csc-textpic-last\">\n<p>Sie wenden sich zum <b>ersten Mal<\/b> an unsere Kanzlei?<\/p>\n<p>Sie haben ein <b>schwieriges Rechtsproblem<\/b>, es geht um Ihre <b>Existenz<\/b> oder <b>um viel Geld<\/b>?<\/p>\n<p>Sie sind Grenzg\u00e4nger und wollen sich allgemein informieren \u00fcber Ihre Rechte und Pflichten?<\/p>\n<\/div>\n<\/div>\n<div class=\"csc-textpic-text\">\n<p>Sie erhalten eine <b>Rundumberatung<\/b> zu den Themen <b>Steuerrecht, Sozialversicherungsrecht<br \/>und Arbeitsrecht<\/b> auf\u00a0 Sie pers\u00f6nlich zugeschnitten.<\/p>\n<p>Sie wollen eine<b> Steuererkl\u00e4rung f\u00fcr Grenzg\u00e4nger<\/b> oder <b>eine Selbstanzeige<\/b> bei uns in Auftrag geben?<\/p>\n<p>Sie wollen <b>keine Kompromisse<\/b> eingehen und eine <b>rechtsverbindliche<\/b> Beratung<br \/>durch einen ausgewiesenen Fachmann einholen?<\/p>\n<p>Wir orientieren unser Honorar an der Steuerberaterverg\u00fctungsverordnung und dem<br \/>Rechtsanwaltsverg\u00fctungsgesetz. Entscheidend f\u00fcr die Geb\u00fchrenh\u00f6he ist der Gegenstandswert.<\/p>\n<p>F\u00fcr die Erstberatung f\u00e4llt eine <b>Pauschale<\/b> in H\u00f6he von <strong>6<\/strong><b>00 \u20ac\u00a0<\/b> an. Sie erhalten \u00fcber den Betrag eine Rechnung.<br \/>Die weiteren Kosten werden Ihnen dann konkret in dem Beratungstermin mitgeteilt.<\/p>\n<p>Eine <strong>Rentenberatung<\/strong> f\u00fcr Grenzg\u00e4nger kostet <strong>750 \u20ac<\/strong> und dauert rund 1 Stunde.<\/p>\n<p>Sollten sich in der Beratung<b> tiefergehende Rechtsprobleme<\/b> ergeben, erkl\u00e4ren wir Ihnen die n\u00e4chsten Schritte<br \/>und weiteren Kosten. Sie entscheiden dann selbst, wie Sie weiterverfahren und ob Sie uns weiter beauftragen.<\/p>\n<p>In <b>arbeitsrechtlichen F\u00e4llen<\/b> verf\u00fcgen Sie eventuell \u00fcber eine Rechtsschutzversicherung.<br \/>Bringen Sie zu dem ersten Termin die Daten mit. Falls nicht, m\u00fcssen Sie auch hier grunds\u00e4tzlich<br \/>mit einem Honorar von mindestens <strong>6<\/strong><b>00 \u20ac <\/b>rechnen.<\/p>\n<p>F\u00fcr <b>Unternehmer<\/b> richtet sich die Honorarh\u00f6he nach dem Einzelfall.<\/p>\n<p>F\u00fcr <b>Stamm-Mandanten<\/b> entf\u00e4llt dieses Prozedere. Sie k\u00f6nnen sich jederzeit an uns wenden.<\/p>\n<p>&nbsp;<\/p>\n<\/div>\n<p><span style=\"color: #008000;\">Do you have a difficult legal problem with your employment contract?<\/span><\/p>\n<p><span style=\"color: #008000;\">You don&#8217;t want to compromise and you want legally binding advice<\/span><br \/><span style=\"color: #008000;\">from a qualified specialist?<\/span><\/p>\n<p><span style=\"color: #008000;\">Are you a cross-border commuter and want general information about your rights and obligations in Germany and Luxembourg?<\/span><\/p>\n<p><span style=\"color: #008000;\">You will receive all-round advice on the topics of tax law and social security law<\/span><br \/><span style=\"color: #008000;\">and employment law,tailored to you personally.<\/span><\/p>\n<p><span style=\"color: #008000;\">We can,on your behalf,complete a tax return for cross-border commuters or a voluntary disclosure for you.<\/span><\/p>\n<p><span style=\"color: #008000;\">We base our fee on the german Tax Advisor Remuneration Ordinance and the<\/span><br \/><span style=\"color: #008000;\">Lawyers&#8216; Remuneration Act,so the amount of the fee will depend upon your earnings.We do not normally charge an hourly rate,only in exemptions.<\/span><\/p>\n<p><span style=\"color: #008000;\">There is a flat rate of \u20ac 600 for the initial consultation,for which you will receive an invoice for this amount.<\/span><br \/><span style=\"color: #008000;\">Any further costs will then be communicated to you in detail at the consultation appointment.<\/span><\/p>\n<p><span style=\"color: #008000;\">A pension consultation costs \u20ac750 and lasts around 1 hour.<\/span><\/p>\n<p><span style=\"color: #008000;\">If the consultation should result in more in-depth legal problems, we will explain the next steps to you and any additional costs. You can then decide for yourself how you proceed and whether you would like to commission us.<\/span><\/p>\n<p><span style=\"color: #008000;\">For labour law cases,you may already have legal liability insurance,which could cover the costs of our initial fee.<\/span><br \/><span style=\"color: #008000;\">Please bring any insurance details with you to the first appointment.<\/span><\/p>\n<p><span style=\"color: #008000;\">For companies,the fee will depend upon the individual case.<\/span><\/p>\n<p><span style=\"color: #008000;\">These fees do not apply to our regular clients.<\/span><\/p>\n<p><span style=\"color: #008000;\">We have offices in Wasserbillig, Trier and Stadtbredimus.<\/span><\/p>\n<p>&nbsp;<\/p>\n<\/div>\n<p>[\/et_pb_text][\/et_pb_column][et_pb_column type=&#8220;1_3&#8243; _builder_version=&#8220;4.16&#8243; background_position=&#8220;top_left&#8220; custom_padding=&#8220;0px|0px|0px|&#8220; global_colors_info=&#8220;{}&#8220; custom_padding__hover=&#8220;|||&#8220;][et_pb_text admin_label=&#8220;Text Abstandshalter&#8220; _builder_version=&#8220;4.16&#8243; custom_margin=&#8220;0px|0px|0px|0px&#8220; custom_padding=&#8220;0px|0px|0px|0px&#8220; global_colors_info=&#8220;{}&#8220;]<span style=\"color: #ffffff;\">:<\/span><br \/>\n<span style=\"color: #ffffff;\">:<\/span><br \/>\n[\/et_pb_text][et_pb_image src=&#8220;https:\/\/wonnebauer.de\/site\/wp-content\/uploads\/2021\/06\/Wonnebauer9.jpg&#8220; title_text=&#8220;Wonnebauer9&#8243; align_tablet=&#8220;center&#8220; align_phone=&#8220;&#8220; align_last_edited=&#8220;on|desktop&#8220; _builder_version=&#8220;4.25.2&#8243; global_colors_info=&#8220;{}&#8220;][\/et_pb_image][\/et_pb_column][\/et_pb_row][et_pb_row admin_label=&#8220;Zeilen-Teiler&#8220; _builder_version=&#8220;4.19.4&#8243; _module_preset=&#8220;default&#8220; locked=&#8220;off&#8220; collapsed=&#8220;off&#8220; global_colors_info=&#8220;{}&#8220;][et_pb_column type=&#8220;4_4&#8243; _builder_version=&#8220;4.19.4&#8243; _module_preset=&#8220;default&#8220; global_colors_info=&#8220;{}&#8220;][et_pb_divider admin_label=&#8220;Teiler mit sichtbarer Linie&#8220; _builder_version=&#8220;4.23.1&#8243; _module_preset=&#8220;default&#8220; global_colors_info=&#8220;{}&#8220;][\/et_pb_divider][\/et_pb_column][\/et_pb_row][et_pb_row column_structure=&#8220;2_3,1_3&#8243; _builder_version=&#8220;4.16&#8243; background_size=&#8220;initial&#8220; background_position=&#8220;top_left&#8220; background_repeat=&#8220;repeat&#8220; global_colors_info=&#8220;{}&#8220;][et_pb_column type=&#8220;2_3&#8243; _builder_version=&#8220;4.16&#8243; background_position=&#8220;top_left&#8220; custom_padding=&#8220;0px|0px|0px|0px&#8220; global_colors_info=&#8220;{}&#8220; custom_padding__hover=&#8220;|||&#8220;][et_pb_text admin_label=&#8220;Text Abstandshalter&#8220; _builder_version=&#8220;4.16&#8243; custom_margin=&#8220;0px|0px|0px|0px&#8220; custom_padding=&#8220;0px|0px|0px|0px&#8220; global_colors_info=&#8220;{}&#8220;]<span style=\"color: #ffffff;\">:<\/span><br \/>\n<span style=\"color: #ffffff;\">:<\/span><br \/>\n[\/et_pb_text][et_pb_text admin_label=&#8220;Online Written Consultations or Online Video Conferencing.&#8220; _builder_version=&#8220;4.25.2&#8243; global_colors_info=&#8220;{}&#8220;]<\/p>\n<div class=\"csc-header csc-header-n4\">\n<h3><span style=\"color: #993366;\">Online-Beratung oder Beratung per Video\u00fcbertragung<\/span><\/h3>\n<\/div>\n<div class=\"csc-textpic csc-textpic-intext-right\">\n<div class=\"csc-textpic-text\">\n<p class=\"bodytext\">Vorab: Eine pers\u00f6nliche Beratung in komplexen F\u00e4llen ist immer vorteilhafter, als eine Onlineberatung.<\/p>\n<p>Dennoch haben wir <b>sehr gute Erfahrungen<\/b> mit <b>Online-Beratungen<\/b> gemacht.<\/p>\n<p>Eine Online-Beratung bietet sich an, wenn Sie <b>gute Vorkenntnisse<\/b> haben und den <b>Sachverhalt beherrschen<\/b>,<br \/>bestenfalls auch schon Zahlen mitteilen k\u00f6nnen.<\/p>\n<p>F\u00fcr eine <b>Online-Beratung<\/b> schicken Sie uns bitte Ihre <b>Fragen per Email<\/b>. Nennen\u00a0Sie dazu Ihre Anschrift.<br \/>Das Honorar betr\u00e4gt <b>grunds\u00e4tzlich 600 \u20ac<\/b>. Sollte ein h\u00f6heres Honorar anfallen (beispielsweise bei Vertragspr\u00fcfungen), melden wir uns.<\/p>\n<p>Sollte ein geringeres oder h\u00f6heres\u00a0Honorar anfallen, melden wir uns bei Ihnen vor\u00a0Beantwortung der Fragen.<\/p>\n<p>Bitte bedenken Sie auch, dass wir als Spezialkanzlei sofort erkennen, wenn es <b>L\u00fccken und Widerspr\u00fcche<br \/>in Ihrer Schilderung<\/b> gibt. Wir werden Sie sofort darauf hinweisen und R\u00fcckfragen stellen.<\/p>\n<p>Sie erhalten eine <b>verbindliche, schriftliche Rechtsberatung. <\/b>Hierzu k\u00f6nnen Sie wieder<b> R\u00fcckfragen <\/b>stellen.<b>\u00a0<\/b><\/p>\n<p>In bestimmten F\u00e4llen bietet sich erg\u00e4nzend eine <b>zus\u00e4tzliche telefonische Besprechung<\/b> an.<\/p>\n<p>Gute Erfahrungen haben wir au\u00dferdem mit <b>Beratung per Videokonferenz<\/b> gemacht.<br \/>Dies kommt schon beinahe einer pers\u00f6nlichen Beratung gleich.<\/p>\n<p>Wenn Sie uns die Dokumente vorab mailen, wird die Beratung dann richtig effektiv.<\/p>\n<p><span style=\"color: #008000;\">We recommend that advice in complex cases is always more advantageous in person than online written advice.<\/span><\/p>\n<p><span style=\"color: #008000;\">However,we have had very good experiences with online written consultations.<\/span><\/p>\n<p><span style=\"color: #008000;\">Online written counselling is advisable if you have a good understanding and are familiar with the issues,on which you would like advice.Ideally you would have all information to hand.<\/span><\/p>\n<p><span style=\"color: #008000;\">For online advice, please send us your questions by email and state your address.<\/span><br \/><span style=\"color: #008000;\">The fee is generally \u20ac 600. If a higher fee is incurred (e.g. for contract reviews), we will contact you.<\/span><\/p>\n<p><span style=\"color: #008000;\">If the fee is lower or higher, we will contact you before answering the questions.<\/span><\/p>\n<p><span style=\"color: #008000;\">Please also bear in mind that as a specialist law firm we will immediately recognise if there is necessary missing information. We will then contact you promptly to acquire this information.<\/span><\/p>\n<p><span style=\"color: #008000;\">You will receive a binding, written legal advice.<\/span><\/p>\n<p><span style=\"color: #008000;\">In certain cases, an additional telephone meeting is advisable.<\/span><\/p>\n<p><span style=\"color: #008000;\">We have also had good experiences with consultation via video conferencing.<\/span><br \/><span style=\"color: #008000;\">This functions in the same way as a personal consultation.<\/span><\/p>\n<p><span style=\"color: #008000;\">Just email us the documents in advance and we will set up a video conference.<\/span><\/p>\n<\/div>\n<\/div>\n<p>[\/et_pb_text][\/et_pb_column][et_pb_column type=&#8220;1_3&#8243; _builder_version=&#8220;4.16&#8243; background_position=&#8220;top_left&#8220; custom_padding=&#8220;0px|0px|0px|&#8220; global_colors_info=&#8220;{}&#8220; custom_padding__hover=&#8220;|||&#8220;][et_pb_text admin_label=&#8220;Text Abstandshalter&#8220; _builder_version=&#8220;4.16&#8243; custom_margin=&#8220;0px|0px|0px|0px&#8220; custom_padding=&#8220;0px|0px|0px|0px&#8220; global_colors_info=&#8220;{}&#8220;]<span style=\"color: #ffffff;\">:<\/span><br \/>\n<span style=\"color: #ffffff;\">:<\/span><br \/>\n[\/et_pb_text][et_pb_image align_tablet=&#8220;center&#8220; align_phone=&#8220;&#8220; align_last_edited=&#8220;on|desktop&#8220; _builder_version=&#8220;4.16&#8243; global_colors_info=&#8220;{}&#8220;][\/et_pb_image][\/et_pb_column][\/et_pb_row][\/et_pb_section][et_pb_section fb_built=&#8220;1&#8243; _builder_version=&#8220;4.16&#8243; custom_padding=&#8220;0px|0px|0px|0px&#8220; global_colors_info=&#8220;{}&#8220;][et_pb_row _builder_version=&#8220;4.16&#8243; background_size=&#8220;initial&#8220; background_position=&#8220;top_left&#8220; background_repeat=&#8220;repeat&#8220; custom_padding=&#8220;0px|0px|0px|0px&#8220; global_colors_info=&#8220;{}&#8220;][et_pb_column type=&#8220;4_4&#8243; _builder_version=&#8220;4.16&#8243; custom_padding=&#8220;|||&#8220; global_colors_info=&#8220;{}&#8220; custom_padding__hover=&#8220;|||&#8220;][et_pb_text admin_label=&#8220;Text Abstandshalter mit Leerzeilen&#8220; _builder_version=&#8220;4.16&#8243; custom_margin=&#8220;0px|0px|0px|0px&#8220; custom_padding=&#8220;0px|0px|10px|0px&#8220; border_style=&#8220;solid&#8220; global_colors_info=&#8220;{}&#8220;]<span style=\"color: #ffffff;\">:<\/span><br \/>\n<span style=\"color: #ffffff;\">:<\/span><br \/>\n[\/et_pb_text][et_pb_text admin_label=&#8220;Text + Link Impressum Rechtsanwalt Stephan Wonnebauer&#8220; _builder_version=&#8220;4.16&#8243; custom_padding=&#8220;||5px|&#8220; border_style=&#8220;solid&#8220; global_colors_info=&#8220;{}&#8220;]<\/p>\n<p style=\"text-align: center;\"><span class=\"st\">\u00a9Rechtsanwalt Stephan Wonnebauer &#8211; <a href=\"https:\/\/wonnebauer.de\/site\/home\/impressum\/\">Impressum<\/a><br \/>\n<\/span><\/p>\n<p>[\/et_pb_text][\/et_pb_column][\/et_pb_row][\/et_pb_section]<\/p>\n","protected":false},"excerpt":{"rendered":"<p>:: Hinweise zu den Beratungsm\u00f6glichkeiten f\u00fcr neue Mandanten Sie wenden sich zum ersten Mal an unsere Kanzlei? Sie haben ein schwieriges Rechtsproblem, es geht um Ihre Existenz oder um viel Geld? Sie sind Grenzg\u00e4nger und wollen sich allgemein informieren \u00fcber Ihre Rechte und Pflichten? Sie erhalten eine Rundumberatung zu den Themen Steuerrecht, Sozialversicherungsrechtund Arbeitsrecht auf\u00a0 [&hellip;]<\/p>\n","protected":false},"author":1,"featured_media":0,"parent":2,"menu_order":22,"comment_status":"closed","ping_status":"closed","template":"","meta":{"_et_pb_use_builder":"on","_et_pb_old_content":"","_et_gb_content_width":"","footnotes":""},"class_list":["post-1523","page","type-page","status-publish","hentry"],"_links":{"self":[{"href":"https:\/\/wonnebauer.de\/site\/wp-json\/wp\/v2\/pages\/1523","targetHints":{"allow":["GET"]}}],"collection":[{"href":"https:\/\/wonnebauer.de\/site\/wp-json\/wp\/v2\/pages"}],"about":[{"href":"https:\/\/wonnebauer.de\/site\/wp-json\/wp\/v2\/types\/page"}],"author":[{"embeddable":true,"href":"https:\/\/wonnebauer.de\/site\/wp-json\/wp\/v2\/users\/1"}],"replies":[{"embeddable":true,"href":"https:\/\/wonnebauer.de\/site\/wp-json\/wp\/v2\/comments?post=1523"}],"version-history":[{"count":54,"href":"https:\/\/wonnebauer.de\/site\/wp-json\/wp\/v2\/pages\/1523\/revisions"}],"predecessor-version":[{"id":7323,"href":"https:\/\/wonnebauer.de\/site\/wp-json\/wp\/v2\/pages\/1523\/revisions\/7323"}],"up":[{"embeddable":true,"href":"https:\/\/wonnebauer.de\/site\/wp-json\/wp\/v2\/pages\/2"}],"wp:attachment":[{"href":"https:\/\/wonnebauer.de\/site\/wp-json\/wp\/v2\/media?parent=1523"}],"curies":[{"name":"wp","href":"https:\/\/api.w.org\/{rel}","templated":true}]}}